{"id":21656,"date":"2023-10-19T16:12:34","date_gmt":"2023-10-19T16:12:34","guid":{"rendered":"https:\/\/dekoracyjnacegla.pl\/produkt\/abbruchziegel-classic-yellow\/"},"modified":"2023-10-19T16:12:34","modified_gmt":"2023-10-19T16:12:34","slug":"abbruchziegel-classic-yellow","status":"publish","type":"product","link":"https:\/\/dekoracyjnacegla.pl\/de\/produkt\/abbruchziegel-classic-yellow\/","title":{"rendered":"Abbruchziegel CLASSIC YELLOW"},"content":{"rendered":"<div class=\"elementor-element elementor-element-494c20d3 elementor-widget elementor-widget-text-editor\" data-id=\"494c20d3\" data-element_type=\"widget\" data-widget_type=\"text-editor.default\">\n<div class=\"elementor-widget-container\">\n<div class=\"elementor-text-editor elementor-clearfix\">\n<p>Wir freuen uns, dass Sie sich entschlossen haben, das Angebot von DEKORACYJNACEGLA.PL zu besuchen &#8222;Die Welt wird von der Geschichte gebaut. Wir bauen Ihr Zuhause mit Geschichte.&#8220;<\/p>\n<p>Wir sind stolz darauf, Ihnen ein unkonventionelles und in jeder Hinsicht einzigartiges Produkt pr\u00e4sentieren zu k\u00f6nnen, dessen Authentizit\u00e4t und Einzigartigkeit es erlaubt, es in jedem Interieur zu verwenden. Sie werden vor allem das hohe Niveau der Verarbeitung und den verbl\u00fcffenden Endeffekt zu sch\u00e4tzen wissen, der vor allem auf das einzigartige Hell-Dunkel-Spiel der Struktur der mit dieser Fliese bearbeiteten Wand zur\u00fcckzuf\u00fchren ist. <\/p>\n<\/div>\n<\/div>\n<\/div>\n<div class=\"elementor-element elementor-element-3ea2b7e elementor-widget elementor-widget-heading\" data-id=\"3ea2b7e\" data-element_type=\"widget\" data-widget_type=\"heading.default\">\n<div class=\"elementor-widget-container\">\n<h2 class=\"elementor-heading-title elementor-size-default\">Abbruchziegel Klassisch Gelb<\/h2>\n<\/div>\n<\/div>\n<div class=\"elementor-element elementor-element-c333083 elementor-widget elementor-widget-text-editor\" data-id=\"c333083\" data-element_type=\"widget\" data-widget_type=\"text-editor.default\">\n<div class=\"elementor-widget-container\">\n<div class=\"elementor-text-editor elementor-clearfix\">\n<h2>Fliesen aus alten Ziegeln in Farben von pastelligem Orange bis hin zu verschiedenen Gelbt\u00f6nen. Die meisten M\u00f6rtelablagerungen werden durch Druckreinigung entfernt, wodurch die Farben der Ziegel intensiver und die Poren der Ziegel noch besser sichtbar werden.<\/h2>\n<p>Die Fliesen der klassischen Linie verdanken ihr nat\u00fcrliches Aussehen dem Abbeizen von Hand und dem Behandlungsverfahren, d.h. der Druckw\u00e4sche.<\/p>\n<\/div>\n<\/div>\n<\/div>\n<div class=\"elementor-element elementor-element-0d129c7 elementor-widget elementor-widget-heading\" data-id=\"0d129c7\" data-element_type=\"widget\" data-widget_type=\"heading.default\">\n<div class=\"elementor-widget-container\">\n<h2 class=\"elementor-heading-title elementor-size-default\">Technische Parameter:<\/h2>\n<\/div>\n<\/div>\n<div class=\"elementor-element elementor-element-90d0132 elementor-widget elementor-widget-text-editor\" data-id=\"90d0132\" data-element_type=\"widget\" data-widget_type=\"text-editor.default\">\n<div class=\"elementor-widget-container\">\n<div class=\"elementor-text-editor elementor-clearfix\">\n<p>* Abmessungen: 250-280 mm x 65 mm x 20 mm (4mm +- )<\/p>\n<p>* Alte Ziegelfliesen sind ideal f\u00fcr: K\u00fcchen (als F\u00fcllung zwischen Oberschr\u00e4nken und Arbeitsplatte), B\u00e4der, Restaurants, Bars, Empfangsbereiche, Wohn- und Esszimmer, RTV-Wandverkleidung, f\u00fcr <strong><a href=\"https:\/\/dekoracyjnacegla.pl\/usluga-wykonanania-fasady-z-cegly\/\">Fassadenverkleidungen<\/a><\/strong> praktisch jedes Geb\u00e4ude, als k\u00fcnstlerischer Akzent f\u00fcr Geb\u00e4ude zur F\u00f6rderung von Kultur, Wirtschaft oder \u00f6ffentlichen Geb\u00e4uden.<\/p>\n<p>* Der Preis gilt f\u00fcr 0,5 m2, die aus ca. 25 Fliesen aus alten Abbruchziegeln bestehen, unter Ber\u00fccksichtigung von 1 cm Fuge. <\/p>\n<\/div>\n<\/div>\n<\/div>\n","protected":false},"excerpt":{"rendered":"<p>Raffinierte Innenelemente. Dekorative Abrissziegel. Ein rustikaler Charakter, der durch den Originalziegel erreicht wird. Das Ziegelmodell Classic Yellow zeichnet sich durch die pastellfarbene Farbe aus, die man bei Ziegeln in alten Geb\u00e4uden findet. F\u00fcr weitere Details lesen Sie die ausf\u00fchrliche Beschreibung des Retro-Ziegels.    <\/p>\n<p>Der Preis gilt f\u00fcr 0,5<sup>m2<\/sup> Ziegelfliesen.<\/p>\n","protected":false},"featured_media":21272,"template":"","meta":[],"product_brand":[],"product_cat":[68],"product_tag":[],"class_list":{"0":"post-21656","1":"product","2":"type-product","3":"status-publish","4":"has-post-thumbnail","6":"product_cat-cegla-recznie-formowana","8":"first","9":"instock","10":"shipping-taxable","11":"purchasable","12":"product-type-simple"},"yoast_head":"<!-- This site is optimized with the Yoast SEO plugin v27.3 - https:\/\/yoast.com\/product\/yoast-seo-wordpress\/ -->\n<title>Abbruchziegel CLASSIC YELLOW - Dekoracyjna Ceg\u0142a<\/title>\n<meta name=\"robots\" content=\"index, follow, max-snippet:-1, max-image-preview:large, max-video-preview:-1\" \/>\n<link rel=\"canonical\" href=\"https:\/\/dekoracyjnacegla.pl\/de\/produkt\/abbruchziegel-classic-yellow\/\" \/>\n<meta property=\"og:locale\" content=\"de_DE\" \/>\n<meta property=\"og:type\" content=\"article\" \/>\n<meta property=\"og:title\" content=\"Abbruchziegel CLASSIC YELLOW - Dekoracyjna Ceg\u0142a\" \/>\n<meta property=\"og:description\" content=\"Raffinierte Innenelemente. Dekorative Abrissziegel. Ein rustikaler Charakter, der durch den Originalziegel erreicht wird. Das Ziegelmodell Classic Yellow zeichnet sich durch die pastellfarbene Farbe aus, die man bei Ziegeln in alten Geb\u00e4uden findet. F\u00fcr weitere Details lesen Sie die ausf\u00fchrliche Beschreibung des Retro-Ziegels.   Der Preis gilt f\u00fcr 0,5m2 Ziegelfliesen.\" \/>\n<meta property=\"og:url\" content=\"https:\/\/dekoracyjnacegla.pl\/de\/produkt\/abbruchziegel-classic-yellow\/\" \/>\n<meta property=\"og:site_name\" content=\"Dekoracyjna Ceg\u0142a\" \/>\n<meta property=\"og:image\" content=\"https:\/\/dekoracyjnacegla.pl\/wp-content\/uploads\/2025\/06\/Obiekt-Wiatr-Woda-Debki-polozony-w-miejscowosci-Debki-Fuga-Antracyt-plytka-cieta-Calibrated-i-Lico.jpg\" \/>\n\t<meta property=\"og:image:width\" content=\"1536\" \/>\n\t<meta property=\"og:image:height\" content=\"2048\" \/>\n\t<meta property=\"og:image:type\" content=\"image\/jpeg\" \/>\n<meta name=\"twitter:card\" content=\"summary_large_image\" \/>\n<meta name=\"twitter:label1\" content=\"Gesch\u00e4tzte Lesezeit\" \/>\n\t<meta name=\"twitter:data1\" content=\"1\u00a0Minute\" \/>\n<script type=\"application\/ld+json\" class=\"yoast-schema-graph\">{\"@context\":\"https:\\\/\\\/schema.org\",\"@graph\":[{\"@type\":\"WebPage\",\"@id\":\"https:\\\/\\\/dekoracyjnacegla.pl\\\/de\\\/produkt\\\/abbruchziegel-classic-yellow\\\/\",\"url\":\"https:\\\/\\\/dekoracyjnacegla.pl\\\/de\\\/produkt\\\/abbruchziegel-classic-yellow\\\/\",\"name\":\"Abbruchziegel CLASSIC YELLOW - Dekoracyjna Ceg\u0142a\",\"isPartOf\":{\"@id\":\"https:\\\/\\\/dekoracyjnacegla.pl\\\/de\\\/#website\"},\"primaryImageOfPage\":{\"@id\":\"https:\\\/\\\/dekoracyjnacegla.pl\\\/de\\\/produkt\\\/abbruchziegel-classic-yellow\\\/#primaryimage\"},\"image\":{\"@id\":\"https:\\\/\\\/dekoracyjnacegla.pl\\\/de\\\/produkt\\\/abbruchziegel-classic-yellow\\\/#primaryimage\"},\"thumbnailUrl\":\"https:\\\/\\\/dekoracyjnacegla.pl\\\/wp-content\\\/uploads\\\/2025\\\/06\\\/Obiekt-Wiatr-Woda-Debki-polozony-w-miejscowosci-Debki-Fuga-Antracyt-plytka-cieta-Calibrated-i-Lico.jpg\",\"datePublished\":\"2023-10-19T16:12:34+00:00\",\"breadcrumb\":{\"@id\":\"https:\\\/\\\/dekoracyjnacegla.pl\\\/de\\\/produkt\\\/abbruchziegel-classic-yellow\\\/#breadcrumb\"},\"inLanguage\":\"de\",\"potentialAction\":[{\"@type\":\"ReadAction\",\"target\":[\"https:\\\/\\\/dekoracyjnacegla.pl\\\/de\\\/produkt\\\/abbruchziegel-classic-yellow\\\/\"]}]},{\"@type\":\"ImageObject\",\"inLanguage\":\"de\",\"@id\":\"https:\\\/\\\/dekoracyjnacegla.pl\\\/de\\\/produkt\\\/abbruchziegel-classic-yellow\\\/#primaryimage\",\"url\":\"https:\\\/\\\/dekoracyjnacegla.pl\\\/wp-content\\\/uploads\\\/2025\\\/06\\\/Obiekt-Wiatr-Woda-Debki-polozony-w-miejscowosci-Debki-Fuga-Antracyt-plytka-cieta-Calibrated-i-Lico.jpg\",\"contentUrl\":\"https:\\\/\\\/dekoracyjnacegla.pl\\\/wp-content\\\/uploads\\\/2025\\\/06\\\/Obiekt-Wiatr-Woda-Debki-polozony-w-miejscowosci-Debki-Fuga-Antracyt-plytka-cieta-Calibrated-i-Lico.jpg\",\"width\":1536,\"height\":2048},{\"@type\":\"BreadcrumbList\",\"@id\":\"https:\\\/\\\/dekoracyjnacegla.pl\\\/de\\\/produkt\\\/abbruchziegel-classic-yellow\\\/#breadcrumb\",\"itemListElement\":[{\"@type\":\"ListItem\",\"position\":1,\"name\":\"Strona g\u0142\u00f3wna\",\"item\":\"https:\\\/\\\/dekoracyjnacegla.pl\\\/de\\\/start\\\/\"},{\"@type\":\"ListItem\",\"position\":2,\"name\":\"Sklep\",\"item\":\"https:\\\/\\\/dekoracyjnacegla.pl\\\/sklep\\\/\"},{\"@type\":\"ListItem\",\"position\":3,\"name\":\"Abbruchziegel CLASSIC YELLOW\"}]},{\"@type\":\"WebSite\",\"@id\":\"https:\\\/\\\/dekoracyjnacegla.pl\\\/de\\\/#website\",\"url\":\"https:\\\/\\\/dekoracyjnacegla.pl\\\/de\\\/\",\"name\":\"Dekoracyjna Ceg\u0142a\",\"description\":\"P\u0142ytki z ceg\u0142y | Retro Ceg\u0142a\",\"publisher\":{\"@id\":\"https:\\\/\\\/dekoracyjnacegla.pl\\\/de\\\/#organization\"},\"potentialAction\":[{\"@type\":\"SearchAction\",\"target\":{\"@type\":\"EntryPoint\",\"urlTemplate\":\"https:\\\/\\\/dekoracyjnacegla.pl\\\/de\\\/?s={search_term_string}\"},\"query-input\":{\"@type\":\"PropertyValueSpecification\",\"valueRequired\":true,\"valueName\":\"search_term_string\"}}],\"inLanguage\":\"de\"},{\"@type\":\"Organization\",\"@id\":\"https:\\\/\\\/dekoracyjnacegla.pl\\\/de\\\/#organization\",\"name\":\"Dekoracyjna Ceg\u0142a\",\"url\":\"https:\\\/\\\/dekoracyjnacegla.pl\\\/de\\\/\",\"logo\":{\"@type\":\"ImageObject\",\"inLanguage\":\"de\",\"@id\":\"https:\\\/\\\/dekoracyjnacegla.pl\\\/de\\\/#\\\/schema\\\/logo\\\/image\\\/\",\"url\":\"https:\\\/\\\/dekoracyjnacegla.pl\\\/wp-content\\\/uploads\\\/2023\\\/10\\\/logo.png\",\"contentUrl\":\"https:\\\/\\\/dekoracyjnacegla.pl\\\/wp-content\\\/uploads\\\/2023\\\/10\\\/logo.png\",\"width\":1199,\"height\":193,\"caption\":\"Dekoracyjna Ceg\u0142a\"},\"image\":{\"@id\":\"https:\\\/\\\/dekoracyjnacegla.pl\\\/de\\\/#\\\/schema\\\/logo\\\/image\\\/\"}}]}<\/script>\n<!-- \/ Yoast SEO plugin. -->","yoast_head_json":{"title":"Abbruchziegel CLASSIC YELLOW - Dekoracyjna Ceg\u0142a","robots":{"index":"index","follow":"follow","max-snippet":"max-snippet:-1","max-image-preview":"max-image-preview:large","max-video-preview":"max-video-preview:-1"},"canonical":"https:\/\/dekoracyjnacegla.pl\/de\/produkt\/abbruchziegel-classic-yellow\/","og_locale":"de_DE","og_type":"article","og_title":"Abbruchziegel CLASSIC YELLOW - Dekoracyjna Ceg\u0142a","og_description":"Raffinierte Innenelemente. Dekorative Abrissziegel. Ein rustikaler Charakter, der durch den Originalziegel erreicht wird. Das Ziegelmodell Classic Yellow zeichnet sich durch die pastellfarbene Farbe aus, die man bei Ziegeln in alten Geb\u00e4uden findet. F\u00fcr weitere Details lesen Sie die ausf\u00fchrliche Beschreibung des Retro-Ziegels.   Der Preis gilt f\u00fcr 0,5m2 Ziegelfliesen.","og_url":"https:\/\/dekoracyjnacegla.pl\/de\/produkt\/abbruchziegel-classic-yellow\/","og_site_name":"Dekoracyjna Ceg\u0142a","og_image":[{"width":1536,"height":2048,"url":"https:\/\/dekoracyjnacegla.pl\/wp-content\/uploads\/2025\/06\/Obiekt-Wiatr-Woda-Debki-polozony-w-miejscowosci-Debki-Fuga-Antracyt-plytka-cieta-Calibrated-i-Lico.jpg","type":"image\/jpeg"}],"twitter_card":"summary_large_image","twitter_misc":{"Gesch\u00e4tzte Lesezeit":"1\u00a0Minute"},"schema":{"@context":"https:\/\/schema.org","@graph":[{"@type":"WebPage","@id":"https:\/\/dekoracyjnacegla.pl\/de\/produkt\/abbruchziegel-classic-yellow\/","url":"https:\/\/dekoracyjnacegla.pl\/de\/produkt\/abbruchziegel-classic-yellow\/","name":"Abbruchziegel CLASSIC YELLOW - Dekoracyjna Ceg\u0142a","isPartOf":{"@id":"https:\/\/dekoracyjnacegla.pl\/de\/#website"},"primaryImageOfPage":{"@id":"https:\/\/dekoracyjnacegla.pl\/de\/produkt\/abbruchziegel-classic-yellow\/#primaryimage"},"image":{"@id":"https:\/\/dekoracyjnacegla.pl\/de\/produkt\/abbruchziegel-classic-yellow\/#primaryimage"},"thumbnailUrl":"https:\/\/dekoracyjnacegla.pl\/wp-content\/uploads\/2025\/06\/Obiekt-Wiatr-Woda-Debki-polozony-w-miejscowosci-Debki-Fuga-Antracyt-plytka-cieta-Calibrated-i-Lico.jpg","datePublished":"2023-10-19T16:12:34+00:00","breadcrumb":{"@id":"https:\/\/dekoracyjnacegla.pl\/de\/produkt\/abbruchziegel-classic-yellow\/#breadcrumb"},"inLanguage":"de","potentialAction":[{"@type":"ReadAction","target":["https:\/\/dekoracyjnacegla.pl\/de\/produkt\/abbruchziegel-classic-yellow\/"]}]},{"@type":"ImageObject","inLanguage":"de","@id":"https:\/\/dekoracyjnacegla.pl\/de\/produkt\/abbruchziegel-classic-yellow\/#primaryimage","url":"https:\/\/dekoracyjnacegla.pl\/wp-content\/uploads\/2025\/06\/Obiekt-Wiatr-Woda-Debki-polozony-w-miejscowosci-Debki-Fuga-Antracyt-plytka-cieta-Calibrated-i-Lico.jpg","contentUrl":"https:\/\/dekoracyjnacegla.pl\/wp-content\/uploads\/2025\/06\/Obiekt-Wiatr-Woda-Debki-polozony-w-miejscowosci-Debki-Fuga-Antracyt-plytka-cieta-Calibrated-i-Lico.jpg","width":1536,"height":2048},{"@type":"BreadcrumbList","@id":"https:\/\/dekoracyjnacegla.pl\/de\/produkt\/abbruchziegel-classic-yellow\/#breadcrumb","itemListElement":[{"@type":"ListItem","position":1,"name":"Strona g\u0142\u00f3wna","item":"https:\/\/dekoracyjnacegla.pl\/de\/start\/"},{"@type":"ListItem","position":2,"name":"Sklep","item":"https:\/\/dekoracyjnacegla.pl\/sklep\/"},{"@type":"ListItem","position":3,"name":"Abbruchziegel CLASSIC YELLOW"}]},{"@type":"WebSite","@id":"https:\/\/dekoracyjnacegla.pl\/de\/#website","url":"https:\/\/dekoracyjnacegla.pl\/de\/","name":"Dekoracyjna Ceg\u0142a","description":"P\u0142ytki z ceg\u0142y | Retro Ceg\u0142a","publisher":{"@id":"https:\/\/dekoracyjnacegla.pl\/de\/#organization"},"potentialAction":[{"@type":"SearchAction","target":{"@type":"EntryPoint","urlTemplate":"https:\/\/dekoracyjnacegla.pl\/de\/?s={search_term_string}"},"query-input":{"@type":"PropertyValueSpecification","valueRequired":true,"valueName":"search_term_string"}}],"inLanguage":"de"},{"@type":"Organization","@id":"https:\/\/dekoracyjnacegla.pl\/de\/#organization","name":"Dekoracyjna Ceg\u0142a","url":"https:\/\/dekoracyjnacegla.pl\/de\/","logo":{"@type":"ImageObject","inLanguage":"de","@id":"https:\/\/dekoracyjnacegla.pl\/de\/#\/schema\/logo\/image\/","url":"https:\/\/dekoracyjnacegla.pl\/wp-content\/uploads\/2023\/10\/logo.png","contentUrl":"https:\/\/dekoracyjnacegla.pl\/wp-content\/uploads\/2023\/10\/logo.png","width":1199,"height":193,"caption":"Dekoracyjna Ceg\u0142a"},"image":{"@id":"https:\/\/dekoracyjnacegla.pl\/de\/#\/schema\/logo\/image\/"}}]}},"_links":{"self":[{"href":"https:\/\/dekoracyjnacegla.pl\/de\/wp-json\/wp\/v2\/product\/21656","targetHints":{"allow":["GET"]}}],"collection":[{"href":"https:\/\/dekoracyjnacegla.pl\/de\/wp-json\/wp\/v2\/product"}],"about":[{"href":"https:\/\/dekoracyjnacegla.pl\/de\/wp-json\/wp\/v2\/types\/product"}],"wp:featuredmedia":[{"embeddable":true,"href":"https:\/\/dekoracyjnacegla.pl\/de\/wp-json\/wp\/v2\/media\/21272"}],"wp:attachment":[{"href":"https:\/\/dekoracyjnacegla.pl\/de\/wp-json\/wp\/v2\/media?parent=21656"}],"wp:term":[{"taxonomy":"product_brand","embeddable":true,"href":"https:\/\/dekoracyjnacegla.pl\/de\/wp-json\/wp\/v2\/product_brand?post=21656"},{"taxonomy":"product_cat","embeddable":true,"href":"https:\/\/dekoracyjnacegla.pl\/de\/wp-json\/wp\/v2\/product_cat?post=21656"},{"taxonomy":"product_tag","embeddable":true,"href":"https:\/\/dekoracyjnacegla.pl\/de\/wp-json\/wp\/v2\/product_tag?post=21656"}],"curies":[{"name":"wp","href":"https:\/\/api.w.org\/{rel}","templated":true}]}}