{"id":21722,"date":"2023-10-19T16:19:01","date_gmt":"2023-10-19T16:19:01","guid":{"rendered":"https:\/\/dekoracyjnacegla.pl\/produkt\/loft-light-ziegelfliesen\/"},"modified":"2026-04-14T06:34:54","modified_gmt":"2026-04-14T06:34:54","slug":"loft-light-ziegelfliesen","status":"publish","type":"product","link":"https:\/\/dekoracyjnacegla.pl\/de\/produkt\/loft-light-ziegelfliesen\/","title":{"rendered":"LOFT LIGHT Ziegelfliesen"},"content":{"rendered":"<p>Loft Light Ziegelfliesen<\/p>\n<p>Wir freuen uns, dass Sie sich entschlossen haben, das Angebot von DEKORACYJNACEGLA.PL zu besuchen &#8222;Die Welt wird von der Geschichte gebaut. Wir bauen Ihr Zuhause mit Geschichte.&#8220;<\/p>\n<p>Wir sind stolz darauf, Ihnen ein unkonventionelles und in jeder Hinsicht einzigartiges Produkt pr\u00e4sentieren zu k\u00f6nnen, dessen Authentizit\u00e4t und Einzigartigkeit es erlaubt, es in jedem Interieur zu verwenden. Sie werden vor allem das hohe Niveau der Verarbeitung und den verbl\u00fcffenden Endeffekt zu sch\u00e4tzen wissen, der vor allem auf das einzigartige Hell-Dunkel-Spiel der Struktur der mit dieser Fliese bearbeiteten Wand zur\u00fcckzuf\u00fchren ist. <\/p>\n<h2>LOFT LIGHT ist eine einzigartige Backsteinstruktur<\/h2>\n<p>Backsteinfliesen mit einer glatten Oberfl\u00e4che, die die innere Backsteinstruktur in einem hellen Farbton zeigt. Innenr\u00e4ume, die mit diesen Retro-Ziegeln ausgestattet sind, erhalten einen einzigartigen Charakter, der sich mit Ersatzziegeln oder Ziegelimitaten nur schwer nachahmen l\u00e4sst. <\/p>\n<h2>Technische Parameter der Retro-Fliesen<\/h2>\n<p>* Abmessungen: 250-280 mm x 65 mm x 20 mm (4mm +- )<br \/>\n* Alte Ziegelfliesen sind ideal f\u00fcr: K\u00fcchen (als F\u00fcllung zwischen Oberschr\u00e4nken und Arbeitsplatte), Badezimmer, Restaurants, Bars, Empfangsbereiche, Wohn- und Esszimmer, RTV-Wandverkleidungen, f\u00fcr die Verkleidung der Fassade praktisch aller Geb\u00e4ude, als k\u00fcnstlerischer Akzent f\u00fcr Geb\u00e4ude zur F\u00f6rderung von Kultur, Wirtschaft oder \u00f6ffentlichen Geb\u00e4uden.<br \/>\n* Der Preis gilt f\u00fcr 0,5 m2, die aus ca. 25 Fliesen aus alten Abbruchziegeln bestehen, unter Ber\u00fccksichtigung von 1 cm Fuge. <\/p>\n","protected":false},"excerpt":{"rendered":"<p>Ziegelfliesen mit einer glatten Oberfl\u00e4che, die die innere Ziegelstruktur in einem hellen Farbton zeigt.<\/p>\n<p><strong>Der Preis gilt f\u00fcr 0,5<sup>m2<\/sup> Ziegelfliesen<\/strong>.<\/p>\n","protected":false},"featured_media":21723,"template":"","meta":[],"product_brand":[],"product_cat":[356,241,288,291,290,239,240,276,256,266,259,255,258,265,253,257,264,243,244,251,248,246,250,261,268,260,247,245,263,242,249,262,252,254,267,273,289,238,237],"product_tag":[],"class_list":{"0":"post-21722","1":"product","2":"type-product","3":"status-publish","4":"has-post-thumbnail","6":"product_cat-abbruchziegel-2","7":"product_cat-dekorativer-ziegelstein","8":"product_cat-fassade-ziegel","9":"product_cat-gemauerte-treppe","10":"product_cat-gemauerter-boden-auf-der-terrasse","11":"product_cat-weiser-ziegelstein","12":"product_cat-ziegel-schneiden","13":"product_cat-ziegelfliesen","14":"product_cat-ziegelfliesen-bialystok","15":"product_cat-ziegelfliesen-bielsko-biala","16":"product_cat-ziegelfliesen-czestochowa","17":"product_cat-ziegelfliesen-elblag","18":"product_cat-ziegelfliesen-gdynia","19":"product_cat-ziegelfliesen-gliwice","20":"product_cat-ziegelfliesen-gniezno","21":"product_cat-ziegelfliesen-kattowitz","22":"product_cat-ziegelfliesen-kielce","23":"product_cat-ziegelfliesen-kolobrzeg","24":"product_cat-ziegelfliesen-koszalin","25":"product_cat-ziegelfliesen-legnica","26":"product_cat-ziegelfliesen-lubin","27":"product_cat-ziegelfliesen-olsztyn","28":"product_cat-ziegelfliesen-oppeln","29":"product_cat-ziegelfliesen-radom","30":"product_cat-ziegelfliesen-rybnik","31":"product_cat-ziegelfliesen-rzeszow","32":"product_cat-ziegelfliesen-siedlce","33":"product_cat-ziegelfliesen-slupsk","34":"product_cat-ziegelfliesen-sosnowiec","35":"product_cat-ziegelfliesen-szczecin","36":"product_cat-ziegelfliesen-tarnow","37":"product_cat-ziegelfliesen-torun","38":"product_cat-ziegelfliesen-walbrzych","39":"product_cat-ziegelfliesen-wloclawek","40":"product_cat-ziegelfliesen-zabrze","41":"product_cat-ziegelfliesen-zielona-gora","42":"product_cat-ziegelgesicht","43":"product_cat-ziegelstein-fur-den-boden","44":"product_cat-ziegelstein-fur-die-mauer","46":"first","47":"instock","48":"sale","49":"shipping-taxable","50":"purchasable","51":"product-type-simple"},"yoast_head":"<!-- This site is optimized with the Yoast SEO plugin v27.3 - https:\/\/yoast.com\/product\/yoast-seo-wordpress\/ -->\n<title>LOFT LIGHT Ziegelfliesen - Dekoracyjna Ceg\u0142a<\/title>\n<meta name=\"robots\" content=\"index, follow, max-snippet:-1, max-image-preview:large, max-video-preview:-1\" \/>\n<link rel=\"canonical\" href=\"https:\/\/dekoracyjnacegla.pl\/de\/produkt\/loft-light-ziegelfliesen\/\" \/>\n<meta property=\"og:locale\" content=\"de_DE\" \/>\n<meta property=\"og:type\" content=\"article\" \/>\n<meta property=\"og:title\" content=\"LOFT LIGHT Ziegelfliesen - Dekoracyjna Ceg\u0142a\" \/>\n<meta property=\"og:description\" content=\"Ziegelfliesen mit einer glatten Oberfl\u00e4che, die die innere Ziegelstruktur in einem hellen Farbton zeigt. Der Preis gilt f\u00fcr 0,5m2 Ziegelfliesen.\" \/>\n<meta property=\"og:url\" content=\"https:\/\/dekoracyjnacegla.pl\/de\/produkt\/loft-light-ziegelfliesen\/\" \/>\n<meta property=\"og:site_name\" content=\"Dekoracyjna Ceg\u0142a\" \/>\n<meta property=\"article:modified_time\" content=\"2026-04-14T06:34:54+00:00\" \/>\n<meta property=\"og:image\" content=\"https:\/\/dekoracyjnacegla.pl\/wp-content\/uploads\/2023\/10\/unnamed-file-1.jpg\" \/>\n\t<meta property=\"og:image:width\" content=\"1419\" \/>\n\t<meta property=\"og:image:height\" content=\"2126\" \/>\n\t<meta property=\"og:image:type\" content=\"image\/jpeg\" \/>\n<meta name=\"twitter:card\" content=\"summary_large_image\" \/>\n<meta name=\"twitter:label1\" content=\"Gesch\u00e4tzte Lesezeit\" \/>\n\t<meta name=\"twitter:data1\" content=\"1\u00a0Minute\" \/>\n<script type=\"application\/ld+json\" class=\"yoast-schema-graph\">{\"@context\":\"https:\\\/\\\/schema.org\",\"@graph\":[{\"@type\":\"WebPage\",\"@id\":\"https:\\\/\\\/dekoracyjnacegla.pl\\\/de\\\/produkt\\\/loft-light-ziegelfliesen\\\/\",\"url\":\"https:\\\/\\\/dekoracyjnacegla.pl\\\/de\\\/produkt\\\/loft-light-ziegelfliesen\\\/\",\"name\":\"LOFT LIGHT Ziegelfliesen - Dekoracyjna Ceg\u0142a\",\"isPartOf\":{\"@id\":\"https:\\\/\\\/dekoracyjnacegla.pl\\\/de\\\/#website\"},\"primaryImageOfPage\":{\"@id\":\"https:\\\/\\\/dekoracyjnacegla.pl\\\/de\\\/produkt\\\/loft-light-ziegelfliesen\\\/#primaryimage\"},\"image\":{\"@id\":\"https:\\\/\\\/dekoracyjnacegla.pl\\\/de\\\/produkt\\\/loft-light-ziegelfliesen\\\/#primaryimage\"},\"thumbnailUrl\":\"https:\\\/\\\/dekoracyjnacegla.pl\\\/wp-content\\\/uploads\\\/2023\\\/10\\\/unnamed-file-1.jpg\",\"datePublished\":\"2023-10-19T16:19:01+00:00\",\"dateModified\":\"2026-04-14T06:34:54+00:00\",\"breadcrumb\":{\"@id\":\"https:\\\/\\\/dekoracyjnacegla.pl\\\/de\\\/produkt\\\/loft-light-ziegelfliesen\\\/#breadcrumb\"},\"inLanguage\":\"de\",\"potentialAction\":[{\"@type\":\"ReadAction\",\"target\":[\"https:\\\/\\\/dekoracyjnacegla.pl\\\/de\\\/produkt\\\/loft-light-ziegelfliesen\\\/\"]}]},{\"@type\":\"ImageObject\",\"inLanguage\":\"de\",\"@id\":\"https:\\\/\\\/dekoracyjnacegla.pl\\\/de\\\/produkt\\\/loft-light-ziegelfliesen\\\/#primaryimage\",\"url\":\"https:\\\/\\\/dekoracyjnacegla.pl\\\/wp-content\\\/uploads\\\/2023\\\/10\\\/unnamed-file-1.jpg\",\"contentUrl\":\"https:\\\/\\\/dekoracyjnacegla.pl\\\/wp-content\\\/uploads\\\/2023\\\/10\\\/unnamed-file-1.jpg\",\"width\":1419,\"height\":2126},{\"@type\":\"BreadcrumbList\",\"@id\":\"https:\\\/\\\/dekoracyjnacegla.pl\\\/de\\\/produkt\\\/loft-light-ziegelfliesen\\\/#breadcrumb\",\"itemListElement\":[{\"@type\":\"ListItem\",\"position\":1,\"name\":\"Strona g\u0142\u00f3wna\",\"item\":\"https:\\\/\\\/dekoracyjnacegla.pl\\\/de\\\/start\\\/\"},{\"@type\":\"ListItem\",\"position\":2,\"name\":\"Sklep\",\"item\":\"https:\\\/\\\/dekoracyjnacegla.pl\\\/sklep\\\/\"},{\"@type\":\"ListItem\",\"position\":3,\"name\":\"LOFT LIGHT Ziegelfliesen\"}]},{\"@type\":\"WebSite\",\"@id\":\"https:\\\/\\\/dekoracyjnacegla.pl\\\/de\\\/#website\",\"url\":\"https:\\\/\\\/dekoracyjnacegla.pl\\\/de\\\/\",\"name\":\"Dekoracyjna Ceg\u0142a\",\"description\":\"P\u0142ytki z ceg\u0142y | Retro Ceg\u0142a\",\"publisher\":{\"@id\":\"https:\\\/\\\/dekoracyjnacegla.pl\\\/de\\\/#organization\"},\"potentialAction\":[{\"@type\":\"SearchAction\",\"target\":{\"@type\":\"EntryPoint\",\"urlTemplate\":\"https:\\\/\\\/dekoracyjnacegla.pl\\\/de\\\/?s={search_term_string}\"},\"query-input\":{\"@type\":\"PropertyValueSpecification\",\"valueRequired\":true,\"valueName\":\"search_term_string\"}}],\"inLanguage\":\"de\"},{\"@type\":\"Organization\",\"@id\":\"https:\\\/\\\/dekoracyjnacegla.pl\\\/de\\\/#organization\",\"name\":\"Dekoracyjna Ceg\u0142a\",\"url\":\"https:\\\/\\\/dekoracyjnacegla.pl\\\/de\\\/\",\"logo\":{\"@type\":\"ImageObject\",\"inLanguage\":\"de\",\"@id\":\"https:\\\/\\\/dekoracyjnacegla.pl\\\/de\\\/#\\\/schema\\\/logo\\\/image\\\/\",\"url\":\"https:\\\/\\\/dekoracyjnacegla.pl\\\/wp-content\\\/uploads\\\/2023\\\/10\\\/logo.png\",\"contentUrl\":\"https:\\\/\\\/dekoracyjnacegla.pl\\\/wp-content\\\/uploads\\\/2023\\\/10\\\/logo.png\",\"width\":1199,\"height\":193,\"caption\":\"Dekoracyjna Ceg\u0142a\"},\"image\":{\"@id\":\"https:\\\/\\\/dekoracyjnacegla.pl\\\/de\\\/#\\\/schema\\\/logo\\\/image\\\/\"}}]}<\/script>\n<!-- \/ Yoast SEO plugin. -->","yoast_head_json":{"title":"LOFT LIGHT Ziegelfliesen - Dekoracyjna Ceg\u0142a","robots":{"index":"index","follow":"follow","max-snippet":"max-snippet:-1","max-image-preview":"max-image-preview:large","max-video-preview":"max-video-preview:-1"},"canonical":"https:\/\/dekoracyjnacegla.pl\/de\/produkt\/loft-light-ziegelfliesen\/","og_locale":"de_DE","og_type":"article","og_title":"LOFT LIGHT Ziegelfliesen - Dekoracyjna Ceg\u0142a","og_description":"Ziegelfliesen mit einer glatten Oberfl\u00e4che, die die innere Ziegelstruktur in einem hellen Farbton zeigt. Der Preis gilt f\u00fcr 0,5m2 Ziegelfliesen.","og_url":"https:\/\/dekoracyjnacegla.pl\/de\/produkt\/loft-light-ziegelfliesen\/","og_site_name":"Dekoracyjna Ceg\u0142a","article_modified_time":"2026-04-14T06:34:54+00:00","og_image":[{"width":1419,"height":2126,"url":"https:\/\/dekoracyjnacegla.pl\/wp-content\/uploads\/2023\/10\/unnamed-file-1.jpg","type":"image\/jpeg"}],"twitter_card":"summary_large_image","twitter_misc":{"Gesch\u00e4tzte Lesezeit":"1\u00a0Minute"},"schema":{"@context":"https:\/\/schema.org","@graph":[{"@type":"WebPage","@id":"https:\/\/dekoracyjnacegla.pl\/de\/produkt\/loft-light-ziegelfliesen\/","url":"https:\/\/dekoracyjnacegla.pl\/de\/produkt\/loft-light-ziegelfliesen\/","name":"LOFT LIGHT Ziegelfliesen - Dekoracyjna Ceg\u0142a","isPartOf":{"@id":"https:\/\/dekoracyjnacegla.pl\/de\/#website"},"primaryImageOfPage":{"@id":"https:\/\/dekoracyjnacegla.pl\/de\/produkt\/loft-light-ziegelfliesen\/#primaryimage"},"image":{"@id":"https:\/\/dekoracyjnacegla.pl\/de\/produkt\/loft-light-ziegelfliesen\/#primaryimage"},"thumbnailUrl":"https:\/\/dekoracyjnacegla.pl\/wp-content\/uploads\/2023\/10\/unnamed-file-1.jpg","datePublished":"2023-10-19T16:19:01+00:00","dateModified":"2026-04-14T06:34:54+00:00","breadcrumb":{"@id":"https:\/\/dekoracyjnacegla.pl\/de\/produkt\/loft-light-ziegelfliesen\/#breadcrumb"},"inLanguage":"de","potentialAction":[{"@type":"ReadAction","target":["https:\/\/dekoracyjnacegla.pl\/de\/produkt\/loft-light-ziegelfliesen\/"]}]},{"@type":"ImageObject","inLanguage":"de","@id":"https:\/\/dekoracyjnacegla.pl\/de\/produkt\/loft-light-ziegelfliesen\/#primaryimage","url":"https:\/\/dekoracyjnacegla.pl\/wp-content\/uploads\/2023\/10\/unnamed-file-1.jpg","contentUrl":"https:\/\/dekoracyjnacegla.pl\/wp-content\/uploads\/2023\/10\/unnamed-file-1.jpg","width":1419,"height":2126},{"@type":"BreadcrumbList","@id":"https:\/\/dekoracyjnacegla.pl\/de\/produkt\/loft-light-ziegelfliesen\/#breadcrumb","itemListElement":[{"@type":"ListItem","position":1,"name":"Strona g\u0142\u00f3wna","item":"https:\/\/dekoracyjnacegla.pl\/de\/start\/"},{"@type":"ListItem","position":2,"name":"Sklep","item":"https:\/\/dekoracyjnacegla.pl\/sklep\/"},{"@type":"ListItem","position":3,"name":"LOFT LIGHT Ziegelfliesen"}]},{"@type":"WebSite","@id":"https:\/\/dekoracyjnacegla.pl\/de\/#website","url":"https:\/\/dekoracyjnacegla.pl\/de\/","name":"Dekoracyjna Ceg\u0142a","description":"P\u0142ytki z ceg\u0142y | Retro Ceg\u0142a","publisher":{"@id":"https:\/\/dekoracyjnacegla.pl\/de\/#organization"},"potentialAction":[{"@type":"SearchAction","target":{"@type":"EntryPoint","urlTemplate":"https:\/\/dekoracyjnacegla.pl\/de\/?s={search_term_string}"},"query-input":{"@type":"PropertyValueSpecification","valueRequired":true,"valueName":"search_term_string"}}],"inLanguage":"de"},{"@type":"Organization","@id":"https:\/\/dekoracyjnacegla.pl\/de\/#organization","name":"Dekoracyjna Ceg\u0142a","url":"https:\/\/dekoracyjnacegla.pl\/de\/","logo":{"@type":"ImageObject","inLanguage":"de","@id":"https:\/\/dekoracyjnacegla.pl\/de\/#\/schema\/logo\/image\/","url":"https:\/\/dekoracyjnacegla.pl\/wp-content\/uploads\/2023\/10\/logo.png","contentUrl":"https:\/\/dekoracyjnacegla.pl\/wp-content\/uploads\/2023\/10\/logo.png","width":1199,"height":193,"caption":"Dekoracyjna Ceg\u0142a"},"image":{"@id":"https:\/\/dekoracyjnacegla.pl\/de\/#\/schema\/logo\/image\/"}}]}},"_links":{"self":[{"href":"https:\/\/dekoracyjnacegla.pl\/de\/wp-json\/wp\/v2\/product\/21722","targetHints":{"allow":["GET"]}}],"collection":[{"href":"https:\/\/dekoracyjnacegla.pl\/de\/wp-json\/wp\/v2\/product"}],"about":[{"href":"https:\/\/dekoracyjnacegla.pl\/de\/wp-json\/wp\/v2\/types\/product"}],"wp:featuredmedia":[{"embeddable":true,"href":"https:\/\/dekoracyjnacegla.pl\/de\/wp-json\/wp\/v2\/media\/21723"}],"wp:attachment":[{"href":"https:\/\/dekoracyjnacegla.pl\/de\/wp-json\/wp\/v2\/media?parent=21722"}],"wp:term":[{"taxonomy":"product_brand","embeddable":true,"href":"https:\/\/dekoracyjnacegla.pl\/de\/wp-json\/wp\/v2\/product_brand?post=21722"},{"taxonomy":"product_cat","embeddable":true,"href":"https:\/\/dekoracyjnacegla.pl\/de\/wp-json\/wp\/v2\/product_cat?post=21722"},{"taxonomy":"product_tag","embeddable":true,"href":"https:\/\/dekoracyjnacegla.pl\/de\/wp-json\/wp\/v2\/product_tag?post=21722"}],"curies":[{"name":"wp","href":"https:\/\/api.w.org\/{rel}","templated":true}]}}