{"id":21791,"date":"2023-10-19T16:24:04","date_gmt":"2023-10-19T16:24:04","guid":{"rendered":"https:\/\/dekoracyjnacegla.pl\/produkt\/kalibrierte-rote-backsteinfliesen\/"},"modified":"2026-04-30T07:27:56","modified_gmt":"2026-04-30T07:27:56","slug":"kalibrierte-rote-backsteinfliesen","status":"publish","type":"product","link":"https:\/\/dekoracyjnacegla.pl\/de\/produkt\/kalibrierte-rote-backsteinfliesen\/","title":{"rendered":"Kalibrierte rote Ziegelsteine"},"content":{"rendered":"<section class=\"elementor-element elementor-element-7d09e5d elementor-section-boxed elementor-section-height-default elementor-section-height-default elementor-section elementor-top-section\" data-id=\"7d09e5d\" data-element_type=\"section\">\n<div class=\"elementor-container elementor-column-gap-default\">\n<div class=\"elementor-row\">\n<div class=\"elementor-element elementor-element-4742252a elementor-column elementor-col-100 elementor-top-column\" data-id=\"4742252a\" data-element_type=\"column\">\n<div class=\"elementor-column-wrap elementor-element-populated\">\n<div class=\"elementor-widget-wrap\">\n<div class=\"elementor-element elementor-element-777fce67 elementor-widget elementor-widget-text-editor\" data-id=\"777fce67\" data-element_type=\"widget\" data-widget_type=\"text-editor.default\">\n<div class=\"elementor-widget-container\">\n<div class=\"elementor-text-editor elementor-clearfix\">\n<p>Die Retro-Ziegelfliesen sind ein unkonventionelles und in jeder Hinsicht einzigartiges Produkt, das dank seiner Authentizit\u00e4t und Einzigartigkeit in jedem Interieur verwendet werden kann. Sie werden vor allem das hohe Niveau der Verarbeitung und den verbl\u00fcffenden Endeffekt zu sch\u00e4tzen wissen, der vor allem auf das einzigartige Hell-Dunkel-Spiel der Struktur der mit dieser Fliese bearbeiteten Wand zur\u00fcckzuf\u00fchren ist. <\/p>\n<h2>Retro Ziegelfliesen Kalibriert Rot<\/h2>\n<p>Alte Ziegelsteine\/Abbruchziegel, alle in einem Rotton mit M\u00f6rtelresten f\u00fcr einen rustikalen Effekt.<\/p>\n<h2>Technische Parameter der Retro-Ziegelfliese<\/h2>\n<p>* Abmessungen: 250-280 mm x 65 mm x 20 mm (4mm +- )<br \/>\n* Alte Ziegelfliesen sind ideal f\u00fcr: K\u00fcchen (als F\u00fcllung zwischen Oberschr\u00e4nken und Arbeitsplatte), Badezimmer, Restaurants, Bars, Empfangsbereiche, f\u00fcr Wohn- und Esszimmer, RTV-Wandverkleidung, f\u00fcr die Verkleidung der Fassade von praktisch jedem Geb\u00e4ude, als k\u00fcnstlerischer Akzent f\u00fcr Geb\u00e4ude zur F\u00f6rderung von Kultur, Wirtschaft oder \u00f6ffentlichen Geb\u00e4uden.<br \/>\n* Der Preis gilt f\u00fcr 0,5 m2, die aus ca. 25 Fliesen aus alten Abbruchziegeln bestehen, unter Ber\u00fccksichtigung von 1 cm Fuge. <\/p>\n<\/div>\n<\/div>\n<\/div>\n<\/div>\n<\/div>\n<\/div>\n<\/div>\n<\/div>\n<\/section>\n<section class=\"elementor-element elementor-element-e8e3e72 elementor-section-boxed elementor-section-height-default elementor-section-height-default elementor-section elementor-top-section\" data-id=\"e8e3e72\" data-element_type=\"section\">\n<div class=\"elementor-container elementor-column-gap-default\">\n<div class=\"elementor-row\">\n<div class=\"elementor-element elementor-element-1bb21de elementor-column elementor-col-100 elementor-top-column\" data-id=\"1bb21de\" data-element_type=\"column\">\n<div class=\"elementor-column-wrap elementor-element-populated\">\n<div class=\"elementor-widget-wrap\">\n<div class=\"elementor-element elementor-element-72dbe4f elementor-widget elementor-widget-divider\" data-id=\"72dbe4f\" data-element_type=\"widget\" data-widget_type=\"divider.default\">\n<div class=\"elementor-widget-container\">\n<div class=\"elementor-divider\"><\/div>\n<\/div>\n<\/div>\n<div class=\"elementor-element elementor-element-a0c6f9a elementor-widget elementor-widget-text-editor\" data-id=\"a0c6f9a\" data-element_type=\"widget\" data-widget_type=\"text-editor.default\">\n<div class=\"elementor-widget-container\">\n<div class=\"elementor-text-editor elementor-clearfix\">\n<h2>Wer steckt hinter dem Projekt Decorative Brick?<\/h2>\n<p>Ein polnisches Unternehmen, das sich der Herstellung von hochwertigen Fliesen aus historischen Ziegeln des 19. und 20. Jahrhunderts verschrieben hat, dessen h\u00f6chste Qualit\u00e4tsstandards, sorgf\u00e4ltige Auswahl des Rohmaterials und professioneller Kundenservice in ganz Europa anerkannt sind - das z\u00e4hlt.<\/p>\n<p>Muster bestellen: <a href=\"https:\/\/dekoracyjnacegla.pl\/product\/probki-plytek-z-cegly\">https:\/\/dekoracyjnacegla.pl\/product\/probki-plytek-z-cegly<\/a><\/p>\n<p>Warum nennen wir unseren Retro-Ziegel ein PREMIUM-Produkt? Was steckt dahinter, dass das Produkt die Qualit\u00e4t anderer Abbruchziegel, die auf dem polnischen Markt angeboten werden, deutlich \u00fcbertrifft? <\/p>\n<ul>\n<li>Eine sorgf\u00e4ltige und sehr gr\u00fcndliche Materialauswahl schon bei der Auswahl des Geb\u00e4udes, aus dem wir das Rohmaterial beziehen (wir beziehen sehr gut gebrannte Ziegel aus dem 19. und 20. Jahrhundert zum Schneiden).<\/li>\n<li>Alle Fliesen, die wir Ihnen anbieten, stammen aus Ziegelsteinen, die von unseren geschulten Arbeitern von Hand abgerissen wurden (wir rei\u00dfen Geb\u00e4ude nicht maschinell ab, so dass unsere Fliesen keine Mikrosch\u00e4den oder Splitter aufweisen, die durch mechanischen Abriss verursacht werden).<\/li>\n<li>Die Abbruchziegel, die Sie erhalten, stammen aus demselben Abbruch (wir mischen keine Ziegel aus verschiedenen Geb\u00e4uden, was die Farbe erheblich beeinflussen k\u00f6nnte).<\/li>\n<li>Wir lehnen Ziegel und Geb\u00e4ude ab: schornsteinartig, gr\u00fcn, erdig, feucht, glitschig, verkrustet und solche, die f\u00fcr die Tierhaltung verwendet wurden, was zu einem sehr unangenehmen Geruch der Fliese f\u00fchren w\u00fcrde.<\/li>\n<li>Wir haben unsere eigene, einzigartige Ziegelverarbeitungstechnologie. Wir verwenden Maschinen, die speziell f\u00fcr die individuellen Bed\u00fcrfnisse unserer Produktion entwickelt und gebaut wurden. <\/li>\n<li>Wir bieten eine schnelle Lieferung in ganz Polen und Europa.<\/li>\n<li>Wir garantieren Ihnen einen professionellen Kundenservice, der auf der langj\u00e4hrigen Branchenerfahrung unserer Mitarbeiter beruht.<\/li>\n<\/ul>\n<\/div>\n<\/div>\n<\/div>\n<\/div>\n<\/div>\n<\/div>\n<\/div>\n<\/div>\n<\/section>\n","protected":false},"excerpt":{"rendered":"<p>Alte Ziegel\/Abbruchziegel, alle in einem Rotton mit M\u00f6rtelresten f\u00fcr einen rustikalen Effekt.<\/p>\n<p><strong>Preis gilt f\u00fcr 0,5<sup>m2<\/sup> Ziegelfliesen<\/strong>.<\/p>\n","protected":false},"featured_media":21792,"template":"","meta":[],"product_brand":[],"product_cat":[356,241,288,291,290,307,240,276,256,266,259,255,258,265,253,257,264,243,244,251,248,246,250,261,268,260,247,245,263,242,249,262,252,254,267,273,289,238,237],"product_tag":[],"class_list":{"0":"post-21791","1":"product","2":"type-product","3":"status-publish","4":"has-post-thumbnail","6":"product_cat-abbruchziegel-2","7":"product_cat-dekorativer-ziegelstein","8":"product_cat-fassade-ziegel","9":"product_cat-gemauerte-treppe","10":"product_cat-gemauerter-boden-auf-der-terrasse","11":"product_cat-roter-ziegelstein","12":"product_cat-ziegel-schneiden","13":"product_cat-ziegelfliesen","14":"product_cat-ziegelfliesen-bialystok","15":"product_cat-ziegelfliesen-bielsko-biala","16":"product_cat-ziegelfliesen-czestochowa","17":"product_cat-ziegelfliesen-elblag","18":"product_cat-ziegelfliesen-gdynia","19":"product_cat-ziegelfliesen-gliwice","20":"product_cat-ziegelfliesen-gniezno","21":"product_cat-ziegelfliesen-kattowitz","22":"product_cat-ziegelfliesen-kielce","23":"product_cat-ziegelfliesen-kolobrzeg","24":"product_cat-ziegelfliesen-koszalin","25":"product_cat-ziegelfliesen-legnica","26":"product_cat-ziegelfliesen-lubin","27":"product_cat-ziegelfliesen-olsztyn","28":"product_cat-ziegelfliesen-oppeln","29":"product_cat-ziegelfliesen-radom","30":"product_cat-ziegelfliesen-rybnik","31":"product_cat-ziegelfliesen-rzeszow","32":"product_cat-ziegelfliesen-siedlce","33":"product_cat-ziegelfliesen-slupsk","34":"product_cat-ziegelfliesen-sosnowiec","35":"product_cat-ziegelfliesen-szczecin","36":"product_cat-ziegelfliesen-tarnow","37":"product_cat-ziegelfliesen-torun","38":"product_cat-ziegelfliesen-walbrzych","39":"product_cat-ziegelfliesen-wloclawek","40":"product_cat-ziegelfliesen-zabrze","41":"product_cat-ziegelfliesen-zielona-gora","42":"product_cat-ziegelgesicht","43":"product_cat-ziegelstein-fur-den-boden","44":"product_cat-ziegelstein-fur-die-mauer","46":"first","47":"instock","48":"shipping-taxable","49":"purchasable","50":"product-type-simple"},"yoast_head":"<!-- This site is optimized with the Yoast SEO plugin v27.4 - https:\/\/yoast.com\/product\/yoast-seo-wordpress\/ -->\n<title>Kalibrierte rote Ziegelsteine - Dekoracyjna Ceg\u0142a<\/title>\n<meta name=\"robots\" content=\"index, follow, max-snippet:-1, max-image-preview:large, max-video-preview:-1\" \/>\n<link rel=\"canonical\" href=\"https:\/\/dekoracyjnacegla.pl\/de\/produkt\/kalibrierte-rote-backsteinfliesen\/\" \/>\n<meta property=\"og:locale\" content=\"de_DE\" \/>\n<meta property=\"og:type\" content=\"article\" \/>\n<meta property=\"og:title\" content=\"Kalibrierte rote Ziegelsteine - Dekoracyjna Ceg\u0142a\" \/>\n<meta property=\"og:description\" content=\"Alte Ziegel\/Abbruchziegel, alle in einem Rotton mit M\u00f6rtelresten f\u00fcr einen rustikalen Effekt. Preis gilt f\u00fcr 0,5m2 Ziegelfliesen.\" \/>\n<meta property=\"og:url\" content=\"https:\/\/dekoracyjnacegla.pl\/de\/produkt\/kalibrierte-rote-backsteinfliesen\/\" \/>\n<meta property=\"og:site_name\" content=\"Dekoracyjna Ceg\u0142a\" \/>\n<meta property=\"article:modified_time\" content=\"2026-04-30T07:27:56+00:00\" \/>\n<meta property=\"og:image\" content=\"https:\/\/dekoracyjnacegla.pl\/wp-content\/uploads\/2023\/10\/unnamed-file-3.jpg\" \/>\n\t<meta property=\"og:image:width\" content=\"1709\" \/>\n\t<meta property=\"og:image:height\" content=\"2560\" \/>\n\t<meta property=\"og:image:type\" content=\"image\/jpeg\" \/>\n<meta name=\"twitter:card\" content=\"summary_large_image\" \/>\n<meta name=\"twitter:label1\" content=\"Gesch\u00e4tzte Lesezeit\" \/>\n\t<meta name=\"twitter:data1\" content=\"2\u00a0Minuten\" \/>\n<script type=\"application\/ld+json\" class=\"yoast-schema-graph\">{\"@context\":\"https:\\\/\\\/schema.org\",\"@graph\":[{\"@type\":\"WebPage\",\"@id\":\"https:\\\/\\\/dekoracyjnacegla.pl\\\/de\\\/produkt\\\/kalibrierte-rote-backsteinfliesen\\\/\",\"url\":\"https:\\\/\\\/dekoracyjnacegla.pl\\\/de\\\/produkt\\\/kalibrierte-rote-backsteinfliesen\\\/\",\"name\":\"Kalibrierte rote Ziegelsteine - Dekoracyjna Ceg\u0142a\",\"isPartOf\":{\"@id\":\"https:\\\/\\\/dekoracyjnacegla.pl\\\/de\\\/#website\"},\"primaryImageOfPage\":{\"@id\":\"https:\\\/\\\/dekoracyjnacegla.pl\\\/de\\\/produkt\\\/kalibrierte-rote-backsteinfliesen\\\/#primaryimage\"},\"image\":{\"@id\":\"https:\\\/\\\/dekoracyjnacegla.pl\\\/de\\\/produkt\\\/kalibrierte-rote-backsteinfliesen\\\/#primaryimage\"},\"thumbnailUrl\":\"https:\\\/\\\/dekoracyjnacegla.pl\\\/wp-content\\\/uploads\\\/2023\\\/10\\\/unnamed-file-3.jpg\",\"datePublished\":\"2023-10-19T16:24:04+00:00\",\"dateModified\":\"2026-04-30T07:27:56+00:00\",\"breadcrumb\":{\"@id\":\"https:\\\/\\\/dekoracyjnacegla.pl\\\/de\\\/produkt\\\/kalibrierte-rote-backsteinfliesen\\\/#breadcrumb\"},\"inLanguage\":\"de\",\"potentialAction\":[{\"@type\":\"ReadAction\",\"target\":[\"https:\\\/\\\/dekoracyjnacegla.pl\\\/de\\\/produkt\\\/kalibrierte-rote-backsteinfliesen\\\/\"]}]},{\"@type\":\"ImageObject\",\"inLanguage\":\"de\",\"@id\":\"https:\\\/\\\/dekoracyjnacegla.pl\\\/de\\\/produkt\\\/kalibrierte-rote-backsteinfliesen\\\/#primaryimage\",\"url\":\"https:\\\/\\\/dekoracyjnacegla.pl\\\/wp-content\\\/uploads\\\/2023\\\/10\\\/unnamed-file-3.jpg\",\"contentUrl\":\"https:\\\/\\\/dekoracyjnacegla.pl\\\/wp-content\\\/uploads\\\/2023\\\/10\\\/unnamed-file-3.jpg\",\"width\":1709,\"height\":2560},{\"@type\":\"BreadcrumbList\",\"@id\":\"https:\\\/\\\/dekoracyjnacegla.pl\\\/de\\\/produkt\\\/kalibrierte-rote-backsteinfliesen\\\/#breadcrumb\",\"itemListElement\":[{\"@type\":\"ListItem\",\"position\":1,\"name\":\"Strona g\u0142\u00f3wna\",\"item\":\"https:\\\/\\\/dekoracyjnacegla.pl\\\/de\\\/start\\\/\"},{\"@type\":\"ListItem\",\"position\":2,\"name\":\"Sklep\",\"item\":\"https:\\\/\\\/dekoracyjnacegla.pl\\\/sklep\\\/\"},{\"@type\":\"ListItem\",\"position\":3,\"name\":\"Kalibrierte rote Ziegelsteine\"}]},{\"@type\":\"WebSite\",\"@id\":\"https:\\\/\\\/dekoracyjnacegla.pl\\\/de\\\/#website\",\"url\":\"https:\\\/\\\/dekoracyjnacegla.pl\\\/de\\\/\",\"name\":\"Dekoracyjna Ceg\u0142a\",\"description\":\"P\u0142ytki z ceg\u0142y | Retro Ceg\u0142a\",\"publisher\":{\"@id\":\"https:\\\/\\\/dekoracyjnacegla.pl\\\/de\\\/#organization\"},\"potentialAction\":[{\"@type\":\"SearchAction\",\"target\":{\"@type\":\"EntryPoint\",\"urlTemplate\":\"https:\\\/\\\/dekoracyjnacegla.pl\\\/de\\\/?s={search_term_string}\"},\"query-input\":{\"@type\":\"PropertyValueSpecification\",\"valueRequired\":true,\"valueName\":\"search_term_string\"}}],\"inLanguage\":\"de\"},{\"@type\":\"Organization\",\"@id\":\"https:\\\/\\\/dekoracyjnacegla.pl\\\/de\\\/#organization\",\"name\":\"Dekoracyjna Ceg\u0142a\",\"url\":\"https:\\\/\\\/dekoracyjnacegla.pl\\\/de\\\/\",\"logo\":{\"@type\":\"ImageObject\",\"inLanguage\":\"de\",\"@id\":\"https:\\\/\\\/dekoracyjnacegla.pl\\\/de\\\/#\\\/schema\\\/logo\\\/image\\\/\",\"url\":\"https:\\\/\\\/dekoracyjnacegla.pl\\\/wp-content\\\/uploads\\\/2023\\\/10\\\/logo.png\",\"contentUrl\":\"https:\\\/\\\/dekoracyjnacegla.pl\\\/wp-content\\\/uploads\\\/2023\\\/10\\\/logo.png\",\"width\":1199,\"height\":193,\"caption\":\"Dekoracyjna Ceg\u0142a\"},\"image\":{\"@id\":\"https:\\\/\\\/dekoracyjnacegla.pl\\\/de\\\/#\\\/schema\\\/logo\\\/image\\\/\"}}]}<\/script>\n<!-- \/ Yoast SEO plugin. -->","yoast_head_json":{"title":"Kalibrierte rote Ziegelsteine - Dekoracyjna Ceg\u0142a","robots":{"index":"index","follow":"follow","max-snippet":"max-snippet:-1","max-image-preview":"max-image-preview:large","max-video-preview":"max-video-preview:-1"},"canonical":"https:\/\/dekoracyjnacegla.pl\/de\/produkt\/kalibrierte-rote-backsteinfliesen\/","og_locale":"de_DE","og_type":"article","og_title":"Kalibrierte rote Ziegelsteine - Dekoracyjna Ceg\u0142a","og_description":"Alte Ziegel\/Abbruchziegel, alle in einem Rotton mit M\u00f6rtelresten f\u00fcr einen rustikalen Effekt. Preis gilt f\u00fcr 0,5m2 Ziegelfliesen.","og_url":"https:\/\/dekoracyjnacegla.pl\/de\/produkt\/kalibrierte-rote-backsteinfliesen\/","og_site_name":"Dekoracyjna Ceg\u0142a","article_modified_time":"2026-04-30T07:27:56+00:00","og_image":[{"width":1709,"height":2560,"url":"https:\/\/dekoracyjnacegla.pl\/wp-content\/uploads\/2023\/10\/unnamed-file-3.jpg","type":"image\/jpeg"}],"twitter_card":"summary_large_image","twitter_misc":{"Gesch\u00e4tzte Lesezeit":"2\u00a0Minuten"},"schema":{"@context":"https:\/\/schema.org","@graph":[{"@type":"WebPage","@id":"https:\/\/dekoracyjnacegla.pl\/de\/produkt\/kalibrierte-rote-backsteinfliesen\/","url":"https:\/\/dekoracyjnacegla.pl\/de\/produkt\/kalibrierte-rote-backsteinfliesen\/","name":"Kalibrierte rote Ziegelsteine - Dekoracyjna Ceg\u0142a","isPartOf":{"@id":"https:\/\/dekoracyjnacegla.pl\/de\/#website"},"primaryImageOfPage":{"@id":"https:\/\/dekoracyjnacegla.pl\/de\/produkt\/kalibrierte-rote-backsteinfliesen\/#primaryimage"},"image":{"@id":"https:\/\/dekoracyjnacegla.pl\/de\/produkt\/kalibrierte-rote-backsteinfliesen\/#primaryimage"},"thumbnailUrl":"https:\/\/dekoracyjnacegla.pl\/wp-content\/uploads\/2023\/10\/unnamed-file-3.jpg","datePublished":"2023-10-19T16:24:04+00:00","dateModified":"2026-04-30T07:27:56+00:00","breadcrumb":{"@id":"https:\/\/dekoracyjnacegla.pl\/de\/produkt\/kalibrierte-rote-backsteinfliesen\/#breadcrumb"},"inLanguage":"de","potentialAction":[{"@type":"ReadAction","target":["https:\/\/dekoracyjnacegla.pl\/de\/produkt\/kalibrierte-rote-backsteinfliesen\/"]}]},{"@type":"ImageObject","inLanguage":"de","@id":"https:\/\/dekoracyjnacegla.pl\/de\/produkt\/kalibrierte-rote-backsteinfliesen\/#primaryimage","url":"https:\/\/dekoracyjnacegla.pl\/wp-content\/uploads\/2023\/10\/unnamed-file-3.jpg","contentUrl":"https:\/\/dekoracyjnacegla.pl\/wp-content\/uploads\/2023\/10\/unnamed-file-3.jpg","width":1709,"height":2560},{"@type":"BreadcrumbList","@id":"https:\/\/dekoracyjnacegla.pl\/de\/produkt\/kalibrierte-rote-backsteinfliesen\/#breadcrumb","itemListElement":[{"@type":"ListItem","position":1,"name":"Strona g\u0142\u00f3wna","item":"https:\/\/dekoracyjnacegla.pl\/de\/start\/"},{"@type":"ListItem","position":2,"name":"Sklep","item":"https:\/\/dekoracyjnacegla.pl\/sklep\/"},{"@type":"ListItem","position":3,"name":"Kalibrierte rote Ziegelsteine"}]},{"@type":"WebSite","@id":"https:\/\/dekoracyjnacegla.pl\/de\/#website","url":"https:\/\/dekoracyjnacegla.pl\/de\/","name":"Dekoracyjna Ceg\u0142a","description":"P\u0142ytki z ceg\u0142y | Retro Ceg\u0142a","publisher":{"@id":"https:\/\/dekoracyjnacegla.pl\/de\/#organization"},"potentialAction":[{"@type":"SearchAction","target":{"@type":"EntryPoint","urlTemplate":"https:\/\/dekoracyjnacegla.pl\/de\/?s={search_term_string}"},"query-input":{"@type":"PropertyValueSpecification","valueRequired":true,"valueName":"search_term_string"}}],"inLanguage":"de"},{"@type":"Organization","@id":"https:\/\/dekoracyjnacegla.pl\/de\/#organization","name":"Dekoracyjna Ceg\u0142a","url":"https:\/\/dekoracyjnacegla.pl\/de\/","logo":{"@type":"ImageObject","inLanguage":"de","@id":"https:\/\/dekoracyjnacegla.pl\/de\/#\/schema\/logo\/image\/","url":"https:\/\/dekoracyjnacegla.pl\/wp-content\/uploads\/2023\/10\/logo.png","contentUrl":"https:\/\/dekoracyjnacegla.pl\/wp-content\/uploads\/2023\/10\/logo.png","width":1199,"height":193,"caption":"Dekoracyjna Ceg\u0142a"},"image":{"@id":"https:\/\/dekoracyjnacegla.pl\/de\/#\/schema\/logo\/image\/"}}]}},"_links":{"self":[{"href":"https:\/\/dekoracyjnacegla.pl\/de\/wp-json\/wp\/v2\/product\/21791","targetHints":{"allow":["GET"]}}],"collection":[{"href":"https:\/\/dekoracyjnacegla.pl\/de\/wp-json\/wp\/v2\/product"}],"about":[{"href":"https:\/\/dekoracyjnacegla.pl\/de\/wp-json\/wp\/v2\/types\/product"}],"wp:featuredmedia":[{"embeddable":true,"href":"https:\/\/dekoracyjnacegla.pl\/de\/wp-json\/wp\/v2\/media\/21792"}],"wp:attachment":[{"href":"https:\/\/dekoracyjnacegla.pl\/de\/wp-json\/wp\/v2\/media?parent=21791"}],"wp:term":[{"taxonomy":"product_brand","embeddable":true,"href":"https:\/\/dekoracyjnacegla.pl\/de\/wp-json\/wp\/v2\/product_brand?post=21791"},{"taxonomy":"product_cat","embeddable":true,"href":"https:\/\/dekoracyjnacegla.pl\/de\/wp-json\/wp\/v2\/product_cat?post=21791"},{"taxonomy":"product_tag","embeddable":true,"href":"https:\/\/dekoracyjnacegla.pl\/de\/wp-json\/wp\/v2\/product_tag?post=21791"}],"curies":[{"name":"wp","href":"https:\/\/api.w.org\/{rel}","templated":true}]}}