{"id":21968,"date":"2024-01-19T14:43:06","date_gmt":"2024-01-19T14:43:06","guid":{"rendered":"https:\/\/dekoracyjnacegla.pl\/produkt\/gotischer-ziegelstein-gros-33x15x85cm\/"},"modified":"2024-01-19T14:43:06","modified_gmt":"2024-01-19T14:43:06","slug":"gotischer-ziegelstein-gros-33x15x85cm","status":"publish","type":"product","link":"https:\/\/dekoracyjnacegla.pl\/de\/produkt\/gotischer-ziegelstein-gros-33x15x85cm\/","title":{"rendered":"Gotischer Ziegelstein Gro\u00df 33x15x8,5cm"},"content":{"rendered":"<div class=\"uk-panel-box\">\n<div class=\"uk-grid break-a\">\n<div class=\"uk-width-medium-1-3\">Absorbierbarkeit: 16-18%<\/div>\n<\/div>\n<\/div>\n<div class=\"uk-panel-box\">\n<div class=\"uk-grid break-a\">\n<div class=\"uk-width-medium-1-3\">Druckfestigkeit: Klasse &#8222;10&#8220;-&#8222;15&#8220;<\/div>\n<\/div>\n<\/div>\n<div class=\"uk-panel-box\">\n<div class=\"uk-grid break-a\">\n<div class=\"uk-width-medium-1-3\">Anzahl der St\u00fccke pro Palette: 145pc.<\/div>\n<\/div>\n<\/div>\n<div class=\"uk-panel-box\">\n<div class=\"uk-grid break-a\">\n<div class=\"uk-width-medium-1-3\">Palettengewicht \/ Transport: 1200kg<\/div>\n<\/div>\n<\/div>\n<div class=\"uk-panel-box\">\n<div class=\"uk-grid break-a\">\n<div class=\"uk-width-medium-1-3\">Anzahl der St\u00fccke pro<sup>m2<\/sup>: 31Stk. (1cm Fuge und Wagenbindung) <\/div>\n<\/div>\n<\/div>\n<div class=\"uk-panel-box\">\n<div class=\"uk-grid break-a\">\n<div class=\"uk-width-medium-1-3\">Anwendung: Au\u00dfenfassaden, architektonische Elemente im Innenbereich, Kaminverkleidungen, dekorative Elemente der Gartenarchitektur, Gartengrills, tragende W\u00e4nde, Trennw\u00e4nde, usw.<\/div>\n<\/div>\n<\/div>\n","protected":false},"excerpt":{"rendered":"<h3 class=\"uk-margin-bottom\"><span style=\"font-size: 16px;\">Verf\u00fcgbarkeit: <\/span><strong style=\"font-size: 16px;\">Auf Anfrage<\/strong><\/h3>\n<h3 class=\"uk-margin-bottom\">Preis: 9,2\/St.<b style=\"font-size: 16px;\"> brutto<\/b><\/h3>\n<div class=\"tabela_opis\">\n<div class=\"uk-panel-box\">\n<div class=\"uk-grid \">\n<div class=\"uk-width-medium-1-3\">Gr\u00f6\u00dfe: 33x15x8,5cm<\/div>\n<\/div>\n<\/div>\n<div class=\"uk-panel-box\">\n<div class=\"uk-grid break-a\">\n<div class=\"uk-width-medium-1-3\">Oberfl\u00e4che: Traditionell - gleichm\u00e4\u00dfige, einheitliche Oberfl\u00e4che.<br \/>\nAndere Oberfl\u00e4chen verf\u00fcgbar.<\/div>\n<\/div>\n<\/div>\n<\/div>\n","protected":false},"featured_media":21971,"template":"","meta":[],"product_brand":[],"product_cat":[202],"product_tag":[],"class_list":{"0":"post-21968","1":"product","2":"type-product","3":"status-publish","4":"has-post-thumbnail","6":"product_cat-nicht-kategorisiert","8":"first","9":"onbackorder","10":"shipping-taxable","11":"product-type-simple"},"yoast_head":"<!-- This site is optimized with the Yoast SEO plugin v27.3 - https:\/\/yoast.com\/product\/yoast-seo-wordpress\/ -->\n<title>Gotischer Ziegelstein Gro\u00df 33x15x8,5cm - Dekoracyjna Ceg\u0142a<\/title>\n<meta name=\"robots\" content=\"index, follow, max-snippet:-1, max-image-preview:large, max-video-preview:-1\" \/>\n<link rel=\"canonical\" href=\"https:\/\/dekoracyjnacegla.pl\/de\/produkt\/gotischer-ziegelstein-gros-33x15x85cm\/\" \/>\n<meta property=\"og:locale\" content=\"de_DE\" \/>\n<meta property=\"og:type\" content=\"article\" \/>\n<meta property=\"og:title\" content=\"Gotischer Ziegelstein Gro\u00df 33x15x8,5cm - Dekoracyjna Ceg\u0142a\" \/>\n<meta property=\"og:description\" content=\"Verf\u00fcgbarkeit: Auf Anfrage Preis: 9,2\/St. brutto  Gr\u00f6\u00dfe: 33x15x8,5cm   Oberfl\u00e4che: Traditionell - gleichm\u00e4\u00dfige, einheitliche Oberfl\u00e4che. Andere Oberfl\u00e4chen verf\u00fcgbar.\" \/>\n<meta property=\"og:url\" content=\"https:\/\/dekoracyjnacegla.pl\/de\/produkt\/gotischer-ziegelstein-gros-33x15x85cm\/\" \/>\n<meta property=\"og:site_name\" content=\"Dekoracyjna Ceg\u0142a\" \/>\n<meta property=\"og:image\" content=\"https:\/\/dekoracyjnacegla.pl\/wp-content\/uploads\/2024\/01\/Cegly-gotyckie-duze-1920x1280-1.jpg\" \/>\n\t<meta property=\"og:image:width\" content=\"1920\" \/>\n\t<meta property=\"og:image:height\" content=\"1280\" \/>\n\t<meta property=\"og:image:type\" content=\"image\/jpeg\" \/>\n<meta name=\"twitter:card\" content=\"summary_large_image\" \/>\n<script type=\"application\/ld+json\" class=\"yoast-schema-graph\">{\"@context\":\"https:\\\/\\\/schema.org\",\"@graph\":[{\"@type\":\"WebPage\",\"@id\":\"https:\\\/\\\/dekoracyjnacegla.pl\\\/de\\\/produkt\\\/gotischer-ziegelstein-gros-33x15x85cm\\\/\",\"url\":\"https:\\\/\\\/dekoracyjnacegla.pl\\\/de\\\/produkt\\\/gotischer-ziegelstein-gros-33x15x85cm\\\/\",\"name\":\"Gotischer Ziegelstein Gro\u00df 33x15x8,5cm - Dekoracyjna Ceg\u0142a\",\"isPartOf\":{\"@id\":\"https:\\\/\\\/dekoracyjnacegla.pl\\\/de\\\/#website\"},\"primaryImageOfPage\":{\"@id\":\"https:\\\/\\\/dekoracyjnacegla.pl\\\/de\\\/produkt\\\/gotischer-ziegelstein-gros-33x15x85cm\\\/#primaryimage\"},\"image\":{\"@id\":\"https:\\\/\\\/dekoracyjnacegla.pl\\\/de\\\/produkt\\\/gotischer-ziegelstein-gros-33x15x85cm\\\/#primaryimage\"},\"thumbnailUrl\":\"https:\\\/\\\/dekoracyjnacegla.pl\\\/wp-content\\\/uploads\\\/2024\\\/01\\\/Cegly-gotyckie-duze-1920x1280-1.jpg\",\"datePublished\":\"2024-01-19T14:43:06+00:00\",\"breadcrumb\":{\"@id\":\"https:\\\/\\\/dekoracyjnacegla.pl\\\/de\\\/produkt\\\/gotischer-ziegelstein-gros-33x15x85cm\\\/#breadcrumb\"},\"inLanguage\":\"de\",\"potentialAction\":[{\"@type\":\"ReadAction\",\"target\":[\"https:\\\/\\\/dekoracyjnacegla.pl\\\/de\\\/produkt\\\/gotischer-ziegelstein-gros-33x15x85cm\\\/\"]}]},{\"@type\":\"ImageObject\",\"inLanguage\":\"de\",\"@id\":\"https:\\\/\\\/dekoracyjnacegla.pl\\\/de\\\/produkt\\\/gotischer-ziegelstein-gros-33x15x85cm\\\/#primaryimage\",\"url\":\"https:\\\/\\\/dekoracyjnacegla.pl\\\/wp-content\\\/uploads\\\/2024\\\/01\\\/Cegly-gotyckie-duze-1920x1280-1.jpg\",\"contentUrl\":\"https:\\\/\\\/dekoracyjnacegla.pl\\\/wp-content\\\/uploads\\\/2024\\\/01\\\/Cegly-gotyckie-duze-1920x1280-1.jpg\",\"width\":1920,\"height\":1280},{\"@type\":\"BreadcrumbList\",\"@id\":\"https:\\\/\\\/dekoracyjnacegla.pl\\\/de\\\/produkt\\\/gotischer-ziegelstein-gros-33x15x85cm\\\/#breadcrumb\",\"itemListElement\":[{\"@type\":\"ListItem\",\"position\":1,\"name\":\"Strona g\u0142\u00f3wna\",\"item\":\"https:\\\/\\\/dekoracyjnacegla.pl\\\/de\\\/start\\\/\"},{\"@type\":\"ListItem\",\"position\":2,\"name\":\"Sklep\",\"item\":\"https:\\\/\\\/dekoracyjnacegla.pl\\\/sklep\\\/\"},{\"@type\":\"ListItem\",\"position\":3,\"name\":\"Gotischer Ziegelstein Gro\u00df 33x15x8,5cm\"}]},{\"@type\":\"WebSite\",\"@id\":\"https:\\\/\\\/dekoracyjnacegla.pl\\\/de\\\/#website\",\"url\":\"https:\\\/\\\/dekoracyjnacegla.pl\\\/de\\\/\",\"name\":\"Dekoracyjna Ceg\u0142a\",\"description\":\"P\u0142ytki z ceg\u0142y | Retro Ceg\u0142a\",\"publisher\":{\"@id\":\"https:\\\/\\\/dekoracyjnacegla.pl\\\/de\\\/#organization\"},\"potentialAction\":[{\"@type\":\"SearchAction\",\"target\":{\"@type\":\"EntryPoint\",\"urlTemplate\":\"https:\\\/\\\/dekoracyjnacegla.pl\\\/de\\\/?s={search_term_string}\"},\"query-input\":{\"@type\":\"PropertyValueSpecification\",\"valueRequired\":true,\"valueName\":\"search_term_string\"}}],\"inLanguage\":\"de\"},{\"@type\":\"Organization\",\"@id\":\"https:\\\/\\\/dekoracyjnacegla.pl\\\/de\\\/#organization\",\"name\":\"Dekoracyjna Ceg\u0142a\",\"url\":\"https:\\\/\\\/dekoracyjnacegla.pl\\\/de\\\/\",\"logo\":{\"@type\":\"ImageObject\",\"inLanguage\":\"de\",\"@id\":\"https:\\\/\\\/dekoracyjnacegla.pl\\\/de\\\/#\\\/schema\\\/logo\\\/image\\\/\",\"url\":\"https:\\\/\\\/dekoracyjnacegla.pl\\\/wp-content\\\/uploads\\\/2023\\\/10\\\/logo.png\",\"contentUrl\":\"https:\\\/\\\/dekoracyjnacegla.pl\\\/wp-content\\\/uploads\\\/2023\\\/10\\\/logo.png\",\"width\":1199,\"height\":193,\"caption\":\"Dekoracyjna Ceg\u0142a\"},\"image\":{\"@id\":\"https:\\\/\\\/dekoracyjnacegla.pl\\\/de\\\/#\\\/schema\\\/logo\\\/image\\\/\"}}]}<\/script>\n<!-- \/ Yoast SEO plugin. -->","yoast_head_json":{"title":"Gotischer Ziegelstein Gro\u00df 33x15x8,5cm - Dekoracyjna Ceg\u0142a","robots":{"index":"index","follow":"follow","max-snippet":"max-snippet:-1","max-image-preview":"max-image-preview:large","max-video-preview":"max-video-preview:-1"},"canonical":"https:\/\/dekoracyjnacegla.pl\/de\/produkt\/gotischer-ziegelstein-gros-33x15x85cm\/","og_locale":"de_DE","og_type":"article","og_title":"Gotischer Ziegelstein Gro\u00df 33x15x8,5cm - Dekoracyjna Ceg\u0142a","og_description":"Verf\u00fcgbarkeit: Auf Anfrage Preis: 9,2\/St. brutto  Gr\u00f6\u00dfe: 33x15x8,5cm   Oberfl\u00e4che: Traditionell - gleichm\u00e4\u00dfige, einheitliche Oberfl\u00e4che. Andere Oberfl\u00e4chen verf\u00fcgbar.","og_url":"https:\/\/dekoracyjnacegla.pl\/de\/produkt\/gotischer-ziegelstein-gros-33x15x85cm\/","og_site_name":"Dekoracyjna Ceg\u0142a","og_image":[{"width":1920,"height":1280,"url":"https:\/\/dekoracyjnacegla.pl\/wp-content\/uploads\/2024\/01\/Cegly-gotyckie-duze-1920x1280-1.jpg","type":"image\/jpeg"}],"twitter_card":"summary_large_image","schema":{"@context":"https:\/\/schema.org","@graph":[{"@type":"WebPage","@id":"https:\/\/dekoracyjnacegla.pl\/de\/produkt\/gotischer-ziegelstein-gros-33x15x85cm\/","url":"https:\/\/dekoracyjnacegla.pl\/de\/produkt\/gotischer-ziegelstein-gros-33x15x85cm\/","name":"Gotischer Ziegelstein Gro\u00df 33x15x8,5cm - Dekoracyjna Ceg\u0142a","isPartOf":{"@id":"https:\/\/dekoracyjnacegla.pl\/de\/#website"},"primaryImageOfPage":{"@id":"https:\/\/dekoracyjnacegla.pl\/de\/produkt\/gotischer-ziegelstein-gros-33x15x85cm\/#primaryimage"},"image":{"@id":"https:\/\/dekoracyjnacegla.pl\/de\/produkt\/gotischer-ziegelstein-gros-33x15x85cm\/#primaryimage"},"thumbnailUrl":"https:\/\/dekoracyjnacegla.pl\/wp-content\/uploads\/2024\/01\/Cegly-gotyckie-duze-1920x1280-1.jpg","datePublished":"2024-01-19T14:43:06+00:00","breadcrumb":{"@id":"https:\/\/dekoracyjnacegla.pl\/de\/produkt\/gotischer-ziegelstein-gros-33x15x85cm\/#breadcrumb"},"inLanguage":"de","potentialAction":[{"@type":"ReadAction","target":["https:\/\/dekoracyjnacegla.pl\/de\/produkt\/gotischer-ziegelstein-gros-33x15x85cm\/"]}]},{"@type":"ImageObject","inLanguage":"de","@id":"https:\/\/dekoracyjnacegla.pl\/de\/produkt\/gotischer-ziegelstein-gros-33x15x85cm\/#primaryimage","url":"https:\/\/dekoracyjnacegla.pl\/wp-content\/uploads\/2024\/01\/Cegly-gotyckie-duze-1920x1280-1.jpg","contentUrl":"https:\/\/dekoracyjnacegla.pl\/wp-content\/uploads\/2024\/01\/Cegly-gotyckie-duze-1920x1280-1.jpg","width":1920,"height":1280},{"@type":"BreadcrumbList","@id":"https:\/\/dekoracyjnacegla.pl\/de\/produkt\/gotischer-ziegelstein-gros-33x15x85cm\/#breadcrumb","itemListElement":[{"@type":"ListItem","position":1,"name":"Strona g\u0142\u00f3wna","item":"https:\/\/dekoracyjnacegla.pl\/de\/start\/"},{"@type":"ListItem","position":2,"name":"Sklep","item":"https:\/\/dekoracyjnacegla.pl\/sklep\/"},{"@type":"ListItem","position":3,"name":"Gotischer Ziegelstein Gro\u00df 33x15x8,5cm"}]},{"@type":"WebSite","@id":"https:\/\/dekoracyjnacegla.pl\/de\/#website","url":"https:\/\/dekoracyjnacegla.pl\/de\/","name":"Dekoracyjna Ceg\u0142a","description":"P\u0142ytki z ceg\u0142y | Retro Ceg\u0142a","publisher":{"@id":"https:\/\/dekoracyjnacegla.pl\/de\/#organization"},"potentialAction":[{"@type":"SearchAction","target":{"@type":"EntryPoint","urlTemplate":"https:\/\/dekoracyjnacegla.pl\/de\/?s={search_term_string}"},"query-input":{"@type":"PropertyValueSpecification","valueRequired":true,"valueName":"search_term_string"}}],"inLanguage":"de"},{"@type":"Organization","@id":"https:\/\/dekoracyjnacegla.pl\/de\/#organization","name":"Dekoracyjna Ceg\u0142a","url":"https:\/\/dekoracyjnacegla.pl\/de\/","logo":{"@type":"ImageObject","inLanguage":"de","@id":"https:\/\/dekoracyjnacegla.pl\/de\/#\/schema\/logo\/image\/","url":"https:\/\/dekoracyjnacegla.pl\/wp-content\/uploads\/2023\/10\/logo.png","contentUrl":"https:\/\/dekoracyjnacegla.pl\/wp-content\/uploads\/2023\/10\/logo.png","width":1199,"height":193,"caption":"Dekoracyjna Ceg\u0142a"},"image":{"@id":"https:\/\/dekoracyjnacegla.pl\/de\/#\/schema\/logo\/image\/"}}]}},"_links":{"self":[{"href":"https:\/\/dekoracyjnacegla.pl\/de\/wp-json\/wp\/v2\/product\/21968","targetHints":{"allow":["GET"]}}],"collection":[{"href":"https:\/\/dekoracyjnacegla.pl\/de\/wp-json\/wp\/v2\/product"}],"about":[{"href":"https:\/\/dekoracyjnacegla.pl\/de\/wp-json\/wp\/v2\/types\/product"}],"wp:featuredmedia":[{"embeddable":true,"href":"https:\/\/dekoracyjnacegla.pl\/de\/wp-json\/wp\/v2\/media\/21971"}],"wp:attachment":[{"href":"https:\/\/dekoracyjnacegla.pl\/de\/wp-json\/wp\/v2\/media?parent=21968"}],"wp:term":[{"taxonomy":"product_brand","embeddable":true,"href":"https:\/\/dekoracyjnacegla.pl\/de\/wp-json\/wp\/v2\/product_brand?post=21968"},{"taxonomy":"product_cat","embeddable":true,"href":"https:\/\/dekoracyjnacegla.pl\/de\/wp-json\/wp\/v2\/product_cat?post=21968"},{"taxonomy":"product_tag","embeddable":true,"href":"https:\/\/dekoracyjnacegla.pl\/de\/wp-json\/wp\/v2\/product_tag?post=21968"}],"curies":[{"name":"wp","href":"https:\/\/api.w.org\/{rel}","templated":true}]}}