{"id":22149,"date":"2025-06-26T21:39:08","date_gmt":"2025-06-26T21:39:08","guid":{"rendered":"https:\/\/dekoracyjnacegla.pl\/produkt\/ziegelkopfplatten\/"},"modified":"2025-06-26T21:39:08","modified_gmt":"2025-06-26T21:39:08","slug":"ziegelkopfplatten","status":"publish","type":"product","link":"https:\/\/dekoracyjnacegla.pl\/de\/produkt\/ziegelkopfplatten\/","title":{"rendered":"Ziegelkopfplatten"},"content":{"rendered":"<h2>Haupt-Ziegelsteine<\/h2>\n<p>Ma\u00dfe: 12 x 6 cm<\/p>\n<p>Alle Fliesen, die wir anbieten, werden aus Abbruchziegeln hergestellt und sind etwa 100 Jahre alt. In dieser Zeit waren sie Witterungseinfl\u00fcssen ausgesetzt, die sich positiv auf ihre Qualit\u00e4t und optischen Eigenschaften ausgewirkt haben. Wir legen Wert auf die Originalit\u00e4t der historischen Ziegel und die h\u00f6chste Qualit\u00e4t des Produkts. Der Herstellungsprozess der Ziegel, von dem Moment an, in dem sie beschafft werden, ist f\u00fcr uns von gr\u00f6\u00dfter Bedeutung.   <\/p>\n<p>Die Ma\u00dfe der Fliesen sind nicht standardisiert. Jede einzelne ist einzigartig.  Die aus der Mitte des Ziegels gewonnenen Ziegel zeichnen sich durch eine glattere Oberfl\u00e4che und gr\u00f6\u00dfere Regelm\u00e4\u00dfigkeit aus als die aus den \u00e4u\u00dferen Teilen des Ziegels gewonnenen. Die Ziegel haben auch unterschiedliche Farbt\u00f6ne. Ungereinigte Ziegel haben eine blassere Farbe als gereinigte.  <\/p>\n<p>Die Fliesen finden ihre Anwendung im Innenausbau und an Geb\u00e4udefassaden. Sie sind das ideale Material f\u00fcr rustikale Einrichtungen. Sie sind perfekt, um Au\u00dfen- und Innenw\u00e4nde zu altern und ihnen eine einzigartige Atmosph\u00e4re zu verleihen. Die Ziegel werden f\u00fcr Trennw\u00e4nde, St\u00fctzmauern, das Anlegen von Wegen, als Gartenbegrenzungen, Fassadenziegel, f\u00fcr den Bau von Pavillons und gr\u00f6\u00dferen Geb\u00e4uden verwendet.   <\/p>\n<p>Ziegelfliesen zeichnen sich durch ihre einfache Verlegung aus, die Sie selbst zu Hause durchf\u00fchren k\u00f6nnen. Der Schl\u00fcssel zum Erfolg ist die richtige Vorbereitung des Untergrunds und die Auswahl des M\u00f6rtels, der f\u00fcr die Verklebung der Fliesen hinter dem alten Ziegel empfohlen wird. Nach der Verlegung k\u00f6nnen die Fliesen in jeder beliebigen Farbe gestrichen oder in ihrer nat\u00fcrlichen Farbe belassen werden. Lassen Sie sich inspirieren und werfen Sie einen Blick auf die Beispiele in der Registerkarte <a href=\"https:\/\/dekoracyjnacegla.pl\/realizacje\">Realisierungen<\/a>.   <\/p>\n<p>&nbsp;<\/p>\n<p>Ma\u00dfe: 12 x 6,5 cm<\/p>\n<p>Platte auf 2,3 cm geschnitten<\/p>\n","protected":false},"excerpt":{"rendered":"<p>Ecken aus jeder Partie Ziegel verf\u00fcgbar.<\/p>\n","protected":false},"featured_media":22145,"template":"","meta":[],"product_brand":[],"product_cat":[68],"product_tag":[],"class_list":{"0":"post-22149","1":"product","2":"type-product","3":"status-publish","4":"has-post-thumbnail","6":"product_cat-cegla-recznie-formowana","8":"first","9":"instock","10":"shipping-taxable","11":"purchasable","12":"product-type-simple"},"yoast_head":"<!-- This site is optimized with the Yoast SEO plugin v27.3 - https:\/\/yoast.com\/product\/yoast-seo-wordpress\/ -->\n<title>Ziegelkopfplatten - Dekoracyjna Ceg\u0142a<\/title>\n<meta name=\"robots\" content=\"index, follow, max-snippet:-1, max-image-preview:large, max-video-preview:-1\" \/>\n<link rel=\"canonical\" href=\"https:\/\/dekoracyjnacegla.pl\/de\/produkt\/ziegelkopfplatten\/\" \/>\n<meta property=\"og:locale\" content=\"de_DE\" \/>\n<meta property=\"og:type\" content=\"article\" \/>\n<meta property=\"og:title\" content=\"Ziegelkopfplatten - Dekoracyjna Ceg\u0142a\" \/>\n<meta property=\"og:description\" content=\"Ecken aus jeder Partie Ziegel verf\u00fcgbar.\" \/>\n<meta property=\"og:url\" content=\"https:\/\/dekoracyjnacegla.pl\/de\/produkt\/ziegelkopfplatten\/\" \/>\n<meta property=\"og:site_name\" content=\"Dekoracyjna Ceg\u0142a\" \/>\n<meta property=\"og:image\" content=\"https:\/\/dekoracyjnacegla.pl\/wp-content\/uploads\/2025\/06\/Projekt-bez-nazwy-15.png\" \/>\n\t<meta property=\"og:image:width\" content=\"1587\" \/>\n\t<meta property=\"og:image:height\" content=\"2245\" \/>\n\t<meta property=\"og:image:type\" content=\"image\/png\" \/>\n<meta name=\"twitter:card\" content=\"summary_large_image\" \/>\n<meta name=\"twitter:label1\" content=\"Gesch\u00e4tzte Lesezeit\" \/>\n\t<meta name=\"twitter:data1\" content=\"1\u00a0Minute\" \/>\n<script type=\"application\/ld+json\" class=\"yoast-schema-graph\">{\"@context\":\"https:\\\/\\\/schema.org\",\"@graph\":[{\"@type\":\"WebPage\",\"@id\":\"https:\\\/\\\/dekoracyjnacegla.pl\\\/de\\\/produkt\\\/ziegelkopfplatten\\\/\",\"url\":\"https:\\\/\\\/dekoracyjnacegla.pl\\\/de\\\/produkt\\\/ziegelkopfplatten\\\/\",\"name\":\"Ziegelkopfplatten - Dekoracyjna Ceg\u0142a\",\"isPartOf\":{\"@id\":\"https:\\\/\\\/dekoracyjnacegla.pl\\\/de\\\/#website\"},\"primaryImageOfPage\":{\"@id\":\"https:\\\/\\\/dekoracyjnacegla.pl\\\/de\\\/produkt\\\/ziegelkopfplatten\\\/#primaryimage\"},\"image\":{\"@id\":\"https:\\\/\\\/dekoracyjnacegla.pl\\\/de\\\/produkt\\\/ziegelkopfplatten\\\/#primaryimage\"},\"thumbnailUrl\":\"https:\\\/\\\/dekoracyjnacegla.pl\\\/wp-content\\\/uploads\\\/2025\\\/06\\\/Projekt-bez-nazwy-15.png\",\"datePublished\":\"2025-06-26T21:39:08+00:00\",\"breadcrumb\":{\"@id\":\"https:\\\/\\\/dekoracyjnacegla.pl\\\/de\\\/produkt\\\/ziegelkopfplatten\\\/#breadcrumb\"},\"inLanguage\":\"de\",\"potentialAction\":[{\"@type\":\"ReadAction\",\"target\":[\"https:\\\/\\\/dekoracyjnacegla.pl\\\/de\\\/produkt\\\/ziegelkopfplatten\\\/\"]}]},{\"@type\":\"ImageObject\",\"inLanguage\":\"de\",\"@id\":\"https:\\\/\\\/dekoracyjnacegla.pl\\\/de\\\/produkt\\\/ziegelkopfplatten\\\/#primaryimage\",\"url\":\"https:\\\/\\\/dekoracyjnacegla.pl\\\/wp-content\\\/uploads\\\/2025\\\/06\\\/Projekt-bez-nazwy-15.png\",\"contentUrl\":\"https:\\\/\\\/dekoracyjnacegla.pl\\\/wp-content\\\/uploads\\\/2025\\\/06\\\/Projekt-bez-nazwy-15.png\",\"width\":1587,\"height\":2245},{\"@type\":\"BreadcrumbList\",\"@id\":\"https:\\\/\\\/dekoracyjnacegla.pl\\\/de\\\/produkt\\\/ziegelkopfplatten\\\/#breadcrumb\",\"itemListElement\":[{\"@type\":\"ListItem\",\"position\":1,\"name\":\"Strona g\u0142\u00f3wna\",\"item\":\"https:\\\/\\\/dekoracyjnacegla.pl\\\/de\\\/start\\\/\"},{\"@type\":\"ListItem\",\"position\":2,\"name\":\"Sklep\",\"item\":\"https:\\\/\\\/dekoracyjnacegla.pl\\\/sklep\\\/\"},{\"@type\":\"ListItem\",\"position\":3,\"name\":\"Ziegelkopfplatten\"}]},{\"@type\":\"WebSite\",\"@id\":\"https:\\\/\\\/dekoracyjnacegla.pl\\\/de\\\/#website\",\"url\":\"https:\\\/\\\/dekoracyjnacegla.pl\\\/de\\\/\",\"name\":\"Dekoracyjna Ceg\u0142a\",\"description\":\"P\u0142ytki z ceg\u0142y | Retro Ceg\u0142a\",\"publisher\":{\"@id\":\"https:\\\/\\\/dekoracyjnacegla.pl\\\/de\\\/#organization\"},\"potentialAction\":[{\"@type\":\"SearchAction\",\"target\":{\"@type\":\"EntryPoint\",\"urlTemplate\":\"https:\\\/\\\/dekoracyjnacegla.pl\\\/de\\\/?s={search_term_string}\"},\"query-input\":{\"@type\":\"PropertyValueSpecification\",\"valueRequired\":true,\"valueName\":\"search_term_string\"}}],\"inLanguage\":\"de\"},{\"@type\":\"Organization\",\"@id\":\"https:\\\/\\\/dekoracyjnacegla.pl\\\/de\\\/#organization\",\"name\":\"Dekoracyjna Ceg\u0142a\",\"url\":\"https:\\\/\\\/dekoracyjnacegla.pl\\\/de\\\/\",\"logo\":{\"@type\":\"ImageObject\",\"inLanguage\":\"de\",\"@id\":\"https:\\\/\\\/dekoracyjnacegla.pl\\\/de\\\/#\\\/schema\\\/logo\\\/image\\\/\",\"url\":\"https:\\\/\\\/dekoracyjnacegla.pl\\\/wp-content\\\/uploads\\\/2023\\\/10\\\/logo.png\",\"contentUrl\":\"https:\\\/\\\/dekoracyjnacegla.pl\\\/wp-content\\\/uploads\\\/2023\\\/10\\\/logo.png\",\"width\":1199,\"height\":193,\"caption\":\"Dekoracyjna Ceg\u0142a\"},\"image\":{\"@id\":\"https:\\\/\\\/dekoracyjnacegla.pl\\\/de\\\/#\\\/schema\\\/logo\\\/image\\\/\"}}]}<\/script>\n<!-- \/ Yoast SEO plugin. -->","yoast_head_json":{"title":"Ziegelkopfplatten - Dekoracyjna Ceg\u0142a","robots":{"index":"index","follow":"follow","max-snippet":"max-snippet:-1","max-image-preview":"max-image-preview:large","max-video-preview":"max-video-preview:-1"},"canonical":"https:\/\/dekoracyjnacegla.pl\/de\/produkt\/ziegelkopfplatten\/","og_locale":"de_DE","og_type":"article","og_title":"Ziegelkopfplatten - Dekoracyjna Ceg\u0142a","og_description":"Ecken aus jeder Partie Ziegel verf\u00fcgbar.","og_url":"https:\/\/dekoracyjnacegla.pl\/de\/produkt\/ziegelkopfplatten\/","og_site_name":"Dekoracyjna Ceg\u0142a","og_image":[{"width":1587,"height":2245,"url":"https:\/\/dekoracyjnacegla.pl\/wp-content\/uploads\/2025\/06\/Projekt-bez-nazwy-15.png","type":"image\/png"}],"twitter_card":"summary_large_image","twitter_misc":{"Gesch\u00e4tzte Lesezeit":"1\u00a0Minute"},"schema":{"@context":"https:\/\/schema.org","@graph":[{"@type":"WebPage","@id":"https:\/\/dekoracyjnacegla.pl\/de\/produkt\/ziegelkopfplatten\/","url":"https:\/\/dekoracyjnacegla.pl\/de\/produkt\/ziegelkopfplatten\/","name":"Ziegelkopfplatten - Dekoracyjna Ceg\u0142a","isPartOf":{"@id":"https:\/\/dekoracyjnacegla.pl\/de\/#website"},"primaryImageOfPage":{"@id":"https:\/\/dekoracyjnacegla.pl\/de\/produkt\/ziegelkopfplatten\/#primaryimage"},"image":{"@id":"https:\/\/dekoracyjnacegla.pl\/de\/produkt\/ziegelkopfplatten\/#primaryimage"},"thumbnailUrl":"https:\/\/dekoracyjnacegla.pl\/wp-content\/uploads\/2025\/06\/Projekt-bez-nazwy-15.png","datePublished":"2025-06-26T21:39:08+00:00","breadcrumb":{"@id":"https:\/\/dekoracyjnacegla.pl\/de\/produkt\/ziegelkopfplatten\/#breadcrumb"},"inLanguage":"de","potentialAction":[{"@type":"ReadAction","target":["https:\/\/dekoracyjnacegla.pl\/de\/produkt\/ziegelkopfplatten\/"]}]},{"@type":"ImageObject","inLanguage":"de","@id":"https:\/\/dekoracyjnacegla.pl\/de\/produkt\/ziegelkopfplatten\/#primaryimage","url":"https:\/\/dekoracyjnacegla.pl\/wp-content\/uploads\/2025\/06\/Projekt-bez-nazwy-15.png","contentUrl":"https:\/\/dekoracyjnacegla.pl\/wp-content\/uploads\/2025\/06\/Projekt-bez-nazwy-15.png","width":1587,"height":2245},{"@type":"BreadcrumbList","@id":"https:\/\/dekoracyjnacegla.pl\/de\/produkt\/ziegelkopfplatten\/#breadcrumb","itemListElement":[{"@type":"ListItem","position":1,"name":"Strona g\u0142\u00f3wna","item":"https:\/\/dekoracyjnacegla.pl\/de\/start\/"},{"@type":"ListItem","position":2,"name":"Sklep","item":"https:\/\/dekoracyjnacegla.pl\/sklep\/"},{"@type":"ListItem","position":3,"name":"Ziegelkopfplatten"}]},{"@type":"WebSite","@id":"https:\/\/dekoracyjnacegla.pl\/de\/#website","url":"https:\/\/dekoracyjnacegla.pl\/de\/","name":"Dekoracyjna Ceg\u0142a","description":"P\u0142ytki z ceg\u0142y | Retro Ceg\u0142a","publisher":{"@id":"https:\/\/dekoracyjnacegla.pl\/de\/#organization"},"potentialAction":[{"@type":"SearchAction","target":{"@type":"EntryPoint","urlTemplate":"https:\/\/dekoracyjnacegla.pl\/de\/?s={search_term_string}"},"query-input":{"@type":"PropertyValueSpecification","valueRequired":true,"valueName":"search_term_string"}}],"inLanguage":"de"},{"@type":"Organization","@id":"https:\/\/dekoracyjnacegla.pl\/de\/#organization","name":"Dekoracyjna Ceg\u0142a","url":"https:\/\/dekoracyjnacegla.pl\/de\/","logo":{"@type":"ImageObject","inLanguage":"de","@id":"https:\/\/dekoracyjnacegla.pl\/de\/#\/schema\/logo\/image\/","url":"https:\/\/dekoracyjnacegla.pl\/wp-content\/uploads\/2023\/10\/logo.png","contentUrl":"https:\/\/dekoracyjnacegla.pl\/wp-content\/uploads\/2023\/10\/logo.png","width":1199,"height":193,"caption":"Dekoracyjna Ceg\u0142a"},"image":{"@id":"https:\/\/dekoracyjnacegla.pl\/de\/#\/schema\/logo\/image\/"}}]}},"_links":{"self":[{"href":"https:\/\/dekoracyjnacegla.pl\/de\/wp-json\/wp\/v2\/product\/22149","targetHints":{"allow":["GET"]}}],"collection":[{"href":"https:\/\/dekoracyjnacegla.pl\/de\/wp-json\/wp\/v2\/product"}],"about":[{"href":"https:\/\/dekoracyjnacegla.pl\/de\/wp-json\/wp\/v2\/types\/product"}],"wp:featuredmedia":[{"embeddable":true,"href":"https:\/\/dekoracyjnacegla.pl\/de\/wp-json\/wp\/v2\/media\/22145"}],"wp:attachment":[{"href":"https:\/\/dekoracyjnacegla.pl\/de\/wp-json\/wp\/v2\/media?parent=22149"}],"wp:term":[{"taxonomy":"product_brand","embeddable":true,"href":"https:\/\/dekoracyjnacegla.pl\/de\/wp-json\/wp\/v2\/product_brand?post=22149"},{"taxonomy":"product_cat","embeddable":true,"href":"https:\/\/dekoracyjnacegla.pl\/de\/wp-json\/wp\/v2\/product_cat?post=22149"},{"taxonomy":"product_tag","embeddable":true,"href":"https:\/\/dekoracyjnacegla.pl\/de\/wp-json\/wp\/v2\/product_tag?post=22149"}],"curies":[{"name":"wp","href":"https:\/\/api.w.org\/{rel}","templated":true}]}}