{"id":22334,"date":"2025-06-29T22:45:21","date_gmt":"2025-06-29T22:45:21","guid":{"rendered":"https:\/\/dekoracyjnacegla.pl\/produkt\/loft-einliegende-glastur-schwarz-matt-mit-dichtung-und-einbaurahmen\/"},"modified":"2025-06-29T22:45:21","modified_gmt":"2025-06-29T22:45:21","slug":"loft-einliegende-glastur-schwarz-matt-mit-dichtung-und-einbaurahmen","status":"publish","type":"product","link":"https:\/\/dekoracyjnacegla.pl\/de\/produkt\/loft-einliegende-glastur-schwarz-matt-mit-dichtung-und-einbaurahmen\/","title":{"rendered":"LOFT einliegende Glast\u00fcr - schwarz matt, mit Dichtung und Einbaurahmen"},"content":{"rendered":"<h3 data-start=\"243\" data-end=\"334\"><strong data-start=\"247\" data-end=\"334\">LOFT einliegende Glast\u00fcr - schwarz matt, mit Dichtung und Einbaurahmen<\/strong><\/h3>\n<p data-start=\"336\" data-end=\"724\">Die elegante und moderne <strong data-start=\"360\" data-end=\"394\">LOFT Einbau-Glast\u00fcr<\/strong> ist eine ideale L\u00f6sung f\u00fcr Innenr\u00e4ume, in denen sich \u00c4sthetik mit Funktionalit\u00e4t verbindet. Dieses Modell ist in <strong data-start=\"501\" data-end=\"533\">einen schwarzen Rahmen mit einer Dichtung<\/strong> eingebaut, die eine hohe Dichtigkeit und Haltbarkeit der gesamten Konstruktion gew\u00e4hrleistet. Die T\u00fcr l\u00e4sst sich wie ein klassisches T\u00fcrblatt in eine Richtung \u00f6ffnen und bietet eine wirksame Abtrennung zwischen R\u00e4umen.  <\/p>\n<h4 data-start=\"726\" data-end=\"750\"><strong data-start=\"731\" data-end=\"750\">Produktmerkmale:<\/strong><\/h4>\n<ul data-start=\"752\" data-end=\"1262\">\n<li data-start=\"752\" data-end=\"805\">\n<p data-start=\"754\" data-end=\"805\"><strong data-start=\"754\" data-end=\"768\">T\u00fcrtyp:<\/strong> Glas, \u00f6ffnend (einseitig)<\/p>\n<\/li>\n<li data-start=\"806\" data-end=\"852\">\n<p data-start=\"808\" data-end=\"852\"><strong data-start=\"808\" data-end=\"817\">Stil:<\/strong> industriell\/modern <strong data-start=\"844\" data-end=\"852\">LOFT<\/strong><\/p>\n<\/li>\n<li data-start=\"853\" data-end=\"938\">\n<p data-start=\"855\" data-end=\"938\"><strong data-start=\"855\" data-end=\"866\">Montage:<\/strong> eingebaut - Rahmen und Montagerahmen mit Dichtungen (mattschwarz)<\/p>\n<\/li>\n<li data-start=\"939\" data-end=\"1020\">\n<p data-start=\"941\" data-end=\"1020\"><strong data-start=\"941\" data-end=\"956\">Dichtung:<\/strong> Dichtung um den gesamten Umfang des T\u00fcrrahmens und in den Montageleisten<\/p>\n<\/li>\n<li data-start=\"1021\" data-end=\"1119\">\n<p data-start=\"1023\" data-end=\"1119\"><strong data-start=\"1023\" data-end=\"1040\">Verwendung:<\/strong> als Raumtrenner, z.B. Wohnzimmer - Arbeitszimmer, K\u00fcche - Esszimmer<\/p>\n<\/li>\n<li data-start=\"1120\" data-end=\"1223\">\n<p data-start=\"1122\" data-end=\"1223\"><strong data-start=\"1122\" data-end=\"1139\">Glasart:<\/strong> geh\u00e4rtet (8 mm), Auswahl aus Liste - klar, matt, bedruckt oder gemustert<\/p>\n<\/li>\n<li data-start=\"1224\" data-end=\"1262\">\n<p data-start=\"1226\" data-end=\"1262\"><strong data-start=\"1226\" data-end=\"1247\">Farbe der Beschl\u00e4ge und des Rahmens:<\/strong> <strong data-start=\"1248\" data-end=\"1262\">Mattschwarz<\/strong><\/p>\n<\/li>\n<\/ul>\n<hr data-start=\"1264\" data-end=\"1267\">\n<h4 data-start=\"1269\" data-end=\"1305\"><strong data-start=\"1274\" data-end=\"1305\">Das Standard-Kit enth\u00e4lt:<\/strong><\/h4>\n<ul data-start=\"1307\" data-end=\"1629\">\n<li data-start=\"1307\" data-end=\"1344\">\n<p data-start=\"1309\" data-end=\"1344\">1x <strong data-start=\"1324\" data-end=\"1344\">8 mm geh\u00e4rtete<\/strong> Glasplatte<\/p>\n<\/li>\n<li data-start=\"1345\" data-end=\"1397\">\n<p data-start=\"1347\" data-end=\"1397\">2x rahmenmontierte <strong data-start=\"1350\" data-end=\"1361\">Scharniere<\/strong> (mattschwarz)<\/p>\n<\/li>\n<li data-start=\"1398\" data-end=\"1434\">\n<p data-start=\"1400\" data-end=\"1434\">1x <strong data-start=\"1403\" data-end=\"1421\">Schloss mit Griff<\/strong> (mattschwarz)<\/p>\n<\/li>\n<li data-start=\"1435\" data-end=\"1460\">\n<p data-start=\"1437\" data-end=\"1460\">1x <strong data-start=\"1440\" data-end=\"1460\">Schlie\u00dfblech<\/strong><\/p>\n<\/li>\n<li data-start=\"1461\" data-end=\"1507\">\n<p data-start=\"1463\" data-end=\"1507\"><strong data-start=\"1471\" data-end=\"1482\">T\u00fcrrahmenset<\/strong> mit Dichtung (mattschwarz)<\/p>\n<\/li>\n<li data-start=\"1508\" data-end=\"1566\">\n<p data-start=\"1510\" data-end=\"1566\">Satz <strong data-start=\"1518\" data-end=\"1540\">Montageleisten<\/strong> (mattschwarz, mit Dichtung)<\/p>\n<\/li>\n<li data-start=\"1567\" data-end=\"1591\">\n<p data-start=\"1569\" data-end=\"1591\"><strong data-start=\"1569\" data-end=\"1591\">Anweisungen zur Installation<\/strong><\/p>\n<\/li>\n<li data-start=\"1592\" data-end=\"1629\">\n<p data-start=\"1594\" data-end=\"1629\"><strong data-start=\"1594\" data-end=\"1619\">24 Monate Garantie<\/strong> auf Beschl\u00e4ge<\/p>\n<\/li>\n<\/ul>\n<hr data-start=\"1631\" data-end=\"1634\">\n<h4 data-start=\"1636\" data-end=\"1711\"><strong data-start=\"1641\" data-end=\"1711\">Warum sollten Sie sich f\u00fcr eine LOFT Glast\u00fcr - schwarz matt entscheiden?<\/strong><\/h4>\n<p data-start=\"1713\" data-end=\"2002\">\u2705 Zeitloses Design im Loft-Stil<br data-start=\"1751\" data-end=\"1754\">\u2705 Hochwertige Verarbeitung und langlebige Konstruktion<br data-start=\"1802\" data-end=\"1805\">\u2705 Versiegeltes Geh\u00e4use - Schalld\u00e4mmung und \u00c4sthetik<br data-start=\"1857\" data-end=\"1860\">\u2705 Gro\u00dfe Auswahl an Glas - von klar bis dekorativ<br data-start=\"1912\" data-end=\"1915\">\u2705 Kann <strong data-start=\"1937\" data-end=\"1950\">nach Ma\u00df<\/strong> gefertigt werden - kontaktieren Sie uns f\u00fcr individuelle Preise<\/p>\n<hr data-start=\"2004\" data-end=\"2007\">\n<p data-start=\"2009\" data-end=\"2141\">\ud83d\udce9 <strong data-start=\"2012\" data-end=\"2045\">T\u00fcren nach individuellen Ma\u00dfen?<\/strong> Kein Problem - senden Sie uns eine E-Mail-Anfrage und wir erstellen Ihnen ein ma\u00dfgeschneidertes Angebot.<\/p>\n<hr data-start=\"2143\" data-end=\"2146\">\n<p data-start=\"2148\" data-end=\"2274\">Bestellen Sie <strong data-start=\"2154\" data-end=\"2211\">die LOFT Glast\u00fcr zum \u00d6ffnen - mattschwarz eingebaut<\/strong> und verwandeln Sie Ihre Einrichtung mit einer Kombination aus Stil, Licht und Funktionalit\u00e4t.<\/p>\n","protected":false},"excerpt":{"rendered":"<h3 data-start=\"167\" data-end=\"221\"><strong data-start=\"171\" data-end=\"221\">Ma\u00dfgeschneiderte Glast\u00fcren verf\u00fcgbar<\/strong><\/h3>\n<p data-start=\"223\" data-end=\"494\">Wir bieten Ihnen <strong data-start=\"259\" data-end=\"285\">ma\u00dfgeschneiderte<\/strong> Glast\u00fcren, die auf Ihre Bed\u00fcrfnisse und die Besonderheiten Ihrer Einrichtung zugeschnitten sind. Wenn Sie eine T\u00fcr mit nicht standardisierten Ma\u00dfen suchen - kontaktieren Sie uns, wir erstellen Ihnen ein Angebot und einen Entwurf, der auf Ihre spezielle T\u00fcr\u00f6ffnung zugeschnitten ist. <\/p>\n<p data-start=\"496\" data-end=\"654\">\u2705 Beliebige H\u00f6he und Breite<br data-start=\"526\" data-end=\"529\">\u2705 M\u00f6glichkeit, jede Art von Glas aus unserem Sortiment zu verwenden<br data-start=\"591\" data-end=\"594\">\u2705 Personalisierung der Farbe der Beschl\u00e4ge und des T\u00fcrrahmens (auch nach RAL)<\/p>\n<hr data-start=\"656\" data-end=\"659\">\n<h3 data-start=\"661\" data-end=\"712\"><strong data-start=\"665\" data-end=\"712\">Technische Informationen - Installationsl\u00fccke<\/strong><\/h3>\n<p data-start=\"714\" data-end=\"944\">Aufgrund der Art der Konstruktion und der Einbaumethode wird diese Art von Glast\u00fcr <strong data-start=\"811\" data-end=\"863\">einen Bearbeitungsspalt von etwa 6-7 mm<\/strong> aufweisen, was v\u00f6llig normal ist und die Funktionalit\u00e4t und \u00c4sthetik der T\u00fcr nicht beeintr\u00e4chtigt.<\/p>\n","protected":false},"featured_media":22336,"template":"","meta":[],"product_brand":[],"product_cat":[68],"product_tag":[],"class_list":{"0":"post-22334","1":"product","2":"type-product","3":"status-publish","4":"has-post-thumbnail","6":"product_cat-cegla-recznie-formowana","8":"first","9":"onbackorder","10":"shipping-taxable","11":"product-type-simple"},"yoast_head":"<!-- This site is optimized with the Yoast SEO plugin v27.4 - https:\/\/yoast.com\/product\/yoast-seo-wordpress\/ -->\n<title>LOFT einliegende Glast\u00fcr - schwarz matt, mit Dichtung und Einbaurahmen - Dekoracyjna Ceg\u0142a<\/title>\n<meta name=\"robots\" content=\"index, follow, max-snippet:-1, max-image-preview:large, max-video-preview:-1\" \/>\n<link rel=\"canonical\" href=\"https:\/\/dekoracyjnacegla.pl\/de\/produkt\/loft-einliegende-glastur-schwarz-matt-mit-dichtung-und-einbaurahmen\/\" \/>\n<meta property=\"og:locale\" content=\"de_DE\" \/>\n<meta property=\"og:type\" content=\"article\" \/>\n<meta property=\"og:title\" content=\"LOFT einliegende Glast\u00fcr - schwarz matt, mit Dichtung und Einbaurahmen - Dekoracyjna Ceg\u0142a\" \/>\n<meta property=\"og:description\" content=\"Ma\u00dfgeschneiderte Glast\u00fcren verf\u00fcgbar Wir bieten Ihnen ma\u00dfgeschneiderte Glast\u00fcren, die auf Ihre Bed\u00fcrfnisse und die Besonderheiten Ihrer Einrichtung zugeschnitten sind. Wenn Sie eine T\u00fcr mit nicht standardisierten Ma\u00dfen suchen - kontaktieren Sie uns, wir erstellen Ihnen ein Angebot und einen Entwurf, der auf Ihre spezielle T\u00fcr\u00f6ffnung zugeschnitten ist. \u2705 Beliebige H\u00f6he und Breite\u2705 M\u00f6glichkeit, jede Art von Glas aus unserem Sortiment zu verwenden\u2705 Personalisierung der Farbe der Beschl\u00e4ge und des T\u00fcrrahmens (auch nach RAL)   Technische Informationen - Installationsl\u00fccke Aufgrund der Art der Konstruktion und der Einbaumethode wird diese Art von Glast\u00fcr einen Bearbeitungsspalt von etwa 6-7 mm aufweisen, was v\u00f6llig normal ist und die Funktionalit\u00e4t und \u00c4sthetik der T\u00fcr nicht beeintr\u00e4chtigt.\" \/>\n<meta property=\"og:url\" content=\"https:\/\/dekoracyjnacegla.pl\/de\/produkt\/loft-einliegende-glastur-schwarz-matt-mit-dichtung-und-einbaurahmen\/\" \/>\n<meta property=\"og:site_name\" content=\"Dekoracyjna Ceg\u0142a\" \/>\n<meta property=\"og:image\" content=\"https:\/\/dekoracyjnacegla.pl\/wp-content\/uploads\/2025\/06\/Projekt-bez-nazwy-2.png\" \/>\n\t<meta property=\"og:image:width\" content=\"1587\" \/>\n\t<meta property=\"og:image:height\" content=\"2245\" \/>\n\t<meta property=\"og:image:type\" content=\"image\/png\" \/>\n<meta name=\"twitter:card\" content=\"summary_large_image\" \/>\n<meta name=\"twitter:label1\" content=\"Gesch\u00e4tzte Lesezeit\" \/>\n\t<meta name=\"twitter:data1\" content=\"1\u00a0Minute\" \/>\n<script type=\"application\/ld+json\" class=\"yoast-schema-graph\">{\"@context\":\"https:\\\/\\\/schema.org\",\"@graph\":[{\"@type\":\"WebPage\",\"@id\":\"https:\\\/\\\/dekoracyjnacegla.pl\\\/de\\\/produkt\\\/loft-einliegende-glastur-schwarz-matt-mit-dichtung-und-einbaurahmen\\\/\",\"url\":\"https:\\\/\\\/dekoracyjnacegla.pl\\\/de\\\/produkt\\\/loft-einliegende-glastur-schwarz-matt-mit-dichtung-und-einbaurahmen\\\/\",\"name\":\"LOFT einliegende Glast\u00fcr - schwarz matt, mit Dichtung und Einbaurahmen - Dekoracyjna Ceg\u0142a\",\"isPartOf\":{\"@id\":\"https:\\\/\\\/dekoracyjnacegla.pl\\\/de\\\/#website\"},\"primaryImageOfPage\":{\"@id\":\"https:\\\/\\\/dekoracyjnacegla.pl\\\/de\\\/produkt\\\/loft-einliegende-glastur-schwarz-matt-mit-dichtung-und-einbaurahmen\\\/#primaryimage\"},\"image\":{\"@id\":\"https:\\\/\\\/dekoracyjnacegla.pl\\\/de\\\/produkt\\\/loft-einliegende-glastur-schwarz-matt-mit-dichtung-und-einbaurahmen\\\/#primaryimage\"},\"thumbnailUrl\":\"https:\\\/\\\/dekoracyjnacegla.pl\\\/wp-content\\\/uploads\\\/2025\\\/06\\\/Projekt-bez-nazwy-2.png\",\"datePublished\":\"2025-06-29T22:45:21+00:00\",\"breadcrumb\":{\"@id\":\"https:\\\/\\\/dekoracyjnacegla.pl\\\/de\\\/produkt\\\/loft-einliegende-glastur-schwarz-matt-mit-dichtung-und-einbaurahmen\\\/#breadcrumb\"},\"inLanguage\":\"de\",\"potentialAction\":[{\"@type\":\"ReadAction\",\"target\":[\"https:\\\/\\\/dekoracyjnacegla.pl\\\/de\\\/produkt\\\/loft-einliegende-glastur-schwarz-matt-mit-dichtung-und-einbaurahmen\\\/\"]}]},{\"@type\":\"ImageObject\",\"inLanguage\":\"de\",\"@id\":\"https:\\\/\\\/dekoracyjnacegla.pl\\\/de\\\/produkt\\\/loft-einliegende-glastur-schwarz-matt-mit-dichtung-und-einbaurahmen\\\/#primaryimage\",\"url\":\"https:\\\/\\\/dekoracyjnacegla.pl\\\/wp-content\\\/uploads\\\/2025\\\/06\\\/Projekt-bez-nazwy-2.png\",\"contentUrl\":\"https:\\\/\\\/dekoracyjnacegla.pl\\\/wp-content\\\/uploads\\\/2025\\\/06\\\/Projekt-bez-nazwy-2.png\",\"width\":1587,\"height\":2245},{\"@type\":\"BreadcrumbList\",\"@id\":\"https:\\\/\\\/dekoracyjnacegla.pl\\\/de\\\/produkt\\\/loft-einliegende-glastur-schwarz-matt-mit-dichtung-und-einbaurahmen\\\/#breadcrumb\",\"itemListElement\":[{\"@type\":\"ListItem\",\"position\":1,\"name\":\"Strona g\u0142\u00f3wna\",\"item\":\"https:\\\/\\\/dekoracyjnacegla.pl\\\/de\\\/start\\\/\"},{\"@type\":\"ListItem\",\"position\":2,\"name\":\"Sklep\",\"item\":\"https:\\\/\\\/dekoracyjnacegla.pl\\\/sklep\\\/\"},{\"@type\":\"ListItem\",\"position\":3,\"name\":\"LOFT einliegende Glast\u00fcr &#8211; schwarz matt, mit Dichtung und Einbaurahmen\"}]},{\"@type\":\"WebSite\",\"@id\":\"https:\\\/\\\/dekoracyjnacegla.pl\\\/de\\\/#website\",\"url\":\"https:\\\/\\\/dekoracyjnacegla.pl\\\/de\\\/\",\"name\":\"Dekoracyjna Ceg\u0142a\",\"description\":\"P\u0142ytki z ceg\u0142y | Retro Ceg\u0142a\",\"publisher\":{\"@id\":\"https:\\\/\\\/dekoracyjnacegla.pl\\\/de\\\/#organization\"},\"potentialAction\":[{\"@type\":\"SearchAction\",\"target\":{\"@type\":\"EntryPoint\",\"urlTemplate\":\"https:\\\/\\\/dekoracyjnacegla.pl\\\/de\\\/?s={search_term_string}\"},\"query-input\":{\"@type\":\"PropertyValueSpecification\",\"valueRequired\":true,\"valueName\":\"search_term_string\"}}],\"inLanguage\":\"de\"},{\"@type\":\"Organization\",\"@id\":\"https:\\\/\\\/dekoracyjnacegla.pl\\\/de\\\/#organization\",\"name\":\"Dekoracyjna Ceg\u0142a\",\"url\":\"https:\\\/\\\/dekoracyjnacegla.pl\\\/de\\\/\",\"logo\":{\"@type\":\"ImageObject\",\"inLanguage\":\"de\",\"@id\":\"https:\\\/\\\/dekoracyjnacegla.pl\\\/de\\\/#\\\/schema\\\/logo\\\/image\\\/\",\"url\":\"https:\\\/\\\/dekoracyjnacegla.pl\\\/wp-content\\\/uploads\\\/2023\\\/10\\\/logo.png\",\"contentUrl\":\"https:\\\/\\\/dekoracyjnacegla.pl\\\/wp-content\\\/uploads\\\/2023\\\/10\\\/logo.png\",\"width\":1199,\"height\":193,\"caption\":\"Dekoracyjna Ceg\u0142a\"},\"image\":{\"@id\":\"https:\\\/\\\/dekoracyjnacegla.pl\\\/de\\\/#\\\/schema\\\/logo\\\/image\\\/\"}}]}<\/script>\n<!-- \/ Yoast SEO plugin. -->","yoast_head_json":{"title":"LOFT einliegende Glast\u00fcr - schwarz matt, mit Dichtung und Einbaurahmen - Dekoracyjna Ceg\u0142a","robots":{"index":"index","follow":"follow","max-snippet":"max-snippet:-1","max-image-preview":"max-image-preview:large","max-video-preview":"max-video-preview:-1"},"canonical":"https:\/\/dekoracyjnacegla.pl\/de\/produkt\/loft-einliegende-glastur-schwarz-matt-mit-dichtung-und-einbaurahmen\/","og_locale":"de_DE","og_type":"article","og_title":"LOFT einliegende Glast\u00fcr - schwarz matt, mit Dichtung und Einbaurahmen - Dekoracyjna Ceg\u0142a","og_description":"Ma\u00dfgeschneiderte Glast\u00fcren verf\u00fcgbar Wir bieten Ihnen ma\u00dfgeschneiderte Glast\u00fcren, die auf Ihre Bed\u00fcrfnisse und die Besonderheiten Ihrer Einrichtung zugeschnitten sind. Wenn Sie eine T\u00fcr mit nicht standardisierten Ma\u00dfen suchen - kontaktieren Sie uns, wir erstellen Ihnen ein Angebot und einen Entwurf, der auf Ihre spezielle T\u00fcr\u00f6ffnung zugeschnitten ist. \u2705 Beliebige H\u00f6he und Breite\u2705 M\u00f6glichkeit, jede Art von Glas aus unserem Sortiment zu verwenden\u2705 Personalisierung der Farbe der Beschl\u00e4ge und des T\u00fcrrahmens (auch nach RAL)   Technische Informationen - Installationsl\u00fccke Aufgrund der Art der Konstruktion und der Einbaumethode wird diese Art von Glast\u00fcr einen Bearbeitungsspalt von etwa 6-7 mm aufweisen, was v\u00f6llig normal ist und die Funktionalit\u00e4t und \u00c4sthetik der T\u00fcr nicht beeintr\u00e4chtigt.","og_url":"https:\/\/dekoracyjnacegla.pl\/de\/produkt\/loft-einliegende-glastur-schwarz-matt-mit-dichtung-und-einbaurahmen\/","og_site_name":"Dekoracyjna Ceg\u0142a","og_image":[{"width":1587,"height":2245,"url":"https:\/\/dekoracyjnacegla.pl\/wp-content\/uploads\/2025\/06\/Projekt-bez-nazwy-2.png","type":"image\/png"}],"twitter_card":"summary_large_image","twitter_misc":{"Gesch\u00e4tzte Lesezeit":"1\u00a0Minute"},"schema":{"@context":"https:\/\/schema.org","@graph":[{"@type":"WebPage","@id":"https:\/\/dekoracyjnacegla.pl\/de\/produkt\/loft-einliegende-glastur-schwarz-matt-mit-dichtung-und-einbaurahmen\/","url":"https:\/\/dekoracyjnacegla.pl\/de\/produkt\/loft-einliegende-glastur-schwarz-matt-mit-dichtung-und-einbaurahmen\/","name":"LOFT einliegende Glast\u00fcr - schwarz matt, mit Dichtung und Einbaurahmen - Dekoracyjna Ceg\u0142a","isPartOf":{"@id":"https:\/\/dekoracyjnacegla.pl\/de\/#website"},"primaryImageOfPage":{"@id":"https:\/\/dekoracyjnacegla.pl\/de\/produkt\/loft-einliegende-glastur-schwarz-matt-mit-dichtung-und-einbaurahmen\/#primaryimage"},"image":{"@id":"https:\/\/dekoracyjnacegla.pl\/de\/produkt\/loft-einliegende-glastur-schwarz-matt-mit-dichtung-und-einbaurahmen\/#primaryimage"},"thumbnailUrl":"https:\/\/dekoracyjnacegla.pl\/wp-content\/uploads\/2025\/06\/Projekt-bez-nazwy-2.png","datePublished":"2025-06-29T22:45:21+00:00","breadcrumb":{"@id":"https:\/\/dekoracyjnacegla.pl\/de\/produkt\/loft-einliegende-glastur-schwarz-matt-mit-dichtung-und-einbaurahmen\/#breadcrumb"},"inLanguage":"de","potentialAction":[{"@type":"ReadAction","target":["https:\/\/dekoracyjnacegla.pl\/de\/produkt\/loft-einliegende-glastur-schwarz-matt-mit-dichtung-und-einbaurahmen\/"]}]},{"@type":"ImageObject","inLanguage":"de","@id":"https:\/\/dekoracyjnacegla.pl\/de\/produkt\/loft-einliegende-glastur-schwarz-matt-mit-dichtung-und-einbaurahmen\/#primaryimage","url":"https:\/\/dekoracyjnacegla.pl\/wp-content\/uploads\/2025\/06\/Projekt-bez-nazwy-2.png","contentUrl":"https:\/\/dekoracyjnacegla.pl\/wp-content\/uploads\/2025\/06\/Projekt-bez-nazwy-2.png","width":1587,"height":2245},{"@type":"BreadcrumbList","@id":"https:\/\/dekoracyjnacegla.pl\/de\/produkt\/loft-einliegende-glastur-schwarz-matt-mit-dichtung-und-einbaurahmen\/#breadcrumb","itemListElement":[{"@type":"ListItem","position":1,"name":"Strona g\u0142\u00f3wna","item":"https:\/\/dekoracyjnacegla.pl\/de\/start\/"},{"@type":"ListItem","position":2,"name":"Sklep","item":"https:\/\/dekoracyjnacegla.pl\/sklep\/"},{"@type":"ListItem","position":3,"name":"LOFT einliegende Glast\u00fcr &#8211; schwarz matt, mit Dichtung und Einbaurahmen"}]},{"@type":"WebSite","@id":"https:\/\/dekoracyjnacegla.pl\/de\/#website","url":"https:\/\/dekoracyjnacegla.pl\/de\/","name":"Dekoracyjna Ceg\u0142a","description":"P\u0142ytki z ceg\u0142y | Retro Ceg\u0142a","publisher":{"@id":"https:\/\/dekoracyjnacegla.pl\/de\/#organization"},"potentialAction":[{"@type":"SearchAction","target":{"@type":"EntryPoint","urlTemplate":"https:\/\/dekoracyjnacegla.pl\/de\/?s={search_term_string}"},"query-input":{"@type":"PropertyValueSpecification","valueRequired":true,"valueName":"search_term_string"}}],"inLanguage":"de"},{"@type":"Organization","@id":"https:\/\/dekoracyjnacegla.pl\/de\/#organization","name":"Dekoracyjna Ceg\u0142a","url":"https:\/\/dekoracyjnacegla.pl\/de\/","logo":{"@type":"ImageObject","inLanguage":"de","@id":"https:\/\/dekoracyjnacegla.pl\/de\/#\/schema\/logo\/image\/","url":"https:\/\/dekoracyjnacegla.pl\/wp-content\/uploads\/2023\/10\/logo.png","contentUrl":"https:\/\/dekoracyjnacegla.pl\/wp-content\/uploads\/2023\/10\/logo.png","width":1199,"height":193,"caption":"Dekoracyjna Ceg\u0142a"},"image":{"@id":"https:\/\/dekoracyjnacegla.pl\/de\/#\/schema\/logo\/image\/"}}]}},"_links":{"self":[{"href":"https:\/\/dekoracyjnacegla.pl\/de\/wp-json\/wp\/v2\/product\/22334","targetHints":{"allow":["GET"]}}],"collection":[{"href":"https:\/\/dekoracyjnacegla.pl\/de\/wp-json\/wp\/v2\/product"}],"about":[{"href":"https:\/\/dekoracyjnacegla.pl\/de\/wp-json\/wp\/v2\/types\/product"}],"wp:featuredmedia":[{"embeddable":true,"href":"https:\/\/dekoracyjnacegla.pl\/de\/wp-json\/wp\/v2\/media\/22336"}],"wp:attachment":[{"href":"https:\/\/dekoracyjnacegla.pl\/de\/wp-json\/wp\/v2\/media?parent=22334"}],"wp:term":[{"taxonomy":"product_brand","embeddable":true,"href":"https:\/\/dekoracyjnacegla.pl\/de\/wp-json\/wp\/v2\/product_brand?post=22334"},{"taxonomy":"product_cat","embeddable":true,"href":"https:\/\/dekoracyjnacegla.pl\/de\/wp-json\/wp\/v2\/product_cat?post=22334"},{"taxonomy":"product_tag","embeddable":true,"href":"https:\/\/dekoracyjnacegla.pl\/de\/wp-json\/wp\/v2\/product_tag?post=22334"}],"curies":[{"name":"wp","href":"https:\/\/api.w.org\/{rel}","templated":true}]}}