{"id":22549,"date":"2025-06-27T15:52:24","date_gmt":"2025-06-27T15:52:24","guid":{"rendered":"https:\/\/dekoracyjnacegla.pl\/produkt\/glasschiebetuer-loft-i\/"},"modified":"2025-06-27T15:52:24","modified_gmt":"2025-06-27T15:52:24","slug":"glasschiebetuer-loft-i","status":"publish","type":"product","link":"https:\/\/dekoracyjnacegla.pl\/de\/produkt\/glasschiebetuer-loft-i\/","title":{"rendered":"Glasschiebet\u00fcr LOFT I"},"content":{"rendered":"<h1 class=\"h1\">Glasschiebet\u00fcr LOFT 1<\/h1>\n<p>&nbsp;<\/p>\n<p data-start=\"131\" data-end=\"207\"><span class=\"relative -mx-px my-[-0.2rem] rounded px-px py-[0.2rem] transition-colors duration-100 ease-in-out\">Das 3-fl\u00fcgelige System LOFT mit mattschwarzem Rahmen ist die ideale L\u00f6sung f\u00fcr Loft-, skandinavische oder industrielle Innenr\u00e4ume. Die charakteristischen drei horizontalen und eine vertikale Sprosse verleihen der T\u00fcr einen k\u00fchnen, designorientierten Charakter, der einen Raum voller Licht und Gro\u00dfz\u00fcgigkeit schafft. <\/span><\/p>\n<ul data-start=\"209\" data-end=\"609\">\n<li data-start=\"209\" data-end=\"287\">\n<p data-start=\"211\" data-end=\"287\"><span class=\"relative -mx-px my-[-0.2rem] rounded px-px py-[0.2rem] transition-colors duration-100 ease-in-out\"><strong data-start=\"0\" data-end=\"23\" data-is-only-node=\"\">Hochwertige Verarbeitung<\/strong> - Stahlrahmen in vier Farben (standardm\u00e4\u00dfig mattschwarz), innovativer Glasgriff f\u00fcr mehr Leichtigkeit und Eleganz<\/span><\/p>\n<\/li>\n<li data-start=\"288\" data-end=\"366\">\n<p data-start=\"290\" data-end=\"366\"><span class=\"relative -mx-px my-[-0.2rem] rounded px-px py-[0.2rem] transition-colors duration-100 ease-in-out\"><strong data-start=\"0\" data-end=\"22\" data-is-only-node=\"\">Sichtbarer Mechanismus<\/strong> - das Fehlen eines Gitters macht die Schiene und die Laufwagen zu einer T\u00fcrdekoration und unterstreicht die einzigartige industrielle \u00c4sthetik<\/span><\/p>\n<\/li>\n<li data-start=\"367\" data-end=\"445\">\n<p data-start=\"369\" data-end=\"445\"><span class=\"relative -mx-px my-[-0.2rem] rounded px-px py-[0.2rem] transition-colors duration-100 ease-in-out\"><strong data-start=\"0\" data-end=\"23\" data-is-only-node=\"\">Robuste Konstruktion<\/strong> - geh\u00e4rtetes 4 mm starkes Glas, Tragf\u00e4higkeit bis zu 70 kg pro Fl\u00fcgel, 2 m Laufschiene, Drehgestelle, Bremse, untere F\u00fchrung und Montagehalterungen - alles, was Sie f\u00fcr Langlebigkeit und Komfort brauchen<\/span><\/p>\n<\/li>\n<li data-start=\"446\" data-end=\"526\">\n<p data-start=\"448\" data-end=\"526\"><span class=\"relative -mx-px my-[-0.2rem] rounded px-px py-[0.2rem] transition-colors duration-100 ease-in-out\"><strong data-start=\"0\" data-end=\"25\" data-is-only-node=\"\">Verschiedene Gr\u00f6\u00dfen<\/strong> - erh\u00e4ltlich in Standardh\u00f6hen von 210 cm und Breiten von 65 cm bis 105 cm, sowie die M\u00f6glichkeit der Ma\u00dfanfertigung<\/span><\/p>\n<\/li>\n<li data-start=\"527\" data-end=\"609\">\n<p data-start=\"529\" data-end=\"609\"><span class=\"relative -mx-px my-[-0.2rem] rounded px-px py-[0.2rem] transition-colors duration-100 ease-in-out\"><strong data-start=\"0\" data-end=\"27\" data-is-only-node=\"\">Kompletter Zubeh\u00f6rsatz<\/strong> - komplett mit Installationsanleitung und 24-monatiger Hardware-Garantie<\/span><\/p>\n<\/li>\n<\/ul>\n<hr data-start=\"611\" data-end=\"614\">\n<p>&nbsp;<\/p>\n","protected":false},"excerpt":{"rendered":"<p data-start=\"616\" data-end=\"635\"><strong data-start=\"616\" data-end=\"635\">Warum ist es das wert?<\/strong><\/p>\n<p data-start=\"637\" data-end=\"733\">Die LOFT 1 T\u00fcr ist nicht nur eine funktionelle Schiebet\u00fcr - sie ist ein dekoratives Element, das:<\/p>\n<ul data-start=\"734\" data-end=\"967\">\n<li data-start=\"734\" data-end=\"778\">\n<p data-start=\"736\" data-end=\"778\">verleiht dem Raum ein loftartiges Gef\u00fchl,<\/p>\n<\/li>\n<li data-start=\"779\" data-end=\"812\">\n<p data-start=\"781\" data-end=\"812\">vergr\u00f6\u00dfert den Raum optisch,<\/p>\n<\/li>\n<li data-start=\"813\" data-end=\"867\">\n<p data-start=\"815\" data-end=\"867\">erm\u00f6glicht es, eine gro\u00dfe Menge Licht im Raum zu halten,<\/p>\n<\/li>\n<li data-start=\"868\" data-end=\"967\">\n<p data-start=\"870\" data-end=\"967\">ist dank seiner robusten Stahlkonstruktion und dem geh\u00e4rteten Glas eine langlebige und elegante L\u00f6sung.<\/p>\n<\/li>\n<\/ul>\n<p>Vorlaufzeit ca. 4 Wochen<\/p>\n<p>Individuelle Preisgestaltung<\/p>\n","protected":false},"featured_media":22551,"template":"","meta":[],"product_brand":[],"product_cat":[281],"product_tag":[],"class_list":{"0":"post-22549","1":"product","2":"type-product","3":"status-publish","4":"has-post-thumbnail","6":"product_cat-dachbodenturen","8":"first","9":"onbackorder","10":"shipping-taxable","11":"product-type-simple"},"yoast_head":"<!-- This site is optimized with the Yoast SEO plugin v27.4 - https:\/\/yoast.com\/product\/yoast-seo-wordpress\/ -->\n<title>Glasschiebet\u00fcr LOFT I - Dekoracyjna Ceg\u0142a<\/title>\n<meta name=\"robots\" content=\"index, follow, max-snippet:-1, max-image-preview:large, max-video-preview:-1\" \/>\n<link rel=\"canonical\" href=\"https:\/\/dekoracyjnacegla.pl\/de\/produkt\/glasschiebetuer-loft-i\/\" \/>\n<meta property=\"og:locale\" content=\"de_DE\" \/>\n<meta property=\"og:type\" content=\"article\" \/>\n<meta property=\"og:title\" content=\"Glasschiebet\u00fcr LOFT I - Dekoracyjna Ceg\u0142a\" \/>\n<meta property=\"og:description\" content=\"Warum ist es das wert? Die LOFT 1 T\u00fcr ist nicht nur eine funktionelle Schiebet\u00fcr - sie ist ein dekoratives Element, das:   verleiht dem Raum ein loftartiges Gef\u00fchl,   vergr\u00f6\u00dfert den Raum optisch,   erm\u00f6glicht es, eine gro\u00dfe Menge Licht im Raum zu halten,   ist dank seiner robusten Stahlkonstruktion und dem geh\u00e4rteten Glas eine langlebige und elegante L\u00f6sung.  Vorlaufzeit ca. 4 Wochen Individuelle Preisgestaltung\" \/>\n<meta property=\"og:url\" content=\"https:\/\/dekoracyjnacegla.pl\/de\/produkt\/glasschiebetuer-loft-i\/\" \/>\n<meta property=\"og:site_name\" content=\"Dekoracyjna Ceg\u0142a\" \/>\n<meta property=\"og:image\" content=\"https:\/\/dekoracyjnacegla.pl\/wp-content\/uploads\/2025\/06\/drzwi-szklane-przesuwne-system-loft-classic-3p1.png\" \/>\n\t<meta property=\"og:image:width\" content=\"800\" \/>\n\t<meta property=\"og:image:height\" content=\"800\" \/>\n\t<meta property=\"og:image:type\" content=\"image\/png\" \/>\n<meta name=\"twitter:card\" content=\"summary_large_image\" \/>\n<meta name=\"twitter:label1\" content=\"Gesch\u00e4tzte Lesezeit\" \/>\n\t<meta name=\"twitter:data1\" content=\"1\u00a0Minute\" \/>\n<script type=\"application\/ld+json\" class=\"yoast-schema-graph\">{\"@context\":\"https:\\\/\\\/schema.org\",\"@graph\":[{\"@type\":\"WebPage\",\"@id\":\"https:\\\/\\\/dekoracyjnacegla.pl\\\/de\\\/produkt\\\/glasschiebetuer-loft-i\\\/\",\"url\":\"https:\\\/\\\/dekoracyjnacegla.pl\\\/de\\\/produkt\\\/glasschiebetuer-loft-i\\\/\",\"name\":\"Glasschiebet\u00fcr LOFT I - Dekoracyjna Ceg\u0142a\",\"isPartOf\":{\"@id\":\"https:\\\/\\\/dekoracyjnacegla.pl\\\/de\\\/#website\"},\"primaryImageOfPage\":{\"@id\":\"https:\\\/\\\/dekoracyjnacegla.pl\\\/de\\\/produkt\\\/glasschiebetuer-loft-i\\\/#primaryimage\"},\"image\":{\"@id\":\"https:\\\/\\\/dekoracyjnacegla.pl\\\/de\\\/produkt\\\/glasschiebetuer-loft-i\\\/#primaryimage\"},\"thumbnailUrl\":\"https:\\\/\\\/dekoracyjnacegla.pl\\\/wp-content\\\/uploads\\\/2025\\\/06\\\/drzwi-szklane-przesuwne-system-loft-classic-3p1.png\",\"datePublished\":\"2025-06-27T15:52:24+00:00\",\"breadcrumb\":{\"@id\":\"https:\\\/\\\/dekoracyjnacegla.pl\\\/de\\\/produkt\\\/glasschiebetuer-loft-i\\\/#breadcrumb\"},\"inLanguage\":\"de\",\"potentialAction\":[{\"@type\":\"ReadAction\",\"target\":[\"https:\\\/\\\/dekoracyjnacegla.pl\\\/de\\\/produkt\\\/glasschiebetuer-loft-i\\\/\"]}]},{\"@type\":\"ImageObject\",\"inLanguage\":\"de\",\"@id\":\"https:\\\/\\\/dekoracyjnacegla.pl\\\/de\\\/produkt\\\/glasschiebetuer-loft-i\\\/#primaryimage\",\"url\":\"https:\\\/\\\/dekoracyjnacegla.pl\\\/wp-content\\\/uploads\\\/2025\\\/06\\\/drzwi-szklane-przesuwne-system-loft-classic-3p1.png\",\"contentUrl\":\"https:\\\/\\\/dekoracyjnacegla.pl\\\/wp-content\\\/uploads\\\/2025\\\/06\\\/drzwi-szklane-przesuwne-system-loft-classic-3p1.png\",\"width\":800,\"height\":800},{\"@type\":\"BreadcrumbList\",\"@id\":\"https:\\\/\\\/dekoracyjnacegla.pl\\\/de\\\/produkt\\\/glasschiebetuer-loft-i\\\/#breadcrumb\",\"itemListElement\":[{\"@type\":\"ListItem\",\"position\":1,\"name\":\"Strona g\u0142\u00f3wna\",\"item\":\"https:\\\/\\\/dekoracyjnacegla.pl\\\/de\\\/start\\\/\"},{\"@type\":\"ListItem\",\"position\":2,\"name\":\"Sklep\",\"item\":\"https:\\\/\\\/dekoracyjnacegla.pl\\\/sklep\\\/\"},{\"@type\":\"ListItem\",\"position\":3,\"name\":\"Glasschiebet\u00fcr LOFT I\"}]},{\"@type\":\"WebSite\",\"@id\":\"https:\\\/\\\/dekoracyjnacegla.pl\\\/de\\\/#website\",\"url\":\"https:\\\/\\\/dekoracyjnacegla.pl\\\/de\\\/\",\"name\":\"Dekoracyjna Ceg\u0142a\",\"description\":\"P\u0142ytki z ceg\u0142y | Retro Ceg\u0142a\",\"publisher\":{\"@id\":\"https:\\\/\\\/dekoracyjnacegla.pl\\\/de\\\/#organization\"},\"potentialAction\":[{\"@type\":\"SearchAction\",\"target\":{\"@type\":\"EntryPoint\",\"urlTemplate\":\"https:\\\/\\\/dekoracyjnacegla.pl\\\/de\\\/?s={search_term_string}\"},\"query-input\":{\"@type\":\"PropertyValueSpecification\",\"valueRequired\":true,\"valueName\":\"search_term_string\"}}],\"inLanguage\":\"de\"},{\"@type\":\"Organization\",\"@id\":\"https:\\\/\\\/dekoracyjnacegla.pl\\\/de\\\/#organization\",\"name\":\"Dekoracyjna Ceg\u0142a\",\"url\":\"https:\\\/\\\/dekoracyjnacegla.pl\\\/de\\\/\",\"logo\":{\"@type\":\"ImageObject\",\"inLanguage\":\"de\",\"@id\":\"https:\\\/\\\/dekoracyjnacegla.pl\\\/de\\\/#\\\/schema\\\/logo\\\/image\\\/\",\"url\":\"https:\\\/\\\/dekoracyjnacegla.pl\\\/wp-content\\\/uploads\\\/2023\\\/10\\\/logo.png\",\"contentUrl\":\"https:\\\/\\\/dekoracyjnacegla.pl\\\/wp-content\\\/uploads\\\/2023\\\/10\\\/logo.png\",\"width\":1199,\"height\":193,\"caption\":\"Dekoracyjna Ceg\u0142a\"},\"image\":{\"@id\":\"https:\\\/\\\/dekoracyjnacegla.pl\\\/de\\\/#\\\/schema\\\/logo\\\/image\\\/\"}}]}<\/script>\n<!-- \/ Yoast SEO plugin. -->","yoast_head_json":{"title":"Glasschiebet\u00fcr LOFT I - Dekoracyjna Ceg\u0142a","robots":{"index":"index","follow":"follow","max-snippet":"max-snippet:-1","max-image-preview":"max-image-preview:large","max-video-preview":"max-video-preview:-1"},"canonical":"https:\/\/dekoracyjnacegla.pl\/de\/produkt\/glasschiebetuer-loft-i\/","og_locale":"de_DE","og_type":"article","og_title":"Glasschiebet\u00fcr LOFT I - Dekoracyjna Ceg\u0142a","og_description":"Warum ist es das wert? Die LOFT 1 T\u00fcr ist nicht nur eine funktionelle Schiebet\u00fcr - sie ist ein dekoratives Element, das:   verleiht dem Raum ein loftartiges Gef\u00fchl,   vergr\u00f6\u00dfert den Raum optisch,   erm\u00f6glicht es, eine gro\u00dfe Menge Licht im Raum zu halten,   ist dank seiner robusten Stahlkonstruktion und dem geh\u00e4rteten Glas eine langlebige und elegante L\u00f6sung.  Vorlaufzeit ca. 4 Wochen Individuelle Preisgestaltung","og_url":"https:\/\/dekoracyjnacegla.pl\/de\/produkt\/glasschiebetuer-loft-i\/","og_site_name":"Dekoracyjna Ceg\u0142a","og_image":[{"width":800,"height":800,"url":"https:\/\/dekoracyjnacegla.pl\/wp-content\/uploads\/2025\/06\/drzwi-szklane-przesuwne-system-loft-classic-3p1.png","type":"image\/png"}],"twitter_card":"summary_large_image","twitter_misc":{"Gesch\u00e4tzte Lesezeit":"1\u00a0Minute"},"schema":{"@context":"https:\/\/schema.org","@graph":[{"@type":"WebPage","@id":"https:\/\/dekoracyjnacegla.pl\/de\/produkt\/glasschiebetuer-loft-i\/","url":"https:\/\/dekoracyjnacegla.pl\/de\/produkt\/glasschiebetuer-loft-i\/","name":"Glasschiebet\u00fcr LOFT I - Dekoracyjna Ceg\u0142a","isPartOf":{"@id":"https:\/\/dekoracyjnacegla.pl\/de\/#website"},"primaryImageOfPage":{"@id":"https:\/\/dekoracyjnacegla.pl\/de\/produkt\/glasschiebetuer-loft-i\/#primaryimage"},"image":{"@id":"https:\/\/dekoracyjnacegla.pl\/de\/produkt\/glasschiebetuer-loft-i\/#primaryimage"},"thumbnailUrl":"https:\/\/dekoracyjnacegla.pl\/wp-content\/uploads\/2025\/06\/drzwi-szklane-przesuwne-system-loft-classic-3p1.png","datePublished":"2025-06-27T15:52:24+00:00","breadcrumb":{"@id":"https:\/\/dekoracyjnacegla.pl\/de\/produkt\/glasschiebetuer-loft-i\/#breadcrumb"},"inLanguage":"de","potentialAction":[{"@type":"ReadAction","target":["https:\/\/dekoracyjnacegla.pl\/de\/produkt\/glasschiebetuer-loft-i\/"]}]},{"@type":"ImageObject","inLanguage":"de","@id":"https:\/\/dekoracyjnacegla.pl\/de\/produkt\/glasschiebetuer-loft-i\/#primaryimage","url":"https:\/\/dekoracyjnacegla.pl\/wp-content\/uploads\/2025\/06\/drzwi-szklane-przesuwne-system-loft-classic-3p1.png","contentUrl":"https:\/\/dekoracyjnacegla.pl\/wp-content\/uploads\/2025\/06\/drzwi-szklane-przesuwne-system-loft-classic-3p1.png","width":800,"height":800},{"@type":"BreadcrumbList","@id":"https:\/\/dekoracyjnacegla.pl\/de\/produkt\/glasschiebetuer-loft-i\/#breadcrumb","itemListElement":[{"@type":"ListItem","position":1,"name":"Strona g\u0142\u00f3wna","item":"https:\/\/dekoracyjnacegla.pl\/de\/start\/"},{"@type":"ListItem","position":2,"name":"Sklep","item":"https:\/\/dekoracyjnacegla.pl\/sklep\/"},{"@type":"ListItem","position":3,"name":"Glasschiebet\u00fcr LOFT I"}]},{"@type":"WebSite","@id":"https:\/\/dekoracyjnacegla.pl\/de\/#website","url":"https:\/\/dekoracyjnacegla.pl\/de\/","name":"Dekoracyjna Ceg\u0142a","description":"P\u0142ytki z ceg\u0142y | Retro Ceg\u0142a","publisher":{"@id":"https:\/\/dekoracyjnacegla.pl\/de\/#organization"},"potentialAction":[{"@type":"SearchAction","target":{"@type":"EntryPoint","urlTemplate":"https:\/\/dekoracyjnacegla.pl\/de\/?s={search_term_string}"},"query-input":{"@type":"PropertyValueSpecification","valueRequired":true,"valueName":"search_term_string"}}],"inLanguage":"de"},{"@type":"Organization","@id":"https:\/\/dekoracyjnacegla.pl\/de\/#organization","name":"Dekoracyjna Ceg\u0142a","url":"https:\/\/dekoracyjnacegla.pl\/de\/","logo":{"@type":"ImageObject","inLanguage":"de","@id":"https:\/\/dekoracyjnacegla.pl\/de\/#\/schema\/logo\/image\/","url":"https:\/\/dekoracyjnacegla.pl\/wp-content\/uploads\/2023\/10\/logo.png","contentUrl":"https:\/\/dekoracyjnacegla.pl\/wp-content\/uploads\/2023\/10\/logo.png","width":1199,"height":193,"caption":"Dekoracyjna Ceg\u0142a"},"image":{"@id":"https:\/\/dekoracyjnacegla.pl\/de\/#\/schema\/logo\/image\/"}}]}},"_links":{"self":[{"href":"https:\/\/dekoracyjnacegla.pl\/de\/wp-json\/wp\/v2\/product\/22549","targetHints":{"allow":["GET"]}}],"collection":[{"href":"https:\/\/dekoracyjnacegla.pl\/de\/wp-json\/wp\/v2\/product"}],"about":[{"href":"https:\/\/dekoracyjnacegla.pl\/de\/wp-json\/wp\/v2\/types\/product"}],"wp:featuredmedia":[{"embeddable":true,"href":"https:\/\/dekoracyjnacegla.pl\/de\/wp-json\/wp\/v2\/media\/22551"}],"wp:attachment":[{"href":"https:\/\/dekoracyjnacegla.pl\/de\/wp-json\/wp\/v2\/media?parent=22549"}],"wp:term":[{"taxonomy":"product_brand","embeddable":true,"href":"https:\/\/dekoracyjnacegla.pl\/de\/wp-json\/wp\/v2\/product_brand?post=22549"},{"taxonomy":"product_cat","embeddable":true,"href":"https:\/\/dekoracyjnacegla.pl\/de\/wp-json\/wp\/v2\/product_cat?post=22549"},{"taxonomy":"product_tag","embeddable":true,"href":"https:\/\/dekoracyjnacegla.pl\/de\/wp-json\/wp\/v2\/product_tag?post=22549"}],"curies":[{"name":"wp","href":"https:\/\/api.w.org\/{rel}","templated":true}]}}