{"id":22684,"date":"2025-06-29T22:26:46","date_gmt":"2025-06-29T22:26:46","guid":{"rendered":"https:\/\/dekoracyjnacegla.pl\/produkt\/glastuer-zum-oeffnen-loft-ii\/"},"modified":"2025-06-29T22:26:46","modified_gmt":"2025-06-29T22:26:46","slug":"glastuer-zum-oeffnen-loft-ii","status":"publish","type":"product","link":"https:\/\/dekoracyjnacegla.pl\/de\/produkt\/glastuer-zum-oeffnen-loft-ii\/","title":{"rendered":"Glast\u00fcr zum \u00d6ffnen LOFT II"},"content":{"rendered":"<h1 class=\"h1\">Glast\u00fcr zum \u00d6ffnen LOFT II<\/h1>\n<p>&nbsp;<\/p>\n<h3 data-start=\"205\" data-end=\"274\"><strong data-start=\"209\" data-end=\"274\">Glast\u00fcr LOFT \u00d6ffnung - mit Dichtung, Rahmen montiert<\/strong><\/h3>\n<p data-start=\"276\" data-end=\"597\"><strong data-start=\"276\" data-end=\"333\">Die stilvolle, moderne und funktionelle Glast\u00fcr LOFT<\/strong> ist die ideale L\u00f6sung f\u00fcr industrielle, minimalistische und moderne Innenr\u00e4ume. Das traditionell (einseitig) zu \u00f6ffnende Modell ist mit einer Dichtung um den gesamten Umfang herum im T\u00fcrrahmen befestigt - und gew\u00e4hrleistet so ein hohes Ma\u00df an Dichtigkeit und Schallschutz. <\/p>\n<h4 data-start=\"599\" data-end=\"633\"><strong data-start=\"604\" data-end=\"633\">Produktmerkmale:<\/strong><\/h4>\n<ul data-start=\"635\" data-end=\"1185\">\n<li data-start=\"635\" data-end=\"682\">\n<p data-start=\"637\" data-end=\"682\"><strong data-start=\"637\" data-end=\"651\">T\u00fcrtyp:<\/strong> Glast\u00fcr zum \u00d6ffnen (LOFT)<\/p>\n<\/li>\n<li data-start=\"683\" data-end=\"755\">\n<p data-start=\"685\" data-end=\"755\"><strong data-start=\"685\" data-end=\"704\">Montageart:<\/strong> am T\u00fcrrahmen, mit umlaufender Dichtung (abgedichtete Version)<\/p>\n<\/li>\n<li data-start=\"756\" data-end=\"837\">\n<p data-start=\"758\" data-end=\"837\"><strong data-start=\"758\" data-end=\"769\">Design:<\/strong> Sch\u00e4rpe mit dekorativen Sprossen - verschiedene Anordnungen und Mengen verf\u00fcgbar<\/p>\n<\/li>\n<li data-start=\"838\" data-end=\"907\">\n<p data-start=\"840\" data-end=\"907\"><strong data-start=\"840\" data-end=\"857\">Glasart:<\/strong> vorgespannt - w\u00e4hlen Sie aus einer breiten Palette von Varianten<\/p>\n<\/li>\n<li data-start=\"908\" data-end=\"1046\">\n<p data-start=\"910\" data-end=\"1046\"><strong data-start=\"910\" data-end=\"925\">Beschlagsfarbe:<\/strong> Aluminium \/ Edelstahl (INOX) \/ schwarz matt LOFT \/ optional jede RAL-Farbe (z.B. wei\u00df, grau, graphit)<\/p>\n<\/li>\n<li data-start=\"1047\" data-end=\"1103\">\n<p data-start=\"1049\" data-end=\"1103\"><strong data-start=\"1049\" data-end=\"1082\">Standardgr\u00f6\u00dfen verf\u00fcgbar:<\/strong> 60 \/ 70 \/ 80 \/ 90 cm<\/p>\n<\/li>\n<li data-start=\"1104\" data-end=\"1185\">\n<p data-start=\"1106\" data-end=\"1185\"><strong data-start=\"1106\" data-end=\"1130\">Individuelle Gr\u00f6\u00dfe:<\/strong> auf Bestellung m\u00f6glich - individuelle Preisgestaltung<\/p>\n<\/li>\n<\/ul>\n<hr data-start=\"1187\" data-end=\"1190\">\n<h4 data-start=\"1192\" data-end=\"1225\"><strong data-start=\"1197\" data-end=\"1225\">In diesem Set erhalten Sie:<\/strong><\/h4>\n<ul data-start=\"1227\" data-end=\"1467\">\n<li data-start=\"1227\" data-end=\"1259\">\n<p data-start=\"1229\" data-end=\"1259\">1x Platte aus <strong data-start=\"1244\" data-end=\"1259\">geh\u00e4rtetem<\/strong> Glas<\/p>\n<\/li>\n<li data-start=\"1260\" data-end=\"1299\">\n<p data-start=\"1262\" data-end=\"1299\">2x rahmenmontierte <strong data-start=\"1265\" data-end=\"1276\">Scharniere<\/strong> <\/p>\n<\/li>\n<li data-start=\"1300\" data-end=\"1323\">\n<p data-start=\"1302\" data-end=\"1323\">1x <strong data-start=\"1305\" data-end=\"1323\">Schloss mit Griff<\/strong><\/p>\n<\/li>\n<li data-start=\"1324\" data-end=\"1349\">\n<p data-start=\"1326\" data-end=\"1349\">1x <strong data-start=\"1329\" data-end=\"1349\">Schlie\u00dfblech<\/strong><\/p>\n<\/li>\n<li data-start=\"1350\" data-end=\"1371\">\n<p data-start=\"1352\" data-end=\"1371\"><strong data-start=\"1360\" data-end=\"1371\">Rahmensatz<\/strong><\/p>\n<\/li>\n<li data-start=\"1372\" data-end=\"1404\">\n<p data-start=\"1374\" data-end=\"1404\">Satz <strong data-start=\"1382\" data-end=\"1404\">Montagestreifen<\/strong><\/p>\n<\/li>\n<li data-start=\"1405\" data-end=\"1429\">\n<p data-start=\"1407\" data-end=\"1429\"><strong data-start=\"1407\" data-end=\"1429\">Anweisungen zur Installation<\/strong><\/p>\n<\/li>\n<li data-start=\"1430\" data-end=\"1467\">\n<p data-start=\"1432\" data-end=\"1467\"><strong data-start=\"1432\" data-end=\"1457\">24 Monate Garantie<\/strong> auf Beschl\u00e4ge<\/p>\n<\/li>\n<\/ul>\n<hr data-start=\"1469\" data-end=\"1472\">\n<h4 data-start=\"1474\" data-end=\"1530\"><strong data-start=\"1479\" data-end=\"1530\">Warum sollten Sie sich f\u00fcr unsere LOFT-Glast\u00fcren entscheiden?<\/strong><\/h4>\n<p data-start=\"1532\" data-end=\"1754\">\u2705 Modernes, industrielles Design<br data-start=\"1565\" data-end=\"1568\">\u2705 Hochwertiges, geh\u00e4rtetes Glas<br data-start=\"1601\" data-end=\"1604\">\u2705 Individuell gestaltbar (Glas, Farben, Gr\u00f6\u00dfe)<br data-start=\"1655\" data-end=\"1658\">\u2705 Versiegelte Version - bessere Schall- und W\u00e4rmed\u00e4mmung<br data-start=\"1715\" data-end=\"1718\">\u2705 Komplettset einbaufertig<\/p>\n<hr data-start=\"1756\" data-end=\"1759\">\n<p data-start=\"1761\" data-end=\"1983\">\n","protected":false},"excerpt":{"rendered":"<p data-start=\"616\" data-end=\"635\">Bestellen Sie noch heute Ihre <strong data-start=\"1767\" data-end=\"1809\">LOFT-Glast\u00fcr mit Rahmen<\/strong> und verleihen Sie Ihrer Einrichtung einen einzigartigen Charakter! Kann in jeder RAL-Farbe und nach Ma\u00df angefertigt werden - kontaktieren Sie uns f\u00fcr ein individuelles Angebot. <\/p>\n<p>ERWARTETE LIEFERZEIT:<\/p>\n<p><strong>ca. 14 Arbeitstage - Set ohne Aluminiumrahmen<br \/>\n<\/strong><\/p>\n<p><strong>28-35 Tage<\/strong><strong> - komplett mit Metallrahmen<\/strong><\/p>\n","protected":false},"featured_media":22686,"template":"","meta":[],"product_brand":[],"product_cat":[281],"product_tag":[],"class_list":{"0":"post-22684","1":"product","2":"type-product","3":"status-publish","4":"has-post-thumbnail","6":"product_cat-dachbodenturen","8":"first","9":"onbackorder","10":"shipping-taxable","11":"product-type-simple"},"yoast_head":"<!-- This site is optimized with the Yoast SEO plugin v27.4 - https:\/\/yoast.com\/product\/yoast-seo-wordpress\/ -->\n<title>Glast\u00fcr zum \u00d6ffnen LOFT II - Dekoracyjna Ceg\u0142a<\/title>\n<meta name=\"robots\" content=\"index, follow, max-snippet:-1, max-image-preview:large, max-video-preview:-1\" \/>\n<link rel=\"canonical\" href=\"https:\/\/dekoracyjnacegla.pl\/de\/produkt\/glastuer-zum-oeffnen-loft-ii\/\" \/>\n<meta property=\"og:locale\" content=\"de_DE\" \/>\n<meta property=\"og:type\" content=\"article\" \/>\n<meta property=\"og:title\" content=\"Glast\u00fcr zum \u00d6ffnen LOFT II - Dekoracyjna Ceg\u0142a\" \/>\n<meta property=\"og:description\" content=\"Bestellen Sie noch heute Ihre LOFT-Glast\u00fcr mit Rahmen und verleihen Sie Ihrer Einrichtung einen einzigartigen Charakter! Kann in jeder RAL-Farbe und nach Ma\u00df angefertigt werden - kontaktieren Sie uns f\u00fcr ein individuelles Angebot. ERWARTETE LIEFERZEIT: ca. 14 Arbeitstage - Set ohne Aluminiumrahmen  28-35 Tage - komplett mit Metallrahmen\" \/>\n<meta property=\"og:url\" content=\"https:\/\/dekoracyjnacegla.pl\/de\/produkt\/glastuer-zum-oeffnen-loft-ii\/\" \/>\n<meta property=\"og:site_name\" content=\"Dekoracyjna Ceg\u0142a\" \/>\n<meta property=\"og:image\" content=\"https:\/\/dekoracyjnacegla.pl\/wp-content\/uploads\/2025\/06\/drzwi-szklane-otwierane-loft-szprosy-czarna-futryna-na-wymiar.jpg\" \/>\n\t<meta property=\"og:image:width\" content=\"800\" \/>\n\t<meta property=\"og:image:height\" content=\"800\" \/>\n\t<meta property=\"og:image:type\" content=\"image\/jpeg\" \/>\n<meta name=\"twitter:card\" content=\"summary_large_image\" \/>\n<meta name=\"twitter:label1\" content=\"Gesch\u00e4tzte Lesezeit\" \/>\n\t<meta name=\"twitter:data1\" content=\"1\u00a0Minute\" \/>\n<script type=\"application\/ld+json\" class=\"yoast-schema-graph\">{\"@context\":\"https:\\\/\\\/schema.org\",\"@graph\":[{\"@type\":\"WebPage\",\"@id\":\"https:\\\/\\\/dekoracyjnacegla.pl\\\/de\\\/produkt\\\/glastuer-zum-oeffnen-loft-ii\\\/\",\"url\":\"https:\\\/\\\/dekoracyjnacegla.pl\\\/de\\\/produkt\\\/glastuer-zum-oeffnen-loft-ii\\\/\",\"name\":\"Glast\u00fcr zum \u00d6ffnen LOFT II - Dekoracyjna Ceg\u0142a\",\"isPartOf\":{\"@id\":\"https:\\\/\\\/dekoracyjnacegla.pl\\\/de\\\/#website\"},\"primaryImageOfPage\":{\"@id\":\"https:\\\/\\\/dekoracyjnacegla.pl\\\/de\\\/produkt\\\/glastuer-zum-oeffnen-loft-ii\\\/#primaryimage\"},\"image\":{\"@id\":\"https:\\\/\\\/dekoracyjnacegla.pl\\\/de\\\/produkt\\\/glastuer-zum-oeffnen-loft-ii\\\/#primaryimage\"},\"thumbnailUrl\":\"https:\\\/\\\/dekoracyjnacegla.pl\\\/wp-content\\\/uploads\\\/2025\\\/06\\\/drzwi-szklane-otwierane-loft-szprosy-czarna-futryna-na-wymiar.jpg\",\"datePublished\":\"2025-06-29T22:26:46+00:00\",\"breadcrumb\":{\"@id\":\"https:\\\/\\\/dekoracyjnacegla.pl\\\/de\\\/produkt\\\/glastuer-zum-oeffnen-loft-ii\\\/#breadcrumb\"},\"inLanguage\":\"de\",\"potentialAction\":[{\"@type\":\"ReadAction\",\"target\":[\"https:\\\/\\\/dekoracyjnacegla.pl\\\/de\\\/produkt\\\/glastuer-zum-oeffnen-loft-ii\\\/\"]}]},{\"@type\":\"ImageObject\",\"inLanguage\":\"de\",\"@id\":\"https:\\\/\\\/dekoracyjnacegla.pl\\\/de\\\/produkt\\\/glastuer-zum-oeffnen-loft-ii\\\/#primaryimage\",\"url\":\"https:\\\/\\\/dekoracyjnacegla.pl\\\/wp-content\\\/uploads\\\/2025\\\/06\\\/drzwi-szklane-otwierane-loft-szprosy-czarna-futryna-na-wymiar.jpg\",\"contentUrl\":\"https:\\\/\\\/dekoracyjnacegla.pl\\\/wp-content\\\/uploads\\\/2025\\\/06\\\/drzwi-szklane-otwierane-loft-szprosy-czarna-futryna-na-wymiar.jpg\",\"width\":800,\"height\":800},{\"@type\":\"BreadcrumbList\",\"@id\":\"https:\\\/\\\/dekoracyjnacegla.pl\\\/de\\\/produkt\\\/glastuer-zum-oeffnen-loft-ii\\\/#breadcrumb\",\"itemListElement\":[{\"@type\":\"ListItem\",\"position\":1,\"name\":\"Strona g\u0142\u00f3wna\",\"item\":\"https:\\\/\\\/dekoracyjnacegla.pl\\\/de\\\/start\\\/\"},{\"@type\":\"ListItem\",\"position\":2,\"name\":\"Sklep\",\"item\":\"https:\\\/\\\/dekoracyjnacegla.pl\\\/sklep\\\/\"},{\"@type\":\"ListItem\",\"position\":3,\"name\":\"Glast\u00fcr zum \u00d6ffnen LOFT II\"}]},{\"@type\":\"WebSite\",\"@id\":\"https:\\\/\\\/dekoracyjnacegla.pl\\\/de\\\/#website\",\"url\":\"https:\\\/\\\/dekoracyjnacegla.pl\\\/de\\\/\",\"name\":\"Dekoracyjna Ceg\u0142a\",\"description\":\"P\u0142ytki z ceg\u0142y | Retro Ceg\u0142a\",\"publisher\":{\"@id\":\"https:\\\/\\\/dekoracyjnacegla.pl\\\/de\\\/#organization\"},\"potentialAction\":[{\"@type\":\"SearchAction\",\"target\":{\"@type\":\"EntryPoint\",\"urlTemplate\":\"https:\\\/\\\/dekoracyjnacegla.pl\\\/de\\\/?s={search_term_string}\"},\"query-input\":{\"@type\":\"PropertyValueSpecification\",\"valueRequired\":true,\"valueName\":\"search_term_string\"}}],\"inLanguage\":\"de\"},{\"@type\":\"Organization\",\"@id\":\"https:\\\/\\\/dekoracyjnacegla.pl\\\/de\\\/#organization\",\"name\":\"Dekoracyjna Ceg\u0142a\",\"url\":\"https:\\\/\\\/dekoracyjnacegla.pl\\\/de\\\/\",\"logo\":{\"@type\":\"ImageObject\",\"inLanguage\":\"de\",\"@id\":\"https:\\\/\\\/dekoracyjnacegla.pl\\\/de\\\/#\\\/schema\\\/logo\\\/image\\\/\",\"url\":\"https:\\\/\\\/dekoracyjnacegla.pl\\\/wp-content\\\/uploads\\\/2023\\\/10\\\/logo.png\",\"contentUrl\":\"https:\\\/\\\/dekoracyjnacegla.pl\\\/wp-content\\\/uploads\\\/2023\\\/10\\\/logo.png\",\"width\":1199,\"height\":193,\"caption\":\"Dekoracyjna Ceg\u0142a\"},\"image\":{\"@id\":\"https:\\\/\\\/dekoracyjnacegla.pl\\\/de\\\/#\\\/schema\\\/logo\\\/image\\\/\"}}]}<\/script>\n<!-- \/ Yoast SEO plugin. -->","yoast_head_json":{"title":"Glast\u00fcr zum \u00d6ffnen LOFT II - Dekoracyjna Ceg\u0142a","robots":{"index":"index","follow":"follow","max-snippet":"max-snippet:-1","max-image-preview":"max-image-preview:large","max-video-preview":"max-video-preview:-1"},"canonical":"https:\/\/dekoracyjnacegla.pl\/de\/produkt\/glastuer-zum-oeffnen-loft-ii\/","og_locale":"de_DE","og_type":"article","og_title":"Glast\u00fcr zum \u00d6ffnen LOFT II - Dekoracyjna Ceg\u0142a","og_description":"Bestellen Sie noch heute Ihre LOFT-Glast\u00fcr mit Rahmen und verleihen Sie Ihrer Einrichtung einen einzigartigen Charakter! Kann in jeder RAL-Farbe und nach Ma\u00df angefertigt werden - kontaktieren Sie uns f\u00fcr ein individuelles Angebot. ERWARTETE LIEFERZEIT: ca. 14 Arbeitstage - Set ohne Aluminiumrahmen  28-35 Tage - komplett mit Metallrahmen","og_url":"https:\/\/dekoracyjnacegla.pl\/de\/produkt\/glastuer-zum-oeffnen-loft-ii\/","og_site_name":"Dekoracyjna Ceg\u0142a","og_image":[{"width":800,"height":800,"url":"https:\/\/dekoracyjnacegla.pl\/wp-content\/uploads\/2025\/06\/drzwi-szklane-otwierane-loft-szprosy-czarna-futryna-na-wymiar.jpg","type":"image\/jpeg"}],"twitter_card":"summary_large_image","twitter_misc":{"Gesch\u00e4tzte Lesezeit":"1\u00a0Minute"},"schema":{"@context":"https:\/\/schema.org","@graph":[{"@type":"WebPage","@id":"https:\/\/dekoracyjnacegla.pl\/de\/produkt\/glastuer-zum-oeffnen-loft-ii\/","url":"https:\/\/dekoracyjnacegla.pl\/de\/produkt\/glastuer-zum-oeffnen-loft-ii\/","name":"Glast\u00fcr zum \u00d6ffnen LOFT II - Dekoracyjna Ceg\u0142a","isPartOf":{"@id":"https:\/\/dekoracyjnacegla.pl\/de\/#website"},"primaryImageOfPage":{"@id":"https:\/\/dekoracyjnacegla.pl\/de\/produkt\/glastuer-zum-oeffnen-loft-ii\/#primaryimage"},"image":{"@id":"https:\/\/dekoracyjnacegla.pl\/de\/produkt\/glastuer-zum-oeffnen-loft-ii\/#primaryimage"},"thumbnailUrl":"https:\/\/dekoracyjnacegla.pl\/wp-content\/uploads\/2025\/06\/drzwi-szklane-otwierane-loft-szprosy-czarna-futryna-na-wymiar.jpg","datePublished":"2025-06-29T22:26:46+00:00","breadcrumb":{"@id":"https:\/\/dekoracyjnacegla.pl\/de\/produkt\/glastuer-zum-oeffnen-loft-ii\/#breadcrumb"},"inLanguage":"de","potentialAction":[{"@type":"ReadAction","target":["https:\/\/dekoracyjnacegla.pl\/de\/produkt\/glastuer-zum-oeffnen-loft-ii\/"]}]},{"@type":"ImageObject","inLanguage":"de","@id":"https:\/\/dekoracyjnacegla.pl\/de\/produkt\/glastuer-zum-oeffnen-loft-ii\/#primaryimage","url":"https:\/\/dekoracyjnacegla.pl\/wp-content\/uploads\/2025\/06\/drzwi-szklane-otwierane-loft-szprosy-czarna-futryna-na-wymiar.jpg","contentUrl":"https:\/\/dekoracyjnacegla.pl\/wp-content\/uploads\/2025\/06\/drzwi-szklane-otwierane-loft-szprosy-czarna-futryna-na-wymiar.jpg","width":800,"height":800},{"@type":"BreadcrumbList","@id":"https:\/\/dekoracyjnacegla.pl\/de\/produkt\/glastuer-zum-oeffnen-loft-ii\/#breadcrumb","itemListElement":[{"@type":"ListItem","position":1,"name":"Strona g\u0142\u00f3wna","item":"https:\/\/dekoracyjnacegla.pl\/de\/start\/"},{"@type":"ListItem","position":2,"name":"Sklep","item":"https:\/\/dekoracyjnacegla.pl\/sklep\/"},{"@type":"ListItem","position":3,"name":"Glast\u00fcr zum \u00d6ffnen LOFT II"}]},{"@type":"WebSite","@id":"https:\/\/dekoracyjnacegla.pl\/de\/#website","url":"https:\/\/dekoracyjnacegla.pl\/de\/","name":"Dekoracyjna Ceg\u0142a","description":"P\u0142ytki z ceg\u0142y | Retro Ceg\u0142a","publisher":{"@id":"https:\/\/dekoracyjnacegla.pl\/de\/#organization"},"potentialAction":[{"@type":"SearchAction","target":{"@type":"EntryPoint","urlTemplate":"https:\/\/dekoracyjnacegla.pl\/de\/?s={search_term_string}"},"query-input":{"@type":"PropertyValueSpecification","valueRequired":true,"valueName":"search_term_string"}}],"inLanguage":"de"},{"@type":"Organization","@id":"https:\/\/dekoracyjnacegla.pl\/de\/#organization","name":"Dekoracyjna Ceg\u0142a","url":"https:\/\/dekoracyjnacegla.pl\/de\/","logo":{"@type":"ImageObject","inLanguage":"de","@id":"https:\/\/dekoracyjnacegla.pl\/de\/#\/schema\/logo\/image\/","url":"https:\/\/dekoracyjnacegla.pl\/wp-content\/uploads\/2023\/10\/logo.png","contentUrl":"https:\/\/dekoracyjnacegla.pl\/wp-content\/uploads\/2023\/10\/logo.png","width":1199,"height":193,"caption":"Dekoracyjna Ceg\u0142a"},"image":{"@id":"https:\/\/dekoracyjnacegla.pl\/de\/#\/schema\/logo\/image\/"}}]}},"_links":{"self":[{"href":"https:\/\/dekoracyjnacegla.pl\/de\/wp-json\/wp\/v2\/product\/22684","targetHints":{"allow":["GET"]}}],"collection":[{"href":"https:\/\/dekoracyjnacegla.pl\/de\/wp-json\/wp\/v2\/product"}],"about":[{"href":"https:\/\/dekoracyjnacegla.pl\/de\/wp-json\/wp\/v2\/types\/product"}],"wp:featuredmedia":[{"embeddable":true,"href":"https:\/\/dekoracyjnacegla.pl\/de\/wp-json\/wp\/v2\/media\/22686"}],"wp:attachment":[{"href":"https:\/\/dekoracyjnacegla.pl\/de\/wp-json\/wp\/v2\/media?parent=22684"}],"wp:term":[{"taxonomy":"product_brand","embeddable":true,"href":"https:\/\/dekoracyjnacegla.pl\/de\/wp-json\/wp\/v2\/product_brand?post=22684"},{"taxonomy":"product_cat","embeddable":true,"href":"https:\/\/dekoracyjnacegla.pl\/de\/wp-json\/wp\/v2\/product_cat?post=22684"},{"taxonomy":"product_tag","embeddable":true,"href":"https:\/\/dekoracyjnacegla.pl\/de\/wp-json\/wp\/v2\/product_tag?post=22684"}],"curies":[{"name":"wp","href":"https:\/\/api.w.org\/{rel}","templated":true}]}}