{"id":22698,"date":"2025-06-29T22:49:15","date_gmt":"2025-06-29T22:49:15","guid":{"rendered":"https:\/\/dekoracyjnacegla.pl\/produkt\/optimum-glasschiebetueren-nach-mass\/"},"modified":"2025-06-29T22:49:15","modified_gmt":"2025-06-29T22:49:15","slug":"optimum-glasschiebetueren-nach-mass","status":"publish","type":"product","link":"https:\/\/dekoracyjnacegla.pl\/de\/produkt\/optimum-glasschiebetueren-nach-mass\/","title":{"rendered":"OPTIMUM Glasschiebet\u00fcren nach Ma\u00df"},"content":{"rendered":"<h3 data-start=\"162\" data-end=\"238\"><strong data-start=\"166\" data-end=\"238\">Schiebesystem f\u00fcr Glast\u00fcren OPTIMUM LUX - mit 10 cm Abdeckplatte<\/strong><\/h3>\n<p data-start=\"240\" data-end=\"630\"><strong data-start=\"240\" data-end=\"255\">OPTIMUM LUX<\/strong> ist ein modernes Schiebesystem f\u00fcr Glast\u00fcren, das <strong data-start=\"319\" data-end=\"339\">elegantes Design<\/strong> mit <strong data-start=\"342\" data-end=\"369\">hoher Funktionalit\u00e4t<\/strong> verbindet. Dank seines Designs erm\u00f6glicht es das System, <strong data-start=\"414\" data-end=\"459\">technische Elemente<\/strong> wie die Schiene, Laufwagen und Glasgriffe <strong data-start=\"414\" data-end=\"459\">vollst\u00e4ndig zu verbergen<\/strong>- sowohl von vorne als auch von der Seite. Eine \u00e4sthetisch ansprechende <strong data-start=\"551\" data-end=\"583\">10 cm hohe Blende<\/strong> verleiht dem gesamten System ein einheitliches, minimalistisches Aussehen.  <\/p>\n<h4 data-start=\"632\" data-end=\"667\"><strong data-start=\"637\" data-end=\"667\">Merkmale des OPTIMUM LUX-Systems:<\/strong><\/h4>\n<ul data-start=\"669\" data-end=\"1065\">\n<li data-start=\"669\" data-end=\"730\">\n<p data-start=\"671\" data-end=\"730\"><strong data-start=\"671\" data-end=\"688\">Anwendung:<\/strong> Glasschiebet\u00fcren, Wandmontage<\/p>\n<\/li>\n<li data-start=\"731\" data-end=\"813\">\n<p data-start=\"733\" data-end=\"813\"><strong data-start=\"733\" data-end=\"748\">Gitter:<\/strong> Aluminium, 10 cm hoch - deckt Schiene, Wagen und Glashalter ab<\/p>\n<\/li>\n<li data-start=\"814\" data-end=\"886\">\n<p data-start=\"816\" data-end=\"886\"><strong data-start=\"816\" data-end=\"833\">Fahrbare Wagen:<\/strong> Tragkraft bis zu <strong data-start=\"844\" data-end=\"853\">80 kg<\/strong> - garantierte Laufruhe<\/p>\n<\/li>\n<li data-start=\"887\" data-end=\"965\">\n<p data-start=\"889\" data-end=\"965\"><strong data-start=\"889\" data-end=\"899\">Glas:<\/strong> geh\u00e4rtet, Auswahl (klar, mattiert, dekorativ)<\/p>\n<\/li>\n<li data-start=\"966\" data-end=\"996\">\n<p data-start=\"968\" data-end=\"996\"><strong data-start=\"968\" data-end=\"996\">Leise und stabile Bewegung<\/strong><\/p>\n<\/li>\n<li data-start=\"997\" data-end=\"1065\">\n<p data-start=\"999\" data-end=\"1065\"><strong data-start=\"999\" data-end=\"1035\">Langfristige Herstellergarantie<\/strong> auf die Leistung des Fahrwerks<\/p>\n<\/li>\n<\/ul>\n<hr data-start=\"1067\" data-end=\"1070\">\n<h4 data-start=\"1072\" data-end=\"1108\"><strong data-start=\"1077\" data-end=\"1108\">Das Standard-Kit enth\u00e4lt:<\/strong><\/h4>\n<ul data-start=\"1110\" data-end=\"1396\">\n<li data-start=\"1110\" data-end=\"1142\">\n<p data-start=\"1112\" data-end=\"1142\">1x <strong data-start=\"1115\" data-end=\"1142\">Platte aus geh\u00e4rtetem Glas<\/strong><\/p>\n<\/li>\n<li data-start=\"1143\" data-end=\"1166\">\n<p data-start=\"1145\" data-end=\"1166\">2 mb der <strong data-start=\"1150\" data-end=\"1166\">obersten Spur<\/strong><\/p>\n<\/li>\n<li data-start=\"1167\" data-end=\"1203\">\n<p data-start=\"1169\" data-end=\"1203\">2x <strong data-start=\"1172\" data-end=\"1188\">Dolly<\/strong> (Tragf\u00e4higkeit 80 kg)<\/p>\n<\/li>\n<li data-start=\"1204\" data-end=\"1229\">\n<p data-start=\"1206\" data-end=\"1229\">2x <strong data-start=\"1209\" data-end=\"1229\">Begrenzungsbremse<\/strong><\/p>\n<\/li>\n<li data-start=\"1230\" data-end=\"1253\">\n<p data-start=\"1232\" data-end=\"1253\">1x <strong data-start=\"1235\" data-end=\"1253\">Bodenschuh<\/strong><\/p>\n<\/li>\n<li data-start=\"1254\" data-end=\"1287\">\n<p data-start=\"1256\" data-end=\"1287\">1x <strong data-start=\"1259\" data-end=\"1279\">Griff Ihrer Wahl<\/strong> aus der Liste<\/p>\n<\/li>\n<li data-start=\"1288\" data-end=\"1333\">\n<p data-start=\"1290\" data-end=\"1333\"><strong data-start=\"1290\" data-end=\"1333\">Aluminium-Gitter (10 cm hoch)<\/strong><\/p>\n<\/li>\n<li data-start=\"1334\" data-end=\"1358\">\n<p data-start=\"1336\" data-end=\"1358\"><strong data-start=\"1336\" data-end=\"1358\">Anweisungen zur Installation<\/strong><\/p>\n<\/li>\n<li data-start=\"1359\" data-end=\"1396\">\n<p data-start=\"1361\" data-end=\"1396\"><strong data-start=\"1361\" data-end=\"1386\">24 Monate Garantie<\/strong> auf Beschl\u00e4ge<\/p>\n<\/li>\n<\/ul>\n<hr data-start=\"1398\" data-end=\"1401\">\n<h3 data-start=\"1403\" data-end=\"1440\"><strong data-start=\"1407\" data-end=\"1440\">Zus\u00e4tzliche Optionen (gegen Aufpreis):<\/strong><\/h3>\n<ul data-start=\"1442\" data-end=\"1567\">\n<li data-start=\"1442\" data-end=\"1505\">\n<p data-start=\"1444\" data-end=\"1505\"><strong data-start=\"1446\" data-end=\"1483\">\u2705 Einseitige Selbstschlie\u00dffunktion<\/strong> - Aufpreis: <strong data-start=\"1495\" data-end=\"1505\">PLN 150<\/strong><\/p>\n<\/li>\n<li data-start=\"1506\" data-end=\"1567\">\n<p data-start=\"1508\" data-end=\"1567\">\u2705 <strong data-start=\"1510\" data-end=\"1545\">Beidseitig selbstschlie\u00dfende Funktion<\/strong> - Aufpreis: <strong data-start=\"1557\" data-end=\"1567\">PLN 300<\/strong><\/p>\n<\/li>\n<\/ul>\n<hr data-start=\"1569\" data-end=\"1572\">\n<h3 data-start=\"1574\" data-end=\"1616\"><strong data-start=\"1578\" data-end=\"1616\">Warum OPTIMUM LUX w\u00e4hlen?<\/strong><\/h3>\n<p data-start=\"1618\" data-end=\"1883\">\u2705 Elegantes, minimalistisches Design - alle Elemente verdeckt<br data-start=\"1681\" data-end=\"1684\">\u2705 Hochwertige Verarbeitung und Langlebigkeit<br data-start=\"1720\" data-end=\"1723\">\u2705 Nachr\u00fcstbar mit Selbstschlie\u00dfsystem<br data-start=\"1766\" data-end=\"1769\">\u2705 Kompatibel mit verschiedenen Glasarten und Inneneinrichtungen<br data-start=\"1827\" data-end=\"1830\">\u2705 Einbaufertiges System - komplettes Set enthalten<\/p>\n<hr data-start=\"1885\" data-end=\"1888\">\n<p data-start=\"1890\" data-end=\"2007\">\ud83d\udce9 <strong data-start=\"1893\" data-end=\"1925\">Ben\u00f6tigen Sie eine andere Gr\u00f6\u00dfe?<\/strong> Kontaktieren Sie uns per E-Mail - wir fertigen <strong data-start=\"1969\" data-end=\"2006\">Glasschiebet\u00fcren nach Ma\u00df<\/strong>.<\/p>\n<hr data-start=\"2009\" data-end=\"2012\">\n<p data-start=\"2014\" data-end=\"2160\">Bestellen Sie <strong data-start=\"2020\" data-end=\"2073\">das OPTIMUM LUX Schiebesystem mit Glast\u00fcren<\/strong> und bringen Sie funktionelle Eleganz in Ihre Einrichtung im modernen oder Loft-Stil.<\/p>\n","protected":false},"excerpt":{"rendered":"<h3 data-start=\"167\" data-end=\"221\"><strong data-start=\"171\" data-end=\"221\">Ma\u00dfgeschneiderte Glast\u00fcren verf\u00fcgbar<\/strong><\/h3>\n<p data-start=\"223\" data-end=\"494\">Wir bieten Ihnen <strong data-start=\"259\" data-end=\"285\">ma\u00dfgeschneiderte<\/strong> Glast\u00fcren, die auf Ihre Bed\u00fcrfnisse und die Besonderheiten Ihrer Einrichtung zugeschnitten sind. Wenn Sie eine T\u00fcr mit nicht standardisierten Ma\u00dfen suchen - kontaktieren Sie uns, wir erstellen Ihnen ein Angebot und einen Entwurf, der auf Ihre spezielle T\u00fcr\u00f6ffnung zugeschnitten ist. <\/p>\n<p data-start=\"496\" data-end=\"654\">\u2705 Beliebige H\u00f6he und Breite<br data-start=\"526\" data-end=\"529\">\u2705 M\u00f6glichkeit, jede Art von Glas aus unserem Sortiment zu verwenden<br data-start=\"591\" data-end=\"594\">\u2705 Personalisierung der Farbe der Beschl\u00e4ge und des T\u00fcrrahmens (auch nach RAL)<\/p>\n<hr data-start=\"656\" data-end=\"659\">\n<h3 data-start=\"661\" data-end=\"712\"><strong data-start=\"665\" data-end=\"712\">Technische Informationen - Installationsl\u00fccke<\/strong><\/h3>\n<p>Das System kann in 2 Varianten bestellt werden.<\/p>\n<p>I - d\u00fcnner, 41mm (4,1cm) dick - das System ragt 41mm (4,1cm) aus der Wand heraus<\/p>\n<p>II - dicker, 53mm (5,3cm) - das System ragt 53mm (5,3cm) aus der Wand heraus.<\/p>\n<p>Die L\u00fcnette \/ das Laufsystem ist 89mm (8,9cm) hoch<\/p>\n<p>Der Abstand zwischen Wand und T\u00fcr (Glasoberfl\u00e4che), Kontaktfl\u00e4che oder Sockelleiste betr\u00e4gt bei Verwendung von 8mm Glas 17mm (1,7cm) und bei Verwendung von 10mm Glas 16mm (1,6cm).<\/p>\n","protected":false},"featured_media":22699,"template":"","meta":[],"product_brand":[],"product_cat":[281],"product_tag":[],"class_list":{"0":"post-22698","1":"product","2":"type-product","3":"status-publish","4":"has-post-thumbnail","6":"product_cat-dachbodenturen","8":"first","9":"onbackorder","10":"shipping-taxable","11":"product-type-simple"},"yoast_head":"<!-- This site is optimized with the Yoast SEO plugin v27.4 - https:\/\/yoast.com\/product\/yoast-seo-wordpress\/ -->\n<title>OPTIMUM Glasschiebet\u00fcren nach Ma\u00df - Dekoracyjna Ceg\u0142a<\/title>\n<meta name=\"robots\" content=\"index, follow, max-snippet:-1, max-image-preview:large, max-video-preview:-1\" \/>\n<link rel=\"canonical\" href=\"https:\/\/dekoracyjnacegla.pl\/de\/produkt\/optimum-glasschiebetueren-nach-mass\/\" \/>\n<meta property=\"og:locale\" content=\"de_DE\" \/>\n<meta property=\"og:type\" content=\"article\" \/>\n<meta property=\"og:title\" content=\"OPTIMUM Glasschiebet\u00fcren nach Ma\u00df - Dekoracyjna Ceg\u0142a\" \/>\n<meta property=\"og:description\" content=\"Ma\u00dfgeschneiderte Glast\u00fcren verf\u00fcgbar Wir bieten Ihnen ma\u00dfgeschneiderte Glast\u00fcren, die auf Ihre Bed\u00fcrfnisse und die Besonderheiten Ihrer Einrichtung zugeschnitten sind. Wenn Sie eine T\u00fcr mit nicht standardisierten Ma\u00dfen suchen - kontaktieren Sie uns, wir erstellen Ihnen ein Angebot und einen Entwurf, der auf Ihre spezielle T\u00fcr\u00f6ffnung zugeschnitten ist. \u2705 Beliebige H\u00f6he und Breite\u2705 M\u00f6glichkeit, jede Art von Glas aus unserem Sortiment zu verwenden\u2705 Personalisierung der Farbe der Beschl\u00e4ge und des T\u00fcrrahmens (auch nach RAL)   Technische Informationen - Installationsl\u00fccke Das System kann in 2 Varianten bestellt werden. I - d\u00fcnner, 41mm (4,1cm) dick - das System ragt 41mm (4,1cm) aus der Wand heraus II - dicker, 53mm (5,3cm) - das System ragt 53mm (5,3cm) aus der Wand heraus. Die L\u00fcnette \/ das Laufsystem ist 89mm (8,9cm) hoch Der Abstand zwischen Wand und T\u00fcr (Glasoberfl\u00e4che), Kontaktfl\u00e4che oder Sockelleiste betr\u00e4gt bei Verwendung von 8mm Glas 17mm (1,7cm) und bei Verwendung von 10mm Glas 16mm (1,6cm).\" \/>\n<meta property=\"og:url\" content=\"https:\/\/dekoracyjnacegla.pl\/de\/produkt\/optimum-glasschiebetueren-nach-mass\/\" \/>\n<meta property=\"og:site_name\" content=\"Dekoracyjna Ceg\u0142a\" \/>\n<meta property=\"og:image\" content=\"https:\/\/dekoracyjnacegla.pl\/wp-content\/uploads\/2025\/06\/drzwi-szklane-przesuwne-optimum-na-wymiar666.jpg\" \/>\n\t<meta property=\"og:image:width\" content=\"458\" \/>\n\t<meta property=\"og:image:height\" content=\"424\" \/>\n\t<meta property=\"og:image:type\" content=\"image\/jpeg\" \/>\n<meta name=\"twitter:card\" content=\"summary_large_image\" \/>\n<meta name=\"twitter:label1\" content=\"Gesch\u00e4tzte Lesezeit\" \/>\n\t<meta name=\"twitter:data1\" content=\"1\u00a0Minute\" \/>\n<script type=\"application\/ld+json\" class=\"yoast-schema-graph\">{\"@context\":\"https:\\\/\\\/schema.org\",\"@graph\":[{\"@type\":\"WebPage\",\"@id\":\"https:\\\/\\\/dekoracyjnacegla.pl\\\/de\\\/produkt\\\/optimum-glasschiebetueren-nach-mass\\\/\",\"url\":\"https:\\\/\\\/dekoracyjnacegla.pl\\\/de\\\/produkt\\\/optimum-glasschiebetueren-nach-mass\\\/\",\"name\":\"OPTIMUM Glasschiebet\u00fcren nach Ma\u00df - Dekoracyjna Ceg\u0142a\",\"isPartOf\":{\"@id\":\"https:\\\/\\\/dekoracyjnacegla.pl\\\/de\\\/#website\"},\"primaryImageOfPage\":{\"@id\":\"https:\\\/\\\/dekoracyjnacegla.pl\\\/de\\\/produkt\\\/optimum-glasschiebetueren-nach-mass\\\/#primaryimage\"},\"image\":{\"@id\":\"https:\\\/\\\/dekoracyjnacegla.pl\\\/de\\\/produkt\\\/optimum-glasschiebetueren-nach-mass\\\/#primaryimage\"},\"thumbnailUrl\":\"https:\\\/\\\/dekoracyjnacegla.pl\\\/wp-content\\\/uploads\\\/2025\\\/06\\\/drzwi-szklane-przesuwne-optimum-na-wymiar666.jpg\",\"datePublished\":\"2025-06-29T22:49:15+00:00\",\"breadcrumb\":{\"@id\":\"https:\\\/\\\/dekoracyjnacegla.pl\\\/de\\\/produkt\\\/optimum-glasschiebetueren-nach-mass\\\/#breadcrumb\"},\"inLanguage\":\"de\",\"potentialAction\":[{\"@type\":\"ReadAction\",\"target\":[\"https:\\\/\\\/dekoracyjnacegla.pl\\\/de\\\/produkt\\\/optimum-glasschiebetueren-nach-mass\\\/\"]}]},{\"@type\":\"ImageObject\",\"inLanguage\":\"de\",\"@id\":\"https:\\\/\\\/dekoracyjnacegla.pl\\\/de\\\/produkt\\\/optimum-glasschiebetueren-nach-mass\\\/#primaryimage\",\"url\":\"https:\\\/\\\/dekoracyjnacegla.pl\\\/wp-content\\\/uploads\\\/2025\\\/06\\\/drzwi-szklane-przesuwne-optimum-na-wymiar666.jpg\",\"contentUrl\":\"https:\\\/\\\/dekoracyjnacegla.pl\\\/wp-content\\\/uploads\\\/2025\\\/06\\\/drzwi-szklane-przesuwne-optimum-na-wymiar666.jpg\",\"width\":458,\"height\":424},{\"@type\":\"BreadcrumbList\",\"@id\":\"https:\\\/\\\/dekoracyjnacegla.pl\\\/de\\\/produkt\\\/optimum-glasschiebetueren-nach-mass\\\/#breadcrumb\",\"itemListElement\":[{\"@type\":\"ListItem\",\"position\":1,\"name\":\"Strona g\u0142\u00f3wna\",\"item\":\"https:\\\/\\\/dekoracyjnacegla.pl\\\/de\\\/start\\\/\"},{\"@type\":\"ListItem\",\"position\":2,\"name\":\"Sklep\",\"item\":\"https:\\\/\\\/dekoracyjnacegla.pl\\\/sklep\\\/\"},{\"@type\":\"ListItem\",\"position\":3,\"name\":\"OPTIMUM Glasschiebet\u00fcren nach Ma\u00df\"}]},{\"@type\":\"WebSite\",\"@id\":\"https:\\\/\\\/dekoracyjnacegla.pl\\\/de\\\/#website\",\"url\":\"https:\\\/\\\/dekoracyjnacegla.pl\\\/de\\\/\",\"name\":\"Dekoracyjna Ceg\u0142a\",\"description\":\"P\u0142ytki z ceg\u0142y | Retro Ceg\u0142a\",\"publisher\":{\"@id\":\"https:\\\/\\\/dekoracyjnacegla.pl\\\/de\\\/#organization\"},\"potentialAction\":[{\"@type\":\"SearchAction\",\"target\":{\"@type\":\"EntryPoint\",\"urlTemplate\":\"https:\\\/\\\/dekoracyjnacegla.pl\\\/de\\\/?s={search_term_string}\"},\"query-input\":{\"@type\":\"PropertyValueSpecification\",\"valueRequired\":true,\"valueName\":\"search_term_string\"}}],\"inLanguage\":\"de\"},{\"@type\":\"Organization\",\"@id\":\"https:\\\/\\\/dekoracyjnacegla.pl\\\/de\\\/#organization\",\"name\":\"Dekoracyjna Ceg\u0142a\",\"url\":\"https:\\\/\\\/dekoracyjnacegla.pl\\\/de\\\/\",\"logo\":{\"@type\":\"ImageObject\",\"inLanguage\":\"de\",\"@id\":\"https:\\\/\\\/dekoracyjnacegla.pl\\\/de\\\/#\\\/schema\\\/logo\\\/image\\\/\",\"url\":\"https:\\\/\\\/dekoracyjnacegla.pl\\\/wp-content\\\/uploads\\\/2023\\\/10\\\/logo.png\",\"contentUrl\":\"https:\\\/\\\/dekoracyjnacegla.pl\\\/wp-content\\\/uploads\\\/2023\\\/10\\\/logo.png\",\"width\":1199,\"height\":193,\"caption\":\"Dekoracyjna Ceg\u0142a\"},\"image\":{\"@id\":\"https:\\\/\\\/dekoracyjnacegla.pl\\\/de\\\/#\\\/schema\\\/logo\\\/image\\\/\"}}]}<\/script>\n<!-- \/ Yoast SEO plugin. -->","yoast_head_json":{"title":"OPTIMUM Glasschiebet\u00fcren nach Ma\u00df - Dekoracyjna Ceg\u0142a","robots":{"index":"index","follow":"follow","max-snippet":"max-snippet:-1","max-image-preview":"max-image-preview:large","max-video-preview":"max-video-preview:-1"},"canonical":"https:\/\/dekoracyjnacegla.pl\/de\/produkt\/optimum-glasschiebetueren-nach-mass\/","og_locale":"de_DE","og_type":"article","og_title":"OPTIMUM Glasschiebet\u00fcren nach Ma\u00df - Dekoracyjna Ceg\u0142a","og_description":"Ma\u00dfgeschneiderte Glast\u00fcren verf\u00fcgbar Wir bieten Ihnen ma\u00dfgeschneiderte Glast\u00fcren, die auf Ihre Bed\u00fcrfnisse und die Besonderheiten Ihrer Einrichtung zugeschnitten sind. Wenn Sie eine T\u00fcr mit nicht standardisierten Ma\u00dfen suchen - kontaktieren Sie uns, wir erstellen Ihnen ein Angebot und einen Entwurf, der auf Ihre spezielle T\u00fcr\u00f6ffnung zugeschnitten ist. \u2705 Beliebige H\u00f6he und Breite\u2705 M\u00f6glichkeit, jede Art von Glas aus unserem Sortiment zu verwenden\u2705 Personalisierung der Farbe der Beschl\u00e4ge und des T\u00fcrrahmens (auch nach RAL)   Technische Informationen - Installationsl\u00fccke Das System kann in 2 Varianten bestellt werden. I - d\u00fcnner, 41mm (4,1cm) dick - das System ragt 41mm (4,1cm) aus der Wand heraus II - dicker, 53mm (5,3cm) - das System ragt 53mm (5,3cm) aus der Wand heraus. Die L\u00fcnette \/ das Laufsystem ist 89mm (8,9cm) hoch Der Abstand zwischen Wand und T\u00fcr (Glasoberfl\u00e4che), Kontaktfl\u00e4che oder Sockelleiste betr\u00e4gt bei Verwendung von 8mm Glas 17mm (1,7cm) und bei Verwendung von 10mm Glas 16mm (1,6cm).","og_url":"https:\/\/dekoracyjnacegla.pl\/de\/produkt\/optimum-glasschiebetueren-nach-mass\/","og_site_name":"Dekoracyjna Ceg\u0142a","og_image":[{"width":458,"height":424,"url":"https:\/\/dekoracyjnacegla.pl\/wp-content\/uploads\/2025\/06\/drzwi-szklane-przesuwne-optimum-na-wymiar666.jpg","type":"image\/jpeg"}],"twitter_card":"summary_large_image","twitter_misc":{"Gesch\u00e4tzte Lesezeit":"1\u00a0Minute"},"schema":{"@context":"https:\/\/schema.org","@graph":[{"@type":"WebPage","@id":"https:\/\/dekoracyjnacegla.pl\/de\/produkt\/optimum-glasschiebetueren-nach-mass\/","url":"https:\/\/dekoracyjnacegla.pl\/de\/produkt\/optimum-glasschiebetueren-nach-mass\/","name":"OPTIMUM Glasschiebet\u00fcren nach Ma\u00df - Dekoracyjna Ceg\u0142a","isPartOf":{"@id":"https:\/\/dekoracyjnacegla.pl\/de\/#website"},"primaryImageOfPage":{"@id":"https:\/\/dekoracyjnacegla.pl\/de\/produkt\/optimum-glasschiebetueren-nach-mass\/#primaryimage"},"image":{"@id":"https:\/\/dekoracyjnacegla.pl\/de\/produkt\/optimum-glasschiebetueren-nach-mass\/#primaryimage"},"thumbnailUrl":"https:\/\/dekoracyjnacegla.pl\/wp-content\/uploads\/2025\/06\/drzwi-szklane-przesuwne-optimum-na-wymiar666.jpg","datePublished":"2025-06-29T22:49:15+00:00","breadcrumb":{"@id":"https:\/\/dekoracyjnacegla.pl\/de\/produkt\/optimum-glasschiebetueren-nach-mass\/#breadcrumb"},"inLanguage":"de","potentialAction":[{"@type":"ReadAction","target":["https:\/\/dekoracyjnacegla.pl\/de\/produkt\/optimum-glasschiebetueren-nach-mass\/"]}]},{"@type":"ImageObject","inLanguage":"de","@id":"https:\/\/dekoracyjnacegla.pl\/de\/produkt\/optimum-glasschiebetueren-nach-mass\/#primaryimage","url":"https:\/\/dekoracyjnacegla.pl\/wp-content\/uploads\/2025\/06\/drzwi-szklane-przesuwne-optimum-na-wymiar666.jpg","contentUrl":"https:\/\/dekoracyjnacegla.pl\/wp-content\/uploads\/2025\/06\/drzwi-szklane-przesuwne-optimum-na-wymiar666.jpg","width":458,"height":424},{"@type":"BreadcrumbList","@id":"https:\/\/dekoracyjnacegla.pl\/de\/produkt\/optimum-glasschiebetueren-nach-mass\/#breadcrumb","itemListElement":[{"@type":"ListItem","position":1,"name":"Strona g\u0142\u00f3wna","item":"https:\/\/dekoracyjnacegla.pl\/de\/start\/"},{"@type":"ListItem","position":2,"name":"Sklep","item":"https:\/\/dekoracyjnacegla.pl\/sklep\/"},{"@type":"ListItem","position":3,"name":"OPTIMUM Glasschiebet\u00fcren nach Ma\u00df"}]},{"@type":"WebSite","@id":"https:\/\/dekoracyjnacegla.pl\/de\/#website","url":"https:\/\/dekoracyjnacegla.pl\/de\/","name":"Dekoracyjna Ceg\u0142a","description":"P\u0142ytki z ceg\u0142y | Retro Ceg\u0142a","publisher":{"@id":"https:\/\/dekoracyjnacegla.pl\/de\/#organization"},"potentialAction":[{"@type":"SearchAction","target":{"@type":"EntryPoint","urlTemplate":"https:\/\/dekoracyjnacegla.pl\/de\/?s={search_term_string}"},"query-input":{"@type":"PropertyValueSpecification","valueRequired":true,"valueName":"search_term_string"}}],"inLanguage":"de"},{"@type":"Organization","@id":"https:\/\/dekoracyjnacegla.pl\/de\/#organization","name":"Dekoracyjna Ceg\u0142a","url":"https:\/\/dekoracyjnacegla.pl\/de\/","logo":{"@type":"ImageObject","inLanguage":"de","@id":"https:\/\/dekoracyjnacegla.pl\/de\/#\/schema\/logo\/image\/","url":"https:\/\/dekoracyjnacegla.pl\/wp-content\/uploads\/2023\/10\/logo.png","contentUrl":"https:\/\/dekoracyjnacegla.pl\/wp-content\/uploads\/2023\/10\/logo.png","width":1199,"height":193,"caption":"Dekoracyjna Ceg\u0142a"},"image":{"@id":"https:\/\/dekoracyjnacegla.pl\/de\/#\/schema\/logo\/image\/"}}]}},"_links":{"self":[{"href":"https:\/\/dekoracyjnacegla.pl\/de\/wp-json\/wp\/v2\/product\/22698","targetHints":{"allow":["GET"]}}],"collection":[{"href":"https:\/\/dekoracyjnacegla.pl\/de\/wp-json\/wp\/v2\/product"}],"about":[{"href":"https:\/\/dekoracyjnacegla.pl\/de\/wp-json\/wp\/v2\/types\/product"}],"wp:featuredmedia":[{"embeddable":true,"href":"https:\/\/dekoracyjnacegla.pl\/de\/wp-json\/wp\/v2\/media\/22699"}],"wp:attachment":[{"href":"https:\/\/dekoracyjnacegla.pl\/de\/wp-json\/wp\/v2\/media?parent=22698"}],"wp:term":[{"taxonomy":"product_brand","embeddable":true,"href":"https:\/\/dekoracyjnacegla.pl\/de\/wp-json\/wp\/v2\/product_brand?post=22698"},{"taxonomy":"product_cat","embeddable":true,"href":"https:\/\/dekoracyjnacegla.pl\/de\/wp-json\/wp\/v2\/product_cat?post=22698"},{"taxonomy":"product_tag","embeddable":true,"href":"https:\/\/dekoracyjnacegla.pl\/de\/wp-json\/wp\/v2\/product_tag?post=22698"}],"curies":[{"name":"wp","href":"https:\/\/api.w.org\/{rel}","templated":true}]}}