{"id":22816,"date":"2025-05-31T14:08:31","date_gmt":"2025-05-31T14:08:31","guid":{"rendered":"https:\/\/dekoracyjnacegla.pl\/produkt\/protectguard-wf-premium\/"},"modified":"2025-05-31T14:08:31","modified_gmt":"2025-05-31T14:08:31","slug":"protectguard-wf-premium","status":"publish","type":"product","link":"https:\/\/dekoracyjnacegla.pl\/de\/produkt\/protectguard-wf-premium\/","title":{"rendered":"ProtectGuard WF Premium"},"content":{"rendered":"<div class=\"elementor-element elementor-element-59e71a05 elementor-widget elementor-widget-text-editor\" data-id=\"59e71a05\" data-element_type=\"widget\" data-widget_type=\"text-editor.default\">\n<div class=\"elementor-widget-container\">\n<div class=\"elementor-text-editor elementor-clearfix\">\n<p>Wasser- und \u00f6labweisende Impr\u00e4gnierung zum Schutz von Baumaterialien, die einen<strong>&#8222;Nasseffekt&#8220;<\/strong> erzeugt<\/p>\n<\/div>\n<p>Verpackung 1 kg<\/p>\n<div class=\"elementor-text-editor elementor-clearfix\">\n<p>ProtectGuard WF Premium ist eine ausgezeichnete Impr\u00e4gnierung f\u00fcr den Schutz aller por\u00f6sen und wenig por\u00f6sen Materialien wie Naturstein, Pflastersteine usw. und verleiht ihnen einen dauerhaften so genannten <strong>Wet-Brick-Effekt<\/strong>, einen <strong>nassen Steineffekt<\/strong> - ein Finish, das die urspr\u00fcngliche Farbe des Materials vertieft.<\/p>\n<div id=\"wd-66016c837b2ce\" class=\"wd-text-block wd-wpb reset-last-child wd-rs-66016c837b2ce text-left \">\n<div class=\"flex-shrink-0 flex flex-col relative items-end\">\n<div class=\"pt-0.5\">\n<div class=\"gizmo-shadow-stroke flex h-6 w-6 items-center justify-center overflow-hidden rounded-full\">\n<div class=\"h-6 w-6\">\n<div class=\"gizmo-shadow-stroke overflow-hidden rounded-full\">ProtectGuard WF Premium ist ein Impr\u00e4gniermittel mit au\u00dfergew\u00f6hnlichen Eigenschaften, das fortschrittlichen Schutz mit einer \u00e4sthetisch ansprechenden Oberfl\u00e4chenbehandlung kombiniert. Es sorgt f\u00fcr einen Wet-Surface-Effekt, der die nat\u00fcrliche Farbe von Materialien vertieft, und sch\u00fctzt vor Wasser, \u00d6l und Flecken f\u00fcr eine einfache Reinigung und Pflege. Es ist UV-best\u00e4ndig, um Alterung zu verhindern, und macht das Material dampfdurchl\u00e4ssig. Dar\u00fcber hinaus ist ProtectGuard WF Premium \u00e4u\u00dferst effizient - mit 1 kg Produkt k\u00f6nnen bis zu 20 m\u00b2 Oberfl\u00e4che abgedeckt werden, was es zu einer wirtschaftlichen Wahl f\u00fcr den langfristigen Schutz vor Verwitterung, Fettflecken und Erosion macht.    <\/div>\n<\/div>\n<\/div>\n<\/div>\n<\/div>\n<\/div>\n<\/div>\n<\/div>\n<\/div>\n<div class=\"elementor-element elementor-element-7cfd9f3 elementor-icon-list--layout-traditional elementor-widget elementor-widget-icon-list\" data-id=\"7cfd9f3\" data-element_type=\"widget\" data-widget_type=\"icon-list.default\">\n<div class=\"elementor-widget-container\">\n<div class=\"wpb_column vc_column_container vc_col-sm-6\">\n<div class=\"vc_column-inner\">\n<div class=\"wpb_wrapper\">\n<div id=\"wd-66014fd290742\" class=\"title-wrapper wd-wpb wd-set-mb reset-last-child wd-rs-66014fd290742 wd-title-color-default wd-title-style-default text-left wd-underline-colored\">\n<div class=\"liner-continer\">\n<h4 class=\"woodmart-title-container title wd-font-weight- wd-fontsize-m\">ZUSAMMENFASSUNG<\/h4>\n<\/div>\n<\/div>\n<ul id=\"wd-5d1f0266126e6\" class=\" wd-rs-5d1f0266126e6 wd-list wd-wpb color-scheme- wd-fontsize-xs wd-type-icon wd-style-default text-left \">\n<li><span class=\"wd-list-content list-content\">Schutz vor Wasser, \u00d6l und Flecken<\/span><\/li>\n<li><span class=\"wd-list-content list-content\">Intensiver Nasseffekt, der die Farbe vertieft<\/span><\/li>\n<li><span class=\"wd-list-content list-content\">Langfristige Immunit\u00e4t<\/span><\/li>\n<li><span class=\"wd-list-content list-content\">Kann f\u00fcr eine breite Palette von Materialien verwendet werden<\/span><\/li>\n<li><span class=\"wd-list-content list-content\">Bildet keinen Film, l\u00e4sst das Material atmen<\/span><\/li>\n<li><span class=\"wd-list-content list-content\">Hohe Leistung<\/span><\/li>\n<li><span class=\"wd-list-content list-content\">Verz\u00f6gert die Alterung und erleichtert die Pflege<\/span><\/li>\n<li><span class=\"wd-list-content list-content\">Por\u00f6se und leicht por\u00f6se Materialien: Naturstein (Travertin, bayerischer Stein, Blaustein, Marmor, usw.) oder Kunststein, Beton, Terrakotta, usw.<\/span><\/li>\n<li><span class=\"wd-list-content list-content\">Fu\u00dfb\u00f6den und Fassaden<\/span><\/li>\n<li><span class=\"wd-list-content list-content\">Neue oder alte Materialien<\/span><\/li>\n<li><span class=\"wd-list-content list-content\">F\u00fcr innen und au\u00dfen geeignet<\/span><\/li>\n<li><span class=\"wd-list-content list-content\">Empfohlen f\u00fcr Terrassen, Garageneinfahrten, Fu\u00dfg\u00e4ngerzonen, Fassaden, Treppen, den Bereich um Swimmingpools usw.<\/span><\/li>\n<\/ul>\n<\/div>\n<\/div>\n<\/div>\n<div class=\"wpb_column vc_column_container vc_col-sm-6\">\n<div class=\"vc_column-inner\">\n<div class=\"wpb_wrapper\">\n<ul>\n<li>1 Liter reicht f\u00fcr eine Fl\u00e4che von bis zu 7 m\u00b2.<\/li>\n<\/ul>\n<\/div>\n<\/div>\n<\/div>\n<\/div>\n<\/div>\n<div class=\"elementor-element elementor-element-738f2c1e elementor-icon-list--layout-traditional elementor-widget elementor-widget-icon-list\" data-id=\"738f2c1e\" data-element_type=\"widget\" data-widget_type=\"icon-list.default\">\n<div class=\"elementor-widget-container\"><\/div>\n<\/div>\n","protected":false},"excerpt":{"rendered":"<p>Ausgezeichneter Schutz gegen \u00d6l, Fett, Wetter und Graffiti. Impr\u00e4gnierung speziell f\u00fcr Produkte mit Ziegelstruktur. Ideal geeignet f\u00fcr unsere Ziegelfliesen.  <\/p>\n","protected":false},"featured_media":22819,"template":"","meta":[],"product_brand":[],"product_cat":[274,275],"product_tag":[],"class_list":{"0":"post-22816","1":"product","2":"type-product","3":"status-publish","4":"has-post-thumbnail","6":"product_cat-bauchemikalien","7":"product_cat-zubehor","9":"first","10":"onbackorder","11":"shipping-taxable","12":"purchasable","13":"product-type-simple"},"yoast_head":"<!-- This site is optimized with the Yoast SEO plugin v27.3 - https:\/\/yoast.com\/product\/yoast-seo-wordpress\/ -->\n<title>ProtectGuard WF Premium - Dekoracyjna Ceg\u0142a<\/title>\n<meta name=\"robots\" content=\"index, follow, max-snippet:-1, max-image-preview:large, max-video-preview:-1\" \/>\n<link rel=\"canonical\" href=\"https:\/\/dekoracyjnacegla.pl\/de\/produkt\/protectguard-wf-premium\/\" \/>\n<meta property=\"og:locale\" content=\"de_DE\" \/>\n<meta property=\"og:type\" content=\"article\" \/>\n<meta property=\"og:title\" content=\"ProtectGuard WF Premium - Dekoracyjna Ceg\u0142a\" \/>\n<meta property=\"og:description\" content=\"Ausgezeichneter Schutz gegen \u00d6l, Fett, Wetter und Graffiti. Impr\u00e4gnierung speziell f\u00fcr Produkte mit Ziegelstruktur. Ideal geeignet f\u00fcr unsere Ziegelfliesen.\" \/>\n<meta property=\"og:url\" content=\"https:\/\/dekoracyjnacegla.pl\/de\/produkt\/protectguard-wf-premium\/\" \/>\n<meta property=\"og:site_name\" content=\"Dekoracyjna Ceg\u0142a\" \/>\n<meta property=\"og:image\" content=\"https:\/\/dekoracyjnacegla.pl\/wp-content\/uploads\/2025\/05\/mokra-kostka-.png\" \/>\n\t<meta property=\"og:image:width\" content=\"580\" \/>\n\t<meta property=\"og:image:height\" content=\"661\" \/>\n\t<meta property=\"og:image:type\" content=\"image\/png\" \/>\n<meta name=\"twitter:card\" content=\"summary_large_image\" \/>\n<meta name=\"twitter:label1\" content=\"Gesch\u00e4tzte Lesezeit\" \/>\n\t<meta name=\"twitter:data1\" content=\"1\u00a0Minute\" \/>\n<script type=\"application\/ld+json\" class=\"yoast-schema-graph\">{\"@context\":\"https:\\\/\\\/schema.org\",\"@graph\":[{\"@type\":\"WebPage\",\"@id\":\"https:\\\/\\\/dekoracyjnacegla.pl\\\/de\\\/produkt\\\/protectguard-wf-premium\\\/\",\"url\":\"https:\\\/\\\/dekoracyjnacegla.pl\\\/de\\\/produkt\\\/protectguard-wf-premium\\\/\",\"name\":\"ProtectGuard WF Premium - Dekoracyjna Ceg\u0142a\",\"isPartOf\":{\"@id\":\"https:\\\/\\\/dekoracyjnacegla.pl\\\/de\\\/#website\"},\"primaryImageOfPage\":{\"@id\":\"https:\\\/\\\/dekoracyjnacegla.pl\\\/de\\\/produkt\\\/protectguard-wf-premium\\\/#primaryimage\"},\"image\":{\"@id\":\"https:\\\/\\\/dekoracyjnacegla.pl\\\/de\\\/produkt\\\/protectguard-wf-premium\\\/#primaryimage\"},\"thumbnailUrl\":\"https:\\\/\\\/dekoracyjnacegla.pl\\\/wp-content\\\/uploads\\\/2025\\\/05\\\/mokra-kostka-.png\",\"datePublished\":\"2025-05-31T14:08:31+00:00\",\"breadcrumb\":{\"@id\":\"https:\\\/\\\/dekoracyjnacegla.pl\\\/de\\\/produkt\\\/protectguard-wf-premium\\\/#breadcrumb\"},\"inLanguage\":\"de\",\"potentialAction\":[{\"@type\":\"ReadAction\",\"target\":[\"https:\\\/\\\/dekoracyjnacegla.pl\\\/de\\\/produkt\\\/protectguard-wf-premium\\\/\"]}]},{\"@type\":\"ImageObject\",\"inLanguage\":\"de\",\"@id\":\"https:\\\/\\\/dekoracyjnacegla.pl\\\/de\\\/produkt\\\/protectguard-wf-premium\\\/#primaryimage\",\"url\":\"https:\\\/\\\/dekoracyjnacegla.pl\\\/wp-content\\\/uploads\\\/2025\\\/05\\\/mokra-kostka-.png\",\"contentUrl\":\"https:\\\/\\\/dekoracyjnacegla.pl\\\/wp-content\\\/uploads\\\/2025\\\/05\\\/mokra-kostka-.png\",\"width\":580,\"height\":661},{\"@type\":\"BreadcrumbList\",\"@id\":\"https:\\\/\\\/dekoracyjnacegla.pl\\\/de\\\/produkt\\\/protectguard-wf-premium\\\/#breadcrumb\",\"itemListElement\":[{\"@type\":\"ListItem\",\"position\":1,\"name\":\"Strona g\u0142\u00f3wna\",\"item\":\"https:\\\/\\\/dekoracyjnacegla.pl\\\/de\\\/start\\\/\"},{\"@type\":\"ListItem\",\"position\":2,\"name\":\"Sklep\",\"item\":\"https:\\\/\\\/dekoracyjnacegla.pl\\\/sklep\\\/\"},{\"@type\":\"ListItem\",\"position\":3,\"name\":\"ProtectGuard WF Premium\"}]},{\"@type\":\"WebSite\",\"@id\":\"https:\\\/\\\/dekoracyjnacegla.pl\\\/de\\\/#website\",\"url\":\"https:\\\/\\\/dekoracyjnacegla.pl\\\/de\\\/\",\"name\":\"Dekoracyjna Ceg\u0142a\",\"description\":\"P\u0142ytki z ceg\u0142y | Retro Ceg\u0142a\",\"publisher\":{\"@id\":\"https:\\\/\\\/dekoracyjnacegla.pl\\\/de\\\/#organization\"},\"potentialAction\":[{\"@type\":\"SearchAction\",\"target\":{\"@type\":\"EntryPoint\",\"urlTemplate\":\"https:\\\/\\\/dekoracyjnacegla.pl\\\/de\\\/?s={search_term_string}\"},\"query-input\":{\"@type\":\"PropertyValueSpecification\",\"valueRequired\":true,\"valueName\":\"search_term_string\"}}],\"inLanguage\":\"de\"},{\"@type\":\"Organization\",\"@id\":\"https:\\\/\\\/dekoracyjnacegla.pl\\\/de\\\/#organization\",\"name\":\"Dekoracyjna Ceg\u0142a\",\"url\":\"https:\\\/\\\/dekoracyjnacegla.pl\\\/de\\\/\",\"logo\":{\"@type\":\"ImageObject\",\"inLanguage\":\"de\",\"@id\":\"https:\\\/\\\/dekoracyjnacegla.pl\\\/de\\\/#\\\/schema\\\/logo\\\/image\\\/\",\"url\":\"https:\\\/\\\/dekoracyjnacegla.pl\\\/wp-content\\\/uploads\\\/2023\\\/10\\\/logo.png\",\"contentUrl\":\"https:\\\/\\\/dekoracyjnacegla.pl\\\/wp-content\\\/uploads\\\/2023\\\/10\\\/logo.png\",\"width\":1199,\"height\":193,\"caption\":\"Dekoracyjna Ceg\u0142a\"},\"image\":{\"@id\":\"https:\\\/\\\/dekoracyjnacegla.pl\\\/de\\\/#\\\/schema\\\/logo\\\/image\\\/\"}}]}<\/script>\n<!-- \/ Yoast SEO plugin. -->","yoast_head_json":{"title":"ProtectGuard WF Premium - Dekoracyjna Ceg\u0142a","robots":{"index":"index","follow":"follow","max-snippet":"max-snippet:-1","max-image-preview":"max-image-preview:large","max-video-preview":"max-video-preview:-1"},"canonical":"https:\/\/dekoracyjnacegla.pl\/de\/produkt\/protectguard-wf-premium\/","og_locale":"de_DE","og_type":"article","og_title":"ProtectGuard WF Premium - Dekoracyjna Ceg\u0142a","og_description":"Ausgezeichneter Schutz gegen \u00d6l, Fett, Wetter und Graffiti. Impr\u00e4gnierung speziell f\u00fcr Produkte mit Ziegelstruktur. Ideal geeignet f\u00fcr unsere Ziegelfliesen.","og_url":"https:\/\/dekoracyjnacegla.pl\/de\/produkt\/protectguard-wf-premium\/","og_site_name":"Dekoracyjna Ceg\u0142a","og_image":[{"width":580,"height":661,"url":"https:\/\/dekoracyjnacegla.pl\/wp-content\/uploads\/2025\/05\/mokra-kostka-.png","type":"image\/png"}],"twitter_card":"summary_large_image","twitter_misc":{"Gesch\u00e4tzte Lesezeit":"1\u00a0Minute"},"schema":{"@context":"https:\/\/schema.org","@graph":[{"@type":"WebPage","@id":"https:\/\/dekoracyjnacegla.pl\/de\/produkt\/protectguard-wf-premium\/","url":"https:\/\/dekoracyjnacegla.pl\/de\/produkt\/protectguard-wf-premium\/","name":"ProtectGuard WF Premium - Dekoracyjna Ceg\u0142a","isPartOf":{"@id":"https:\/\/dekoracyjnacegla.pl\/de\/#website"},"primaryImageOfPage":{"@id":"https:\/\/dekoracyjnacegla.pl\/de\/produkt\/protectguard-wf-premium\/#primaryimage"},"image":{"@id":"https:\/\/dekoracyjnacegla.pl\/de\/produkt\/protectguard-wf-premium\/#primaryimage"},"thumbnailUrl":"https:\/\/dekoracyjnacegla.pl\/wp-content\/uploads\/2025\/05\/mokra-kostka-.png","datePublished":"2025-05-31T14:08:31+00:00","breadcrumb":{"@id":"https:\/\/dekoracyjnacegla.pl\/de\/produkt\/protectguard-wf-premium\/#breadcrumb"},"inLanguage":"de","potentialAction":[{"@type":"ReadAction","target":["https:\/\/dekoracyjnacegla.pl\/de\/produkt\/protectguard-wf-premium\/"]}]},{"@type":"ImageObject","inLanguage":"de","@id":"https:\/\/dekoracyjnacegla.pl\/de\/produkt\/protectguard-wf-premium\/#primaryimage","url":"https:\/\/dekoracyjnacegla.pl\/wp-content\/uploads\/2025\/05\/mokra-kostka-.png","contentUrl":"https:\/\/dekoracyjnacegla.pl\/wp-content\/uploads\/2025\/05\/mokra-kostka-.png","width":580,"height":661},{"@type":"BreadcrumbList","@id":"https:\/\/dekoracyjnacegla.pl\/de\/produkt\/protectguard-wf-premium\/#breadcrumb","itemListElement":[{"@type":"ListItem","position":1,"name":"Strona g\u0142\u00f3wna","item":"https:\/\/dekoracyjnacegla.pl\/de\/start\/"},{"@type":"ListItem","position":2,"name":"Sklep","item":"https:\/\/dekoracyjnacegla.pl\/sklep\/"},{"@type":"ListItem","position":3,"name":"ProtectGuard WF Premium"}]},{"@type":"WebSite","@id":"https:\/\/dekoracyjnacegla.pl\/de\/#website","url":"https:\/\/dekoracyjnacegla.pl\/de\/","name":"Dekoracyjna Ceg\u0142a","description":"P\u0142ytki z ceg\u0142y | Retro Ceg\u0142a","publisher":{"@id":"https:\/\/dekoracyjnacegla.pl\/de\/#organization"},"potentialAction":[{"@type":"SearchAction","target":{"@type":"EntryPoint","urlTemplate":"https:\/\/dekoracyjnacegla.pl\/de\/?s={search_term_string}"},"query-input":{"@type":"PropertyValueSpecification","valueRequired":true,"valueName":"search_term_string"}}],"inLanguage":"de"},{"@type":"Organization","@id":"https:\/\/dekoracyjnacegla.pl\/de\/#organization","name":"Dekoracyjna Ceg\u0142a","url":"https:\/\/dekoracyjnacegla.pl\/de\/","logo":{"@type":"ImageObject","inLanguage":"de","@id":"https:\/\/dekoracyjnacegla.pl\/de\/#\/schema\/logo\/image\/","url":"https:\/\/dekoracyjnacegla.pl\/wp-content\/uploads\/2023\/10\/logo.png","contentUrl":"https:\/\/dekoracyjnacegla.pl\/wp-content\/uploads\/2023\/10\/logo.png","width":1199,"height":193,"caption":"Dekoracyjna Ceg\u0142a"},"image":{"@id":"https:\/\/dekoracyjnacegla.pl\/de\/#\/schema\/logo\/image\/"}}]}},"_links":{"self":[{"href":"https:\/\/dekoracyjnacegla.pl\/de\/wp-json\/wp\/v2\/product\/22816","targetHints":{"allow":["GET"]}}],"collection":[{"href":"https:\/\/dekoracyjnacegla.pl\/de\/wp-json\/wp\/v2\/product"}],"about":[{"href":"https:\/\/dekoracyjnacegla.pl\/de\/wp-json\/wp\/v2\/types\/product"}],"wp:featuredmedia":[{"embeddable":true,"href":"https:\/\/dekoracyjnacegla.pl\/de\/wp-json\/wp\/v2\/media\/22819"}],"wp:attachment":[{"href":"https:\/\/dekoracyjnacegla.pl\/de\/wp-json\/wp\/v2\/media?parent=22816"}],"wp:term":[{"taxonomy":"product_brand","embeddable":true,"href":"https:\/\/dekoracyjnacegla.pl\/de\/wp-json\/wp\/v2\/product_brand?post=22816"},{"taxonomy":"product_cat","embeddable":true,"href":"https:\/\/dekoracyjnacegla.pl\/de\/wp-json\/wp\/v2\/product_cat?post=22816"},{"taxonomy":"product_tag","embeddable":true,"href":"https:\/\/dekoracyjnacegla.pl\/de\/wp-json\/wp\/v2\/product_tag?post=22816"}],"curies":[{"name":"wp","href":"https:\/\/api.w.org\/{rel}","templated":true}]}}