{"id":23446,"date":"2025-06-29T22:40:30","date_gmt":"2025-06-29T22:40:30","guid":{"rendered":"https:\/\/dekoracyjnacegla.pl\/produkt\/glastuer-zum-oeffnen-loft-festes-oberlicht-horizontale-und-vertikale-sprossen-massanfertigung\/"},"modified":"2025-06-29T22:40:30","modified_gmt":"2025-06-29T22:40:30","slug":"glastuer-zum-oeffnen-loft-festes-oberlicht-horizontale-und-vertikale-sprossen-massanfertigung","status":"publish","type":"product","link":"https:\/\/dekoracyjnacegla.pl\/de\/produkt\/glastuer-zum-oeffnen-loft-festes-oberlicht-horizontale-und-vertikale-sprossen-massanfertigung\/","title":{"rendered":"Glast\u00fcr zum \u00d6ffnen LOFT + festes Oberlicht + horizontale und vertikale Sprossen (Ma\u00dfanfertigung)"},"content":{"rendered":"<h3 data-start=\"253\" data-end=\"363\"><strong data-start=\"257\" data-end=\"363\">LOFT Glast\u00fcr mit seitlicher und oberer Beleuchtung - Rahmenmontage mit Dichtung<\/strong><\/h3>\n<p data-start=\"365\" data-end=\"715\"><strong data-start=\"365\" data-end=\"410\">Die moderne Glast\u00fcr LOFT<\/strong> ist die ideale L\u00f6sung f\u00fcr R\u00e4ume, die eine \u00e4sthetisch ansprechende und funktionelle Trennung von R\u00e4umen erfordern. Dieses T\u00fcrmodell fungiert als traditioneller einseitig \u00f6ffnender Fl\u00fcgel und sorgt dank der Dichtungen am Umfang des T\u00fcrrahmens und im Oberlichtrahmen f\u00fcr hohe Dichtigkeit und Komfort. <\/p>\n<h4 data-start=\"717\" data-end=\"741\"><strong data-start=\"722\" data-end=\"741\">Produktmerkmale:<\/strong><\/h4>\n<ul data-start=\"743\" data-end=\"1337\">\n<li data-start=\"743\" data-end=\"795\">\n<p data-start=\"745\" data-end=\"795\"><strong data-start=\"745\" data-end=\"759\">T\u00fcrtyp:<\/strong> Glas\u00f6ffnung (einseitig)<\/p>\n<\/li>\n<li data-start=\"796\" data-end=\"875\">\n<p data-start=\"798\" data-end=\"875\"><strong data-start=\"798\" data-end=\"809\">Montage:<\/strong> in T\u00fcrrahmen mit Dichtung, in Einbauten mit Seiten- und Oberlicht<\/p>\n<\/li>\n<li data-start=\"876\" data-end=\"966\">\n<p data-start=\"878\" data-end=\"966\"><strong data-start=\"878\" data-end=\"895\">Verwendung:<\/strong> um zwei R\u00e4ume zu trennen (z.B. Wohnzimmer-Schrank, K\u00fcche-Esszimmer)<\/p>\n<\/li>\n<li data-start=\"967\" data-end=\"1053\">\n<p data-start=\"969\" data-end=\"1053\"><strong data-start=\"969\" data-end=\"979\">Glas:<\/strong> geh\u00e4rtet - w\u00e4hlen Sie aus einer gro\u00dfen Auswahl (klar, mattiert, gemustert)<\/p>\n<\/li>\n<li data-start=\"1054\" data-end=\"1122\">\n<p data-start=\"1056\" data-end=\"1122\"><strong data-start=\"1056\" data-end=\"1070\">Oberlichter:<\/strong> Seiten- und Oberlichter - montiert auf gedichteten Rahmen<\/p>\n<\/li>\n<li data-start=\"1123\" data-end=\"1192\">\n<p data-start=\"1125\" data-end=\"1192\"><strong data-start=\"1125\" data-end=\"1143\">Abdichtung:<\/strong> um den gesamten Umfang des T\u00fcrrahmens und im Rahmen des Oberlichts<\/p>\n<\/li>\n<li data-start=\"1193\" data-end=\"1337\">\n<p data-start=\"1195\" data-end=\"1337\"><strong data-start=\"1195\" data-end=\"1226\">Farben der Beschl\u00e4ge und des T\u00fcrrahmens:<\/strong> Aluminium \/ Edelstahl \/ LOFT mattschwarz oder jede RAL-Farbe (z.B. wei\u00df, grau, graphit - auf Anfrage)<\/p>\n<\/li>\n<\/ul>\n<hr data-start=\"1339\" data-end=\"1342\">\n<h4 data-start=\"1344\" data-end=\"1368\"><strong data-start=\"1349\" data-end=\"1368\">Das Set enth\u00e4lt:<\/strong><\/h4>\n<ul data-start=\"1370\" data-end=\"1636\">\n<li data-start=\"1370\" data-end=\"1402\">\n<p data-start=\"1372\" data-end=\"1402\">1x Platte aus <strong data-start=\"1387\" data-end=\"1402\">geh\u00e4rtetem<\/strong> Glas<\/p>\n<\/li>\n<li data-start=\"1403\" data-end=\"1441\">\n<p data-start=\"1405\" data-end=\"1441\">2x <strong data-start=\"1408\" data-end=\"1418\">Rahmenscharnier<\/strong> <\/p>\n<\/li>\n<li data-start=\"1442\" data-end=\"1465\">\n<p data-start=\"1444\" data-end=\"1465\">1x <strong data-start=\"1447\" data-end=\"1465\">Schloss mit Griff<\/strong><\/p>\n<\/li>\n<li data-start=\"1466\" data-end=\"1491\">\n<p data-start=\"1468\" data-end=\"1491\">1x <strong data-start=\"1471\" data-end=\"1491\">Schlie\u00dfblech<\/strong><\/p>\n<\/li>\n<li data-start=\"1492\" data-end=\"1527\">\n<p data-start=\"1494\" data-end=\"1527\"><strong data-start=\"1502\" data-end=\"1527\">T\u00fcrrahmenset mit Dichtungen<\/strong><\/p>\n<\/li>\n<li data-start=\"1528\" data-end=\"1573\">\n<p data-start=\"1530\" data-end=\"1573\">Satz <strong data-start=\"1538\" data-end=\"1560\">Dachfenster-Montageleisten<\/strong> <\/p>\n<\/li>\n<li data-start=\"1574\" data-end=\"1611\">\n<p data-start=\"1576\" data-end=\"1611\"><strong data-start=\"1576\" data-end=\"1601\">24 Monate Garantie<\/strong> auf Beschl\u00e4ge<\/p>\n<\/li>\n<li data-start=\"1612\" data-end=\"1636\">\n<p data-start=\"1614\" data-end=\"1636\"><strong data-start=\"1614\" data-end=\"1636\">Anweisungen zur Installation<\/strong><\/p>\n<\/li>\n<\/ul>\n<hr data-start=\"1638\" data-end=\"1641\">\n<h4 data-start=\"1643\" data-end=\"1705\"><strong data-start=\"1648\" data-end=\"1705\">Warum eine Glast\u00fcr von LOFT?<\/strong><\/h4>\n<p data-start=\"1707\" data-end=\"1980\">\u2705 Modernes und elegantes Design<br data-start=\"1738\" data-end=\"1741\">\u2705 Funktionalit\u00e4t - luftdichte Abtrennung zwischen R\u00e4umen<br data-start=\"1801\" data-end=\"1804\">\u2705 Gro\u00dfe Auswahl an Glas und Farbgestaltung<br data-start=\"1856\" data-end=\"1859\">\u2705 Komplettes Montageset - einbaufertig<br data-start=\"1910\" data-end=\"1913\">\u2705 Kann auf Ma\u00df und in kundenspezifischen Konfigurationen hergestellt werden<\/p>\n<hr data-start=\"1982\" data-end=\"1985\">\n<p data-start=\"1987\" data-end=\"2130\">\ud83d\udce9 <strong data-start=\"1990\" data-end=\"2030\">Haben Sie nicht die richtige Gr\u00f6\u00dfe gefunden?<\/strong> Kontaktieren Sie uns per E-Mail - wir fertigen Glast\u00fcren und Glasgeb\u00e4ude <strong data-start=\"2099\" data-end=\"2129\">nach Ma\u00df<\/strong>.<\/p>\n<hr data-start=\"2132\" data-end=\"2135\">\n<p data-start=\"2137\" data-end=\"2280\">Bestellen Sie <strong data-start=\"2143\" data-end=\"2205\">die LOFT Glast\u00fcr\u00f6ffnung mit seitlichem und oberem Oberlicht<\/strong> und schaffen Sie einen Raum voller Licht, \u00c4sthetik und moderner Funktionalit\u00e4t.<\/p>\n","protected":false},"excerpt":{"rendered":"<h3 data-start=\"240\" data-end=\"294\"><strong data-start=\"244\" data-end=\"294\">Ma\u00dfgeschneiderte Glast\u00fcren verf\u00fcgbar<\/strong><\/h3>\n<p data-start=\"296\" data-end=\"524\">Wir bieten ma\u00dfgeschneiderte Glast\u00fcren <strong data-start=\"332\" data-end=\"358\">f\u00fcr<\/strong> Ihr spezielles Projekt und Ihre Einbaubedingungen. Wenn Sie eine T\u00fcr in einer ungew\u00f6hnlichen Gr\u00f6\u00dfe ben\u00f6tigen, kontaktieren Sie uns bitte f\u00fcr ein Angebot. <\/p>\n<p data-start=\"526\" data-end=\"720\">\u2705 <strong data-start=\"528\" data-end=\"547\">Ma\u00dfgeschneiderte T\u00fcren<\/strong> - die ideale L\u00f6sung f\u00fcr nicht standardisierte T\u00fcr\u00f6ffnungen<br data-start=\"608\" data-end=\"611\">\u2705 Auswahl an Glas: klar, matt, ornamental, mit Grafik<br data-start=\"682\" data-end=\"685\">\u2705 Auswahl an Beschl\u00e4gen und RAL-Farben<\/p>\n<hr data-start=\"722\" data-end=\"725\">\n<h3 data-start=\"727\" data-end=\"768\"><strong data-start=\"731\" data-end=\"768\">Sicherheit und Verarbeitung<\/strong><\/h3>\n<p data-start=\"770\" data-end=\"1027\">Um die h\u00f6chsten Sicherheitsstandards zu gew\u00e4hrleisten, sind alle T\u00fcrbl\u00e4tter aus <strong data-start=\"865\" data-end=\"902\">8 mm starkem, geh\u00e4rtetem Glas<\/strong> gefertigt. Geh\u00e4rtetes Glas ist sto\u00dffest und sicher, wenn es zerbricht - es zersplittert in kleine, unscharfe Fragmente. <\/p>\n<hr data-start=\"1029\" data-end=\"1032\">\n<h3 data-start=\"1034\" data-end=\"1084\"><strong data-start=\"1038\" data-end=\"1084\">Technische Informationen: Einbau\u00f6ffnung<\/strong><\/h3>\n<p data-start=\"1086\" data-end=\"1320\">Aufgrund der technischen Eigenschaften und der Einbaumethode wird die T\u00fcr <strong data-start=\"1162\" data-end=\"1216\">einen technischen Spalt von ca. 6-7 mm<\/strong> aufweisen, was bei dieser Art von Konstruktion Standard ist und die \u00c4sthetik und Funktionalit\u00e4t der Nutzung nicht beeintr\u00e4chtigt.<\/p>\n","protected":false},"featured_media":23447,"template":"","meta":[],"product_brand":[],"product_cat":[281],"product_tag":[],"class_list":{"0":"post-23446","1":"product","2":"type-product","3":"status-publish","4":"has-post-thumbnail","6":"product_cat-dachbodenturen","8":"first","9":"onbackorder","10":"shipping-taxable","11":"product-type-simple"},"yoast_head":"<!-- This site is optimized with the Yoast SEO plugin v27.4 - https:\/\/yoast.com\/product\/yoast-seo-wordpress\/ -->\n<title>Glast\u00fcr zum \u00d6ffnen LOFT + festes Oberlicht + horizontale und vertikale Sprossen (Ma\u00dfanfertigung) - Dekoracyjna Ceg\u0142a<\/title>\n<meta name=\"robots\" content=\"index, follow, max-snippet:-1, max-image-preview:large, max-video-preview:-1\" \/>\n<link rel=\"canonical\" href=\"https:\/\/dekoracyjnacegla.pl\/de\/produkt\/glastuer-zum-oeffnen-loft-festes-oberlicht-horizontale-und-vertikale-sprossen-massanfertigung\/\" \/>\n<meta property=\"og:locale\" content=\"de_DE\" \/>\n<meta property=\"og:type\" content=\"article\" \/>\n<meta property=\"og:title\" content=\"Glast\u00fcr zum \u00d6ffnen LOFT + festes Oberlicht + horizontale und vertikale Sprossen (Ma\u00dfanfertigung) - Dekoracyjna Ceg\u0142a\" \/>\n<meta property=\"og:description\" content=\"Ma\u00dfgeschneiderte Glast\u00fcren verf\u00fcgbar Wir bieten ma\u00dfgeschneiderte Glast\u00fcren f\u00fcr Ihr spezielles Projekt und Ihre Einbaubedingungen. Wenn Sie eine T\u00fcr in einer ungew\u00f6hnlichen Gr\u00f6\u00dfe ben\u00f6tigen, kontaktieren Sie uns bitte f\u00fcr ein Angebot. \u2705 Ma\u00dfgeschneiderte T\u00fcren - die ideale L\u00f6sung f\u00fcr nicht standardisierte T\u00fcr\u00f6ffnungen\u2705 Auswahl an Glas: klar, matt, ornamental, mit Grafik\u2705 Auswahl an Beschl\u00e4gen und RAL-Farben   Sicherheit und Verarbeitung Um die h\u00f6chsten Sicherheitsstandards zu gew\u00e4hrleisten, sind alle T\u00fcrbl\u00e4tter aus 8 mm starkem, geh\u00e4rtetem Glas gefertigt. Geh\u00e4rtetes Glas ist sto\u00dffest und sicher, wenn es zerbricht - es zersplittert in kleine, unscharfe Fragmente.   Technische Informationen: Einbau\u00f6ffnung Aufgrund der technischen Eigenschaften und der Einbaumethode wird die T\u00fcr einen technischen Spalt von ca. 6-7 mm aufweisen, was bei dieser Art von Konstruktion Standard ist und die \u00c4sthetik und Funktionalit\u00e4t der Nutzung nicht beeintr\u00e4chtigt.\" \/>\n<meta property=\"og:url\" content=\"https:\/\/dekoracyjnacegla.pl\/de\/produkt\/glastuer-zum-oeffnen-loft-festes-oberlicht-horizontale-und-vertikale-sprossen-massanfertigung\/\" \/>\n<meta property=\"og:site_name\" content=\"Dekoracyjna Ceg\u0142a\" \/>\n<meta property=\"og:image\" content=\"https:\/\/dekoracyjnacegla.pl\/wp-content\/uploads\/2025\/06\/nnwymi.jpg\" \/>\n\t<meta property=\"og:image:width\" content=\"800\" \/>\n\t<meta property=\"og:image:height\" content=\"800\" \/>\n\t<meta property=\"og:image:type\" content=\"image\/jpeg\" \/>\n<meta name=\"twitter:card\" content=\"summary_large_image\" \/>\n<meta name=\"twitter:label1\" content=\"Gesch\u00e4tzte Lesezeit\" \/>\n\t<meta name=\"twitter:data1\" content=\"1\u00a0Minute\" \/>\n<script type=\"application\/ld+json\" class=\"yoast-schema-graph\">{\"@context\":\"https:\\\/\\\/schema.org\",\"@graph\":[{\"@type\":\"WebPage\",\"@id\":\"https:\\\/\\\/dekoracyjnacegla.pl\\\/de\\\/produkt\\\/glastuer-zum-oeffnen-loft-festes-oberlicht-horizontale-und-vertikale-sprossen-massanfertigung\\\/\",\"url\":\"https:\\\/\\\/dekoracyjnacegla.pl\\\/de\\\/produkt\\\/glastuer-zum-oeffnen-loft-festes-oberlicht-horizontale-und-vertikale-sprossen-massanfertigung\\\/\",\"name\":\"Glast\u00fcr zum \u00d6ffnen LOFT + festes Oberlicht + horizontale und vertikale Sprossen (Ma\u00dfanfertigung) - Dekoracyjna Ceg\u0142a\",\"isPartOf\":{\"@id\":\"https:\\\/\\\/dekoracyjnacegla.pl\\\/de\\\/#website\"},\"primaryImageOfPage\":{\"@id\":\"https:\\\/\\\/dekoracyjnacegla.pl\\\/de\\\/produkt\\\/glastuer-zum-oeffnen-loft-festes-oberlicht-horizontale-und-vertikale-sprossen-massanfertigung\\\/#primaryimage\"},\"image\":{\"@id\":\"https:\\\/\\\/dekoracyjnacegla.pl\\\/de\\\/produkt\\\/glastuer-zum-oeffnen-loft-festes-oberlicht-horizontale-und-vertikale-sprossen-massanfertigung\\\/#primaryimage\"},\"thumbnailUrl\":\"https:\\\/\\\/dekoracyjnacegla.pl\\\/wp-content\\\/uploads\\\/2025\\\/06\\\/nnwymi.jpg\",\"datePublished\":\"2025-06-29T22:40:30+00:00\",\"breadcrumb\":{\"@id\":\"https:\\\/\\\/dekoracyjnacegla.pl\\\/de\\\/produkt\\\/glastuer-zum-oeffnen-loft-festes-oberlicht-horizontale-und-vertikale-sprossen-massanfertigung\\\/#breadcrumb\"},\"inLanguage\":\"de\",\"potentialAction\":[{\"@type\":\"ReadAction\",\"target\":[\"https:\\\/\\\/dekoracyjnacegla.pl\\\/de\\\/produkt\\\/glastuer-zum-oeffnen-loft-festes-oberlicht-horizontale-und-vertikale-sprossen-massanfertigung\\\/\"]}]},{\"@type\":\"ImageObject\",\"inLanguage\":\"de\",\"@id\":\"https:\\\/\\\/dekoracyjnacegla.pl\\\/de\\\/produkt\\\/glastuer-zum-oeffnen-loft-festes-oberlicht-horizontale-und-vertikale-sprossen-massanfertigung\\\/#primaryimage\",\"url\":\"https:\\\/\\\/dekoracyjnacegla.pl\\\/wp-content\\\/uploads\\\/2025\\\/06\\\/nnwymi.jpg\",\"contentUrl\":\"https:\\\/\\\/dekoracyjnacegla.pl\\\/wp-content\\\/uploads\\\/2025\\\/06\\\/nnwymi.jpg\",\"width\":800,\"height\":800},{\"@type\":\"BreadcrumbList\",\"@id\":\"https:\\\/\\\/dekoracyjnacegla.pl\\\/de\\\/produkt\\\/glastuer-zum-oeffnen-loft-festes-oberlicht-horizontale-und-vertikale-sprossen-massanfertigung\\\/#breadcrumb\",\"itemListElement\":[{\"@type\":\"ListItem\",\"position\":1,\"name\":\"Strona g\u0142\u00f3wna\",\"item\":\"https:\\\/\\\/dekoracyjnacegla.pl\\\/de\\\/start\\\/\"},{\"@type\":\"ListItem\",\"position\":2,\"name\":\"Sklep\",\"item\":\"https:\\\/\\\/dekoracyjnacegla.pl\\\/sklep\\\/\"},{\"@type\":\"ListItem\",\"position\":3,\"name\":\"Glast\u00fcr zum \u00d6ffnen LOFT + festes Oberlicht + horizontale und vertikale Sprossen (Ma\u00dfanfertigung)\"}]},{\"@type\":\"WebSite\",\"@id\":\"https:\\\/\\\/dekoracyjnacegla.pl\\\/de\\\/#website\",\"url\":\"https:\\\/\\\/dekoracyjnacegla.pl\\\/de\\\/\",\"name\":\"Dekoracyjna Ceg\u0142a\",\"description\":\"P\u0142ytki z ceg\u0142y | Retro Ceg\u0142a\",\"publisher\":{\"@id\":\"https:\\\/\\\/dekoracyjnacegla.pl\\\/de\\\/#organization\"},\"potentialAction\":[{\"@type\":\"SearchAction\",\"target\":{\"@type\":\"EntryPoint\",\"urlTemplate\":\"https:\\\/\\\/dekoracyjnacegla.pl\\\/de\\\/?s={search_term_string}\"},\"query-input\":{\"@type\":\"PropertyValueSpecification\",\"valueRequired\":true,\"valueName\":\"search_term_string\"}}],\"inLanguage\":\"de\"},{\"@type\":\"Organization\",\"@id\":\"https:\\\/\\\/dekoracyjnacegla.pl\\\/de\\\/#organization\",\"name\":\"Dekoracyjna Ceg\u0142a\",\"url\":\"https:\\\/\\\/dekoracyjnacegla.pl\\\/de\\\/\",\"logo\":{\"@type\":\"ImageObject\",\"inLanguage\":\"de\",\"@id\":\"https:\\\/\\\/dekoracyjnacegla.pl\\\/de\\\/#\\\/schema\\\/logo\\\/image\\\/\",\"url\":\"https:\\\/\\\/dekoracyjnacegla.pl\\\/wp-content\\\/uploads\\\/2023\\\/10\\\/logo.png\",\"contentUrl\":\"https:\\\/\\\/dekoracyjnacegla.pl\\\/wp-content\\\/uploads\\\/2023\\\/10\\\/logo.png\",\"width\":1199,\"height\":193,\"caption\":\"Dekoracyjna Ceg\u0142a\"},\"image\":{\"@id\":\"https:\\\/\\\/dekoracyjnacegla.pl\\\/de\\\/#\\\/schema\\\/logo\\\/image\\\/\"}}]}<\/script>\n<!-- \/ Yoast SEO plugin. -->","yoast_head_json":{"title":"Glast\u00fcr zum \u00d6ffnen LOFT + festes Oberlicht + horizontale und vertikale Sprossen (Ma\u00dfanfertigung) - Dekoracyjna Ceg\u0142a","robots":{"index":"index","follow":"follow","max-snippet":"max-snippet:-1","max-image-preview":"max-image-preview:large","max-video-preview":"max-video-preview:-1"},"canonical":"https:\/\/dekoracyjnacegla.pl\/de\/produkt\/glastuer-zum-oeffnen-loft-festes-oberlicht-horizontale-und-vertikale-sprossen-massanfertigung\/","og_locale":"de_DE","og_type":"article","og_title":"Glast\u00fcr zum \u00d6ffnen LOFT + festes Oberlicht + horizontale und vertikale Sprossen (Ma\u00dfanfertigung) - Dekoracyjna Ceg\u0142a","og_description":"Ma\u00dfgeschneiderte Glast\u00fcren verf\u00fcgbar Wir bieten ma\u00dfgeschneiderte Glast\u00fcren f\u00fcr Ihr spezielles Projekt und Ihre Einbaubedingungen. Wenn Sie eine T\u00fcr in einer ungew\u00f6hnlichen Gr\u00f6\u00dfe ben\u00f6tigen, kontaktieren Sie uns bitte f\u00fcr ein Angebot. \u2705 Ma\u00dfgeschneiderte T\u00fcren - die ideale L\u00f6sung f\u00fcr nicht standardisierte T\u00fcr\u00f6ffnungen\u2705 Auswahl an Glas: klar, matt, ornamental, mit Grafik\u2705 Auswahl an Beschl\u00e4gen und RAL-Farben   Sicherheit und Verarbeitung Um die h\u00f6chsten Sicherheitsstandards zu gew\u00e4hrleisten, sind alle T\u00fcrbl\u00e4tter aus 8 mm starkem, geh\u00e4rtetem Glas gefertigt. Geh\u00e4rtetes Glas ist sto\u00dffest und sicher, wenn es zerbricht - es zersplittert in kleine, unscharfe Fragmente.   Technische Informationen: Einbau\u00f6ffnung Aufgrund der technischen Eigenschaften und der Einbaumethode wird die T\u00fcr einen technischen Spalt von ca. 6-7 mm aufweisen, was bei dieser Art von Konstruktion Standard ist und die \u00c4sthetik und Funktionalit\u00e4t der Nutzung nicht beeintr\u00e4chtigt.","og_url":"https:\/\/dekoracyjnacegla.pl\/de\/produkt\/glastuer-zum-oeffnen-loft-festes-oberlicht-horizontale-und-vertikale-sprossen-massanfertigung\/","og_site_name":"Dekoracyjna Ceg\u0142a","og_image":[{"width":800,"height":800,"url":"https:\/\/dekoracyjnacegla.pl\/wp-content\/uploads\/2025\/06\/nnwymi.jpg","type":"image\/jpeg"}],"twitter_card":"summary_large_image","twitter_misc":{"Gesch\u00e4tzte Lesezeit":"1\u00a0Minute"},"schema":{"@context":"https:\/\/schema.org","@graph":[{"@type":"WebPage","@id":"https:\/\/dekoracyjnacegla.pl\/de\/produkt\/glastuer-zum-oeffnen-loft-festes-oberlicht-horizontale-und-vertikale-sprossen-massanfertigung\/","url":"https:\/\/dekoracyjnacegla.pl\/de\/produkt\/glastuer-zum-oeffnen-loft-festes-oberlicht-horizontale-und-vertikale-sprossen-massanfertigung\/","name":"Glast\u00fcr zum \u00d6ffnen LOFT + festes Oberlicht + horizontale und vertikale Sprossen (Ma\u00dfanfertigung) - Dekoracyjna Ceg\u0142a","isPartOf":{"@id":"https:\/\/dekoracyjnacegla.pl\/de\/#website"},"primaryImageOfPage":{"@id":"https:\/\/dekoracyjnacegla.pl\/de\/produkt\/glastuer-zum-oeffnen-loft-festes-oberlicht-horizontale-und-vertikale-sprossen-massanfertigung\/#primaryimage"},"image":{"@id":"https:\/\/dekoracyjnacegla.pl\/de\/produkt\/glastuer-zum-oeffnen-loft-festes-oberlicht-horizontale-und-vertikale-sprossen-massanfertigung\/#primaryimage"},"thumbnailUrl":"https:\/\/dekoracyjnacegla.pl\/wp-content\/uploads\/2025\/06\/nnwymi.jpg","datePublished":"2025-06-29T22:40:30+00:00","breadcrumb":{"@id":"https:\/\/dekoracyjnacegla.pl\/de\/produkt\/glastuer-zum-oeffnen-loft-festes-oberlicht-horizontale-und-vertikale-sprossen-massanfertigung\/#breadcrumb"},"inLanguage":"de","potentialAction":[{"@type":"ReadAction","target":["https:\/\/dekoracyjnacegla.pl\/de\/produkt\/glastuer-zum-oeffnen-loft-festes-oberlicht-horizontale-und-vertikale-sprossen-massanfertigung\/"]}]},{"@type":"ImageObject","inLanguage":"de","@id":"https:\/\/dekoracyjnacegla.pl\/de\/produkt\/glastuer-zum-oeffnen-loft-festes-oberlicht-horizontale-und-vertikale-sprossen-massanfertigung\/#primaryimage","url":"https:\/\/dekoracyjnacegla.pl\/wp-content\/uploads\/2025\/06\/nnwymi.jpg","contentUrl":"https:\/\/dekoracyjnacegla.pl\/wp-content\/uploads\/2025\/06\/nnwymi.jpg","width":800,"height":800},{"@type":"BreadcrumbList","@id":"https:\/\/dekoracyjnacegla.pl\/de\/produkt\/glastuer-zum-oeffnen-loft-festes-oberlicht-horizontale-und-vertikale-sprossen-massanfertigung\/#breadcrumb","itemListElement":[{"@type":"ListItem","position":1,"name":"Strona g\u0142\u00f3wna","item":"https:\/\/dekoracyjnacegla.pl\/de\/start\/"},{"@type":"ListItem","position":2,"name":"Sklep","item":"https:\/\/dekoracyjnacegla.pl\/sklep\/"},{"@type":"ListItem","position":3,"name":"Glast\u00fcr zum \u00d6ffnen LOFT + festes Oberlicht + horizontale und vertikale Sprossen (Ma\u00dfanfertigung)"}]},{"@type":"WebSite","@id":"https:\/\/dekoracyjnacegla.pl\/de\/#website","url":"https:\/\/dekoracyjnacegla.pl\/de\/","name":"Dekoracyjna Ceg\u0142a","description":"P\u0142ytki z ceg\u0142y | Retro Ceg\u0142a","publisher":{"@id":"https:\/\/dekoracyjnacegla.pl\/de\/#organization"},"potentialAction":[{"@type":"SearchAction","target":{"@type":"EntryPoint","urlTemplate":"https:\/\/dekoracyjnacegla.pl\/de\/?s={search_term_string}"},"query-input":{"@type":"PropertyValueSpecification","valueRequired":true,"valueName":"search_term_string"}}],"inLanguage":"de"},{"@type":"Organization","@id":"https:\/\/dekoracyjnacegla.pl\/de\/#organization","name":"Dekoracyjna Ceg\u0142a","url":"https:\/\/dekoracyjnacegla.pl\/de\/","logo":{"@type":"ImageObject","inLanguage":"de","@id":"https:\/\/dekoracyjnacegla.pl\/de\/#\/schema\/logo\/image\/","url":"https:\/\/dekoracyjnacegla.pl\/wp-content\/uploads\/2023\/10\/logo.png","contentUrl":"https:\/\/dekoracyjnacegla.pl\/wp-content\/uploads\/2023\/10\/logo.png","width":1199,"height":193,"caption":"Dekoracyjna Ceg\u0142a"},"image":{"@id":"https:\/\/dekoracyjnacegla.pl\/de\/#\/schema\/logo\/image\/"}}]}},"_links":{"self":[{"href":"https:\/\/dekoracyjnacegla.pl\/de\/wp-json\/wp\/v2\/product\/23446","targetHints":{"allow":["GET"]}}],"collection":[{"href":"https:\/\/dekoracyjnacegla.pl\/de\/wp-json\/wp\/v2\/product"}],"about":[{"href":"https:\/\/dekoracyjnacegla.pl\/de\/wp-json\/wp\/v2\/types\/product"}],"wp:featuredmedia":[{"embeddable":true,"href":"https:\/\/dekoracyjnacegla.pl\/de\/wp-json\/wp\/v2\/media\/23447"}],"wp:attachment":[{"href":"https:\/\/dekoracyjnacegla.pl\/de\/wp-json\/wp\/v2\/media?parent=23446"}],"wp:term":[{"taxonomy":"product_brand","embeddable":true,"href":"https:\/\/dekoracyjnacegla.pl\/de\/wp-json\/wp\/v2\/product_brand?post=23446"},{"taxonomy":"product_cat","embeddable":true,"href":"https:\/\/dekoracyjnacegla.pl\/de\/wp-json\/wp\/v2\/product_cat?post=23446"},{"taxonomy":"product_tag","embeddable":true,"href":"https:\/\/dekoracyjnacegla.pl\/de\/wp-json\/wp\/v2\/product_tag?post=23446"}],"curies":[{"name":"wp","href":"https:\/\/api.w.org\/{rel}","templated":true}]}}