{"id":23513,"date":"2024-04-09T14:25:29","date_gmt":"2024-04-09T14:25:29","guid":{"rendered":"https:\/\/dekoracyjnacegla.pl\/produkt\/fx-600-ziegel-gel-kleber\/"},"modified":"2024-04-09T14:25:29","modified_gmt":"2024-04-09T14:25:29","slug":"fx-600-ziegel-gel-kleber","status":"publish","type":"product","link":"https:\/\/dekoracyjnacegla.pl\/de\/produkt\/fx-600-ziegel-gel-kleber\/","title":{"rendered":"FX 600 Ziegel Gel-Kleber"},"content":{"rendered":"<div class=\"elementor-element elementor-element-5d176e0 elementor-widget elementor-widget-heading\" data-id=\"5d176e0\" data-element_type=\"widget\" data-widget_type=\"heading.default\">\n<div class=\"elementor-widget-container\">\n<h2>Am h\u00e4ufigsten von Fachleuten f\u00fcr Innenr\u00e4ume gew\u00e4hlt.<\/h2>\n<h2 class=\"elementor-heading-title elementor-size-default\">Der Kleber garantiert eine hochwertige Verbindung mit der Ziegelfliese<\/h2>\n<\/div>\n<\/div>\n<div class=\"elementor-element elementor-element-5d2a0b64 elementor-widget elementor-widget-divider\" data-id=\"5d2a0b64\" data-element_type=\"widget\" data-widget_type=\"divider.default\">\n<div class=\"elementor-widget-container\">\n<div class=\"elementor-divider\"><\/div>\n<\/div>\n<\/div>\n<div class=\"elementor-element elementor-element-3809b759 elementor-widget elementor-widget-text-editor\" data-id=\"3809b759\" data-element_type=\"widget\" data-widget_type=\"text-editor.default\">\n<div class=\"elementor-widget-container\">\n<div class=\"elementor-text-editor elementor-clearfix\">\n<h2>Das Angebot unseres Shops bietet eine umfassende Herangehensweise an das Thema Verlegung eines Ziegelsteins. Au\u00dfergew\u00f6hnlich gute Parameter des Klebers f\u00fcr Ziegelsteine erm\u00f6glichen eine dauerhafte Anwendung und Sicherheit f\u00fcr viele Jahre. <\/h2>\n<\/div>\n<\/div>\n<\/div>\n<div class=\"elementor-element elementor-element-f8e99cd elementor-widget elementor-widget-divider\" data-id=\"f8e99cd\" data-element_type=\"widget\" data-widget_type=\"divider.default\">\n<div class=\"elementor-widget-container\">\n<div class=\"elementor-divider\"><\/div>\n<\/div>\n<\/div>\n<div class=\"elementor-element elementor-element-54a7a9df elementor-widget elementor-widget-heading\" data-id=\"54a7a9df\" data-element_type=\"widget\" data-widget_type=\"heading.default\">\n<div class=\"elementor-widget-container\">\n<h2 class=\"elementor-heading-title elementor-size-default\">Hauptmerkmale von Klebstoff f\u00fcr Ziegel<\/h2>\n<\/div>\n<\/div>\n<div class=\"elementor-element elementor-element-47942e5c elementor-widget elementor-widget-divider\" data-id=\"47942e5c\" data-element_type=\"widget\" data-widget_type=\"divider.default\">\n<div class=\"elementor-widget-container\">\n<div class=\"elementor-divider\"><\/div>\n<\/div>\n<\/div>\n<div class=\"elementor-element elementor-element-7d477403 elementor-icon-list--layout-traditional elementor-widget elementor-widget-icon-list\" data-id=\"7d477403\" data-element_type=\"widget\" data-widget_type=\"icon-list.default\">\n<div class=\"elementor-widget-container\">\n<ul class=\"elementor-icon-list-items\">\n<li class=\"elementor-icon-list-item\"><i class=\"fas fa-dot-circle\" aria-hidden=\"true\"><\/i><span class=\"elementor-icon-list-text\">erm\u00f6glicht das Anbringen von Ziegeln oder Ziegelfliesen an der Wand oder auf dem Boden<\/span><\/li>\n<li class=\"elementor-icon-list-item\"><i class=\"fas fa-dot-circle\" aria-hidden=\"true\"><\/i><span class=\"elementor-icon-list-text\">erm\u00f6glicht das Verkleben von Ziegeln unter internen oder externen Bedingungen<\/span><\/li>\n<li class=\"elementor-icon-list-item\"><i class=\"fas fa-dot-circle\" aria-hidden=\"true\"><\/i><span class=\"elementor-icon-list-text\">die effektive Formulierung des Ziegelklebers garantiert eine hohe Klebeeffizienz<\/span><\/li>\n<li class=\"elementor-icon-list-item\"><i class=\"fas fa-dot-circle\" aria-hidden=\"true\"><\/i><span class=\"elementor-icon-list-text\">einfache Anwendung des Klebstoffs<\/span><\/li>\n<\/ul>\n<h3 class=\"secondary-heading\">\u00dcBER DAS PRODUKT<\/h3>\n<div class=\"product-desc\">\n<ul>\n<li><strong>Flexibler Klebstoff mit verl\u00e4ngerter Verarbeitungszeit<\/strong> zum Verkleben von Fliesen und fleckenunempfindlichen Natursteinbel\u00e4gen<\/li>\n<li>zum Verkleben auf mineralischen Untergr\u00fcnden, Heizestrichen, Gipskartonplatten, Faserplatten, alten Keramikbel\u00e4gen<\/li>\n<li>zum Verkleben von Fliesen in &#8222;nassen&#8220; Bereichen, auf Balkonen, Terrassen, Gehwegen und \u00fcber Isolierbeschichtungen<\/li>\n<li>Verbrauch: ca. 1,2 kg\/m\u00b2\/1 mm <\/li>\n<\/ul>\n<\/div>\n<\/div>\n<\/div>\n","protected":false},"excerpt":{"rendered":"<p>Effizienter Kleber f\u00fcr alte Ziegelfliesen. Das Paket enth\u00e4lt 25 kg Klebstoff. <\/p>\n","protected":false},"featured_media":23515,"template":"","meta":[],"product_brand":[],"product_cat":[274,275],"product_tag":[],"class_list":{"0":"post-23513","1":"product","2":"type-product","3":"status-publish","4":"has-post-thumbnail","6":"product_cat-bauchemikalien","7":"product_cat-zubehor","9":"first","10":"instock","11":"shipping-taxable","12":"purchasable","13":"product-type-simple"},"yoast_head":"<!-- This site is optimized with the Yoast SEO plugin v27.3 - https:\/\/yoast.com\/product\/yoast-seo-wordpress\/ -->\n<title>FX 600 Ziegel Gel-Kleber - Dekoracyjna Ceg\u0142a<\/title>\n<meta name=\"robots\" content=\"index, follow, max-snippet:-1, max-image-preview:large, max-video-preview:-1\" \/>\n<link rel=\"canonical\" href=\"https:\/\/dekoracyjnacegla.pl\/de\/produkt\/fx-600-ziegel-gel-kleber\/\" \/>\n<meta property=\"og:locale\" content=\"de_DE\" \/>\n<meta property=\"og:type\" content=\"article\" \/>\n<meta property=\"og:title\" content=\"FX 600 Ziegel Gel-Kleber - Dekoracyjna Ceg\u0142a\" \/>\n<meta property=\"og:description\" content=\"Effizienter Kleber f\u00fcr alte Ziegelfliesen. Das Paket enth\u00e4lt 25 kg Klebstoff.\" \/>\n<meta property=\"og:url\" content=\"https:\/\/dekoracyjnacegla.pl\/de\/produkt\/fx-600-ziegel-gel-kleber\/\" \/>\n<meta property=\"og:site_name\" content=\"Dekoracyjna Ceg\u0142a\" \/>\n<meta property=\"og:image\" content=\"https:\/\/dekoracyjnacegla.pl\/wp-content\/uploads\/2024\/04\/QUICK-MIX_FX600.webp\" \/>\n\t<meta property=\"og:image:width\" content=\"447\" \/>\n\t<meta property=\"og:image:height\" content=\"577\" \/>\n\t<meta property=\"og:image:type\" content=\"image\/webp\" \/>\n<meta name=\"twitter:card\" content=\"summary_large_image\" \/>\n<meta name=\"twitter:label1\" content=\"Gesch\u00e4tzte Lesezeit\" \/>\n\t<meta name=\"twitter:data1\" content=\"1\u00a0Minute\" \/>\n<script type=\"application\/ld+json\" class=\"yoast-schema-graph\">{\"@context\":\"https:\\\/\\\/schema.org\",\"@graph\":[{\"@type\":\"WebPage\",\"@id\":\"https:\\\/\\\/dekoracyjnacegla.pl\\\/de\\\/produkt\\\/fx-600-ziegel-gel-kleber\\\/\",\"url\":\"https:\\\/\\\/dekoracyjnacegla.pl\\\/de\\\/produkt\\\/fx-600-ziegel-gel-kleber\\\/\",\"name\":\"FX 600 Ziegel Gel-Kleber - Dekoracyjna Ceg\u0142a\",\"isPartOf\":{\"@id\":\"https:\\\/\\\/dekoracyjnacegla.pl\\\/de\\\/#website\"},\"primaryImageOfPage\":{\"@id\":\"https:\\\/\\\/dekoracyjnacegla.pl\\\/de\\\/produkt\\\/fx-600-ziegel-gel-kleber\\\/#primaryimage\"},\"image\":{\"@id\":\"https:\\\/\\\/dekoracyjnacegla.pl\\\/de\\\/produkt\\\/fx-600-ziegel-gel-kleber\\\/#primaryimage\"},\"thumbnailUrl\":\"https:\\\/\\\/dekoracyjnacegla.pl\\\/wp-content\\\/uploads\\\/2024\\\/04\\\/QUICK-MIX_FX600.webp\",\"datePublished\":\"2024-04-09T14:25:29+00:00\",\"breadcrumb\":{\"@id\":\"https:\\\/\\\/dekoracyjnacegla.pl\\\/de\\\/produkt\\\/fx-600-ziegel-gel-kleber\\\/#breadcrumb\"},\"inLanguage\":\"de\",\"potentialAction\":[{\"@type\":\"ReadAction\",\"target\":[\"https:\\\/\\\/dekoracyjnacegla.pl\\\/de\\\/produkt\\\/fx-600-ziegel-gel-kleber\\\/\"]}]},{\"@type\":\"ImageObject\",\"inLanguage\":\"de\",\"@id\":\"https:\\\/\\\/dekoracyjnacegla.pl\\\/de\\\/produkt\\\/fx-600-ziegel-gel-kleber\\\/#primaryimage\",\"url\":\"https:\\\/\\\/dekoracyjnacegla.pl\\\/wp-content\\\/uploads\\\/2024\\\/04\\\/QUICK-MIX_FX600.webp\",\"contentUrl\":\"https:\\\/\\\/dekoracyjnacegla.pl\\\/wp-content\\\/uploads\\\/2024\\\/04\\\/QUICK-MIX_FX600.webp\",\"width\":447,\"height\":577},{\"@type\":\"BreadcrumbList\",\"@id\":\"https:\\\/\\\/dekoracyjnacegla.pl\\\/de\\\/produkt\\\/fx-600-ziegel-gel-kleber\\\/#breadcrumb\",\"itemListElement\":[{\"@type\":\"ListItem\",\"position\":1,\"name\":\"Strona g\u0142\u00f3wna\",\"item\":\"https:\\\/\\\/dekoracyjnacegla.pl\\\/de\\\/start\\\/\"},{\"@type\":\"ListItem\",\"position\":2,\"name\":\"Sklep\",\"item\":\"https:\\\/\\\/dekoracyjnacegla.pl\\\/sklep\\\/\"},{\"@type\":\"ListItem\",\"position\":3,\"name\":\"FX 600 Ziegel Gel-Kleber\"}]},{\"@type\":\"WebSite\",\"@id\":\"https:\\\/\\\/dekoracyjnacegla.pl\\\/de\\\/#website\",\"url\":\"https:\\\/\\\/dekoracyjnacegla.pl\\\/de\\\/\",\"name\":\"Dekoracyjna Ceg\u0142a\",\"description\":\"P\u0142ytki z ceg\u0142y | Retro Ceg\u0142a\",\"publisher\":{\"@id\":\"https:\\\/\\\/dekoracyjnacegla.pl\\\/de\\\/#organization\"},\"potentialAction\":[{\"@type\":\"SearchAction\",\"target\":{\"@type\":\"EntryPoint\",\"urlTemplate\":\"https:\\\/\\\/dekoracyjnacegla.pl\\\/de\\\/?s={search_term_string}\"},\"query-input\":{\"@type\":\"PropertyValueSpecification\",\"valueRequired\":true,\"valueName\":\"search_term_string\"}}],\"inLanguage\":\"de\"},{\"@type\":\"Organization\",\"@id\":\"https:\\\/\\\/dekoracyjnacegla.pl\\\/de\\\/#organization\",\"name\":\"Dekoracyjna Ceg\u0142a\",\"url\":\"https:\\\/\\\/dekoracyjnacegla.pl\\\/de\\\/\",\"logo\":{\"@type\":\"ImageObject\",\"inLanguage\":\"de\",\"@id\":\"https:\\\/\\\/dekoracyjnacegla.pl\\\/de\\\/#\\\/schema\\\/logo\\\/image\\\/\",\"url\":\"https:\\\/\\\/dekoracyjnacegla.pl\\\/wp-content\\\/uploads\\\/2023\\\/10\\\/logo.png\",\"contentUrl\":\"https:\\\/\\\/dekoracyjnacegla.pl\\\/wp-content\\\/uploads\\\/2023\\\/10\\\/logo.png\",\"width\":1199,\"height\":193,\"caption\":\"Dekoracyjna Ceg\u0142a\"},\"image\":{\"@id\":\"https:\\\/\\\/dekoracyjnacegla.pl\\\/de\\\/#\\\/schema\\\/logo\\\/image\\\/\"}}]}<\/script>\n<!-- \/ Yoast SEO plugin. -->","yoast_head_json":{"title":"FX 600 Ziegel Gel-Kleber - Dekoracyjna Ceg\u0142a","robots":{"index":"index","follow":"follow","max-snippet":"max-snippet:-1","max-image-preview":"max-image-preview:large","max-video-preview":"max-video-preview:-1"},"canonical":"https:\/\/dekoracyjnacegla.pl\/de\/produkt\/fx-600-ziegel-gel-kleber\/","og_locale":"de_DE","og_type":"article","og_title":"FX 600 Ziegel Gel-Kleber - Dekoracyjna Ceg\u0142a","og_description":"Effizienter Kleber f\u00fcr alte Ziegelfliesen. Das Paket enth\u00e4lt 25 kg Klebstoff.","og_url":"https:\/\/dekoracyjnacegla.pl\/de\/produkt\/fx-600-ziegel-gel-kleber\/","og_site_name":"Dekoracyjna Ceg\u0142a","og_image":[{"width":447,"height":577,"url":"https:\/\/dekoracyjnacegla.pl\/wp-content\/uploads\/2024\/04\/QUICK-MIX_FX600.webp","type":"image\/webp"}],"twitter_card":"summary_large_image","twitter_misc":{"Gesch\u00e4tzte Lesezeit":"1\u00a0Minute"},"schema":{"@context":"https:\/\/schema.org","@graph":[{"@type":"WebPage","@id":"https:\/\/dekoracyjnacegla.pl\/de\/produkt\/fx-600-ziegel-gel-kleber\/","url":"https:\/\/dekoracyjnacegla.pl\/de\/produkt\/fx-600-ziegel-gel-kleber\/","name":"FX 600 Ziegel Gel-Kleber - Dekoracyjna Ceg\u0142a","isPartOf":{"@id":"https:\/\/dekoracyjnacegla.pl\/de\/#website"},"primaryImageOfPage":{"@id":"https:\/\/dekoracyjnacegla.pl\/de\/produkt\/fx-600-ziegel-gel-kleber\/#primaryimage"},"image":{"@id":"https:\/\/dekoracyjnacegla.pl\/de\/produkt\/fx-600-ziegel-gel-kleber\/#primaryimage"},"thumbnailUrl":"https:\/\/dekoracyjnacegla.pl\/wp-content\/uploads\/2024\/04\/QUICK-MIX_FX600.webp","datePublished":"2024-04-09T14:25:29+00:00","breadcrumb":{"@id":"https:\/\/dekoracyjnacegla.pl\/de\/produkt\/fx-600-ziegel-gel-kleber\/#breadcrumb"},"inLanguage":"de","potentialAction":[{"@type":"ReadAction","target":["https:\/\/dekoracyjnacegla.pl\/de\/produkt\/fx-600-ziegel-gel-kleber\/"]}]},{"@type":"ImageObject","inLanguage":"de","@id":"https:\/\/dekoracyjnacegla.pl\/de\/produkt\/fx-600-ziegel-gel-kleber\/#primaryimage","url":"https:\/\/dekoracyjnacegla.pl\/wp-content\/uploads\/2024\/04\/QUICK-MIX_FX600.webp","contentUrl":"https:\/\/dekoracyjnacegla.pl\/wp-content\/uploads\/2024\/04\/QUICK-MIX_FX600.webp","width":447,"height":577},{"@type":"BreadcrumbList","@id":"https:\/\/dekoracyjnacegla.pl\/de\/produkt\/fx-600-ziegel-gel-kleber\/#breadcrumb","itemListElement":[{"@type":"ListItem","position":1,"name":"Strona g\u0142\u00f3wna","item":"https:\/\/dekoracyjnacegla.pl\/de\/start\/"},{"@type":"ListItem","position":2,"name":"Sklep","item":"https:\/\/dekoracyjnacegla.pl\/sklep\/"},{"@type":"ListItem","position":3,"name":"FX 600 Ziegel Gel-Kleber"}]},{"@type":"WebSite","@id":"https:\/\/dekoracyjnacegla.pl\/de\/#website","url":"https:\/\/dekoracyjnacegla.pl\/de\/","name":"Dekoracyjna Ceg\u0142a","description":"P\u0142ytki z ceg\u0142y | Retro Ceg\u0142a","publisher":{"@id":"https:\/\/dekoracyjnacegla.pl\/de\/#organization"},"potentialAction":[{"@type":"SearchAction","target":{"@type":"EntryPoint","urlTemplate":"https:\/\/dekoracyjnacegla.pl\/de\/?s={search_term_string}"},"query-input":{"@type":"PropertyValueSpecification","valueRequired":true,"valueName":"search_term_string"}}],"inLanguage":"de"},{"@type":"Organization","@id":"https:\/\/dekoracyjnacegla.pl\/de\/#organization","name":"Dekoracyjna Ceg\u0142a","url":"https:\/\/dekoracyjnacegla.pl\/de\/","logo":{"@type":"ImageObject","inLanguage":"de","@id":"https:\/\/dekoracyjnacegla.pl\/de\/#\/schema\/logo\/image\/","url":"https:\/\/dekoracyjnacegla.pl\/wp-content\/uploads\/2023\/10\/logo.png","contentUrl":"https:\/\/dekoracyjnacegla.pl\/wp-content\/uploads\/2023\/10\/logo.png","width":1199,"height":193,"caption":"Dekoracyjna Ceg\u0142a"},"image":{"@id":"https:\/\/dekoracyjnacegla.pl\/de\/#\/schema\/logo\/image\/"}}]}},"_links":{"self":[{"href":"https:\/\/dekoracyjnacegla.pl\/de\/wp-json\/wp\/v2\/product\/23513","targetHints":{"allow":["GET"]}}],"collection":[{"href":"https:\/\/dekoracyjnacegla.pl\/de\/wp-json\/wp\/v2\/product"}],"about":[{"href":"https:\/\/dekoracyjnacegla.pl\/de\/wp-json\/wp\/v2\/types\/product"}],"wp:featuredmedia":[{"embeddable":true,"href":"https:\/\/dekoracyjnacegla.pl\/de\/wp-json\/wp\/v2\/media\/23515"}],"wp:attachment":[{"href":"https:\/\/dekoracyjnacegla.pl\/de\/wp-json\/wp\/v2\/media?parent=23513"}],"wp:term":[{"taxonomy":"product_brand","embeddable":true,"href":"https:\/\/dekoracyjnacegla.pl\/de\/wp-json\/wp\/v2\/product_brand?post=23513"},{"taxonomy":"product_cat","embeddable":true,"href":"https:\/\/dekoracyjnacegla.pl\/de\/wp-json\/wp\/v2\/product_cat?post=23513"},{"taxonomy":"product_tag","embeddable":true,"href":"https:\/\/dekoracyjnacegla.pl\/de\/wp-json\/wp\/v2\/product_tag?post=23513"}],"curies":[{"name":"wp","href":"https:\/\/api.w.org\/{rel}","templated":true}]}}