{"id":23673,"date":"2024-01-12T14:23:07","date_gmt":"2024-01-12T14:23:07","guid":{"rendered":"https:\/\/dekoracyjnacegla.pl\/produkt\/kleines-vordach-aus-ziegelsteinen\/"},"modified":"2024-01-12T14:23:07","modified_gmt":"2024-01-12T14:23:07","slug":"kleines-vordach-aus-ziegelsteinen","status":"publish","type":"product","link":"https:\/\/dekoracyjnacegla.pl\/de\/produkt\/kleines-vordach-aus-ziegelsteinen\/","title":{"rendered":"Kleines Vordach aus Ziegelsteinen"},"content":{"rendered":"<div class=\"uk-panel-box\">\n<div class=\"uk-grid\">\n<div class=\"uk-width-medium-1-3\">Verf\u00fcgbarkeit:<\/div>\n<div class=\"uk-width-medium-2-3\"><span class=\"dos2\"><strong>Auf Anfrage<\/strong><\/span><\/div>\n<\/div>\n<\/div>\n<div class=\"uk-panel-box\">\n<div class=\"uk-grid \">\n<div><\/div>\n<\/div>\n<\/div>\n<div class=\"uk-panel-box\">\n<div class=\"uk-grid \">\n<div class=\"uk-width-medium-1-3\">Gr\u00f6\u00dfe:<\/div>\n<div class=\"uk-width-medium-2-3\">44x44cm Basis<\/div>\n<div><\/div>\n<\/div>\n<\/div>\n<div class=\"uk-panel-box\">\n<div class=\"uk-grid break-a\">\n<div class=\"uk-width-medium-1-3\">Lico:<\/div>\n<div class=\"uk-width-medium-2-3 link-fixer\">Traditionell - gleichm\u00e4\u00dfige, einheitliche Oberfl\u00e4che. Eine geringe Anzahl von Beschl\u00e4gen mit Lochfra\u00df, Rissen und Absch\u00fcrfungen in der Charge m\u00f6glich. <\/div>\n<div><\/div>\n<\/div>\n<\/div>\n<div class=\"uk-panel-box\">\n<div class=\"uk-grid break-a\">\n<div class=\"uk-width-medium-1-3\">Farbe:<\/div>\n<div class=\"uk-width-medium-2-3 link-fixer\">Schattierungen von Rot. Geringe Mengen an Orangen- und Kirscht\u00f6nen in der Charge m\u00f6glich. <\/div>\n<div><\/div>\n<\/div>\n<\/div>\n<div class=\"uk-panel-box\">\n<div class=\"uk-grid break-a\">\n<div class=\"uk-width-medium-1-3\">Absorbierbarkeit:<\/div>\n<div class=\"uk-width-medium-2-3 link-fixer\">16-18%<\/div>\n<div><\/div>\n<\/div>\n<\/div>\n<div class=\"uk-panel-box\">\n<div class=\"uk-grid break-a\">\n<div class=\"uk-width-medium-1-3\">Druckfestigkeit:<\/div>\n<div class=\"uk-width-medium-2-3 link-fixer\">Klasse &#8222;10&#8220;-&#8222;15&#8220;<\/div>\n<div><\/div>\n<\/div>\n<\/div>\n<div class=\"uk-panel-box\">\n<div class=\"uk-grid break-a\">\n<div class=\"uk-width-medium-1-3\">Anzahl der St\u00fccke pro Palette:<\/div>\n<div class=\"uk-width-medium-2-3 link-fixer\">Individuell bestimmt<\/div>\n<div><\/div>\n<\/div>\n<\/div>\n<div class=\"uk-panel-box\">\n<div class=\"uk-grid break-a\">\n<div class=\"uk-width-medium-1-3\">Gewicht der Palette:<\/div>\n<div class=\"uk-width-medium-2-3 link-fixer\">Bis zu 1200kg<\/div>\n<\/div>\n<\/div>\n<div class=\"uk-panel-box\">\n<div class=\"uk-grid break-a\">\n<div class=\"uk-width-medium-2-3 link-fixer\"><\/div>\n<\/div>\n<\/div>\n<div class=\"uk-panel-box\">\n<div class=\"uk-grid break-a\">\n<div class=\"uk-width-medium-1-3\">Zus\u00e4tzliche Informationen:<\/div>\n<div class=\"uk-width-medium-2-3 link-fixer\">Zaunform, Ziegel, Keramik, Pfosten\u00fcberdachung, Zaunkappe, vierteilige Kappe, handgeformt. Klasse I. <\/div>\n<\/div>\n<\/div>\n","protected":false},"excerpt":{"rendered":"<div class=\"uk-width-medium-1-3\">Verf\u00fcgbarkeit:<\/div>\n<div class=\"uk-width-medium-2-3\"><span class=\"dos2\"><strong>Auf Anfrage<\/strong><\/span><\/div>\n<div><\/div>\n<div>\n<div class=\"uk-width-medium-1-3\">Zweck:<\/div>\n<div class=\"uk-width-medium-2-3 link-fixer\">Zaunabschl\u00fcsse aus Ziegeln. Mauerabdeckungen aus Ziegeln.<br \/>\nNicht sicher, ob dieses Produkt das Richtige f\u00fcr Sie ist? Kontaktieren Sie uns und unser Verkaufspersonal wird Ihnen bei der Auswahl helfen  <\/div>\n<\/div>\n","protected":false},"featured_media":23675,"template":"","meta":[],"product_brand":[],"product_cat":[327],"product_tag":[],"class_list":{"0":"post-23673","1":"product","2":"type-product","3":"status-publish","4":"has-post-thumbnail","6":"product_cat-backstein-beschlage","8":"first","9":"onbackorder","10":"shipping-taxable","11":"purchasable","12":"product-type-simple"},"yoast_head":"<!-- This site is optimized with the Yoast SEO plugin v27.3 - https:\/\/yoast.com\/product\/yoast-seo-wordpress\/ -->\n<title>Kleines Vordach aus Ziegelsteinen - Dekoracyjna Ceg\u0142a<\/title>\n<meta name=\"robots\" content=\"index, follow, max-snippet:-1, max-image-preview:large, max-video-preview:-1\" \/>\n<link rel=\"canonical\" href=\"https:\/\/dekoracyjnacegla.pl\/de\/produkt\/kleines-vordach-aus-ziegelsteinen\/\" \/>\n<meta property=\"og:locale\" content=\"de_DE\" \/>\n<meta property=\"og:type\" content=\"article\" \/>\n<meta property=\"og:title\" content=\"Kleines Vordach aus Ziegelsteinen - Dekoracyjna Ceg\u0142a\" \/>\n<meta property=\"og:description\" content=\"Verf\u00fcgbarkeit: Auf Anfrage  Zweck: Zaunabschl\u00fcsse aus Ziegeln. Mauerabdeckungen aus Ziegeln. Nicht sicher, ob dieses Produkt das Richtige f\u00fcr Sie ist? Kontaktieren Sie uns und unser Verkaufspersonal wird Ihnen bei der Auswahl helfen\" \/>\n<meta property=\"og:url\" content=\"https:\/\/dekoracyjnacegla.pl\/de\/produkt\/kleines-vordach-aus-ziegelsteinen\/\" \/>\n<meta property=\"og:site_name\" content=\"Dekoracyjna Ceg\u0142a\" \/>\n<meta property=\"og:image\" content=\"https:\/\/dekoracyjnacegla.pl\/wp-content\/uploads\/2024\/01\/Daszek-ceramiczny-ceglany-recznie-fromowany-licowy-elewacujny-1920x1139-1.jpg\" \/>\n\t<meta property=\"og:image:width\" content=\"1920\" \/>\n\t<meta property=\"og:image:height\" content=\"1139\" \/>\n\t<meta property=\"og:image:type\" content=\"image\/jpeg\" \/>\n<meta name=\"twitter:card\" content=\"summary_large_image\" \/>\n<script type=\"application\/ld+json\" class=\"yoast-schema-graph\">{\"@context\":\"https:\\\/\\\/schema.org\",\"@graph\":[{\"@type\":\"WebPage\",\"@id\":\"https:\\\/\\\/dekoracyjnacegla.pl\\\/de\\\/produkt\\\/kleines-vordach-aus-ziegelsteinen\\\/\",\"url\":\"https:\\\/\\\/dekoracyjnacegla.pl\\\/de\\\/produkt\\\/kleines-vordach-aus-ziegelsteinen\\\/\",\"name\":\"Kleines Vordach aus Ziegelsteinen - Dekoracyjna Ceg\u0142a\",\"isPartOf\":{\"@id\":\"https:\\\/\\\/dekoracyjnacegla.pl\\\/de\\\/#website\"},\"primaryImageOfPage\":{\"@id\":\"https:\\\/\\\/dekoracyjnacegla.pl\\\/de\\\/produkt\\\/kleines-vordach-aus-ziegelsteinen\\\/#primaryimage\"},\"image\":{\"@id\":\"https:\\\/\\\/dekoracyjnacegla.pl\\\/de\\\/produkt\\\/kleines-vordach-aus-ziegelsteinen\\\/#primaryimage\"},\"thumbnailUrl\":\"https:\\\/\\\/dekoracyjnacegla.pl\\\/wp-content\\\/uploads\\\/2024\\\/01\\\/Daszek-ceramiczny-ceglany-recznie-fromowany-licowy-elewacujny-1920x1139-1.jpg\",\"datePublished\":\"2024-01-12T14:23:07+00:00\",\"breadcrumb\":{\"@id\":\"https:\\\/\\\/dekoracyjnacegla.pl\\\/de\\\/produkt\\\/kleines-vordach-aus-ziegelsteinen\\\/#breadcrumb\"},\"inLanguage\":\"de\",\"potentialAction\":[{\"@type\":\"ReadAction\",\"target\":[\"https:\\\/\\\/dekoracyjnacegla.pl\\\/de\\\/produkt\\\/kleines-vordach-aus-ziegelsteinen\\\/\"]}]},{\"@type\":\"ImageObject\",\"inLanguage\":\"de\",\"@id\":\"https:\\\/\\\/dekoracyjnacegla.pl\\\/de\\\/produkt\\\/kleines-vordach-aus-ziegelsteinen\\\/#primaryimage\",\"url\":\"https:\\\/\\\/dekoracyjnacegla.pl\\\/wp-content\\\/uploads\\\/2024\\\/01\\\/Daszek-ceramiczny-ceglany-recznie-fromowany-licowy-elewacujny-1920x1139-1.jpg\",\"contentUrl\":\"https:\\\/\\\/dekoracyjnacegla.pl\\\/wp-content\\\/uploads\\\/2024\\\/01\\\/Daszek-ceramiczny-ceglany-recznie-fromowany-licowy-elewacujny-1920x1139-1.jpg\",\"width\":1920,\"height\":1139},{\"@type\":\"BreadcrumbList\",\"@id\":\"https:\\\/\\\/dekoracyjnacegla.pl\\\/de\\\/produkt\\\/kleines-vordach-aus-ziegelsteinen\\\/#breadcrumb\",\"itemListElement\":[{\"@type\":\"ListItem\",\"position\":1,\"name\":\"Strona g\u0142\u00f3wna\",\"item\":\"https:\\\/\\\/dekoracyjnacegla.pl\\\/de\\\/start\\\/\"},{\"@type\":\"ListItem\",\"position\":2,\"name\":\"Sklep\",\"item\":\"https:\\\/\\\/dekoracyjnacegla.pl\\\/sklep\\\/\"},{\"@type\":\"ListItem\",\"position\":3,\"name\":\"Kleines Vordach aus Ziegelsteinen\"}]},{\"@type\":\"WebSite\",\"@id\":\"https:\\\/\\\/dekoracyjnacegla.pl\\\/de\\\/#website\",\"url\":\"https:\\\/\\\/dekoracyjnacegla.pl\\\/de\\\/\",\"name\":\"Dekoracyjna Ceg\u0142a\",\"description\":\"P\u0142ytki z ceg\u0142y | Retro Ceg\u0142a\",\"publisher\":{\"@id\":\"https:\\\/\\\/dekoracyjnacegla.pl\\\/de\\\/#organization\"},\"potentialAction\":[{\"@type\":\"SearchAction\",\"target\":{\"@type\":\"EntryPoint\",\"urlTemplate\":\"https:\\\/\\\/dekoracyjnacegla.pl\\\/de\\\/?s={search_term_string}\"},\"query-input\":{\"@type\":\"PropertyValueSpecification\",\"valueRequired\":true,\"valueName\":\"search_term_string\"}}],\"inLanguage\":\"de\"},{\"@type\":\"Organization\",\"@id\":\"https:\\\/\\\/dekoracyjnacegla.pl\\\/de\\\/#organization\",\"name\":\"Dekoracyjna Ceg\u0142a\",\"url\":\"https:\\\/\\\/dekoracyjnacegla.pl\\\/de\\\/\",\"logo\":{\"@type\":\"ImageObject\",\"inLanguage\":\"de\",\"@id\":\"https:\\\/\\\/dekoracyjnacegla.pl\\\/de\\\/#\\\/schema\\\/logo\\\/image\\\/\",\"url\":\"https:\\\/\\\/dekoracyjnacegla.pl\\\/wp-content\\\/uploads\\\/2023\\\/10\\\/logo.png\",\"contentUrl\":\"https:\\\/\\\/dekoracyjnacegla.pl\\\/wp-content\\\/uploads\\\/2023\\\/10\\\/logo.png\",\"width\":1199,\"height\":193,\"caption\":\"Dekoracyjna Ceg\u0142a\"},\"image\":{\"@id\":\"https:\\\/\\\/dekoracyjnacegla.pl\\\/de\\\/#\\\/schema\\\/logo\\\/image\\\/\"}}]}<\/script>\n<!-- \/ Yoast SEO plugin. -->","yoast_head_json":{"title":"Kleines Vordach aus Ziegelsteinen - Dekoracyjna Ceg\u0142a","robots":{"index":"index","follow":"follow","max-snippet":"max-snippet:-1","max-image-preview":"max-image-preview:large","max-video-preview":"max-video-preview:-1"},"canonical":"https:\/\/dekoracyjnacegla.pl\/de\/produkt\/kleines-vordach-aus-ziegelsteinen\/","og_locale":"de_DE","og_type":"article","og_title":"Kleines Vordach aus Ziegelsteinen - Dekoracyjna Ceg\u0142a","og_description":"Verf\u00fcgbarkeit: Auf Anfrage  Zweck: Zaunabschl\u00fcsse aus Ziegeln. Mauerabdeckungen aus Ziegeln. Nicht sicher, ob dieses Produkt das Richtige f\u00fcr Sie ist? Kontaktieren Sie uns und unser Verkaufspersonal wird Ihnen bei der Auswahl helfen","og_url":"https:\/\/dekoracyjnacegla.pl\/de\/produkt\/kleines-vordach-aus-ziegelsteinen\/","og_site_name":"Dekoracyjna Ceg\u0142a","og_image":[{"width":1920,"height":1139,"url":"https:\/\/dekoracyjnacegla.pl\/wp-content\/uploads\/2024\/01\/Daszek-ceramiczny-ceglany-recznie-fromowany-licowy-elewacujny-1920x1139-1.jpg","type":"image\/jpeg"}],"twitter_card":"summary_large_image","schema":{"@context":"https:\/\/schema.org","@graph":[{"@type":"WebPage","@id":"https:\/\/dekoracyjnacegla.pl\/de\/produkt\/kleines-vordach-aus-ziegelsteinen\/","url":"https:\/\/dekoracyjnacegla.pl\/de\/produkt\/kleines-vordach-aus-ziegelsteinen\/","name":"Kleines Vordach aus Ziegelsteinen - Dekoracyjna Ceg\u0142a","isPartOf":{"@id":"https:\/\/dekoracyjnacegla.pl\/de\/#website"},"primaryImageOfPage":{"@id":"https:\/\/dekoracyjnacegla.pl\/de\/produkt\/kleines-vordach-aus-ziegelsteinen\/#primaryimage"},"image":{"@id":"https:\/\/dekoracyjnacegla.pl\/de\/produkt\/kleines-vordach-aus-ziegelsteinen\/#primaryimage"},"thumbnailUrl":"https:\/\/dekoracyjnacegla.pl\/wp-content\/uploads\/2024\/01\/Daszek-ceramiczny-ceglany-recznie-fromowany-licowy-elewacujny-1920x1139-1.jpg","datePublished":"2024-01-12T14:23:07+00:00","breadcrumb":{"@id":"https:\/\/dekoracyjnacegla.pl\/de\/produkt\/kleines-vordach-aus-ziegelsteinen\/#breadcrumb"},"inLanguage":"de","potentialAction":[{"@type":"ReadAction","target":["https:\/\/dekoracyjnacegla.pl\/de\/produkt\/kleines-vordach-aus-ziegelsteinen\/"]}]},{"@type":"ImageObject","inLanguage":"de","@id":"https:\/\/dekoracyjnacegla.pl\/de\/produkt\/kleines-vordach-aus-ziegelsteinen\/#primaryimage","url":"https:\/\/dekoracyjnacegla.pl\/wp-content\/uploads\/2024\/01\/Daszek-ceramiczny-ceglany-recznie-fromowany-licowy-elewacujny-1920x1139-1.jpg","contentUrl":"https:\/\/dekoracyjnacegla.pl\/wp-content\/uploads\/2024\/01\/Daszek-ceramiczny-ceglany-recznie-fromowany-licowy-elewacujny-1920x1139-1.jpg","width":1920,"height":1139},{"@type":"BreadcrumbList","@id":"https:\/\/dekoracyjnacegla.pl\/de\/produkt\/kleines-vordach-aus-ziegelsteinen\/#breadcrumb","itemListElement":[{"@type":"ListItem","position":1,"name":"Strona g\u0142\u00f3wna","item":"https:\/\/dekoracyjnacegla.pl\/de\/start\/"},{"@type":"ListItem","position":2,"name":"Sklep","item":"https:\/\/dekoracyjnacegla.pl\/sklep\/"},{"@type":"ListItem","position":3,"name":"Kleines Vordach aus Ziegelsteinen"}]},{"@type":"WebSite","@id":"https:\/\/dekoracyjnacegla.pl\/de\/#website","url":"https:\/\/dekoracyjnacegla.pl\/de\/","name":"Dekoracyjna Ceg\u0142a","description":"P\u0142ytki z ceg\u0142y | Retro Ceg\u0142a","publisher":{"@id":"https:\/\/dekoracyjnacegla.pl\/de\/#organization"},"potentialAction":[{"@type":"SearchAction","target":{"@type":"EntryPoint","urlTemplate":"https:\/\/dekoracyjnacegla.pl\/de\/?s={search_term_string}"},"query-input":{"@type":"PropertyValueSpecification","valueRequired":true,"valueName":"search_term_string"}}],"inLanguage":"de"},{"@type":"Organization","@id":"https:\/\/dekoracyjnacegla.pl\/de\/#organization","name":"Dekoracyjna Ceg\u0142a","url":"https:\/\/dekoracyjnacegla.pl\/de\/","logo":{"@type":"ImageObject","inLanguage":"de","@id":"https:\/\/dekoracyjnacegla.pl\/de\/#\/schema\/logo\/image\/","url":"https:\/\/dekoracyjnacegla.pl\/wp-content\/uploads\/2023\/10\/logo.png","contentUrl":"https:\/\/dekoracyjnacegla.pl\/wp-content\/uploads\/2023\/10\/logo.png","width":1199,"height":193,"caption":"Dekoracyjna Ceg\u0142a"},"image":{"@id":"https:\/\/dekoracyjnacegla.pl\/de\/#\/schema\/logo\/image\/"}}]}},"_links":{"self":[{"href":"https:\/\/dekoracyjnacegla.pl\/de\/wp-json\/wp\/v2\/product\/23673","targetHints":{"allow":["GET"]}}],"collection":[{"href":"https:\/\/dekoracyjnacegla.pl\/de\/wp-json\/wp\/v2\/product"}],"about":[{"href":"https:\/\/dekoracyjnacegla.pl\/de\/wp-json\/wp\/v2\/types\/product"}],"wp:featuredmedia":[{"embeddable":true,"href":"https:\/\/dekoracyjnacegla.pl\/de\/wp-json\/wp\/v2\/media\/23675"}],"wp:attachment":[{"href":"https:\/\/dekoracyjnacegla.pl\/de\/wp-json\/wp\/v2\/media?parent=23673"}],"wp:term":[{"taxonomy":"product_brand","embeddable":true,"href":"https:\/\/dekoracyjnacegla.pl\/de\/wp-json\/wp\/v2\/product_brand?post=23673"},{"taxonomy":"product_cat","embeddable":true,"href":"https:\/\/dekoracyjnacegla.pl\/de\/wp-json\/wp\/v2\/product_cat?post=23673"},{"taxonomy":"product_tag","embeddable":true,"href":"https:\/\/dekoracyjnacegla.pl\/de\/wp-json\/wp\/v2\/product_tag?post=23673"}],"curies":[{"name":"wp","href":"https:\/\/api.w.org\/{rel}","templated":true}]}}