{"id":23680,"date":"2023-11-06T11:36:27","date_gmt":"2023-11-06T11:36:27","guid":{"rendered":"https:\/\/dekoracyjnacegla.pl\/produkt\/historischer-gotischer-backstein-massiv\/"},"modified":"2023-11-06T11:36:27","modified_gmt":"2023-11-06T11:36:27","slug":"historischer-gotischer-backstein-massiv","status":"publish","type":"product","link":"https:\/\/dekoracyjnacegla.pl\/de\/produkt\/historischer-gotischer-backstein-massiv\/","title":{"rendered":"Historischer gotischer Backstein - massiv"},"content":{"rendered":"<div class=\"elementor-element elementor-element-4acc7916 elementor-widget elementor-widget-text-editor\" data-id=\"4acc7916\" data-element_type=\"widget\" data-widget_type=\"text-editor.default\">\n<div class=\"elementor-widget-container\">\n<div class=\"elementor-text-editor elementor-clearfix\">\n<p>Abbruchziegel in einem au\u00dfergew\u00f6hnlichen Format - perfekt f\u00fcr die Verwendung in der Inneneinrichtung oder als Teil einer Au\u00dfenfassade. Ein mit diesem Material verkleidetes Haus garantiert ein hervorragendes Endergebnis. <\/p>\n<p>Unser Ziegel hat bereits mehrere Auszeichnungen bei verschiedenen Veranstaltungen gewonnen. Die Authentizit\u00e4t und Einzigartigkeit von Ziegeln ist eine Gewissheit f\u00fcr stilvolle Innenr\u00e4ume, Innenr\u00e4ume, die sich abheben sollen. Die Originalit\u00e4t des historischen gebrannten Ziegels beeinflusst das endg\u00fcltige Erscheinungsbild des gesamten Hauses oder der spezifischen Einrichtung, in der wir ihn verwenden.  <\/p>\n<\/div>\n<\/div>\n<\/div>\n<div class=\"elementor-element elementor-element-301123a elementor-widget elementor-widget-divider\" data-id=\"301123a\" data-element_type=\"widget\" data-widget_type=\"divider.default\">\n<div class=\"elementor-widget-container\">\n<div class=\"elementor-divider\"><\/div>\n<\/div>\n<\/div>\n<div class=\"elementor-element elementor-element-256448af elementor-widget elementor-widget-heading\" data-id=\"256448af\" data-element_type=\"widget\" data-widget_type=\"heading.default\">\n<div class=\"elementor-widget-container\">\n<h2 class=\"elementor-heading-title elementor-size-default\">Retro Ziegelsteine<\/h2>\n<\/div>\n<\/div>\n<div class=\"elementor-element elementor-element-0184ba8 elementor-widget elementor-widget-text-editor\" data-id=\"0184ba8\" data-element_type=\"widget\" data-widget_type=\"text-editor.default\">\n<div class=\"elementor-widget-container\">\n<div class=\"elementor-text-editor elementor-clearfix\">\n<p>Die Retro-Ziegel verdanken ihr nat\u00fcrliches Aussehen dem Abziehen von Hand und dem Bearbeitungsprozess, der es erm\u00f6glicht, nat\u00fcrliche Verf\u00e4rbungen und M\u00f6rtelreste zu erhalten.<\/p>\n<p>Gothic ist der \u00e4lteste Ziegel und etwa 200 Jahre alt!<\/p>\n<\/div>\n<\/div>\n<\/div>\n<div class=\"elementor-element elementor-element-7896b92 elementor-widget elementor-widget-divider\" data-id=\"7896b92\" data-element_type=\"widget\" data-widget_type=\"divider.default\">\n<div class=\"elementor-widget-container\">\n<div class=\"elementor-divider\"><\/div>\n<\/div>\n<\/div>\n<div class=\"elementor-element elementor-element-1b9fdb1 elementor-widget elementor-widget-heading\" data-id=\"1b9fdb1\" data-element_type=\"widget\" data-widget_type=\"heading.default\">\n<div class=\"elementor-widget-container\">\n<h2 class=\"elementor-heading-title elementor-size-default\">Technische Eigenschaften von Retro-Ziegeln<\/h2>\n<\/div>\n<\/div>\n<div class=\"elementor-element elementor-element-2ff5355 elementor-widget elementor-widget-divider\" data-id=\"2ff5355\" data-element_type=\"widget\" data-widget_type=\"divider.default\">\n<div class=\"elementor-widget-container\">\n<div class=\"elementor-divider\"><\/div>\n<\/div>\n<\/div>\n<div class=\"elementor-element elementor-element-68f3e39 elementor-icon-list--layout-traditional elementor-widget elementor-widget-icon-list\" data-id=\"68f3e39\" data-element_type=\"widget\" data-widget_type=\"icon-list.default\">\n<div class=\"elementor-widget-container\">\n<ul class=\"elementor-icon-list-items\">\n<li class=\"elementor-icon-list-item\"><i class=\"fas fa-record-vinyl\" aria-hidden=\"true\"><\/i><span class=\"elementor-icon-list-text\">Abmessungen: <span class=\"OYPEnA text-decoration-none text-strikethrough-none\">280-300 mm x 140-150 mm x 65-75 mm (+-5mm)<\/span><\/span><\/li>\n<li class=\"elementor-icon-list-item\"><i class=\"fas fa-record-vinyl\" aria-hidden=\"true\"><\/i><span class=\"elementor-icon-list-text\">Die Ziegel eignen sich perfekt f\u00fcr K\u00fcchen, B\u00e4der, Bars, Restaurants, Wohn- und Esszimmer, RTV-Wandverkleidungen, f\u00fcr die Verkleidung der Fassade praktisch aller Geb\u00e4ude, als k\u00fcnstlerischer Akzent f\u00fcr Geb\u00e4ude zur F\u00f6rderung von Kultur, Wirtschaft oder \u00f6ffentlichen Geb\u00e4uden.<\/span><\/li>\n<li class=\"elementor-icon-list-item\"><i class=\"fas fa-record-vinyl\" aria-hidden=\"true\"><\/i><span class=\"elementor-icon-list-text\">Der Preis gilt f\u00fcr 1 St\u00fcck, f\u00fcr 1 m2 gibt es 42 Ziegel, einschlie\u00dflich 1 cm Fuge.<\/span><\/li>\n<\/ul>\n<\/div>\n<\/div>\n","protected":false},"excerpt":{"rendered":"<p>Alte GOTHYK-Ziegel\/Abbruchziegel verleihen Ihren Innenr\u00e4umen eine einzigartige Atmosph\u00e4re.<\/p>\n<p><strong>Der Preis gilt f\u00fcr 1 St\u00fcck.<\/strong><\/p>\n<p>Auf einer Palette befinden sich 200 St\u00fcck Ziegel.<\/p>\n","protected":false},"featured_media":23683,"template":"","meta":[],"product_brand":[],"product_cat":[270,269,241,288,291,290,307,238],"product_tag":[295,297,298,296,294,293,292],"class_list":{"0":"post-23680","1":"product","2":"type-product","3":"status-publish","4":"has-post-thumbnail","6":"product_cat-abbruchziegel","7":"product_cat-alter-backstein","8":"product_cat-dekorativer-ziegelstein","9":"product_cat-fassade-ziegel","10":"product_cat-gemauerte-treppe","11":"product_cat-gemauerter-boden-auf-der-terrasse","12":"product_cat-roter-ziegelstein","13":"product_cat-ziegelstein-fur-den-boden","14":"product_tag-abbruchziegel","15":"product_tag-gotisch","16":"product_tag-gotischer-ziegelstein","17":"product_tag-handstrichziegel","18":"product_tag-historischer-backstein","19":"product_tag-vollziegel","20":"product_tag-ziegelstein","22":"first","23":"instock","24":"shipping-taxable","25":"purchasable","26":"product-type-simple"},"yoast_head":"<!-- This site is optimized with the Yoast SEO plugin v27.3 - https:\/\/yoast.com\/product\/yoast-seo-wordpress\/ -->\n<title>Historischer gotischer Backstein - massiv - Dekoracyjna Ceg\u0142a<\/title>\n<meta name=\"robots\" content=\"index, follow, max-snippet:-1, max-image-preview:large, max-video-preview:-1\" \/>\n<link rel=\"canonical\" href=\"https:\/\/dekoracyjnacegla.pl\/de\/produkt\/historischer-gotischer-backstein-massiv\/\" \/>\n<meta property=\"og:locale\" content=\"de_DE\" \/>\n<meta property=\"og:type\" content=\"article\" \/>\n<meta property=\"og:title\" content=\"Historischer gotischer Backstein - massiv - Dekoracyjna Ceg\u0142a\" \/>\n<meta property=\"og:description\" content=\"Alte GOTHYK-Ziegel\/Abbruchziegel verleihen Ihren Innenr\u00e4umen eine einzigartige Atmosph\u00e4re. Der Preis gilt f\u00fcr 1 St\u00fcck. Auf einer Palette befinden sich 200 St\u00fcck Ziegel.\" \/>\n<meta property=\"og:url\" content=\"https:\/\/dekoracyjnacegla.pl\/de\/produkt\/historischer-gotischer-backstein-massiv\/\" \/>\n<meta property=\"og:site_name\" content=\"Dekoracyjna Ceg\u0142a\" \/>\n<meta property=\"og:image\" content=\"https:\/\/dekoracyjnacegla.pl\/wp-content\/uploads\/2023\/11\/Cegla-Zgorzelec4-e1699271066596.jpg\" \/>\n\t<meta property=\"og:image:width\" content=\"1184\" \/>\n\t<meta property=\"og:image:height\" content=\"720\" \/>\n\t<meta property=\"og:image:type\" content=\"image\/jpeg\" \/>\n<meta name=\"twitter:card\" content=\"summary_large_image\" \/>\n<meta name=\"twitter:label1\" content=\"Gesch\u00e4tzte Lesezeit\" \/>\n\t<meta name=\"twitter:data1\" content=\"1\u00a0Minute\" \/>\n<script type=\"application\/ld+json\" class=\"yoast-schema-graph\">{\"@context\":\"https:\\\/\\\/schema.org\",\"@graph\":[{\"@type\":\"WebPage\",\"@id\":\"https:\\\/\\\/dekoracyjnacegla.pl\\\/de\\\/produkt\\\/historischer-gotischer-backstein-massiv\\\/\",\"url\":\"https:\\\/\\\/dekoracyjnacegla.pl\\\/de\\\/produkt\\\/historischer-gotischer-backstein-massiv\\\/\",\"name\":\"Historischer gotischer Backstein - massiv - Dekoracyjna Ceg\u0142a\",\"isPartOf\":{\"@id\":\"https:\\\/\\\/dekoracyjnacegla.pl\\\/de\\\/#website\"},\"primaryImageOfPage\":{\"@id\":\"https:\\\/\\\/dekoracyjnacegla.pl\\\/de\\\/produkt\\\/historischer-gotischer-backstein-massiv\\\/#primaryimage\"},\"image\":{\"@id\":\"https:\\\/\\\/dekoracyjnacegla.pl\\\/de\\\/produkt\\\/historischer-gotischer-backstein-massiv\\\/#primaryimage\"},\"thumbnailUrl\":\"https:\\\/\\\/dekoracyjnacegla.pl\\\/wp-content\\\/uploads\\\/2023\\\/11\\\/Cegla-Zgorzelec4-e1699271066596.jpg\",\"datePublished\":\"2023-11-06T11:36:27+00:00\",\"breadcrumb\":{\"@id\":\"https:\\\/\\\/dekoracyjnacegla.pl\\\/de\\\/produkt\\\/historischer-gotischer-backstein-massiv\\\/#breadcrumb\"},\"inLanguage\":\"de\",\"potentialAction\":[{\"@type\":\"ReadAction\",\"target\":[\"https:\\\/\\\/dekoracyjnacegla.pl\\\/de\\\/produkt\\\/historischer-gotischer-backstein-massiv\\\/\"]}]},{\"@type\":\"ImageObject\",\"inLanguage\":\"de\",\"@id\":\"https:\\\/\\\/dekoracyjnacegla.pl\\\/de\\\/produkt\\\/historischer-gotischer-backstein-massiv\\\/#primaryimage\",\"url\":\"https:\\\/\\\/dekoracyjnacegla.pl\\\/wp-content\\\/uploads\\\/2023\\\/11\\\/Cegla-Zgorzelec4-e1699271066596.jpg\",\"contentUrl\":\"https:\\\/\\\/dekoracyjnacegla.pl\\\/wp-content\\\/uploads\\\/2023\\\/11\\\/Cegla-Zgorzelec4-e1699271066596.jpg\",\"width\":1184,\"height\":720},{\"@type\":\"BreadcrumbList\",\"@id\":\"https:\\\/\\\/dekoracyjnacegla.pl\\\/de\\\/produkt\\\/historischer-gotischer-backstein-massiv\\\/#breadcrumb\",\"itemListElement\":[{\"@type\":\"ListItem\",\"position\":1,\"name\":\"Strona g\u0142\u00f3wna\",\"item\":\"https:\\\/\\\/dekoracyjnacegla.pl\\\/de\\\/start\\\/\"},{\"@type\":\"ListItem\",\"position\":2,\"name\":\"Sklep\",\"item\":\"https:\\\/\\\/dekoracyjnacegla.pl\\\/sklep\\\/\"},{\"@type\":\"ListItem\",\"position\":3,\"name\":\"Historischer gotischer Backstein &#8211; massiv\"}]},{\"@type\":\"WebSite\",\"@id\":\"https:\\\/\\\/dekoracyjnacegla.pl\\\/de\\\/#website\",\"url\":\"https:\\\/\\\/dekoracyjnacegla.pl\\\/de\\\/\",\"name\":\"Dekoracyjna Ceg\u0142a\",\"description\":\"P\u0142ytki z ceg\u0142y | Retro Ceg\u0142a\",\"publisher\":{\"@id\":\"https:\\\/\\\/dekoracyjnacegla.pl\\\/de\\\/#organization\"},\"potentialAction\":[{\"@type\":\"SearchAction\",\"target\":{\"@type\":\"EntryPoint\",\"urlTemplate\":\"https:\\\/\\\/dekoracyjnacegla.pl\\\/de\\\/?s={search_term_string}\"},\"query-input\":{\"@type\":\"PropertyValueSpecification\",\"valueRequired\":true,\"valueName\":\"search_term_string\"}}],\"inLanguage\":\"de\"},{\"@type\":\"Organization\",\"@id\":\"https:\\\/\\\/dekoracyjnacegla.pl\\\/de\\\/#organization\",\"name\":\"Dekoracyjna Ceg\u0142a\",\"url\":\"https:\\\/\\\/dekoracyjnacegla.pl\\\/de\\\/\",\"logo\":{\"@type\":\"ImageObject\",\"inLanguage\":\"de\",\"@id\":\"https:\\\/\\\/dekoracyjnacegla.pl\\\/de\\\/#\\\/schema\\\/logo\\\/image\\\/\",\"url\":\"https:\\\/\\\/dekoracyjnacegla.pl\\\/wp-content\\\/uploads\\\/2023\\\/10\\\/logo.png\",\"contentUrl\":\"https:\\\/\\\/dekoracyjnacegla.pl\\\/wp-content\\\/uploads\\\/2023\\\/10\\\/logo.png\",\"width\":1199,\"height\":193,\"caption\":\"Dekoracyjna Ceg\u0142a\"},\"image\":{\"@id\":\"https:\\\/\\\/dekoracyjnacegla.pl\\\/de\\\/#\\\/schema\\\/logo\\\/image\\\/\"}}]}<\/script>\n<!-- \/ Yoast SEO plugin. -->","yoast_head_json":{"title":"Historischer gotischer Backstein - massiv - Dekoracyjna Ceg\u0142a","robots":{"index":"index","follow":"follow","max-snippet":"max-snippet:-1","max-image-preview":"max-image-preview:large","max-video-preview":"max-video-preview:-1"},"canonical":"https:\/\/dekoracyjnacegla.pl\/de\/produkt\/historischer-gotischer-backstein-massiv\/","og_locale":"de_DE","og_type":"article","og_title":"Historischer gotischer Backstein - massiv - Dekoracyjna Ceg\u0142a","og_description":"Alte GOTHYK-Ziegel\/Abbruchziegel verleihen Ihren Innenr\u00e4umen eine einzigartige Atmosph\u00e4re. Der Preis gilt f\u00fcr 1 St\u00fcck. Auf einer Palette befinden sich 200 St\u00fcck Ziegel.","og_url":"https:\/\/dekoracyjnacegla.pl\/de\/produkt\/historischer-gotischer-backstein-massiv\/","og_site_name":"Dekoracyjna Ceg\u0142a","og_image":[{"width":1184,"height":720,"url":"https:\/\/dekoracyjnacegla.pl\/wp-content\/uploads\/2023\/11\/Cegla-Zgorzelec4-e1699271066596.jpg","type":"image\/jpeg"}],"twitter_card":"summary_large_image","twitter_misc":{"Gesch\u00e4tzte Lesezeit":"1\u00a0Minute"},"schema":{"@context":"https:\/\/schema.org","@graph":[{"@type":"WebPage","@id":"https:\/\/dekoracyjnacegla.pl\/de\/produkt\/historischer-gotischer-backstein-massiv\/","url":"https:\/\/dekoracyjnacegla.pl\/de\/produkt\/historischer-gotischer-backstein-massiv\/","name":"Historischer gotischer Backstein - massiv - Dekoracyjna Ceg\u0142a","isPartOf":{"@id":"https:\/\/dekoracyjnacegla.pl\/de\/#website"},"primaryImageOfPage":{"@id":"https:\/\/dekoracyjnacegla.pl\/de\/produkt\/historischer-gotischer-backstein-massiv\/#primaryimage"},"image":{"@id":"https:\/\/dekoracyjnacegla.pl\/de\/produkt\/historischer-gotischer-backstein-massiv\/#primaryimage"},"thumbnailUrl":"https:\/\/dekoracyjnacegla.pl\/wp-content\/uploads\/2023\/11\/Cegla-Zgorzelec4-e1699271066596.jpg","datePublished":"2023-11-06T11:36:27+00:00","breadcrumb":{"@id":"https:\/\/dekoracyjnacegla.pl\/de\/produkt\/historischer-gotischer-backstein-massiv\/#breadcrumb"},"inLanguage":"de","potentialAction":[{"@type":"ReadAction","target":["https:\/\/dekoracyjnacegla.pl\/de\/produkt\/historischer-gotischer-backstein-massiv\/"]}]},{"@type":"ImageObject","inLanguage":"de","@id":"https:\/\/dekoracyjnacegla.pl\/de\/produkt\/historischer-gotischer-backstein-massiv\/#primaryimage","url":"https:\/\/dekoracyjnacegla.pl\/wp-content\/uploads\/2023\/11\/Cegla-Zgorzelec4-e1699271066596.jpg","contentUrl":"https:\/\/dekoracyjnacegla.pl\/wp-content\/uploads\/2023\/11\/Cegla-Zgorzelec4-e1699271066596.jpg","width":1184,"height":720},{"@type":"BreadcrumbList","@id":"https:\/\/dekoracyjnacegla.pl\/de\/produkt\/historischer-gotischer-backstein-massiv\/#breadcrumb","itemListElement":[{"@type":"ListItem","position":1,"name":"Strona g\u0142\u00f3wna","item":"https:\/\/dekoracyjnacegla.pl\/de\/start\/"},{"@type":"ListItem","position":2,"name":"Sklep","item":"https:\/\/dekoracyjnacegla.pl\/sklep\/"},{"@type":"ListItem","position":3,"name":"Historischer gotischer Backstein &#8211; massiv"}]},{"@type":"WebSite","@id":"https:\/\/dekoracyjnacegla.pl\/de\/#website","url":"https:\/\/dekoracyjnacegla.pl\/de\/","name":"Dekoracyjna Ceg\u0142a","description":"P\u0142ytki z ceg\u0142y | Retro Ceg\u0142a","publisher":{"@id":"https:\/\/dekoracyjnacegla.pl\/de\/#organization"},"potentialAction":[{"@type":"SearchAction","target":{"@type":"EntryPoint","urlTemplate":"https:\/\/dekoracyjnacegla.pl\/de\/?s={search_term_string}"},"query-input":{"@type":"PropertyValueSpecification","valueRequired":true,"valueName":"search_term_string"}}],"inLanguage":"de"},{"@type":"Organization","@id":"https:\/\/dekoracyjnacegla.pl\/de\/#organization","name":"Dekoracyjna Ceg\u0142a","url":"https:\/\/dekoracyjnacegla.pl\/de\/","logo":{"@type":"ImageObject","inLanguage":"de","@id":"https:\/\/dekoracyjnacegla.pl\/de\/#\/schema\/logo\/image\/","url":"https:\/\/dekoracyjnacegla.pl\/wp-content\/uploads\/2023\/10\/logo.png","contentUrl":"https:\/\/dekoracyjnacegla.pl\/wp-content\/uploads\/2023\/10\/logo.png","width":1199,"height":193,"caption":"Dekoracyjna Ceg\u0142a"},"image":{"@id":"https:\/\/dekoracyjnacegla.pl\/de\/#\/schema\/logo\/image\/"}}]}},"_links":{"self":[{"href":"https:\/\/dekoracyjnacegla.pl\/de\/wp-json\/wp\/v2\/product\/23680","targetHints":{"allow":["GET"]}}],"collection":[{"href":"https:\/\/dekoracyjnacegla.pl\/de\/wp-json\/wp\/v2\/product"}],"about":[{"href":"https:\/\/dekoracyjnacegla.pl\/de\/wp-json\/wp\/v2\/types\/product"}],"wp:featuredmedia":[{"embeddable":true,"href":"https:\/\/dekoracyjnacegla.pl\/de\/wp-json\/wp\/v2\/media\/23683"}],"wp:attachment":[{"href":"https:\/\/dekoracyjnacegla.pl\/de\/wp-json\/wp\/v2\/media?parent=23680"}],"wp:term":[{"taxonomy":"product_brand","embeddable":true,"href":"https:\/\/dekoracyjnacegla.pl\/de\/wp-json\/wp\/v2\/product_brand?post=23680"},{"taxonomy":"product_cat","embeddable":true,"href":"https:\/\/dekoracyjnacegla.pl\/de\/wp-json\/wp\/v2\/product_cat?post=23680"},{"taxonomy":"product_tag","embeddable":true,"href":"https:\/\/dekoracyjnacegla.pl\/de\/wp-json\/wp\/v2\/product_tag?post=23680"}],"curies":[{"name":"wp","href":"https:\/\/api.w.org\/{rel}","templated":true}]}}