{"id":25935,"date":"2026-04-24T08:24:52","date_gmt":"2026-04-24T08:24:52","guid":{"rendered":"https:\/\/dekoracyjnacegla.pl\/produkt\/lange-graue-fliese\/"},"modified":"2026-04-24T08:28:43","modified_gmt":"2026-04-24T08:28:43","slug":"lange-graue-fliese","status":"publish","type":"product","link":"https:\/\/dekoracyjnacegla.pl\/de\/produkt\/lange-graue-fliese\/","title":{"rendered":"Lange graue Fliese"},"content":{"rendered":"<p data-start=\"127\" data-end=\"433\">Die graue Fliese LONG ist ein einzigartiges Produkt aus echten Abbruchziegeln, das sich durch sein l\u00e4ngliches Format und seine nat\u00fcrlichen, dezenten Farben auszeichnet. Dank ihrer Form passt sie perfekt in moderne, minimalistische und Loft-Interieurs, w\u00e4hrend sie gleichzeitig den Charakter eines Materials mit Geschichte bewahrt. <\/p>\n<p data-start=\"435\" data-end=\"686\">Jede Fliese wird durch pr\u00e4zises Schneiden eines alten Ziegels hergestellt, was eine einzigartige Textur, eine nat\u00fcrliche Reibung und subtile Tonunterschiede garantiert - von hellgrau bis zu warmen, leicht beigen T\u00f6nen. Dies ist ein Material, das nicht gef\u00e4lscht werden kann. <\/p>\n<h3 data-section-id=\"udjgt7\" data-start=\"688\" data-end=\"732\">Warum w\u00e4hlen Sie die graue Fliese LONG?<\/h3>\n<ul data-start=\"733\" data-end=\"1085\">\n<li data-section-id=\"1lelatu\" data-start=\"733\" data-end=\"797\"><strong data-start=\"735\" data-end=\"761\">100% Abbruchziegel<\/strong> - authentisches Material mit einer Geschichte<\/li>\n<li data-section-id=\"x8719b\" data-start=\"798\" data-end=\"849\"><strong data-start=\"800\" data-end=\"822\">Einzigartige Struktur<\/strong> - jede Kachel ist anders<\/li>\n<li data-section-id=\"1w55z69\" data-start=\"850\" data-end=\"931\"><strong data-start=\"852\" data-end=\"878\">Modernes LONG-Format<\/strong> - die l\u00e4ngliche Form (25\u00d73&#215;2,5 cm) erzeugt einen eleganten Effekt<\/li>\n<li data-section-id=\"1b7nbsg\" data-start=\"932\" data-end=\"999\"><strong data-start=\"934\" data-end=\"959\">Nat\u00fcrliches Farbschema<\/strong> - Graut\u00f6ne durchbrochen von warmen T\u00f6nen<\/li>\n<li data-section-id=\"1565hf1\" data-start=\"1000\" data-end=\"1085\"><strong data-start=\"1002\" data-end=\"1025\">Zeitloses Design<\/strong> - passt zu Loft-, Industrie-, japanischen und minimalistischen Stilen<\/li>\n<\/ul>\n<h3 data-section-id=\"1x0f331\" data-start=\"1087\" data-end=\"1103\">Anwendung<\/h3>\n<p data-start=\"1104\" data-end=\"1138\">Die Fliese ist ideal als:<\/p>\n<ul data-start=\"1139\" data-end=\"1323\">\n<li data-section-id=\"wxqwd4\" data-start=\"1139\" data-end=\"1184\">dekorative Wand im Wohn- oder Schlafzimmer<\/li>\n<li data-section-id=\"1outoe9\" data-start=\"1185\" data-end=\"1229\">K\u00fcchenausbau (z.B. zwischen Schr\u00e4nken)<\/li>\n<li data-section-id=\"13bgn8u\" data-start=\"1230\" data-end=\"1260\">Bad-Design-Element<\/li>\n<li data-section-id=\"1co3mgb\" data-start=\"1261\" data-end=\"1284\">Kaminverkleidung<\/li>\n<li data-section-id=\"bkomzr\" data-start=\"1285\" data-end=\"1323\">Fassaden und Gesch\u00e4ftsr\u00e4ume<\/li>\n<\/ul>\n<p data-start=\"1325\" data-end=\"1449\">Mit dem schmalen LONG-Format erhalten Sie den Effekt einer modernen, hellen Ziegelwand - subtiler als klassische Fliesen.<\/p>\n<h3 data-section-id=\"u8phzr\" data-start=\"1451\" data-end=\"1467\">Spezifikation<\/h3>\n<ul data-start=\"1468\" data-end=\"1678\">\n<li data-section-id=\"k5oj8p\" data-start=\"1468\" data-end=\"1504\">Abmessungen: ca. <strong data-start=\"1483\" data-end=\"1502\">25 \u00d7 3 \u00d7 2,5 cm<\/strong><\/li>\n<li data-section-id=\"1jf37my\" data-start=\"1505\" data-end=\"1540\">Material: <strong data-start=\"1517\" data-end=\"1538\">Abbruchziegel<\/strong><\/li>\n<li data-section-id=\"1gi33rt\" data-start=\"1541\" data-end=\"1595\">Farbe: <strong data-start=\"1550\" data-end=\"1593\">grau \/ grau-beige (nat\u00fcrliches Melange)<\/strong><\/li>\n<li data-section-id=\"1ev9rl8\" data-start=\"1596\" data-end=\"1623\">Dicke: ca. <strong data-start=\"1611\" data-end=\"1621\">2,5 cm<\/strong><\/li>\n<li data-section-id=\"sweuji\" data-start=\"1624\" data-end=\"1678\">Ma\u00dftoleranz: aufgrund der manuellen Verarbeitung<\/li>\n<\/ul>\n<h3 data-section-id=\"1qesfas\" data-start=\"1680\" data-end=\"1698\">Visueller Effekt<\/h3>\n<p data-start=\"1699\" data-end=\"1934\">An der Wand schaffen die Fliesen eine einheitliche, elegante Oberfl\u00e4che mit einem zarten Spiel von Licht und Schatten. Die nat\u00fcrliche Textur des Ziegels harmoniert wunderbar mit Beton, Holz und Glas - genau wie in modernen architektonischen Realisierungen. <\/p>\n","protected":false},"excerpt":{"rendered":"<p>Die graue Fliese LONG ist ein einzigartiges Produkt aus authentischen Abbruchziegeln, das sich durch sein l\u00e4ngliches Format und seine nat\u00fcrlichen, dezenten Farben auszeichnet.<\/p>\n<p><strong>Der Preis gilt f\u00fcr 0,5<sup>m2<\/sup> Ziegelfliesen<\/strong>.<\/p>\n","protected":false},"featured_media":25936,"template":"","meta":[],"product_brand":[],"product_cat":[356,288,202,240,276,256,266,259,255,258,265,253,257,264,243,244,251,248,246,250,261,268,260,247,245,263,242,249,262,252,254,267,273,237],"product_tag":[],"class_list":{"0":"post-25935","1":"product","2":"type-product","3":"status-publish","4":"has-post-thumbnail","6":"product_cat-abbruchziegel-2","7":"product_cat-fassade-ziegel","8":"product_cat-nicht-kategorisiert","9":"product_cat-ziegel-schneiden","10":"product_cat-ziegelfliesen","11":"product_cat-ziegelfliesen-bialystok","12":"product_cat-ziegelfliesen-bielsko-biala","13":"product_cat-ziegelfliesen-czestochowa","14":"product_cat-ziegelfliesen-elblag","15":"product_cat-ziegelfliesen-gdynia","16":"product_cat-ziegelfliesen-gliwice","17":"product_cat-ziegelfliesen-gniezno","18":"product_cat-ziegelfliesen-kattowitz","19":"product_cat-ziegelfliesen-kielce","20":"product_cat-ziegelfliesen-kolobrzeg","21":"product_cat-ziegelfliesen-koszalin","22":"product_cat-ziegelfliesen-legnica","23":"product_cat-ziegelfliesen-lubin","24":"product_cat-ziegelfliesen-olsztyn","25":"product_cat-ziegelfliesen-oppeln","26":"product_cat-ziegelfliesen-radom","27":"product_cat-ziegelfliesen-rybnik","28":"product_cat-ziegelfliesen-rzeszow","29":"product_cat-ziegelfliesen-siedlce","30":"product_cat-ziegelfliesen-slupsk","31":"product_cat-ziegelfliesen-sosnowiec","32":"product_cat-ziegelfliesen-szczecin","33":"product_cat-ziegelfliesen-tarnow","34":"product_cat-ziegelfliesen-torun","35":"product_cat-ziegelfliesen-walbrzych","36":"product_cat-ziegelfliesen-wloclawek","37":"product_cat-ziegelfliesen-zabrze","38":"product_cat-ziegelfliesen-zielona-gora","39":"product_cat-ziegelstein-fur-die-mauer","41":"first","42":"instock","43":"shipping-taxable","44":"purchasable","45":"product-type-simple"},"yoast_head":"<!-- This site is optimized with the Yoast SEO plugin v27.4 - https:\/\/yoast.com\/product\/yoast-seo-wordpress\/ -->\n<title>Lange graue Fliese - Dekoracyjna Ceg\u0142a<\/title>\n<meta name=\"robots\" content=\"index, follow, max-snippet:-1, max-image-preview:large, max-video-preview:-1\" \/>\n<link rel=\"canonical\" href=\"https:\/\/dekoracyjnacegla.pl\/de\/produkt\/lange-graue-fliese\/\" \/>\n<meta property=\"og:locale\" content=\"de_DE\" \/>\n<meta property=\"og:type\" content=\"article\" \/>\n<meta property=\"og:title\" content=\"Lange graue Fliese - Dekoracyjna Ceg\u0142a\" \/>\n<meta property=\"og:description\" content=\"Die graue Fliese LONG ist ein einzigartiges Produkt aus authentischen Abbruchziegeln, das sich durch sein l\u00e4ngliches Format und seine nat\u00fcrlichen, dezenten Farben auszeichnet. Der Preis gilt f\u00fcr 0,5m2 Ziegelfliesen.\" \/>\n<meta property=\"og:url\" content=\"https:\/\/dekoracyjnacegla.pl\/de\/produkt\/lange-graue-fliese\/\" \/>\n<meta property=\"og:site_name\" content=\"Dekoracyjna Ceg\u0142a\" \/>\n<meta property=\"article:modified_time\" content=\"2026-04-24T08:28:43+00:00\" \/>\n<meta property=\"og:image\" content=\"https:\/\/dekoracyjnacegla.pl\/wp-content\/uploads\/2026\/04\/plytka-szara-long_wizualizacja_01.png\" \/>\n\t<meta property=\"og:image:width\" content=\"1200\" \/>\n\t<meta property=\"og:image:height\" content=\"800\" \/>\n\t<meta property=\"og:image:type\" content=\"image\/png\" \/>\n<meta name=\"twitter:card\" content=\"summary_large_image\" \/>\n<meta name=\"twitter:label1\" content=\"Gesch\u00e4tzte Lesezeit\" \/>\n\t<meta name=\"twitter:data1\" content=\"1\u00a0Minute\" \/>\n<script type=\"application\/ld+json\" class=\"yoast-schema-graph\">{\"@context\":\"https:\\\/\\\/schema.org\",\"@graph\":[{\"@type\":\"WebPage\",\"@id\":\"https:\\\/\\\/dekoracyjnacegla.pl\\\/de\\\/produkt\\\/lange-graue-fliese\\\/\",\"url\":\"https:\\\/\\\/dekoracyjnacegla.pl\\\/de\\\/produkt\\\/lange-graue-fliese\\\/\",\"name\":\"Lange graue Fliese - Dekoracyjna Ceg\u0142a\",\"isPartOf\":{\"@id\":\"https:\\\/\\\/dekoracyjnacegla.pl\\\/de\\\/#website\"},\"primaryImageOfPage\":{\"@id\":\"https:\\\/\\\/dekoracyjnacegla.pl\\\/de\\\/produkt\\\/lange-graue-fliese\\\/#primaryimage\"},\"image\":{\"@id\":\"https:\\\/\\\/dekoracyjnacegla.pl\\\/de\\\/produkt\\\/lange-graue-fliese\\\/#primaryimage\"},\"thumbnailUrl\":\"https:\\\/\\\/dekoracyjnacegla.pl\\\/wp-content\\\/uploads\\\/2026\\\/04\\\/plytka-szara-long_wizualizacja_01.png\",\"datePublished\":\"2026-04-24T08:24:52+00:00\",\"dateModified\":\"2026-04-24T08:28:43+00:00\",\"breadcrumb\":{\"@id\":\"https:\\\/\\\/dekoracyjnacegla.pl\\\/de\\\/produkt\\\/lange-graue-fliese\\\/#breadcrumb\"},\"inLanguage\":\"de\",\"potentialAction\":[{\"@type\":\"ReadAction\",\"target\":[\"https:\\\/\\\/dekoracyjnacegla.pl\\\/de\\\/produkt\\\/lange-graue-fliese\\\/\"]}]},{\"@type\":\"ImageObject\",\"inLanguage\":\"de\",\"@id\":\"https:\\\/\\\/dekoracyjnacegla.pl\\\/de\\\/produkt\\\/lange-graue-fliese\\\/#primaryimage\",\"url\":\"https:\\\/\\\/dekoracyjnacegla.pl\\\/wp-content\\\/uploads\\\/2026\\\/04\\\/plytka-szara-long_wizualizacja_01.png\",\"contentUrl\":\"https:\\\/\\\/dekoracyjnacegla.pl\\\/wp-content\\\/uploads\\\/2026\\\/04\\\/plytka-szara-long_wizualizacja_01.png\",\"width\":1200,\"height\":800},{\"@type\":\"BreadcrumbList\",\"@id\":\"https:\\\/\\\/dekoracyjnacegla.pl\\\/de\\\/produkt\\\/lange-graue-fliese\\\/#breadcrumb\",\"itemListElement\":[{\"@type\":\"ListItem\",\"position\":1,\"name\":\"Strona g\u0142\u00f3wna\",\"item\":\"https:\\\/\\\/dekoracyjnacegla.pl\\\/de\\\/start\\\/\"},{\"@type\":\"ListItem\",\"position\":2,\"name\":\"Sklep\",\"item\":\"https:\\\/\\\/dekoracyjnacegla.pl\\\/sklep\\\/\"},{\"@type\":\"ListItem\",\"position\":3,\"name\":\"Lange graue Fliese\"}]},{\"@type\":\"WebSite\",\"@id\":\"https:\\\/\\\/dekoracyjnacegla.pl\\\/de\\\/#website\",\"url\":\"https:\\\/\\\/dekoracyjnacegla.pl\\\/de\\\/\",\"name\":\"Dekoracyjna Ceg\u0142a\",\"description\":\"P\u0142ytki z ceg\u0142y | Retro Ceg\u0142a\",\"publisher\":{\"@id\":\"https:\\\/\\\/dekoracyjnacegla.pl\\\/de\\\/#organization\"},\"potentialAction\":[{\"@type\":\"SearchAction\",\"target\":{\"@type\":\"EntryPoint\",\"urlTemplate\":\"https:\\\/\\\/dekoracyjnacegla.pl\\\/de\\\/?s={search_term_string}\"},\"query-input\":{\"@type\":\"PropertyValueSpecification\",\"valueRequired\":true,\"valueName\":\"search_term_string\"}}],\"inLanguage\":\"de\"},{\"@type\":\"Organization\",\"@id\":\"https:\\\/\\\/dekoracyjnacegla.pl\\\/de\\\/#organization\",\"name\":\"Dekoracyjna Ceg\u0142a\",\"url\":\"https:\\\/\\\/dekoracyjnacegla.pl\\\/de\\\/\",\"logo\":{\"@type\":\"ImageObject\",\"inLanguage\":\"de\",\"@id\":\"https:\\\/\\\/dekoracyjnacegla.pl\\\/de\\\/#\\\/schema\\\/logo\\\/image\\\/\",\"url\":\"https:\\\/\\\/dekoracyjnacegla.pl\\\/wp-content\\\/uploads\\\/2023\\\/10\\\/logo.png\",\"contentUrl\":\"https:\\\/\\\/dekoracyjnacegla.pl\\\/wp-content\\\/uploads\\\/2023\\\/10\\\/logo.png\",\"width\":1199,\"height\":193,\"caption\":\"Dekoracyjna Ceg\u0142a\"},\"image\":{\"@id\":\"https:\\\/\\\/dekoracyjnacegla.pl\\\/de\\\/#\\\/schema\\\/logo\\\/image\\\/\"}}]}<\/script>\n<!-- \/ Yoast SEO plugin. -->","yoast_head_json":{"title":"Lange graue Fliese - Dekoracyjna Ceg\u0142a","robots":{"index":"index","follow":"follow","max-snippet":"max-snippet:-1","max-image-preview":"max-image-preview:large","max-video-preview":"max-video-preview:-1"},"canonical":"https:\/\/dekoracyjnacegla.pl\/de\/produkt\/lange-graue-fliese\/","og_locale":"de_DE","og_type":"article","og_title":"Lange graue Fliese - Dekoracyjna Ceg\u0142a","og_description":"Die graue Fliese LONG ist ein einzigartiges Produkt aus authentischen Abbruchziegeln, das sich durch sein l\u00e4ngliches Format und seine nat\u00fcrlichen, dezenten Farben auszeichnet. Der Preis gilt f\u00fcr 0,5m2 Ziegelfliesen.","og_url":"https:\/\/dekoracyjnacegla.pl\/de\/produkt\/lange-graue-fliese\/","og_site_name":"Dekoracyjna Ceg\u0142a","article_modified_time":"2026-04-24T08:28:43+00:00","og_image":[{"width":1200,"height":800,"url":"https:\/\/dekoracyjnacegla.pl\/wp-content\/uploads\/2026\/04\/plytka-szara-long_wizualizacja_01.png","type":"image\/png"}],"twitter_card":"summary_large_image","twitter_misc":{"Gesch\u00e4tzte Lesezeit":"1\u00a0Minute"},"schema":{"@context":"https:\/\/schema.org","@graph":[{"@type":"WebPage","@id":"https:\/\/dekoracyjnacegla.pl\/de\/produkt\/lange-graue-fliese\/","url":"https:\/\/dekoracyjnacegla.pl\/de\/produkt\/lange-graue-fliese\/","name":"Lange graue Fliese - Dekoracyjna Ceg\u0142a","isPartOf":{"@id":"https:\/\/dekoracyjnacegla.pl\/de\/#website"},"primaryImageOfPage":{"@id":"https:\/\/dekoracyjnacegla.pl\/de\/produkt\/lange-graue-fliese\/#primaryimage"},"image":{"@id":"https:\/\/dekoracyjnacegla.pl\/de\/produkt\/lange-graue-fliese\/#primaryimage"},"thumbnailUrl":"https:\/\/dekoracyjnacegla.pl\/wp-content\/uploads\/2026\/04\/plytka-szara-long_wizualizacja_01.png","datePublished":"2026-04-24T08:24:52+00:00","dateModified":"2026-04-24T08:28:43+00:00","breadcrumb":{"@id":"https:\/\/dekoracyjnacegla.pl\/de\/produkt\/lange-graue-fliese\/#breadcrumb"},"inLanguage":"de","potentialAction":[{"@type":"ReadAction","target":["https:\/\/dekoracyjnacegla.pl\/de\/produkt\/lange-graue-fliese\/"]}]},{"@type":"ImageObject","inLanguage":"de","@id":"https:\/\/dekoracyjnacegla.pl\/de\/produkt\/lange-graue-fliese\/#primaryimage","url":"https:\/\/dekoracyjnacegla.pl\/wp-content\/uploads\/2026\/04\/plytka-szara-long_wizualizacja_01.png","contentUrl":"https:\/\/dekoracyjnacegla.pl\/wp-content\/uploads\/2026\/04\/plytka-szara-long_wizualizacja_01.png","width":1200,"height":800},{"@type":"BreadcrumbList","@id":"https:\/\/dekoracyjnacegla.pl\/de\/produkt\/lange-graue-fliese\/#breadcrumb","itemListElement":[{"@type":"ListItem","position":1,"name":"Strona g\u0142\u00f3wna","item":"https:\/\/dekoracyjnacegla.pl\/de\/start\/"},{"@type":"ListItem","position":2,"name":"Sklep","item":"https:\/\/dekoracyjnacegla.pl\/sklep\/"},{"@type":"ListItem","position":3,"name":"Lange graue Fliese"}]},{"@type":"WebSite","@id":"https:\/\/dekoracyjnacegla.pl\/de\/#website","url":"https:\/\/dekoracyjnacegla.pl\/de\/","name":"Dekoracyjna Ceg\u0142a","description":"P\u0142ytki z ceg\u0142y | Retro Ceg\u0142a","publisher":{"@id":"https:\/\/dekoracyjnacegla.pl\/de\/#organization"},"potentialAction":[{"@type":"SearchAction","target":{"@type":"EntryPoint","urlTemplate":"https:\/\/dekoracyjnacegla.pl\/de\/?s={search_term_string}"},"query-input":{"@type":"PropertyValueSpecification","valueRequired":true,"valueName":"search_term_string"}}],"inLanguage":"de"},{"@type":"Organization","@id":"https:\/\/dekoracyjnacegla.pl\/de\/#organization","name":"Dekoracyjna Ceg\u0142a","url":"https:\/\/dekoracyjnacegla.pl\/de\/","logo":{"@type":"ImageObject","inLanguage":"de","@id":"https:\/\/dekoracyjnacegla.pl\/de\/#\/schema\/logo\/image\/","url":"https:\/\/dekoracyjnacegla.pl\/wp-content\/uploads\/2023\/10\/logo.png","contentUrl":"https:\/\/dekoracyjnacegla.pl\/wp-content\/uploads\/2023\/10\/logo.png","width":1199,"height":193,"caption":"Dekoracyjna Ceg\u0142a"},"image":{"@id":"https:\/\/dekoracyjnacegla.pl\/de\/#\/schema\/logo\/image\/"}}]}},"_links":{"self":[{"href":"https:\/\/dekoracyjnacegla.pl\/de\/wp-json\/wp\/v2\/product\/25935","targetHints":{"allow":["GET"]}}],"collection":[{"href":"https:\/\/dekoracyjnacegla.pl\/de\/wp-json\/wp\/v2\/product"}],"about":[{"href":"https:\/\/dekoracyjnacegla.pl\/de\/wp-json\/wp\/v2\/types\/product"}],"wp:featuredmedia":[{"embeddable":true,"href":"https:\/\/dekoracyjnacegla.pl\/de\/wp-json\/wp\/v2\/media\/25936"}],"wp:attachment":[{"href":"https:\/\/dekoracyjnacegla.pl\/de\/wp-json\/wp\/v2\/media?parent=25935"}],"wp:term":[{"taxonomy":"product_brand","embeddable":true,"href":"https:\/\/dekoracyjnacegla.pl\/de\/wp-json\/wp\/v2\/product_brand?post=25935"},{"taxonomy":"product_cat","embeddable":true,"href":"https:\/\/dekoracyjnacegla.pl\/de\/wp-json\/wp\/v2\/product_cat?post=25935"},{"taxonomy":"product_tag","embeddable":true,"href":"https:\/\/dekoracyjnacegla.pl\/de\/wp-json\/wp\/v2\/product_tag?post=25935"}],"curies":[{"name":"wp","href":"https:\/\/api.w.org\/{rel}","templated":true}]}}