{"id":21144,"date":"2023-10-12T15:52:27","date_gmt":"2023-10-12T15:52:27","guid":{"rendered":"https:\/\/dekoracyjnacegla.pl\/store-regulations\/"},"modified":"2026-03-19T11:21:57","modified_gmt":"2026-03-19T11:21:57","slug":"store-regulations","status":"publish","type":"page","link":"https:\/\/dekoracyjnacegla.pl\/en\/store-regulations\/","title":{"rendered":"Store Regulations"},"content":{"rendered":"\t\t<div data-elementor-type=\"wp-page\" data-elementor-id=\"21144\" class=\"elementor elementor-21144 elementor-138\" data-elementor-post-type=\"page\">\n\t\t\t\t\t\t<section class=\"elementor-section elementor-top-section elementor-element elementor-element-1f79276 elementor-section-boxed elementor-section-height-default elementor-section-height-default\" data-id=\"1f79276\" data-element_type=\"section\" data-e-type=\"section\">\n\t\t\t\t\t\t<div class=\"elementor-container elementor-column-gap-default\">\n\t\t\t\t\t<div class=\"elementor-column elementor-col-100 elementor-top-column elementor-element elementor-element-24d4d44\" data-id=\"24d4d44\" data-element_type=\"column\" data-e-type=\"column\">\n\t\t\t<div class=\"elementor-widget-wrap elementor-element-populated\">\n\t\t\t\t\t\t<div class=\"elementor-element elementor-element-0c9515b elementor-widget elementor-widget-text-editor\" data-id=\"0c9515b\" data-element_type=\"widget\" data-e-type=\"widget\" data-widget_type=\"text-editor.default\">\n\t\t\t\t<div class=\"elementor-widget-container\">\n\t\t\t\t\t\t\t\t\t<p><\/p>\n<ol>\n<li>The sizes of tiles or corners may vary significantly. Our brick tiles are natural products, about 100 years old . There is a possibility of discoloration, mortar residue, color differences, chipping, chips, chipping, cracks, uneven surface and edges and size differences. These are natural and desirable features of the product, not subject to complaint.   <\/li>\n<li>&nbsp;It is allowed to crack up to 20% of the tiles during transport. This is due to the physical properties of the material from which the tiles were made (old bricks).This circumstance the customer acknowledges when making the purchase and accepts it.<\/li>\n<li>a) The customer is obliged to check the contents of the parcel in the presence of a representative of the courier company in case of damage or irregularities, and then immediately report this fact to Dekoracyjnaceg\u0142a.pl In the absence of this fact, the complaint will not be considered.<br>b) Reports of damage during transport, or any discrepancy in the order should be reported within 7 days of receipt of the shipment. Otherwise, reports will not be considered. <\/li>\n<li>The website Dekoracyjnacegla.pl stipulates that placing an order (even if it has been paid immediately) is equivalent to making an offer to the seller to purchase a specific product (which the store may accept or reject);<\/li>\n<li>&nbsp;The final conclusion of the contract of sale occurs only when the customer receives a confirmation of acceptance of the order by the store in the form of an email stating &#8220;Thank you for placing your order, the order is in process&#8221;.<\/li>\n<li>a) The resulting products may be damp (this is related to the production technology), which may cause the packaging(boxes or cartons) to become dehydrated.<br>(b) If brick tiles are stored for more than 3 days after receipt, the customer is required to immediately unpack the pallet upon arrival, inspect all its contents, and lay out the brick tiles separately, providing them with a constant flow of air. Brick tiles that may be wet after the production process, which are sealed in packaging, are exposed to &#8220;steaming&#8221; (evaporation of water under the packaging and redeposition). <\/li>\n<li>&nbsp;Order completion date: up to 21 working days from the date of receipt of payment (by: Dekoracyjnaceg\u0142a.pl) for the ordered goods, regardless of how the order was placed.<\/li>\n<li>&nbsp;The specified square meter (tile) of the product in question includes a grout space of about 1-2 cm wide. <\/li>\n<li>&nbsp;By making a purchase, the customer agrees to provide proof of purchase (fiscal receipt or invoice) in electronic form to the e-mail address (in the body of the message or in a pdf file) provided when placing the order.<\/li>\n<li>&nbsp;By using the website Dekoracyjnaceg\u0142a.pl I consent to the processing of my personal data in order to present me with an offer of products, services and to conduct marketing by Dekoracyjnaceg\u0142a.pl, and I acknowledge receipt of information that:<br>8.1. The Administrator of personal data is DEKORACYJNACEGLA.PL SP Z O.O., PL Pocztowy 24B\/9, 64-980 Trzcianka, Poland, KRS 0001166752, NIP 7632155485, REGON 541414406.<br><span style=\"font-family: Arial, sans-serif;\">8.2. Collected personal data may be made available to entities indicated in the provisions of commonly applicable law, and entities cooperating with Dekoracyjnaceg\u0142a.pl.<\/span><br><span style=\"font-family: Arial, sans-serif;\">8.3<\/span>I have the right to access and correct my data under the terms of the Personal Data Protection Act, and providing them is voluntary.<br>8.4 Providing e-mail address or telephone number is tantamount to consent to receive commercial information from Dekoracyjnaceg\u0142a.pl or entities cooperating with Dekoracyjnaceg\u0142a.pl Legal basis: Act of August 29, 1997 on Personal Data Protection (Journal of Laws of 2002, No. 101, item 926, as amended).  <\/li>\n<li>a) The customer, being a consumer within the meaning of Article 22[1] of the Civil Code, has the right to lodge a complaint about the purchased goods or services within 14 days from the date of receipt of goods or services from Dekoracyjnaceg\u0142a.pl Complaints should be submitted by e-mail to the following address: biuro@dekoracyjnacegla.pl, or by post to the company&#8217;s address. Complaints submitted in any other form, and those submitted after the deadline will not be considered.<br>b) Properly submitted complaints will be considered within 14 working days, calculated from the date of delivery of the complaint.  <\/li>\n<li>Dekoracyjnaceg\u0142a.pl accepts payments in the form of: cash payments (at the company&#8217;s headquarters), transfers to the company&#8217;s bank account, cash on delivery payments at the courier with advance payment.<\/li>\n<li>A consumer has the right to withdraw from an off-site contract within a period of time&nbsp;<strong>14 calendar days<\/strong> without giving any reason. In this case, the contract shall be considered not concluded. <\/li>\n<li>The deadline for withdrawal from the contract expires after 14 days from the day:<br>a) on which the Consumer took possession of the goods or on which a third party other than the carrier and indicated by the Consumer took possession of the goods;<br>b) in the case of a contract involving multiple goods that are delivered separately &#8211; from the day on which the Consumer took possession of the last of the goods;<br>c) in the case of a contract involving regular delivery of goods over a specified period of time &#8211; from the day on which the Consumer took possession of the first of the goods.<\/li>\n<li>To exercise the right of withdrawal, the Consumer should inform the Seller of his decision by an unequivocal statement in writing (such as a letter sent by mail or e-mail).<\/li>\n<li>To comply with the deadline for withdrawal, it is sufficient to send information about the exercise of the right before the expiry of the 14-day period.<\/li>\n<li>In the event of withdrawal from the contract, the Seller shall return to the Consumer <strong>only the price paid for the goods<\/strong>, no later than <strong>14 days from the date on which the Seller received the return of the goods.<\/strong><\/li>\n<li>The payment will be refunded using the same payment methods used by the Consumer in the original transaction, unless the Consumer has expressly agreed otherwise; in any case, the Consumer will not incur any fees in connection with this refund.<\/li>\n<li>The consumer should send back or hand over the goods to the Seller&nbsp;<strong>immediately, but no later than 14 days from the day on which he informed about the withdrawal from the contract<\/strong>, to the address indicated by the Seller. The deadline is met if the Consumer sends back the goods before the expiration of 14 days. <\/li>\n<li>The consumer bears <strong>the direct costs of returning the goods<\/strong> (the cost of returning the shipment to the Seller).<\/li>\n<li>The consumer is liable only for the diminution in value of the goods resulting from use beyond what is necessary to ascertain the nature, characteristics and functioning of the goods.<\/li>\n<li>The right to withdraw from the contract does not apply in the cases specified in Article 38 of the Law on Consumer Rights, in particular with respect to contracts:<br>a) for the provision of services, if the entrepreneur has fully performed the service with the express consent of the Consumer;<br>b) in which the subject of the provision is a non-refabricated good, produced to the specifications of the Consumer or serving to meet his individualized needs;<br>c) in which the subject of the provision is a good, which after delivery, due to its nature, is inseparably combined with other things. <\/li>\n<li>The goods should be sent back to the address: Dekoracyjnaceg\u0142a.pl Wysoczka 32, 89-320 Wysoka<\/li>\n<li>&nbsp;All prices quoted by Dekoracyjnaceg\u0142a.pl, on the websites, in e-mail correspondence and telephone conversations are gross prices unless otherwise stated.&nbsp;<\/li>\n<li>&nbsp;The online store &#8220;Dekoracyjnacegla.pl&#8221; belongs to: DEKORACYJNACEGLA.PL SP\u00d3\u0141KA Z OGRANICZON\u0104 ODPOWIEDZIALNO\u015aCI\u0104, PL Pocztowy 24B\/9, 64-980 TRZCIANKA NIP: 7632155485, Poland, KRS: 0001166752, REGON: 541414406.&nbsp; &nbsp;<\/li>\n<li>Placing an order in any form implies acceptance of the provisions of these terms and conditions and the limitations and inconveniences that may arise therefrom (this is related to the specifics of the product).<\/li>\n<li>In order to obtain the optional 5-year warranty for products purchased at Dekoracyjnaceg\u0142a.pl, the customer is required to do the following:<br>16.1. Purchase of brick tiles (any type) in the minimum quantity of 10m2 and 2l of impregnant from the dekoracyjnacegla.pl store.<br>16..2 The tiles must be installed in accordance with the guidelines of Dekoracyjnaceg\u0142a.pl and the art of construction, by persons or companies with certified qualifications in the installation of decorative tiles.<br>16.3 The warranty applies only to tiles installed as decorative, indoors. Tiles must not be installed in permanently humid environments, with large temperature differences or be exposed to water.<br>16.4. Tiles must be maintained with 1 coat of Impregnator (1l for each started 5m2 of tiles) once a year.<br>16.5. Exclusions: the warranty does not cover the outcropping of efflorescence from natural elements such as salt on the surfaces of old brick tiles.<br>16.6 In order to receive the optional 5-year warranty for products purchased at Dekoracyjnaceg\u0142a.pl is required to send a message to e-maila:biuro@dekoracyjnacegla.pl within 14 days from the date of the order with a request to cover his order (giving the number) with the optional 5-year warranty. Failure to send such a request within the specified period results in the inability to obtain the optional 5-year warranty.       <\/li>\n<li>Dekoracyjnaceg\u0142a.pl reserves the right to change the regulations.<\/li>\n<\/ol>\t\t\t\t\t\t\t\t<\/div>\n\t\t\t\t<\/div>\n\t\t\t\t\t<\/div>\n\t\t<\/div>\n\t\t\t\t\t<\/div>\n\t\t<\/section>\n\t\t\t\t<section class=\"elementor-section elementor-top-section elementor-element elementor-element-b9f9013 elementor-section-boxed elementor-section-height-default elementor-section-height-default\" data-id=\"b9f9013\" data-element_type=\"section\" data-e-type=\"section\">\n\t\t\t\t\t\t<div class=\"elementor-container elementor-column-gap-default\">\n\t\t\t\t\t<div class=\"elementor-column elementor-col-100 elementor-top-column elementor-element elementor-element-2691bea\" data-id=\"2691bea\" data-element_type=\"column\" data-e-type=\"column\">\n\t\t\t<div class=\"elementor-widget-wrap\">\n\t\t\t\t\t\t\t<\/div>\n\t\t<\/div>\n\t\t\t\t\t<\/div>\n\t\t<\/section>\n\t\t\t\t<\/div>\n\t\t","protected":false},"excerpt":{"rendered":"<p>The sizes of tiles or corners may vary significantly. Our brick tiles are natural products, about 100 years old . There is a possibility of discoloration, mortar residue, color differences, chipping, chips, chipping, cracks, uneven surface and edges and size differences. These are natural and desirable features of the product, not subject to complaint. &nbsp;It [&hellip;]<\/p>\n","protected":false},"author":1,"featured_media":0,"parent":0,"menu_order":0,"comment_status":"closed","ping_status":"closed","template":"template-fullwidth.php","meta":{"footnotes":""},"class_list":["post-21144","page","type-page","status-publish","hentry"],"yoast_head":"<!-- This site is optimized with the Yoast SEO plugin v27.3 - https:\/\/yoast.com\/product\/yoast-seo-wordpress\/ -->\n<title>Store Regulations - Dekoracyjna Ceg\u0142a<\/title>\n<meta name=\"robots\" content=\"index, follow, max-snippet:-1, max-image-preview:large, max-video-preview:-1\" \/>\n<link rel=\"canonical\" href=\"https:\/\/dekoracyjnacegla.pl\/en\/store-regulations\/\" \/>\n<meta property=\"og:locale\" content=\"en_US\" \/>\n<meta property=\"og:type\" content=\"article\" \/>\n<meta property=\"og:title\" content=\"Store Regulations - Dekoracyjna Ceg\u0142a\" \/>\n<meta property=\"og:description\" content=\"The sizes of tiles or corners may vary significantly. Our brick tiles are natural products, about 100 years old . There is a possibility of discoloration, mortar residue, color differences, chipping, chips, chipping, cracks, uneven surface and edges and size differences. These are natural and desirable features of the product, not subject to complaint. &nbsp;It [&hellip;]\" \/>\n<meta property=\"og:url\" content=\"https:\/\/dekoracyjnacegla.pl\/en\/store-regulations\/\" \/>\n<meta property=\"og:site_name\" content=\"Dekoracyjna Ceg\u0142a\" \/>\n<meta property=\"article:modified_time\" content=\"2026-03-19T11:21:57+00:00\" \/>\n<meta name=\"twitter:card\" content=\"summary_large_image\" \/>\n<meta name=\"twitter:label1\" content=\"Est. reading time\" \/>\n\t<meta name=\"twitter:data1\" content=\"8 minutes\" \/>\n<script type=\"application\/ld+json\" class=\"yoast-schema-graph\">{\"@context\":\"https:\\\/\\\/schema.org\",\"@graph\":[{\"@type\":\"WebPage\",\"@id\":\"https:\\\/\\\/dekoracyjnacegla.pl\\\/en\\\/store-regulations\\\/\",\"url\":\"https:\\\/\\\/dekoracyjnacegla.pl\\\/en\\\/store-regulations\\\/\",\"name\":\"Store Regulations - Dekoracyjna Ceg\u0142a\",\"isPartOf\":{\"@id\":\"https:\\\/\\\/dekoracyjnacegla.pl\\\/en\\\/#website\"},\"datePublished\":\"2023-10-12T15:52:27+00:00\",\"dateModified\":\"2026-03-19T11:21:57+00:00\",\"breadcrumb\":{\"@id\":\"https:\\\/\\\/dekoracyjnacegla.pl\\\/en\\\/store-regulations\\\/#breadcrumb\"},\"inLanguage\":\"en-US\",\"potentialAction\":[{\"@type\":\"ReadAction\",\"target\":[\"https:\\\/\\\/dekoracyjnacegla.pl\\\/en\\\/store-regulations\\\/\"]}]},{\"@type\":\"BreadcrumbList\",\"@id\":\"https:\\\/\\\/dekoracyjnacegla.pl\\\/en\\\/store-regulations\\\/#breadcrumb\",\"itemListElement\":[{\"@type\":\"ListItem\",\"position\":1,\"name\":\"Strona g\u0142\u00f3wna\",\"item\":\"https:\\\/\\\/dekoracyjnacegla.pl\\\/en\\\/startup\\\/\"},{\"@type\":\"ListItem\",\"position\":2,\"name\":\"Store Regulations\"}]},{\"@type\":\"WebSite\",\"@id\":\"https:\\\/\\\/dekoracyjnacegla.pl\\\/en\\\/#website\",\"url\":\"https:\\\/\\\/dekoracyjnacegla.pl\\\/en\\\/\",\"name\":\"Dekoracyjna Ceg\u0142a\",\"description\":\"P\u0142ytki z ceg\u0142y | Retro Ceg\u0142a\",\"publisher\":{\"@id\":\"https:\\\/\\\/dekoracyjnacegla.pl\\\/en\\\/#organization\"},\"potentialAction\":[{\"@type\":\"SearchAction\",\"target\":{\"@type\":\"EntryPoint\",\"urlTemplate\":\"https:\\\/\\\/dekoracyjnacegla.pl\\\/en\\\/?s={search_term_string}\"},\"query-input\":{\"@type\":\"PropertyValueSpecification\",\"valueRequired\":true,\"valueName\":\"search_term_string\"}}],\"inLanguage\":\"en-US\"},{\"@type\":\"Organization\",\"@id\":\"https:\\\/\\\/dekoracyjnacegla.pl\\\/en\\\/#organization\",\"name\":\"Dekoracyjna Ceg\u0142a\",\"url\":\"https:\\\/\\\/dekoracyjnacegla.pl\\\/en\\\/\",\"logo\":{\"@type\":\"ImageObject\",\"inLanguage\":\"en-US\",\"@id\":\"https:\\\/\\\/dekoracyjnacegla.pl\\\/en\\\/#\\\/schema\\\/logo\\\/image\\\/\",\"url\":\"https:\\\/\\\/dekoracyjnacegla.pl\\\/wp-content\\\/uploads\\\/2023\\\/10\\\/logo.png\",\"contentUrl\":\"https:\\\/\\\/dekoracyjnacegla.pl\\\/wp-content\\\/uploads\\\/2023\\\/10\\\/logo.png\",\"width\":1199,\"height\":193,\"caption\":\"Dekoracyjna Ceg\u0142a\"},\"image\":{\"@id\":\"https:\\\/\\\/dekoracyjnacegla.pl\\\/en\\\/#\\\/schema\\\/logo\\\/image\\\/\"}}]}<\/script>\n<!-- \/ Yoast SEO plugin. -->","yoast_head_json":{"title":"Store Regulations - Dekoracyjna Ceg\u0142a","robots":{"index":"index","follow":"follow","max-snippet":"max-snippet:-1","max-image-preview":"max-image-preview:large","max-video-preview":"max-video-preview:-1"},"canonical":"https:\/\/dekoracyjnacegla.pl\/en\/store-regulations\/","og_locale":"en_US","og_type":"article","og_title":"Store Regulations - Dekoracyjna Ceg\u0142a","og_description":"The sizes of tiles or corners may vary significantly. Our brick tiles are natural products, about 100 years old . There is a possibility of discoloration, mortar residue, color differences, chipping, chips, chipping, cracks, uneven surface and edges and size differences. These are natural and desirable features of the product, not subject to complaint. &nbsp;It [&hellip;]","og_url":"https:\/\/dekoracyjnacegla.pl\/en\/store-regulations\/","og_site_name":"Dekoracyjna Ceg\u0142a","article_modified_time":"2026-03-19T11:21:57+00:00","twitter_card":"summary_large_image","twitter_misc":{"Est. reading time":"8 minutes"},"schema":{"@context":"https:\/\/schema.org","@graph":[{"@type":"WebPage","@id":"https:\/\/dekoracyjnacegla.pl\/en\/store-regulations\/","url":"https:\/\/dekoracyjnacegla.pl\/en\/store-regulations\/","name":"Store Regulations - Dekoracyjna Ceg\u0142a","isPartOf":{"@id":"https:\/\/dekoracyjnacegla.pl\/en\/#website"},"datePublished":"2023-10-12T15:52:27+00:00","dateModified":"2026-03-19T11:21:57+00:00","breadcrumb":{"@id":"https:\/\/dekoracyjnacegla.pl\/en\/store-regulations\/#breadcrumb"},"inLanguage":"en-US","potentialAction":[{"@type":"ReadAction","target":["https:\/\/dekoracyjnacegla.pl\/en\/store-regulations\/"]}]},{"@type":"BreadcrumbList","@id":"https:\/\/dekoracyjnacegla.pl\/en\/store-regulations\/#breadcrumb","itemListElement":[{"@type":"ListItem","position":1,"name":"Strona g\u0142\u00f3wna","item":"https:\/\/dekoracyjnacegla.pl\/en\/startup\/"},{"@type":"ListItem","position":2,"name":"Store Regulations"}]},{"@type":"WebSite","@id":"https:\/\/dekoracyjnacegla.pl\/en\/#website","url":"https:\/\/dekoracyjnacegla.pl\/en\/","name":"Dekoracyjna Ceg\u0142a","description":"P\u0142ytki z ceg\u0142y | Retro Ceg\u0142a","publisher":{"@id":"https:\/\/dekoracyjnacegla.pl\/en\/#organization"},"potentialAction":[{"@type":"SearchAction","target":{"@type":"EntryPoint","urlTemplate":"https:\/\/dekoracyjnacegla.pl\/en\/?s={search_term_string}"},"query-input":{"@type":"PropertyValueSpecification","valueRequired":true,"valueName":"search_term_string"}}],"inLanguage":"en-US"},{"@type":"Organization","@id":"https:\/\/dekoracyjnacegla.pl\/en\/#organization","name":"Dekoracyjna Ceg\u0142a","url":"https:\/\/dekoracyjnacegla.pl\/en\/","logo":{"@type":"ImageObject","inLanguage":"en-US","@id":"https:\/\/dekoracyjnacegla.pl\/en\/#\/schema\/logo\/image\/","url":"https:\/\/dekoracyjnacegla.pl\/wp-content\/uploads\/2023\/10\/logo.png","contentUrl":"https:\/\/dekoracyjnacegla.pl\/wp-content\/uploads\/2023\/10\/logo.png","width":1199,"height":193,"caption":"Dekoracyjna Ceg\u0142a"},"image":{"@id":"https:\/\/dekoracyjnacegla.pl\/en\/#\/schema\/logo\/image\/"}}]}},"_links":{"self":[{"href":"https:\/\/dekoracyjnacegla.pl\/en\/wp-json\/wp\/v2\/pages\/21144","targetHints":{"allow":["GET"]}}],"collection":[{"href":"https:\/\/dekoracyjnacegla.pl\/en\/wp-json\/wp\/v2\/pages"}],"about":[{"href":"https:\/\/dekoracyjnacegla.pl\/en\/wp-json\/wp\/v2\/types\/page"}],"author":[{"embeddable":true,"href":"https:\/\/dekoracyjnacegla.pl\/en\/wp-json\/wp\/v2\/users\/1"}],"replies":[{"embeddable":true,"href":"https:\/\/dekoracyjnacegla.pl\/en\/wp-json\/wp\/v2\/comments?post=21144"}],"version-history":[{"count":1,"href":"https:\/\/dekoracyjnacegla.pl\/en\/wp-json\/wp\/v2\/pages\/21144\/revisions"}],"predecessor-version":[{"id":21145,"href":"https:\/\/dekoracyjnacegla.pl\/en\/wp-json\/wp\/v2\/pages\/21144\/revisions\/21145"}],"wp:attachment":[{"href":"https:\/\/dekoracyjnacegla.pl\/en\/wp-json\/wp\/v2\/media?parent=21144"}],"curies":[{"name":"wp","href":"https:\/\/api.w.org\/{rel}","templated":true}]}}