{"id":21250,"date":"2024-01-05T14:58:10","date_gmt":"2024-01-05T14:58:10","guid":{"rendered":"https:\/\/dekoracyjnacegla.pl\/brick-tile-calculator\/"},"modified":"2026-04-10T16:40:07","modified_gmt":"2026-04-10T16:40:07","slug":"brick-tile-calculator","status":"publish","type":"page","link":"https:\/\/dekoracyjnacegla.pl\/en\/brick-tile-calculator\/","title":{"rendered":"Brick tile calculator"},"content":{"rendered":"\t\t<div data-elementor-type=\"wp-page\" data-elementor-id=\"21250\" class=\"elementor elementor-21250 elementor-8773\" data-elementor-post-type=\"page\">\n\t\t\t\t\t\t<section class=\"elementor-section elementor-top-section elementor-element elementor-element-f5534bc elementor-section-boxed elementor-section-height-default elementor-section-height-default\" data-id=\"f5534bc\" data-element_type=\"section\" data-e-type=\"section\">\n\t\t\t\t\t\t<div class=\"elementor-container elementor-column-gap-default\">\n\t\t\t\t\t<div class=\"elementor-column elementor-col-100 elementor-top-column elementor-element elementor-element-6655df4\" data-id=\"6655df4\" data-element_type=\"column\" data-e-type=\"column\">\n\t\t\t<div class=\"elementor-widget-wrap elementor-element-populated\">\n\t\t\t\t\t\t<div class=\"elementor-element elementor-element-3081a61 elementor-widget__width-auto elementor-widget elementor-widget-shortcode\" data-id=\"3081a61\" data-element_type=\"widget\" data-e-type=\"widget\" data-widget_type=\"shortcode.default\">\n\t\t\t\t<div class=\"elementor-widget-container\">\n\t\t\t\t\t\t\t<div class=\"elementor-shortcode\"><div class=\"frm_forms  with_frm_style frm_style_formidable-style\" id=\"frm_form_3_container\" data-token=\"2e5177f7b27f759bb618aece991e97d3\">\n<form enctype=\"multipart\/form-data\" method=\"post\" class=\"frm-show-form  frm_pro_form \" id=\"form_cegla-kalkulator2\" data-token=\"2e5177f7b27f759bb618aece991e97d3\">\n<div class=\"frm_form_fields \">\n<fieldset>\n<legend class=\"frm_screen_reader\">Cegla kalkulator EN<\/legend>\r\n\r\n<div class=\"frm_fields_container\">\n<input type=\"hidden\" name=\"frm_action\" value=\"create\" \/>\n<input type=\"hidden\" name=\"form_id\" value=\"3\" \/>\n<input type=\"hidden\" name=\"frm_hide_fields_3\" id=\"frm_hide_fields_3\" value=\"\" \/>\n<input type=\"hidden\" name=\"form_key\" value=\"cegla-kalkulator2\" \/>\n<input type=\"hidden\" name=\"item_meta[0]\" value=\"\" \/>\n<input type=\"hidden\" id=\"frm_submit_entry_3\" name=\"frm_submit_entry_3\" value=\"eee174afbe\" \/><input type=\"hidden\" name=\"_wp_http_referer\" value=\"\/en\/wp-json\/wp\/v2\/pages\/21250\" \/><div id=\"frm_field_15_container\" class=\"frm_form_field form-field  frm_required_field frm_top_container frm6 frm_first\">\r\n    <label for=\"field_h27wd\" id=\"field_h27wd_label\" class=\"frm_primary_label\">Surface width\r\n        <span class=\"frm_required\" aria-hidden=\"true\">*<\/span>\r\n    <\/label>\r\n    <input type=\"number\" id=\"field_h27wd\" name=\"item_meta[15]\" value=\"\"  data-reqmsg=\"Surface width It cannot be empty.\" aria-required=\"true\" data-invmsg=\"Number is invalid\" aria-invalid=\"false\"   aria-describedby=\"frm_desc_field_h27wd\" min=\"0\" max=\"50\" step=\"any\"\/>\r\n    <div class=\"frm_description\" id=\"frm_desc_field_h27wd\">Enter the width of the area in meters<\/div>\r\n    \r\n<\/div>\n<div id=\"frm_field_16_container\" class=\"frm_form_field form-field  frm_required_field frm_top_container frm6\">\r\n    <label for=\"field_vc87b\" id=\"field_vc87b_label\" class=\"frm_primary_label\">Surface area\r\n        <span class=\"frm_required\" aria-hidden=\"true\">*<\/span>\r\n    <\/label>\r\n    <input type=\"number\" id=\"field_vc87b\" name=\"item_meta[16]\" value=\"\"  data-reqmsg=\"Surface area It cannot be empty.\" aria-required=\"true\" data-invmsg=\"Number is invalid\" aria-invalid=\"false\"   aria-describedby=\"frm_desc_field_vc87b\" min=\"0\" max=\"50\" step=\"any\"\/>\r\n    <div class=\"frm_description\" id=\"frm_desc_field_vc87b\">Enter the length of the surface in meters<\/div>\r\n    \r\n<\/div>\n<div id=\"frm_field_17_container\" class=\"frm_form_field form-field  frm_top_container frm_total frm12 ilosc\">\r\n    <label for=\"field_joc4k\" id=\"field_joc4k_label\" class=\"frm_primary_label\">Your area:\r\n        <span class=\"frm_required\" aria-hidden=\"true\"><\/span>\r\n    <\/label>\r\n    <p class=\"frm_total_formatted\" data-prepend=\"\" data-append=\"m\u00b2\"><\/p><div class=\"frm_input_group frm_with_box frm_with_post frm_hidden\"><input type=\"number\" id=\"field_joc4k\" name=\"item_meta[17]\" value=\"\"  readonly=\"readonly\"  data-invmsg=\"Number is invalid\" aria-invalid=\"false\"   min=\"0\" max=\"999999999999\" step=\"any\"\/><span class=\"frm_inline_box\">m\u00b2<\/span><\/div>\r\n    \r\n    \r\n<\/div>\n<div id=\"frm_field_18_container\" class=\"frm_form_field form-field  frm_top_container frm_total frm12 ilosc\">\r\n    <label for=\"field_si8462\" id=\"field_si8462_label\" class=\"frm_primary_label\">Amount of adhesive:\r\n        <span class=\"frm_required\" aria-hidden=\"true\"><\/span>\r\n    <\/label>\r\n    <p class=\"frm_total_formatted\" data-prepend=\"\" data-append=\"szt\"><\/p><div class=\"frm_input_group frm_with_box frm_with_post frm_hidden\"><input type=\"number\" id=\"field_si8462\" name=\"item_meta[18]\" value=\"\"  readonly=\"readonly\"  data-invmsg=\"Number is invalid\" aria-invalid=\"false\"   aria-describedby=\"frm_desc_field_si8462\" min=\"0\" max=\"999999999999\" step=\"any\"\/><span class=\"frm_inline_box\">szt<\/span><\/div>\r\n    <div class=\"frm_description\" id=\"frm_desc_field_si8462\">1szt = 25kg<\/div>\r\n    \r\n<\/div>\n<div id=\"frm_field_19_container\" class=\"frm_form_field form-field  frm_top_container frm_total frm12 ilosc\">\r\n    <label for=\"field_wgib6\" id=\"field_wgib6_label\" class=\"frm_primary_label\">Amount of preservative:\r\n        <span class=\"frm_required\" aria-hidden=\"true\"><\/span>\r\n    <\/label>\r\n    <p class=\"frm_total_formatted\" data-prepend=\"\" data-append=\"szt\"><\/p><div class=\"frm_input_group frm_with_box frm_with_post frm_hidden\"><input type=\"number\" id=\"field_wgib6\" name=\"item_meta[19]\" value=\"\"  readonly=\"readonly\"  data-invmsg=\"Number is invalid\" aria-invalid=\"false\"   aria-describedby=\"frm_desc_field_wgib6\" min=\"0\" max=\"999999999999\" step=\"any\"\/><span class=\"frm_inline_box\">szt<\/span><\/div>\r\n    <div class=\"frm_description\" id=\"frm_desc_field_wgib6\">1szt = 1L<\/div>\r\n    \r\n<\/div>\n<div id=\"frm_field_20_container\" class=\"frm_form_field form-field  frm_top_container frm_total frm12 ilosc\">\r\n    <label for=\"field_g841e\" id=\"field_g841e_label\" class=\"frm_primary_label\">Amount of coarse-grained grout:\r\n        <span class=\"frm_required\" aria-hidden=\"true\"><\/span>\r\n    <\/label>\r\n    <p class=\"frm_total_formatted\" data-prepend=\"\" data-append=\"szt\"><\/p><div class=\"frm_input_group frm_with_box frm_with_post frm_hidden\"><input type=\"number\" id=\"field_g841e\" name=\"item_meta[20]\" value=\"\"  readonly=\"readonly\"  data-invmsg=\"Number is invalid\" aria-invalid=\"false\"   aria-describedby=\"frm_desc_field_g841e\" min=\"0\" max=\"999999999999\" step=\"any\"\/><span class=\"frm_inline_box\">szt<\/span><\/div>\r\n    <div class=\"frm_description\" id=\"frm_desc_field_g841e\">1szt = 25kg<\/div>\r\n    \r\n<\/div>\n<div id=\"frm_field_21_container\" class=\"frm_form_field form-field  frm_top_container frm_total frm12 ilosc\">\r\n    <label for=\"field_2i8hy2\" id=\"field_2i8hy2_label\" class=\"frm_primary_label\">Amount of deep-penetrating soil:\r\n        <span class=\"frm_required\" aria-hidden=\"true\"><\/span>\r\n    <\/label>\r\n    <p class=\"frm_total_formatted\" data-prepend=\"\" data-append=\"szt\"><\/p><div class=\"frm_input_group frm_with_box frm_with_post frm_hidden\"><input type=\"number\" id=\"field_2i8hy2\" name=\"item_meta[21]\" value=\"\"  readonly=\"readonly\"  data-invmsg=\"Number is invalid\" aria-invalid=\"false\"   aria-describedby=\"frm_desc_field_2i8hy2\" min=\"0\" max=\"999999999999\" step=\"any\"\/><span class=\"frm_inline_box\">szt<\/span><\/div>\r\n    <div class=\"frm_description\" id=\"frm_desc_field_2i8hy2\">1szt = 1L<\/div>\r\n    \r\n<\/div>\n<div id=\"frm_field_22_container\" class=\"frm_form_field form-field \">\r\n\t<div class=\"frm_submit\">\r\n\r\n<button class=\"frm_button_submit frm_final_submit\" type=\"submit\"  >Send<\/button>\r\n\r\n\r\n<\/div>\r\n<\/div>\n\t<input type=\"hidden\" name=\"item_key\" value=\"\" \/>\n\t\t\t<div id=\"frm_field_31_container\">\n\t\t\t<label for=\"field_rxpl0\" >\n\t\t\t\tIf you are human, leave this field blank.\t\t\t<\/label>\n\t\t\t<input  id=\"field_rxpl0\" type=\"text\" class=\"frm_form_field form-field frm_verify\" name=\"item_meta[31]\" value=\"\"  \/>\n\t\t<\/div>\n\t\t<input name=\"frm_state\" type=\"hidden\" value=\"h38gq9BDayKbCHYAz2ieMTbawRELHxYL06OrtWV2sOk=\" \/><\/div>\n<\/fieldset>\n<\/div>\n\n<\/form>\n<\/div>\n<\/div>\n\t\t\t\t\t\t<\/div>\n\t\t\t\t<\/div>\n\t\t\t\t\t<\/div>\n\t\t<\/div>\n\t\t\t\t\t<\/div>\n\t\t<\/section>\n\t\t\t\t<\/div>\n\t\t","protected":false},"excerpt":{"rendered":"","protected":false},"author":1,"featured_media":0,"parent":0,"menu_order":0,"comment_status":"closed","ping_status":"closed","template":"template-fullwidth.php","meta":{"footnotes":""},"class_list":["post-21250","page","type-page","status-publish","hentry"],"yoast_head":"<!-- This site is optimized with the Yoast SEO plugin v27.3 - https:\/\/yoast.com\/product\/yoast-seo-wordpress\/ -->\n<title>How many bricks per m2 - brick and chemistry calculator | dekoracyjnacegla.pl<\/title>\n<meta name=\"description\" content=\"Meet our calculator - a tool that will accurately calculate the amount of brick consumption and necessary construction chemicals per square meter of brick!\" \/>\n<meta name=\"robots\" content=\"index, follow, max-snippet:-1, max-image-preview:large, max-video-preview:-1\" \/>\n<link rel=\"canonical\" href=\"https:\/\/dekoracyjnacegla.pl\/en\/brick-tile-calculator\/\" \/>\n<meta property=\"og:locale\" content=\"en_US\" \/>\n<meta property=\"og:type\" content=\"article\" \/>\n<meta property=\"og:title\" content=\"How many bricks per m2 - brick and chemistry calculator | dekoracyjnacegla.pl\" \/>\n<meta property=\"og:description\" content=\"Meet our calculator - a tool that will accurately calculate the amount of brick consumption and necessary construction chemicals per square meter of brick!\" \/>\n<meta property=\"og:url\" content=\"https:\/\/dekoracyjnacegla.pl\/en\/brick-tile-calculator\/\" \/>\n<meta property=\"og:site_name\" content=\"Dekoracyjna Ceg\u0142a\" \/>\n<meta property=\"article:modified_time\" content=\"2026-04-10T16:40:07+00:00\" \/>\n<meta name=\"twitter:card\" content=\"summary_large_image\" \/>\n<script type=\"application\/ld+json\" class=\"yoast-schema-graph\">{\"@context\":\"https:\\\/\\\/schema.org\",\"@graph\":[{\"@type\":\"WebPage\",\"@id\":\"https:\\\/\\\/dekoracyjnacegla.pl\\\/en\\\/brick-tile-calculator\\\/\",\"url\":\"https:\\\/\\\/dekoracyjnacegla.pl\\\/en\\\/brick-tile-calculator\\\/\",\"name\":\"How many bricks per m2 - brick and chemistry calculator | dekoracyjnacegla.pl\",\"isPartOf\":{\"@id\":\"https:\\\/\\\/dekoracyjnacegla.pl\\\/en\\\/#website\"},\"datePublished\":\"2024-01-05T14:58:10+00:00\",\"dateModified\":\"2026-04-10T16:40:07+00:00\",\"description\":\"Meet our calculator - a tool that will accurately calculate the amount of brick consumption and necessary construction chemicals per square meter of brick!\",\"breadcrumb\":{\"@id\":\"https:\\\/\\\/dekoracyjnacegla.pl\\\/en\\\/brick-tile-calculator\\\/#breadcrumb\"},\"inLanguage\":\"en-US\",\"potentialAction\":[{\"@type\":\"ReadAction\",\"target\":[\"https:\\\/\\\/dekoracyjnacegla.pl\\\/en\\\/brick-tile-calculator\\\/\"]}]},{\"@type\":\"BreadcrumbList\",\"@id\":\"https:\\\/\\\/dekoracyjnacegla.pl\\\/en\\\/brick-tile-calculator\\\/#breadcrumb\",\"itemListElement\":[{\"@type\":\"ListItem\",\"position\":1,\"name\":\"Strona g\u0142\u00f3wna\",\"item\":\"https:\\\/\\\/dekoracyjnacegla.pl\\\/en\\\/startup\\\/\"},{\"@type\":\"ListItem\",\"position\":2,\"name\":\"Brick tile calculator\"}]},{\"@type\":\"WebSite\",\"@id\":\"https:\\\/\\\/dekoracyjnacegla.pl\\\/en\\\/#website\",\"url\":\"https:\\\/\\\/dekoracyjnacegla.pl\\\/en\\\/\",\"name\":\"Dekoracyjna Ceg\u0142a\",\"description\":\"P\u0142ytki z ceg\u0142y | Retro Ceg\u0142a\",\"publisher\":{\"@id\":\"https:\\\/\\\/dekoracyjnacegla.pl\\\/en\\\/#organization\"},\"potentialAction\":[{\"@type\":\"SearchAction\",\"target\":{\"@type\":\"EntryPoint\",\"urlTemplate\":\"https:\\\/\\\/dekoracyjnacegla.pl\\\/en\\\/?s={search_term_string}\"},\"query-input\":{\"@type\":\"PropertyValueSpecification\",\"valueRequired\":true,\"valueName\":\"search_term_string\"}}],\"inLanguage\":\"en-US\"},{\"@type\":\"Organization\",\"@id\":\"https:\\\/\\\/dekoracyjnacegla.pl\\\/en\\\/#organization\",\"name\":\"Dekoracyjna Ceg\u0142a\",\"url\":\"https:\\\/\\\/dekoracyjnacegla.pl\\\/en\\\/\",\"logo\":{\"@type\":\"ImageObject\",\"inLanguage\":\"en-US\",\"@id\":\"https:\\\/\\\/dekoracyjnacegla.pl\\\/en\\\/#\\\/schema\\\/logo\\\/image\\\/\",\"url\":\"https:\\\/\\\/dekoracyjnacegla.pl\\\/wp-content\\\/uploads\\\/2023\\\/10\\\/logo.png\",\"contentUrl\":\"https:\\\/\\\/dekoracyjnacegla.pl\\\/wp-content\\\/uploads\\\/2023\\\/10\\\/logo.png\",\"width\":1199,\"height\":193,\"caption\":\"Dekoracyjna Ceg\u0142a\"},\"image\":{\"@id\":\"https:\\\/\\\/dekoracyjnacegla.pl\\\/en\\\/#\\\/schema\\\/logo\\\/image\\\/\"}}]}<\/script>\n<!-- \/ Yoast SEO plugin. -->","yoast_head_json":{"title":"How many bricks per m2 - brick and chemistry calculator | dekoracyjnacegla.pl","description":"Meet our calculator - a tool that will accurately calculate the amount of brick consumption and necessary construction chemicals per square meter of brick!","robots":{"index":"index","follow":"follow","max-snippet":"max-snippet:-1","max-image-preview":"max-image-preview:large","max-video-preview":"max-video-preview:-1"},"canonical":"https:\/\/dekoracyjnacegla.pl\/en\/brick-tile-calculator\/","og_locale":"en_US","og_type":"article","og_title":"How many bricks per m2 - brick and chemistry calculator | dekoracyjnacegla.pl","og_description":"Meet our calculator - a tool that will accurately calculate the amount of brick consumption and necessary construction chemicals per square meter of brick!","og_url":"https:\/\/dekoracyjnacegla.pl\/en\/brick-tile-calculator\/","og_site_name":"Dekoracyjna Ceg\u0142a","article_modified_time":"2026-04-10T16:40:07+00:00","twitter_card":"summary_large_image","schema":{"@context":"https:\/\/schema.org","@graph":[{"@type":"WebPage","@id":"https:\/\/dekoracyjnacegla.pl\/en\/brick-tile-calculator\/","url":"https:\/\/dekoracyjnacegla.pl\/en\/brick-tile-calculator\/","name":"How many bricks per m2 - brick and chemistry calculator | dekoracyjnacegla.pl","isPartOf":{"@id":"https:\/\/dekoracyjnacegla.pl\/en\/#website"},"datePublished":"2024-01-05T14:58:10+00:00","dateModified":"2026-04-10T16:40:07+00:00","description":"Meet our calculator - a tool that will accurately calculate the amount of brick consumption and necessary construction chemicals per square meter of brick!","breadcrumb":{"@id":"https:\/\/dekoracyjnacegla.pl\/en\/brick-tile-calculator\/#breadcrumb"},"inLanguage":"en-US","potentialAction":[{"@type":"ReadAction","target":["https:\/\/dekoracyjnacegla.pl\/en\/brick-tile-calculator\/"]}]},{"@type":"BreadcrumbList","@id":"https:\/\/dekoracyjnacegla.pl\/en\/brick-tile-calculator\/#breadcrumb","itemListElement":[{"@type":"ListItem","position":1,"name":"Strona g\u0142\u00f3wna","item":"https:\/\/dekoracyjnacegla.pl\/en\/startup\/"},{"@type":"ListItem","position":2,"name":"Brick tile calculator"}]},{"@type":"WebSite","@id":"https:\/\/dekoracyjnacegla.pl\/en\/#website","url":"https:\/\/dekoracyjnacegla.pl\/en\/","name":"Dekoracyjna Ceg\u0142a","description":"P\u0142ytki z ceg\u0142y | Retro Ceg\u0142a","publisher":{"@id":"https:\/\/dekoracyjnacegla.pl\/en\/#organization"},"potentialAction":[{"@type":"SearchAction","target":{"@type":"EntryPoint","urlTemplate":"https:\/\/dekoracyjnacegla.pl\/en\/?s={search_term_string}"},"query-input":{"@type":"PropertyValueSpecification","valueRequired":true,"valueName":"search_term_string"}}],"inLanguage":"en-US"},{"@type":"Organization","@id":"https:\/\/dekoracyjnacegla.pl\/en\/#organization","name":"Dekoracyjna Ceg\u0142a","url":"https:\/\/dekoracyjnacegla.pl\/en\/","logo":{"@type":"ImageObject","inLanguage":"en-US","@id":"https:\/\/dekoracyjnacegla.pl\/en\/#\/schema\/logo\/image\/","url":"https:\/\/dekoracyjnacegla.pl\/wp-content\/uploads\/2023\/10\/logo.png","contentUrl":"https:\/\/dekoracyjnacegla.pl\/wp-content\/uploads\/2023\/10\/logo.png","width":1199,"height":193,"caption":"Dekoracyjna Ceg\u0142a"},"image":{"@id":"https:\/\/dekoracyjnacegla.pl\/en\/#\/schema\/logo\/image\/"}}]}},"_links":{"self":[{"href":"https:\/\/dekoracyjnacegla.pl\/en\/wp-json\/wp\/v2\/pages\/21250","targetHints":{"allow":["GET"]}}],"collection":[{"href":"https:\/\/dekoracyjnacegla.pl\/en\/wp-json\/wp\/v2\/pages"}],"about":[{"href":"https:\/\/dekoracyjnacegla.pl\/en\/wp-json\/wp\/v2\/types\/page"}],"author":[{"embeddable":true,"href":"https:\/\/dekoracyjnacegla.pl\/en\/wp-json\/wp\/v2\/users\/1"}],"replies":[{"embeddable":true,"href":"https:\/\/dekoracyjnacegla.pl\/en\/wp-json\/wp\/v2\/comments?post=21250"}],"version-history":[{"count":4,"href":"https:\/\/dekoracyjnacegla.pl\/en\/wp-json\/wp\/v2\/pages\/21250\/revisions"}],"predecessor-version":[{"id":25902,"href":"https:\/\/dekoracyjnacegla.pl\/en\/wp-json\/wp\/v2\/pages\/21250\/revisions\/25902"}],"wp:attachment":[{"href":"https:\/\/dekoracyjnacegla.pl\/en\/wp-json\/wp\/v2\/media?parent=21250"}],"curies":[{"name":"wp","href":"https:\/\/api.w.org\/{rel}","templated":true}]}}