{"id":21631,"date":"2023-10-19T16:24:04","date_gmt":"2023-10-19T16:24:04","guid":{"rendered":"https:\/\/dekoracyjnacegla.pl\/produkt\/calibrated-red-brick-tiles\/"},"modified":"2026-04-30T07:27:57","modified_gmt":"2026-04-30T07:27:57","slug":"calibrated-red-brick-tiles","status":"publish","type":"product","link":"https:\/\/dekoracyjnacegla.pl\/en\/produkt\/calibrated-red-brick-tiles\/","title":{"rendered":"Calibrated Red brick tiles"},"content":{"rendered":"<section class=\"elementor-element elementor-element-7d09e5d elementor-section-boxed elementor-section-height-default elementor-section-height-default elementor-section elementor-top-section\" data-id=\"7d09e5d\" data-element_type=\"section\">\n<div class=\"elementor-container elementor-column-gap-default\">\n<div class=\"elementor-row\">\n<div class=\"elementor-element elementor-element-4742252a elementor-column elementor-col-100 elementor-top-column\" data-id=\"4742252a\" data-element_type=\"column\">\n<div class=\"elementor-column-wrap elementor-element-populated\">\n<div class=\"elementor-widget-wrap\">\n<div class=\"elementor-element elementor-element-777fce67 elementor-widget elementor-widget-text-editor\" data-id=\"777fce67\" data-element_type=\"widget\" data-widget_type=\"text-editor.default\">\n<div class=\"elementor-widget-container\">\n<div class=\"elementor-text-editor elementor-clearfix\">\n<p>Retro brick tiles are an unconventional product, unique in every way, whose authenticity and uniqueness allows you to use in any interior . You will especially appreciate the highest level of workmanship and the amazing final effect, mainly through the unique play of chiaroscuro on the structure of the wall finished with this tile. <\/p>\n<h2>Retro brick tiles Calibrated Red<\/h2>\n<p>Old bricks\/demolition bricks all in a shade of red with remnants of mortar for a rustic effect.<\/p>\n<h2>Technical parameters of retro brick tile<\/h2>\n<p>* Dimensions: 250-280 mm x 65 mm x 20 mm (4mm +- )<br \/>\n* Old brick tiles are ideal for: kitchens ( as a filling between upper cabinets and countertop ),bathrooms, restaurants, bars, reception areas, for living rooms and dining rooms, finishing RTV wall, to cover the facade of virtually any building, as an artistic accent for buildings promoting culture, business or public buildings.<br \/>\n* The price is for 0.5 m2, which consists of about 25 tiles from old demolition brick, taking into account 1 cm grout. <\/p>\n<\/div>\n<\/div>\n<\/div>\n<\/div>\n<\/div>\n<\/div>\n<\/div>\n<\/div>\n<\/section>\n<section class=\"elementor-element elementor-element-e8e3e72 elementor-section-boxed elementor-section-height-default elementor-section-height-default elementor-section elementor-top-section\" data-id=\"e8e3e72\" data-element_type=\"section\">\n<div class=\"elementor-container elementor-column-gap-default\">\n<div class=\"elementor-row\">\n<div class=\"elementor-element elementor-element-1bb21de elementor-column elementor-col-100 elementor-top-column\" data-id=\"1bb21de\" data-element_type=\"column\">\n<div class=\"elementor-column-wrap elementor-element-populated\">\n<div class=\"elementor-widget-wrap\">\n<div class=\"elementor-element elementor-element-72dbe4f elementor-widget elementor-widget-divider\" data-id=\"72dbe4f\" data-element_type=\"widget\" data-widget_type=\"divider.default\">\n<div class=\"elementor-widget-container\">\n<div class=\"elementor-divider\"><\/div>\n<\/div>\n<\/div>\n<div class=\"elementor-element elementor-element-a0c6f9a elementor-widget elementor-widget-text-editor\" data-id=\"a0c6f9a\" data-element_type=\"widget\" data-widget_type=\"text-editor.default\">\n<div class=\"elementor-widget-container\">\n<div class=\"elementor-text-editor elementor-clearfix\">\n<h2>Who is behind the Decorative Brick project?<\/h2>\n<p>A Polish company, engaged in the production of premium tiles made from 19th and 20th century historic bricks, whose highest quality standards, careful selection of raw material and professional customer service have been recognized throughout Europe &#8211; that matters.<\/p>\n<p>Order samples: <a href=\"https:\/\/dekoracyjnacegla.pl\/product\/probki-plytek-z-cegly\">https:\/\/dekoracyjnacegla.pl\/product\/probki-plytek-z-cegly<\/a><\/p>\n<p>Why do we call our retro brick tile a PREMIUM product? What is behind the fact that the product is far superior in quality to other demolition brick tiles presented on the Polish market? <\/p>\n<ul>\n<li>Careful and very thorough selection of material already at the level of selection of the building from which we obtain the raw material (for cutting we obtain very well-fired, 19th and 20th century brick).<\/li>\n<li>All the tiles we offer you come from bricks that are the result of demolition done by hand by our trained workers (we do not demolish buildings by machine, so our tile does not have micro-damage and chipping caused by mechanical demolition).<\/li>\n<li>The tiles of demolition bricks that reach you, come from the same demolition ( we do not mix bricks from different buildings, which could significantly affect the color).<\/li>\n<li>We reject bricks and buildings: chimney, green, earth, soggy, slicked, crusted and used for animal husbandry, which would make the tile have a very unpleasant smell.<\/li>\n<li>We have our own unique brick processing technology. We use machines specially designed and constructed to meet the individual needs of our production. <\/li>\n<li>We offer fast delivery throughout Poland and Europe.<\/li>\n<li>We guarantee professional customer service, based on the long industry experience of our staff.<\/li>\n<\/ul>\n<\/div>\n<\/div>\n<\/div>\n<\/div>\n<\/div>\n<\/div>\n<\/div>\n<\/div>\n<\/section>\n","protected":false},"excerpt":{"rendered":"<p>Old bricks\/demolition bricks entirely in a shade of red with remnants of mortar for a rustic effect.<\/p>\n<p><strong>Price is for 0.5<sup>m2 of<\/sup> brick tiles<\/strong>.<\/p>\n","protected":false},"featured_media":21632,"template":"","meta":[],"product_brand":[],"product_cat":[349,204,233,350,271,218,228,221,217,220,227,215,219,226,232,206,213,210,208,212,223,231,222,209,207,225,205,211,224,214,216,229,230,235,236,355,333,353,314],"product_tag":[],"class_list":{"0":"post-21631","1":"product","2":"type-product","3":"status-publish","4":"has-post-thumbnail","6":"product_cat-brick-flooring-on-the-terrace","7":"product_cat-brick-for-the-floor","8":"product_cat-brick-for-the-wall","9":"product_cat-brick-stairs","10":"product_cat-brick-tiles","11":"product_cat-brick-tiles-bialystok","12":"product_cat-brick-tiles-bielsko-biala","13":"product_cat-brick-tiles-czestochowa","14":"product_cat-brick-tiles-elblag","15":"product_cat-brick-tiles-gdynia","16":"product_cat-brick-tiles-gliwice","17":"product_cat-brick-tiles-gniezno","18":"product_cat-brick-tiles-katowice","19":"product_cat-brick-tiles-kielce","20":"product_cat-brick-tiles-kolobrzeg","21":"product_cat-brick-tiles-koszalin","22":"product_cat-brick-tiles-legnica","23":"product_cat-brick-tiles-lubin","24":"product_cat-brick-tiles-olsztyn","25":"product_cat-brick-tiles-opole","26":"product_cat-brick-tiles-radom","27":"product_cat-brick-tiles-rybnik","28":"product_cat-brick-tiles-rzeszow","29":"product_cat-brick-tiles-siedlce","30":"product_cat-brick-tiles-slupsk","31":"product_cat-brick-tiles-sosnowiec","32":"product_cat-brick-tiles-szczecin","33":"product_cat-brick-tiles-tarnow","34":"product_cat-brick-tiles-torun","35":"product_cat-brick-tiles-walbrzych","36":"product_cat-brick-tiles-wloclawek","37":"product_cat-brick-tiles-zabrze","38":"product_cat-brick-tiles-zielona-gora","39":"product_cat-cut-brick","40":"product_cat-decorative-brick","41":"product_cat-demolition-brick-tiles","42":"product_cat-facade-brick","43":"product_cat-face-of-brick","44":"product_cat-red-brick","46":"first","47":"instock","48":"shipping-taxable","49":"purchasable","50":"product-type-simple"},"yoast_head":"<!-- This site is optimized with the Yoast SEO plugin v27.4 - https:\/\/yoast.com\/product\/yoast-seo-wordpress\/ -->\n<title>Calibrated Red brick tiles - Dekoracyjna Ceg\u0142a<\/title>\n<meta name=\"robots\" content=\"index, follow, max-snippet:-1, max-image-preview:large, max-video-preview:-1\" \/>\n<link rel=\"canonical\" href=\"https:\/\/dekoracyjnacegla.pl\/en\/produkt\/calibrated-red-brick-tiles\/\" \/>\n<meta property=\"og:locale\" content=\"en_US\" \/>\n<meta property=\"og:type\" content=\"article\" \/>\n<meta property=\"og:title\" content=\"Calibrated Red brick tiles - Dekoracyjna Ceg\u0142a\" \/>\n<meta property=\"og:description\" content=\"Old bricks\/demolition bricks entirely in a shade of red with remnants of mortar for a rustic effect. Price is for 0.5m2 of brick tiles.\" \/>\n<meta property=\"og:url\" content=\"https:\/\/dekoracyjnacegla.pl\/en\/produkt\/calibrated-red-brick-tiles\/\" \/>\n<meta property=\"og:site_name\" content=\"Dekoracyjna Ceg\u0142a\" \/>\n<meta property=\"article:modified_time\" content=\"2026-04-30T07:27:57+00:00\" \/>\n<meta property=\"og:image\" content=\"https:\/\/dekoracyjnacegla.pl\/wp-content\/uploads\/2023\/10\/unnamed-file-3.jpg\" \/>\n\t<meta property=\"og:image:width\" content=\"1709\" \/>\n\t<meta property=\"og:image:height\" content=\"2560\" \/>\n\t<meta property=\"og:image:type\" content=\"image\/jpeg\" \/>\n<meta name=\"twitter:card\" content=\"summary_large_image\" \/>\n<meta name=\"twitter:label1\" content=\"Est. reading time\" \/>\n\t<meta name=\"twitter:data1\" content=\"2 minutes\" \/>\n<script type=\"application\/ld+json\" class=\"yoast-schema-graph\">{\"@context\":\"https:\\\/\\\/schema.org\",\"@graph\":[{\"@type\":\"WebPage\",\"@id\":\"https:\\\/\\\/dekoracyjnacegla.pl\\\/en\\\/produkt\\\/calibrated-red-brick-tiles\\\/\",\"url\":\"https:\\\/\\\/dekoracyjnacegla.pl\\\/en\\\/produkt\\\/calibrated-red-brick-tiles\\\/\",\"name\":\"Calibrated Red brick tiles - Dekoracyjna Ceg\u0142a\",\"isPartOf\":{\"@id\":\"https:\\\/\\\/dekoracyjnacegla.pl\\\/en\\\/#website\"},\"primaryImageOfPage\":{\"@id\":\"https:\\\/\\\/dekoracyjnacegla.pl\\\/en\\\/produkt\\\/calibrated-red-brick-tiles\\\/#primaryimage\"},\"image\":{\"@id\":\"https:\\\/\\\/dekoracyjnacegla.pl\\\/en\\\/produkt\\\/calibrated-red-brick-tiles\\\/#primaryimage\"},\"thumbnailUrl\":\"https:\\\/\\\/dekoracyjnacegla.pl\\\/wp-content\\\/uploads\\\/2023\\\/10\\\/unnamed-file-3.jpg\",\"datePublished\":\"2023-10-19T16:24:04+00:00\",\"dateModified\":\"2026-04-30T07:27:57+00:00\",\"breadcrumb\":{\"@id\":\"https:\\\/\\\/dekoracyjnacegla.pl\\\/en\\\/produkt\\\/calibrated-red-brick-tiles\\\/#breadcrumb\"},\"inLanguage\":\"en-US\",\"potentialAction\":[{\"@type\":\"ReadAction\",\"target\":[\"https:\\\/\\\/dekoracyjnacegla.pl\\\/en\\\/produkt\\\/calibrated-red-brick-tiles\\\/\"]}]},{\"@type\":\"ImageObject\",\"inLanguage\":\"en-US\",\"@id\":\"https:\\\/\\\/dekoracyjnacegla.pl\\\/en\\\/produkt\\\/calibrated-red-brick-tiles\\\/#primaryimage\",\"url\":\"https:\\\/\\\/dekoracyjnacegla.pl\\\/wp-content\\\/uploads\\\/2023\\\/10\\\/unnamed-file-3.jpg\",\"contentUrl\":\"https:\\\/\\\/dekoracyjnacegla.pl\\\/wp-content\\\/uploads\\\/2023\\\/10\\\/unnamed-file-3.jpg\",\"width\":1709,\"height\":2560},{\"@type\":\"BreadcrumbList\",\"@id\":\"https:\\\/\\\/dekoracyjnacegla.pl\\\/en\\\/produkt\\\/calibrated-red-brick-tiles\\\/#breadcrumb\",\"itemListElement\":[{\"@type\":\"ListItem\",\"position\":1,\"name\":\"Strona g\u0142\u00f3wna\",\"item\":\"https:\\\/\\\/dekoracyjnacegla.pl\\\/en\\\/startup\\\/\"},{\"@type\":\"ListItem\",\"position\":2,\"name\":\"Sklep\",\"item\":\"https:\\\/\\\/dekoracyjnacegla.pl\\\/sklep\\\/\"},{\"@type\":\"ListItem\",\"position\":3,\"name\":\"Calibrated Red brick tiles\"}]},{\"@type\":\"WebSite\",\"@id\":\"https:\\\/\\\/dekoracyjnacegla.pl\\\/en\\\/#website\",\"url\":\"https:\\\/\\\/dekoracyjnacegla.pl\\\/en\\\/\",\"name\":\"Dekoracyjna Ceg\u0142a\",\"description\":\"P\u0142ytki z ceg\u0142y | Retro Ceg\u0142a\",\"publisher\":{\"@id\":\"https:\\\/\\\/dekoracyjnacegla.pl\\\/en\\\/#organization\"},\"potentialAction\":[{\"@type\":\"SearchAction\",\"target\":{\"@type\":\"EntryPoint\",\"urlTemplate\":\"https:\\\/\\\/dekoracyjnacegla.pl\\\/en\\\/?s={search_term_string}\"},\"query-input\":{\"@type\":\"PropertyValueSpecification\",\"valueRequired\":true,\"valueName\":\"search_term_string\"}}],\"inLanguage\":\"en-US\"},{\"@type\":\"Organization\",\"@id\":\"https:\\\/\\\/dekoracyjnacegla.pl\\\/en\\\/#organization\",\"name\":\"Dekoracyjna Ceg\u0142a\",\"url\":\"https:\\\/\\\/dekoracyjnacegla.pl\\\/en\\\/\",\"logo\":{\"@type\":\"ImageObject\",\"inLanguage\":\"en-US\",\"@id\":\"https:\\\/\\\/dekoracyjnacegla.pl\\\/en\\\/#\\\/schema\\\/logo\\\/image\\\/\",\"url\":\"https:\\\/\\\/dekoracyjnacegla.pl\\\/wp-content\\\/uploads\\\/2023\\\/10\\\/logo.png\",\"contentUrl\":\"https:\\\/\\\/dekoracyjnacegla.pl\\\/wp-content\\\/uploads\\\/2023\\\/10\\\/logo.png\",\"width\":1199,\"height\":193,\"caption\":\"Dekoracyjna Ceg\u0142a\"},\"image\":{\"@id\":\"https:\\\/\\\/dekoracyjnacegla.pl\\\/en\\\/#\\\/schema\\\/logo\\\/image\\\/\"}}]}<\/script>\n<!-- \/ Yoast SEO plugin. -->","yoast_head_json":{"title":"Calibrated Red brick tiles - Dekoracyjna Ceg\u0142a","robots":{"index":"index","follow":"follow","max-snippet":"max-snippet:-1","max-image-preview":"max-image-preview:large","max-video-preview":"max-video-preview:-1"},"canonical":"https:\/\/dekoracyjnacegla.pl\/en\/produkt\/calibrated-red-brick-tiles\/","og_locale":"en_US","og_type":"article","og_title":"Calibrated Red brick tiles - Dekoracyjna Ceg\u0142a","og_description":"Old bricks\/demolition bricks entirely in a shade of red with remnants of mortar for a rustic effect. Price is for 0.5m2 of brick tiles.","og_url":"https:\/\/dekoracyjnacegla.pl\/en\/produkt\/calibrated-red-brick-tiles\/","og_site_name":"Dekoracyjna Ceg\u0142a","article_modified_time":"2026-04-30T07:27:57+00:00","og_image":[{"width":1709,"height":2560,"url":"https:\/\/dekoracyjnacegla.pl\/wp-content\/uploads\/2023\/10\/unnamed-file-3.jpg","type":"image\/jpeg"}],"twitter_card":"summary_large_image","twitter_misc":{"Est. reading time":"2 minutes"},"schema":{"@context":"https:\/\/schema.org","@graph":[{"@type":"WebPage","@id":"https:\/\/dekoracyjnacegla.pl\/en\/produkt\/calibrated-red-brick-tiles\/","url":"https:\/\/dekoracyjnacegla.pl\/en\/produkt\/calibrated-red-brick-tiles\/","name":"Calibrated Red brick tiles - Dekoracyjna Ceg\u0142a","isPartOf":{"@id":"https:\/\/dekoracyjnacegla.pl\/en\/#website"},"primaryImageOfPage":{"@id":"https:\/\/dekoracyjnacegla.pl\/en\/produkt\/calibrated-red-brick-tiles\/#primaryimage"},"image":{"@id":"https:\/\/dekoracyjnacegla.pl\/en\/produkt\/calibrated-red-brick-tiles\/#primaryimage"},"thumbnailUrl":"https:\/\/dekoracyjnacegla.pl\/wp-content\/uploads\/2023\/10\/unnamed-file-3.jpg","datePublished":"2023-10-19T16:24:04+00:00","dateModified":"2026-04-30T07:27:57+00:00","breadcrumb":{"@id":"https:\/\/dekoracyjnacegla.pl\/en\/produkt\/calibrated-red-brick-tiles\/#breadcrumb"},"inLanguage":"en-US","potentialAction":[{"@type":"ReadAction","target":["https:\/\/dekoracyjnacegla.pl\/en\/produkt\/calibrated-red-brick-tiles\/"]}]},{"@type":"ImageObject","inLanguage":"en-US","@id":"https:\/\/dekoracyjnacegla.pl\/en\/produkt\/calibrated-red-brick-tiles\/#primaryimage","url":"https:\/\/dekoracyjnacegla.pl\/wp-content\/uploads\/2023\/10\/unnamed-file-3.jpg","contentUrl":"https:\/\/dekoracyjnacegla.pl\/wp-content\/uploads\/2023\/10\/unnamed-file-3.jpg","width":1709,"height":2560},{"@type":"BreadcrumbList","@id":"https:\/\/dekoracyjnacegla.pl\/en\/produkt\/calibrated-red-brick-tiles\/#breadcrumb","itemListElement":[{"@type":"ListItem","position":1,"name":"Strona g\u0142\u00f3wna","item":"https:\/\/dekoracyjnacegla.pl\/en\/startup\/"},{"@type":"ListItem","position":2,"name":"Sklep","item":"https:\/\/dekoracyjnacegla.pl\/sklep\/"},{"@type":"ListItem","position":3,"name":"Calibrated Red brick tiles"}]},{"@type":"WebSite","@id":"https:\/\/dekoracyjnacegla.pl\/en\/#website","url":"https:\/\/dekoracyjnacegla.pl\/en\/","name":"Dekoracyjna Ceg\u0142a","description":"P\u0142ytki z ceg\u0142y | Retro Ceg\u0142a","publisher":{"@id":"https:\/\/dekoracyjnacegla.pl\/en\/#organization"},"potentialAction":[{"@type":"SearchAction","target":{"@type":"EntryPoint","urlTemplate":"https:\/\/dekoracyjnacegla.pl\/en\/?s={search_term_string}"},"query-input":{"@type":"PropertyValueSpecification","valueRequired":true,"valueName":"search_term_string"}}],"inLanguage":"en-US"},{"@type":"Organization","@id":"https:\/\/dekoracyjnacegla.pl\/en\/#organization","name":"Dekoracyjna Ceg\u0142a","url":"https:\/\/dekoracyjnacegla.pl\/en\/","logo":{"@type":"ImageObject","inLanguage":"en-US","@id":"https:\/\/dekoracyjnacegla.pl\/en\/#\/schema\/logo\/image\/","url":"https:\/\/dekoracyjnacegla.pl\/wp-content\/uploads\/2023\/10\/logo.png","contentUrl":"https:\/\/dekoracyjnacegla.pl\/wp-content\/uploads\/2023\/10\/logo.png","width":1199,"height":193,"caption":"Dekoracyjna Ceg\u0142a"},"image":{"@id":"https:\/\/dekoracyjnacegla.pl\/en\/#\/schema\/logo\/image\/"}}]}},"_links":{"self":[{"href":"https:\/\/dekoracyjnacegla.pl\/en\/wp-json\/wp\/v2\/product\/21631","targetHints":{"allow":["GET"]}}],"collection":[{"href":"https:\/\/dekoracyjnacegla.pl\/en\/wp-json\/wp\/v2\/product"}],"about":[{"href":"https:\/\/dekoracyjnacegla.pl\/en\/wp-json\/wp\/v2\/types\/product"}],"wp:featuredmedia":[{"embeddable":true,"href":"https:\/\/dekoracyjnacegla.pl\/en\/wp-json\/wp\/v2\/media\/21632"}],"wp:attachment":[{"href":"https:\/\/dekoracyjnacegla.pl\/en\/wp-json\/wp\/v2\/media?parent=21631"}],"wp:term":[{"taxonomy":"product_brand","embeddable":true,"href":"https:\/\/dekoracyjnacegla.pl\/en\/wp-json\/wp\/v2\/product_brand?post=21631"},{"taxonomy":"product_cat","embeddable":true,"href":"https:\/\/dekoracyjnacegla.pl\/en\/wp-json\/wp\/v2\/product_cat?post=21631"},{"taxonomy":"product_tag","embeddable":true,"href":"https:\/\/dekoracyjnacegla.pl\/en\/wp-json\/wp\/v2\/product_tag?post=21631"}],"curies":[{"name":"wp","href":"https:\/\/api.w.org\/{rel}","templated":true}]}}