{"id":21704,"date":"2023-10-19T16:12:34","date_gmt":"2023-10-19T16:12:34","guid":{"rendered":"https:\/\/dekoracyjnacegla.pl\/produkt\/classic-yellow-demolition-brick-tiles\/"},"modified":"2023-10-19T16:12:34","modified_gmt":"2023-10-19T16:12:34","slug":"classic-yellow-demolition-brick-tiles","status":"publish","type":"product","link":"https:\/\/dekoracyjnacegla.pl\/en\/produkt\/classic-yellow-demolition-brick-tiles\/","title":{"rendered":"CLASSIC YELLOW Demolition Brick Tiles"},"content":{"rendered":"<div class=\"elementor-element elementor-element-494c20d3 elementor-widget elementor-widget-text-editor\" data-id=\"494c20d3\" data-element_type=\"widget\" data-widget_type=\"text-editor.default\">\n<div class=\"elementor-widget-container\">\n<div class=\"elementor-text-editor elementor-clearfix\">\n<p>We are very pleased that you have decided to visit the offer of DEKORACYJNACEGLA.PL &#8220;The world is built by history. We build your home with history.&#8221;<\/p>\n<p>We are pleased to present you an unconventional product, unique in every respect, whose authenticity and uniqueness allows its use in any interior . You will especially appreciate the highest level of workmanship and the amazing final effect, mainly through the unique play of chiaroscuro on the structure of the wall finished with this tile. <\/p>\n<\/div>\n<\/div>\n<\/div>\n<div class=\"elementor-element elementor-element-3ea2b7e elementor-widget elementor-widget-heading\" data-id=\"3ea2b7e\" data-element_type=\"widget\" data-widget_type=\"heading.default\">\n<div class=\"elementor-widget-container\">\n<h2 class=\"elementor-heading-title elementor-size-default\">Classic Yellow demolition brick<\/h2>\n<\/div>\n<\/div>\n<div class=\"elementor-element elementor-element-c333083 elementor-widget elementor-widget-text-editor\" data-id=\"c333083\" data-element_type=\"widget\" data-widget_type=\"text-editor.default\">\n<div class=\"elementor-widget-container\">\n<div class=\"elementor-text-editor elementor-clearfix\">\n<h2>Tiles of old brick in shades ranging from pastel orange to various shades of yellow, most of the mortar deposit is removed by pressure washing , as a result, the colors of the brick are more intense and the pores on the brick are even more visible.<\/h2>\n<p>The tiles of the classic line owe their natural appearance to hand stripping and the treatment process ie pressure washing.<\/p>\n<\/div>\n<\/div>\n<\/div>\n<div class=\"elementor-element elementor-element-0d129c7 elementor-widget elementor-widget-heading\" data-id=\"0d129c7\" data-element_type=\"widget\" data-widget_type=\"heading.default\">\n<div class=\"elementor-widget-container\">\n<h2 class=\"elementor-heading-title elementor-size-default\">Technical parameters:<\/h2>\n<\/div>\n<\/div>\n<div class=\"elementor-element elementor-element-90d0132 elementor-widget elementor-widget-text-editor\" data-id=\"90d0132\" data-element_type=\"widget\" data-widget_type=\"text-editor.default\">\n<div class=\"elementor-widget-container\">\n<div class=\"elementor-text-editor elementor-clearfix\">\n<p>* Dimensions: 250-280 mm x 65 mm x 20 mm (4mm +- ).<\/p>\n<p>* Old brick tiles are ideal for: kitchens ( as an infill between upper cabinets and countertop ),bathrooms, restaurants, bars, reception areas, living and dining rooms, RTV wall finishing, to <strong><a href=\"https:\/\/dekoracyjnacegla.pl\/usluga-wykonanania-fasady-z-cegly\/\">covering the facade<\/a><\/strong> of virtually any building, as an artistic accent for buildings promoting culture, business or public buildings.<\/p>\n<p>* The price is for 0.5 m2, which consists of about 25 tiles from old demolition brick, taking into account 1 cm grout. <\/p>\n<\/div>\n<\/div>\n<\/div>\n","protected":false},"excerpt":{"rendered":"<p>Sophisticated interior elements. Decorative demolition brick tile. Rustic character achieved with the original brick. Classic Yellow brick model is distinguished by the pastel color found on bricks in old buildings. For more details, read the extended description of the retro brick.    <\/p>\n<p>The price is for 0.5<sup>m2 of<\/sup> brick tiles.<\/p>\n","protected":false},"featured_media":21296,"template":"","meta":[],"product_brand":[],"product_cat":[68],"product_tag":[],"class_list":{"0":"post-21704","1":"product","2":"type-product","3":"status-publish","4":"has-post-thumbnail","6":"product_cat-cegla-recznie-formowana","8":"first","9":"instock","10":"shipping-taxable","11":"purchasable","12":"product-type-simple"},"yoast_head":"<!-- This site is optimized with the Yoast SEO plugin v27.3 - https:\/\/yoast.com\/product\/yoast-seo-wordpress\/ -->\n<title>CLASSIC YELLOW Demolition Brick Tiles - Dekoracyjna Ceg\u0142a<\/title>\n<meta name=\"robots\" content=\"index, follow, max-snippet:-1, max-image-preview:large, max-video-preview:-1\" \/>\n<link rel=\"canonical\" href=\"https:\/\/dekoracyjnacegla.pl\/en\/produkt\/classic-yellow-demolition-brick-tiles\/\" \/>\n<meta property=\"og:locale\" content=\"en_US\" \/>\n<meta property=\"og:type\" content=\"article\" \/>\n<meta property=\"og:title\" content=\"CLASSIC YELLOW Demolition Brick Tiles - Dekoracyjna Ceg\u0142a\" \/>\n<meta property=\"og:description\" content=\"Sophisticated interior elements. Decorative demolition brick tile. Rustic character achieved with the original brick. Classic Yellow brick model is distinguished by the pastel color found on bricks in old buildings. For more details, read the extended description of the retro brick.   The price is for 0.5m2 of brick tiles.\" \/>\n<meta property=\"og:url\" content=\"https:\/\/dekoracyjnacegla.pl\/en\/produkt\/classic-yellow-demolition-brick-tiles\/\" \/>\n<meta property=\"og:site_name\" content=\"Dekoracyjna Ceg\u0142a\" \/>\n<meta property=\"og:image\" content=\"https:\/\/dekoracyjnacegla.pl\/wp-content\/uploads\/2025\/06\/Obiekt-Wiatr-Woda-Debki-polozony-w-miejscowosci-Debki-Fuga-Antracyt-plytka-cieta-Calibrated-i-Lico.jpg\" \/>\n\t<meta property=\"og:image:width\" content=\"1536\" \/>\n\t<meta property=\"og:image:height\" content=\"2048\" \/>\n\t<meta property=\"og:image:type\" content=\"image\/jpeg\" \/>\n<meta name=\"twitter:card\" content=\"summary_large_image\" \/>\n<meta name=\"twitter:label1\" content=\"Est. reading time\" \/>\n\t<meta name=\"twitter:data1\" content=\"1 minute\" \/>\n<script type=\"application\/ld+json\" class=\"yoast-schema-graph\">{\"@context\":\"https:\\\/\\\/schema.org\",\"@graph\":[{\"@type\":\"WebPage\",\"@id\":\"https:\\\/\\\/dekoracyjnacegla.pl\\\/en\\\/produkt\\\/classic-yellow-demolition-brick-tiles\\\/\",\"url\":\"https:\\\/\\\/dekoracyjnacegla.pl\\\/en\\\/produkt\\\/classic-yellow-demolition-brick-tiles\\\/\",\"name\":\"CLASSIC YELLOW Demolition Brick Tiles - Dekoracyjna Ceg\u0142a\",\"isPartOf\":{\"@id\":\"https:\\\/\\\/dekoracyjnacegla.pl\\\/en\\\/#website\"},\"primaryImageOfPage\":{\"@id\":\"https:\\\/\\\/dekoracyjnacegla.pl\\\/en\\\/produkt\\\/classic-yellow-demolition-brick-tiles\\\/#primaryimage\"},\"image\":{\"@id\":\"https:\\\/\\\/dekoracyjnacegla.pl\\\/en\\\/produkt\\\/classic-yellow-demolition-brick-tiles\\\/#primaryimage\"},\"thumbnailUrl\":\"https:\\\/\\\/dekoracyjnacegla.pl\\\/wp-content\\\/uploads\\\/2025\\\/06\\\/Obiekt-Wiatr-Woda-Debki-polozony-w-miejscowosci-Debki-Fuga-Antracyt-plytka-cieta-Calibrated-i-Lico.jpg\",\"datePublished\":\"2023-10-19T16:12:34+00:00\",\"breadcrumb\":{\"@id\":\"https:\\\/\\\/dekoracyjnacegla.pl\\\/en\\\/produkt\\\/classic-yellow-demolition-brick-tiles\\\/#breadcrumb\"},\"inLanguage\":\"en-US\",\"potentialAction\":[{\"@type\":\"ReadAction\",\"target\":[\"https:\\\/\\\/dekoracyjnacegla.pl\\\/en\\\/produkt\\\/classic-yellow-demolition-brick-tiles\\\/\"]}]},{\"@type\":\"ImageObject\",\"inLanguage\":\"en-US\",\"@id\":\"https:\\\/\\\/dekoracyjnacegla.pl\\\/en\\\/produkt\\\/classic-yellow-demolition-brick-tiles\\\/#primaryimage\",\"url\":\"https:\\\/\\\/dekoracyjnacegla.pl\\\/wp-content\\\/uploads\\\/2025\\\/06\\\/Obiekt-Wiatr-Woda-Debki-polozony-w-miejscowosci-Debki-Fuga-Antracyt-plytka-cieta-Calibrated-i-Lico.jpg\",\"contentUrl\":\"https:\\\/\\\/dekoracyjnacegla.pl\\\/wp-content\\\/uploads\\\/2025\\\/06\\\/Obiekt-Wiatr-Woda-Debki-polozony-w-miejscowosci-Debki-Fuga-Antracyt-plytka-cieta-Calibrated-i-Lico.jpg\",\"width\":1536,\"height\":2048},{\"@type\":\"BreadcrumbList\",\"@id\":\"https:\\\/\\\/dekoracyjnacegla.pl\\\/en\\\/produkt\\\/classic-yellow-demolition-brick-tiles\\\/#breadcrumb\",\"itemListElement\":[{\"@type\":\"ListItem\",\"position\":1,\"name\":\"Strona g\u0142\u00f3wna\",\"item\":\"https:\\\/\\\/dekoracyjnacegla.pl\\\/en\\\/startup\\\/\"},{\"@type\":\"ListItem\",\"position\":2,\"name\":\"Sklep\",\"item\":\"https:\\\/\\\/dekoracyjnacegla.pl\\\/sklep\\\/\"},{\"@type\":\"ListItem\",\"position\":3,\"name\":\"CLASSIC YELLOW Demolition Brick Tiles\"}]},{\"@type\":\"WebSite\",\"@id\":\"https:\\\/\\\/dekoracyjnacegla.pl\\\/en\\\/#website\",\"url\":\"https:\\\/\\\/dekoracyjnacegla.pl\\\/en\\\/\",\"name\":\"Dekoracyjna Ceg\u0142a\",\"description\":\"P\u0142ytki z ceg\u0142y | Retro Ceg\u0142a\",\"publisher\":{\"@id\":\"https:\\\/\\\/dekoracyjnacegla.pl\\\/en\\\/#organization\"},\"potentialAction\":[{\"@type\":\"SearchAction\",\"target\":{\"@type\":\"EntryPoint\",\"urlTemplate\":\"https:\\\/\\\/dekoracyjnacegla.pl\\\/en\\\/?s={search_term_string}\"},\"query-input\":{\"@type\":\"PropertyValueSpecification\",\"valueRequired\":true,\"valueName\":\"search_term_string\"}}],\"inLanguage\":\"en-US\"},{\"@type\":\"Organization\",\"@id\":\"https:\\\/\\\/dekoracyjnacegla.pl\\\/en\\\/#organization\",\"name\":\"Dekoracyjna Ceg\u0142a\",\"url\":\"https:\\\/\\\/dekoracyjnacegla.pl\\\/en\\\/\",\"logo\":{\"@type\":\"ImageObject\",\"inLanguage\":\"en-US\",\"@id\":\"https:\\\/\\\/dekoracyjnacegla.pl\\\/en\\\/#\\\/schema\\\/logo\\\/image\\\/\",\"url\":\"https:\\\/\\\/dekoracyjnacegla.pl\\\/wp-content\\\/uploads\\\/2023\\\/10\\\/logo.png\",\"contentUrl\":\"https:\\\/\\\/dekoracyjnacegla.pl\\\/wp-content\\\/uploads\\\/2023\\\/10\\\/logo.png\",\"width\":1199,\"height\":193,\"caption\":\"Dekoracyjna Ceg\u0142a\"},\"image\":{\"@id\":\"https:\\\/\\\/dekoracyjnacegla.pl\\\/en\\\/#\\\/schema\\\/logo\\\/image\\\/\"}}]}<\/script>\n<!-- \/ Yoast SEO plugin. -->","yoast_head_json":{"title":"CLASSIC YELLOW Demolition Brick Tiles - Dekoracyjna Ceg\u0142a","robots":{"index":"index","follow":"follow","max-snippet":"max-snippet:-1","max-image-preview":"max-image-preview:large","max-video-preview":"max-video-preview:-1"},"canonical":"https:\/\/dekoracyjnacegla.pl\/en\/produkt\/classic-yellow-demolition-brick-tiles\/","og_locale":"en_US","og_type":"article","og_title":"CLASSIC YELLOW Demolition Brick Tiles - Dekoracyjna Ceg\u0142a","og_description":"Sophisticated interior elements. Decorative demolition brick tile. Rustic character achieved with the original brick. Classic Yellow brick model is distinguished by the pastel color found on bricks in old buildings. For more details, read the extended description of the retro brick.   The price is for 0.5m2 of brick tiles.","og_url":"https:\/\/dekoracyjnacegla.pl\/en\/produkt\/classic-yellow-demolition-brick-tiles\/","og_site_name":"Dekoracyjna Ceg\u0142a","og_image":[{"width":1536,"height":2048,"url":"https:\/\/dekoracyjnacegla.pl\/wp-content\/uploads\/2025\/06\/Obiekt-Wiatr-Woda-Debki-polozony-w-miejscowosci-Debki-Fuga-Antracyt-plytka-cieta-Calibrated-i-Lico.jpg","type":"image\/jpeg"}],"twitter_card":"summary_large_image","twitter_misc":{"Est. reading time":"1 minute"},"schema":{"@context":"https:\/\/schema.org","@graph":[{"@type":"WebPage","@id":"https:\/\/dekoracyjnacegla.pl\/en\/produkt\/classic-yellow-demolition-brick-tiles\/","url":"https:\/\/dekoracyjnacegla.pl\/en\/produkt\/classic-yellow-demolition-brick-tiles\/","name":"CLASSIC YELLOW Demolition Brick Tiles - Dekoracyjna Ceg\u0142a","isPartOf":{"@id":"https:\/\/dekoracyjnacegla.pl\/en\/#website"},"primaryImageOfPage":{"@id":"https:\/\/dekoracyjnacegla.pl\/en\/produkt\/classic-yellow-demolition-brick-tiles\/#primaryimage"},"image":{"@id":"https:\/\/dekoracyjnacegla.pl\/en\/produkt\/classic-yellow-demolition-brick-tiles\/#primaryimage"},"thumbnailUrl":"https:\/\/dekoracyjnacegla.pl\/wp-content\/uploads\/2025\/06\/Obiekt-Wiatr-Woda-Debki-polozony-w-miejscowosci-Debki-Fuga-Antracyt-plytka-cieta-Calibrated-i-Lico.jpg","datePublished":"2023-10-19T16:12:34+00:00","breadcrumb":{"@id":"https:\/\/dekoracyjnacegla.pl\/en\/produkt\/classic-yellow-demolition-brick-tiles\/#breadcrumb"},"inLanguage":"en-US","potentialAction":[{"@type":"ReadAction","target":["https:\/\/dekoracyjnacegla.pl\/en\/produkt\/classic-yellow-demolition-brick-tiles\/"]}]},{"@type":"ImageObject","inLanguage":"en-US","@id":"https:\/\/dekoracyjnacegla.pl\/en\/produkt\/classic-yellow-demolition-brick-tiles\/#primaryimage","url":"https:\/\/dekoracyjnacegla.pl\/wp-content\/uploads\/2025\/06\/Obiekt-Wiatr-Woda-Debki-polozony-w-miejscowosci-Debki-Fuga-Antracyt-plytka-cieta-Calibrated-i-Lico.jpg","contentUrl":"https:\/\/dekoracyjnacegla.pl\/wp-content\/uploads\/2025\/06\/Obiekt-Wiatr-Woda-Debki-polozony-w-miejscowosci-Debki-Fuga-Antracyt-plytka-cieta-Calibrated-i-Lico.jpg","width":1536,"height":2048},{"@type":"BreadcrumbList","@id":"https:\/\/dekoracyjnacegla.pl\/en\/produkt\/classic-yellow-demolition-brick-tiles\/#breadcrumb","itemListElement":[{"@type":"ListItem","position":1,"name":"Strona g\u0142\u00f3wna","item":"https:\/\/dekoracyjnacegla.pl\/en\/startup\/"},{"@type":"ListItem","position":2,"name":"Sklep","item":"https:\/\/dekoracyjnacegla.pl\/sklep\/"},{"@type":"ListItem","position":3,"name":"CLASSIC YELLOW Demolition Brick Tiles"}]},{"@type":"WebSite","@id":"https:\/\/dekoracyjnacegla.pl\/en\/#website","url":"https:\/\/dekoracyjnacegla.pl\/en\/","name":"Dekoracyjna Ceg\u0142a","description":"P\u0142ytki z ceg\u0142y | Retro Ceg\u0142a","publisher":{"@id":"https:\/\/dekoracyjnacegla.pl\/en\/#organization"},"potentialAction":[{"@type":"SearchAction","target":{"@type":"EntryPoint","urlTemplate":"https:\/\/dekoracyjnacegla.pl\/en\/?s={search_term_string}"},"query-input":{"@type":"PropertyValueSpecification","valueRequired":true,"valueName":"search_term_string"}}],"inLanguage":"en-US"},{"@type":"Organization","@id":"https:\/\/dekoracyjnacegla.pl\/en\/#organization","name":"Dekoracyjna Ceg\u0142a","url":"https:\/\/dekoracyjnacegla.pl\/en\/","logo":{"@type":"ImageObject","inLanguage":"en-US","@id":"https:\/\/dekoracyjnacegla.pl\/en\/#\/schema\/logo\/image\/","url":"https:\/\/dekoracyjnacegla.pl\/wp-content\/uploads\/2023\/10\/logo.png","contentUrl":"https:\/\/dekoracyjnacegla.pl\/wp-content\/uploads\/2023\/10\/logo.png","width":1199,"height":193,"caption":"Dekoracyjna Ceg\u0142a"},"image":{"@id":"https:\/\/dekoracyjnacegla.pl\/en\/#\/schema\/logo\/image\/"}}]}},"_links":{"self":[{"href":"https:\/\/dekoracyjnacegla.pl\/en\/wp-json\/wp\/v2\/product\/21704","targetHints":{"allow":["GET"]}}],"collection":[{"href":"https:\/\/dekoracyjnacegla.pl\/en\/wp-json\/wp\/v2\/product"}],"about":[{"href":"https:\/\/dekoracyjnacegla.pl\/en\/wp-json\/wp\/v2\/types\/product"}],"wp:featuredmedia":[{"embeddable":true,"href":"https:\/\/dekoracyjnacegla.pl\/en\/wp-json\/wp\/v2\/media\/21296"}],"wp:attachment":[{"href":"https:\/\/dekoracyjnacegla.pl\/en\/wp-json\/wp\/v2\/media?parent=21704"}],"wp:term":[{"taxonomy":"product_brand","embeddable":true,"href":"https:\/\/dekoracyjnacegla.pl\/en\/wp-json\/wp\/v2\/product_brand?post=21704"},{"taxonomy":"product_cat","embeddable":true,"href":"https:\/\/dekoracyjnacegla.pl\/en\/wp-json\/wp\/v2\/product_cat?post=21704"},{"taxonomy":"product_tag","embeddable":true,"href":"https:\/\/dekoracyjnacegla.pl\/en\/wp-json\/wp\/v2\/product_tag?post=21704"}],"curies":[{"name":"wp","href":"https:\/\/api.w.org\/{rel}","templated":true}]}}