{"id":21908,"date":"2023-11-06T10:49:35","date_gmt":"2023-11-06T10:49:35","guid":{"rendered":"https:\/\/dekoracyjnacegla.pl\/produkt\/historic-red-hand-formed-brick-solid\/"},"modified":"2023-11-06T10:49:35","modified_gmt":"2023-11-06T10:49:35","slug":"historic-red-hand-formed-brick-solid","status":"publish","type":"product","link":"https:\/\/dekoracyjnacegla.pl\/en\/produkt\/historic-red-hand-formed-brick-solid\/","title":{"rendered":"Historic red hand-formed brick &#8211; solid"},"content":{"rendered":"<div class=\"elementor-element elementor-element-4acc7916 elementor-widget elementor-widget-text-editor\" data-id=\"4acc7916\" data-element_type=\"widget\" data-widget_type=\"text-editor.default\">\n<div class=\"elementor-widget-container\">\n<div class=\"elementor-text-editor elementor-clearfix\">\n<p>Demolition brick in a version of classic red, perfect for use in interior decoration or as part of an exterior facade. Brick of standard RF size. A house lined with such material guarantees an excellent end result.  <\/p>\n<p>Our brick has already won several awards at various events. Authenticity and uniqueness of bricks is a certainty for classy interiors, interiors whose task is to stand out. The originality of historic burnt brick affects the final appearance of the entire house or the specific interior in which we use it.  <\/p>\n<\/div>\n<\/div>\n<\/div>\n<div class=\"elementor-element elementor-element-256448af elementor-widget elementor-widget-heading\" data-id=\"256448af\" data-element_type=\"widget\" data-widget_type=\"heading.default\">\n<div class=\"elementor-widget-container\">\n<h2 class=\"elementor-heading-title elementor-size-default\">Retro bricks<\/h2>\n<\/div>\n<\/div>\n<div class=\"elementor-element elementor-element-0184ba8 elementor-widget elementor-widget-text-editor\" data-id=\"0184ba8\" data-element_type=\"widget\" data-widget_type=\"text-editor.default\">\n<div class=\"elementor-widget-container\">\n<div class=\"elementor-text-editor elementor-clearfix\">\n<p>Retro bricks owe their natural look to the hand stripping and processing process which allows it to retain natural discolorations and mortar residues.<\/p>\n<p>You can also check out our entire range of <span style=\"text-decoration: underline;\"><a href=\"https:\/\/dekoracyjnacegla.pl\/kategoria-produktu\/czerwona-cegla\/\">red bricks<\/a><\/span>.<\/p>\n<\/div>\n<\/div>\n<\/div>\n<div class=\"elementor-element elementor-element-1b9fdb1 elementor-widget elementor-widget-heading\" data-id=\"1b9fdb1\" data-element_type=\"widget\" data-widget_type=\"heading.default\">\n<div class=\"elementor-widget-container\">\n<h2 class=\"elementor-heading-title elementor-size-default\">Technical parameters of retro brick<\/h2>\n<\/div>\n<\/div>\n<div class=\"elementor-element elementor-element-2ff5355 elementor-widget elementor-widget-divider\" data-id=\"2ff5355\" data-element_type=\"widget\" data-widget_type=\"divider.default\">\n<div class=\"elementor-widget-container\">\n<div class=\"elementor-divider\"><\/div>\n<\/div>\n<\/div>\n<div class=\"elementor-element elementor-element-68f3e39 elementor-icon-list--layout-traditional elementor-widget elementor-widget-icon-list\" data-id=\"68f3e39\" data-element_type=\"widget\" data-widget_type=\"icon-list.default\">\n<div class=\"elementor-widget-container\">\n<ul class=\"elementor-icon-list-items\">\n<li class=\"elementor-icon-list-item\"><i class=\"fas fa-record-vinyl\" aria-hidden=\"true\"><\/i><span class=\"elementor-icon-list-text\">Dimensions: 250-260 mm x 65 mm x 120 mm (4mm +-)<\/span><\/li>\n<li class=\"elementor-icon-list-item\"><i class=\"fas fa-record-vinyl\" aria-hidden=\"true\"><\/i><span class=\"elementor-icon-list-text\">Bricks are perfect for kitchens, bathrooms, bars, restaurants, living and dining rooms, RTV wall finishes, for covering the facade of virtually any building, as an artistic accent for buildings promoting culture, business or public buildings.<\/span><\/li>\n<li class=\"elementor-icon-list-item\"><i class=\"fas fa-record-vinyl\" aria-hidden=\"true\"><\/i><span class=\"elementor-icon-list-text\">The price is for 1pc, for 1 m2 there are 52 bricks taking into account 1 cm of grout.<\/span><\/li>\n<\/ul>\n<\/div>\n<\/div>\n","protected":false},"excerpt":{"rendered":"<p>Old bricks\/demolition bricks entirely in a shade of classic red for a rustic effect.<\/p>\n<p>Hand-formed bricks.<\/p>\n<p><strong>Price is for 1pc.<\/strong><\/p>\n<p>Pallet holds 324pcs of bricks.<\/p>\n","protected":false},"featured_media":21909,"template":"","meta":[],"product_brand":[],"product_cat":[68],"product_tag":[],"class_list":{"0":"post-21908","1":"product","2":"type-product","3":"status-publish","4":"has-post-thumbnail","6":"product_cat-cegla-recznie-formowana","8":"first","9":"instock","10":"shipping-taxable","11":"purchasable","12":"product-type-simple"},"yoast_head":"<!-- This site is optimized with the Yoast SEO plugin v27.3 - https:\/\/yoast.com\/product\/yoast-seo-wordpress\/ -->\n<title>Historic red hand-formed brick - solid - Dekoracyjna Ceg\u0142a<\/title>\n<meta name=\"robots\" content=\"index, follow, max-snippet:-1, max-image-preview:large, max-video-preview:-1\" \/>\n<link rel=\"canonical\" href=\"https:\/\/dekoracyjnacegla.pl\/en\/produkt\/historic-red-hand-formed-brick-solid\/\" \/>\n<meta property=\"og:locale\" content=\"en_US\" \/>\n<meta property=\"og:type\" content=\"article\" \/>\n<meta property=\"og:title\" content=\"Historic red hand-formed brick - solid - Dekoracyjna Ceg\u0142a\" \/>\n<meta property=\"og:description\" content=\"Old bricks\/demolition bricks entirely in a shade of classic red for a rustic effect. Hand-formed bricks. Price is for 1pc. Pallet holds 324pcs of bricks.\" \/>\n<meta property=\"og:url\" content=\"https:\/\/dekoracyjnacegla.pl\/en\/produkt\/historic-red-hand-formed-brick-solid\/\" \/>\n<meta property=\"og:site_name\" content=\"Dekoracyjna Ceg\u0142a\" \/>\n<meta property=\"og:image\" content=\"https:\/\/dekoracyjnacegla.pl\/wp-content\/uploads\/2023\/11\/WhatsApp-Image-2023-11-01-at-22.19.52.jpeg\" \/>\n\t<meta property=\"og:image:width\" content=\"1600\" \/>\n\t<meta property=\"og:image:height\" content=\"1200\" \/>\n\t<meta property=\"og:image:type\" content=\"image\/jpeg\" \/>\n<meta name=\"twitter:card\" content=\"summary_large_image\" \/>\n<meta name=\"twitter:label1\" content=\"Est. reading time\" \/>\n\t<meta name=\"twitter:data1\" content=\"1 minute\" \/>\n<script type=\"application\/ld+json\" class=\"yoast-schema-graph\">{\"@context\":\"https:\\\/\\\/schema.org\",\"@graph\":[{\"@type\":\"WebPage\",\"@id\":\"https:\\\/\\\/dekoracyjnacegla.pl\\\/en\\\/produkt\\\/historic-red-hand-formed-brick-solid\\\/\",\"url\":\"https:\\\/\\\/dekoracyjnacegla.pl\\\/en\\\/produkt\\\/historic-red-hand-formed-brick-solid\\\/\",\"name\":\"Historic red hand-formed brick - solid - Dekoracyjna Ceg\u0142a\",\"isPartOf\":{\"@id\":\"https:\\\/\\\/dekoracyjnacegla.pl\\\/en\\\/#website\"},\"primaryImageOfPage\":{\"@id\":\"https:\\\/\\\/dekoracyjnacegla.pl\\\/en\\\/produkt\\\/historic-red-hand-formed-brick-solid\\\/#primaryimage\"},\"image\":{\"@id\":\"https:\\\/\\\/dekoracyjnacegla.pl\\\/en\\\/produkt\\\/historic-red-hand-formed-brick-solid\\\/#primaryimage\"},\"thumbnailUrl\":\"https:\\\/\\\/dekoracyjnacegla.pl\\\/wp-content\\\/uploads\\\/2023\\\/11\\\/WhatsApp-Image-2023-11-01-at-22.19.52.jpeg\",\"datePublished\":\"2023-11-06T10:49:35+00:00\",\"breadcrumb\":{\"@id\":\"https:\\\/\\\/dekoracyjnacegla.pl\\\/en\\\/produkt\\\/historic-red-hand-formed-brick-solid\\\/#breadcrumb\"},\"inLanguage\":\"en-US\",\"potentialAction\":[{\"@type\":\"ReadAction\",\"target\":[\"https:\\\/\\\/dekoracyjnacegla.pl\\\/en\\\/produkt\\\/historic-red-hand-formed-brick-solid\\\/\"]}]},{\"@type\":\"ImageObject\",\"inLanguage\":\"en-US\",\"@id\":\"https:\\\/\\\/dekoracyjnacegla.pl\\\/en\\\/produkt\\\/historic-red-hand-formed-brick-solid\\\/#primaryimage\",\"url\":\"https:\\\/\\\/dekoracyjnacegla.pl\\\/wp-content\\\/uploads\\\/2023\\\/11\\\/WhatsApp-Image-2023-11-01-at-22.19.52.jpeg\",\"contentUrl\":\"https:\\\/\\\/dekoracyjnacegla.pl\\\/wp-content\\\/uploads\\\/2023\\\/11\\\/WhatsApp-Image-2023-11-01-at-22.19.52.jpeg\",\"width\":1600,\"height\":1200},{\"@type\":\"BreadcrumbList\",\"@id\":\"https:\\\/\\\/dekoracyjnacegla.pl\\\/en\\\/produkt\\\/historic-red-hand-formed-brick-solid\\\/#breadcrumb\",\"itemListElement\":[{\"@type\":\"ListItem\",\"position\":1,\"name\":\"Strona g\u0142\u00f3wna\",\"item\":\"https:\\\/\\\/dekoracyjnacegla.pl\\\/en\\\/startup\\\/\"},{\"@type\":\"ListItem\",\"position\":2,\"name\":\"Sklep\",\"item\":\"https:\\\/\\\/dekoracyjnacegla.pl\\\/sklep\\\/\"},{\"@type\":\"ListItem\",\"position\":3,\"name\":\"Historic red hand-formed brick &#8211; solid\"}]},{\"@type\":\"WebSite\",\"@id\":\"https:\\\/\\\/dekoracyjnacegla.pl\\\/en\\\/#website\",\"url\":\"https:\\\/\\\/dekoracyjnacegla.pl\\\/en\\\/\",\"name\":\"Dekoracyjna Ceg\u0142a\",\"description\":\"P\u0142ytki z ceg\u0142y | Retro Ceg\u0142a\",\"publisher\":{\"@id\":\"https:\\\/\\\/dekoracyjnacegla.pl\\\/en\\\/#organization\"},\"potentialAction\":[{\"@type\":\"SearchAction\",\"target\":{\"@type\":\"EntryPoint\",\"urlTemplate\":\"https:\\\/\\\/dekoracyjnacegla.pl\\\/en\\\/?s={search_term_string}\"},\"query-input\":{\"@type\":\"PropertyValueSpecification\",\"valueRequired\":true,\"valueName\":\"search_term_string\"}}],\"inLanguage\":\"en-US\"},{\"@type\":\"Organization\",\"@id\":\"https:\\\/\\\/dekoracyjnacegla.pl\\\/en\\\/#organization\",\"name\":\"Dekoracyjna Ceg\u0142a\",\"url\":\"https:\\\/\\\/dekoracyjnacegla.pl\\\/en\\\/\",\"logo\":{\"@type\":\"ImageObject\",\"inLanguage\":\"en-US\",\"@id\":\"https:\\\/\\\/dekoracyjnacegla.pl\\\/en\\\/#\\\/schema\\\/logo\\\/image\\\/\",\"url\":\"https:\\\/\\\/dekoracyjnacegla.pl\\\/wp-content\\\/uploads\\\/2023\\\/10\\\/logo.png\",\"contentUrl\":\"https:\\\/\\\/dekoracyjnacegla.pl\\\/wp-content\\\/uploads\\\/2023\\\/10\\\/logo.png\",\"width\":1199,\"height\":193,\"caption\":\"Dekoracyjna Ceg\u0142a\"},\"image\":{\"@id\":\"https:\\\/\\\/dekoracyjnacegla.pl\\\/en\\\/#\\\/schema\\\/logo\\\/image\\\/\"}}]}<\/script>\n<!-- \/ Yoast SEO plugin. -->","yoast_head_json":{"title":"Historic red hand-formed brick - solid - Dekoracyjna Ceg\u0142a","robots":{"index":"index","follow":"follow","max-snippet":"max-snippet:-1","max-image-preview":"max-image-preview:large","max-video-preview":"max-video-preview:-1"},"canonical":"https:\/\/dekoracyjnacegla.pl\/en\/produkt\/historic-red-hand-formed-brick-solid\/","og_locale":"en_US","og_type":"article","og_title":"Historic red hand-formed brick - solid - Dekoracyjna Ceg\u0142a","og_description":"Old bricks\/demolition bricks entirely in a shade of classic red for a rustic effect. Hand-formed bricks. Price is for 1pc. Pallet holds 324pcs of bricks.","og_url":"https:\/\/dekoracyjnacegla.pl\/en\/produkt\/historic-red-hand-formed-brick-solid\/","og_site_name":"Dekoracyjna Ceg\u0142a","og_image":[{"width":1600,"height":1200,"url":"https:\/\/dekoracyjnacegla.pl\/wp-content\/uploads\/2023\/11\/WhatsApp-Image-2023-11-01-at-22.19.52.jpeg","type":"image\/jpeg"}],"twitter_card":"summary_large_image","twitter_misc":{"Est. reading time":"1 minute"},"schema":{"@context":"https:\/\/schema.org","@graph":[{"@type":"WebPage","@id":"https:\/\/dekoracyjnacegla.pl\/en\/produkt\/historic-red-hand-formed-brick-solid\/","url":"https:\/\/dekoracyjnacegla.pl\/en\/produkt\/historic-red-hand-formed-brick-solid\/","name":"Historic red hand-formed brick - solid - Dekoracyjna Ceg\u0142a","isPartOf":{"@id":"https:\/\/dekoracyjnacegla.pl\/en\/#website"},"primaryImageOfPage":{"@id":"https:\/\/dekoracyjnacegla.pl\/en\/produkt\/historic-red-hand-formed-brick-solid\/#primaryimage"},"image":{"@id":"https:\/\/dekoracyjnacegla.pl\/en\/produkt\/historic-red-hand-formed-brick-solid\/#primaryimage"},"thumbnailUrl":"https:\/\/dekoracyjnacegla.pl\/wp-content\/uploads\/2023\/11\/WhatsApp-Image-2023-11-01-at-22.19.52.jpeg","datePublished":"2023-11-06T10:49:35+00:00","breadcrumb":{"@id":"https:\/\/dekoracyjnacegla.pl\/en\/produkt\/historic-red-hand-formed-brick-solid\/#breadcrumb"},"inLanguage":"en-US","potentialAction":[{"@type":"ReadAction","target":["https:\/\/dekoracyjnacegla.pl\/en\/produkt\/historic-red-hand-formed-brick-solid\/"]}]},{"@type":"ImageObject","inLanguage":"en-US","@id":"https:\/\/dekoracyjnacegla.pl\/en\/produkt\/historic-red-hand-formed-brick-solid\/#primaryimage","url":"https:\/\/dekoracyjnacegla.pl\/wp-content\/uploads\/2023\/11\/WhatsApp-Image-2023-11-01-at-22.19.52.jpeg","contentUrl":"https:\/\/dekoracyjnacegla.pl\/wp-content\/uploads\/2023\/11\/WhatsApp-Image-2023-11-01-at-22.19.52.jpeg","width":1600,"height":1200},{"@type":"BreadcrumbList","@id":"https:\/\/dekoracyjnacegla.pl\/en\/produkt\/historic-red-hand-formed-brick-solid\/#breadcrumb","itemListElement":[{"@type":"ListItem","position":1,"name":"Strona g\u0142\u00f3wna","item":"https:\/\/dekoracyjnacegla.pl\/en\/startup\/"},{"@type":"ListItem","position":2,"name":"Sklep","item":"https:\/\/dekoracyjnacegla.pl\/sklep\/"},{"@type":"ListItem","position":3,"name":"Historic red hand-formed brick &#8211; solid"}]},{"@type":"WebSite","@id":"https:\/\/dekoracyjnacegla.pl\/en\/#website","url":"https:\/\/dekoracyjnacegla.pl\/en\/","name":"Dekoracyjna Ceg\u0142a","description":"P\u0142ytki z ceg\u0142y | Retro Ceg\u0142a","publisher":{"@id":"https:\/\/dekoracyjnacegla.pl\/en\/#organization"},"potentialAction":[{"@type":"SearchAction","target":{"@type":"EntryPoint","urlTemplate":"https:\/\/dekoracyjnacegla.pl\/en\/?s={search_term_string}"},"query-input":{"@type":"PropertyValueSpecification","valueRequired":true,"valueName":"search_term_string"}}],"inLanguage":"en-US"},{"@type":"Organization","@id":"https:\/\/dekoracyjnacegla.pl\/en\/#organization","name":"Dekoracyjna Ceg\u0142a","url":"https:\/\/dekoracyjnacegla.pl\/en\/","logo":{"@type":"ImageObject","inLanguage":"en-US","@id":"https:\/\/dekoracyjnacegla.pl\/en\/#\/schema\/logo\/image\/","url":"https:\/\/dekoracyjnacegla.pl\/wp-content\/uploads\/2023\/10\/logo.png","contentUrl":"https:\/\/dekoracyjnacegla.pl\/wp-content\/uploads\/2023\/10\/logo.png","width":1199,"height":193,"caption":"Dekoracyjna Ceg\u0142a"},"image":{"@id":"https:\/\/dekoracyjnacegla.pl\/en\/#\/schema\/logo\/image\/"}}]}},"_links":{"self":[{"href":"https:\/\/dekoracyjnacegla.pl\/en\/wp-json\/wp\/v2\/product\/21908","targetHints":{"allow":["GET"]}}],"collection":[{"href":"https:\/\/dekoracyjnacegla.pl\/en\/wp-json\/wp\/v2\/product"}],"about":[{"href":"https:\/\/dekoracyjnacegla.pl\/en\/wp-json\/wp\/v2\/types\/product"}],"wp:featuredmedia":[{"embeddable":true,"href":"https:\/\/dekoracyjnacegla.pl\/en\/wp-json\/wp\/v2\/media\/21909"}],"wp:attachment":[{"href":"https:\/\/dekoracyjnacegla.pl\/en\/wp-json\/wp\/v2\/media?parent=21908"}],"wp:term":[{"taxonomy":"product_brand","embeddable":true,"href":"https:\/\/dekoracyjnacegla.pl\/en\/wp-json\/wp\/v2\/product_brand?post=21908"},{"taxonomy":"product_cat","embeddable":true,"href":"https:\/\/dekoracyjnacegla.pl\/en\/wp-json\/wp\/v2\/product_cat?post=21908"},{"taxonomy":"product_tag","embeddable":true,"href":"https:\/\/dekoracyjnacegla.pl\/en\/wp-json\/wp\/v2\/product_tag?post=21908"}],"curies":[{"name":"wp","href":"https:\/\/api.w.org\/{rel}","templated":true}]}}