{"id":21949,"date":"2024-01-15T10:14:01","date_gmt":"2024-01-15T10:14:01","guid":{"rendered":"https:\/\/dekoracyjnacegla.pl\/produkt\/brick-old-wall\/"},"modified":"2024-01-15T10:14:01","modified_gmt":"2024-01-15T10:14:01","slug":"brick-old-wall","status":"publish","type":"product","link":"https:\/\/dekoracyjnacegla.pl\/en\/produkt\/brick-old-wall\/","title":{"rendered":"Brick &#8220;Old Wall&#8221;"},"content":{"rendered":"<p><strong>Application:<\/strong> Building facades,<br \/>\nfences, contruction walls, partition walls,<br \/>\npillars, garden architecture,floors,<br \/>\ninterior design elements.<\/p>\n<p>&nbsp;<\/p>\n<p>Ceramic brick &#8220;Old Wall&#8221; is a brick designed for the restoration of old brick buildings. Due to the hand-forming of ceramic bricks available in Manufaktura, it will be ideal as a material for filling in defects in brick walls in historic houses, mansions or churches. Hand-formed ceramic brick is an excellent choice of building material for the reconstruction of any brick monuments.  <\/p>\n<p>Ceramic brick &#8220;Old Wall&#8221; will perfectly present itself on the walls in your kitchen, living room or bathroom. Building a wall of solid ceramic brick, you do not need to plaster it &#8211; thanks to this you will get a unique atmosphere in your apartment. Brick &#8220;Old Wall&#8221;, due to its properties, is used both inside and outside the building. It is a construction material for building load-bearing walls, columns and pillars.   <\/p>\n<p>Hand-formed brick &#8220;Old Wall&#8221; shows high compressive strength and resistance to mechanical damage. It is a frost resistant brick, showing low water absorption. Solid ceramic brick &#8220;Old Wall&#8221; has an unprecedented coloration, emphasizing the atmosphere of old interiors. Ceramic brick is made of loess clay, so it is a fully ecological product.   <\/p>\n","protected":false},"excerpt":{"rendered":"<p>The &#8220;Old Wall&#8221; brick is a brick created specifically for loft type projects and others where the appearance of old brick is important. A special method of aging bricks during forming gives the brick a unique flair of the old brick without losing its naturalness. Mixed colors of bricks in appropriate proportions allow to reproduce the appearance of an old brick wall.  <\/p>\n<p>&nbsp;<\/p>\n<p>Dimensions of ceramic brick &#8220;Old Wall&#8221;: <strong>250\/120\/65 mm<\/strong><\/p>\n<p>Compressive strength class: <strong>10 N\/mm2<\/strong><\/p>\n<p>Frost resistance: <strong>Full<\/strong><\/p>\n<p>Quantity per 1m2: <strong>52 pcs<\/strong><\/p>\n<p>Quantity per pallet: <strong>350 pcs<\/strong><\/p>\n","protected":false},"featured_media":21950,"template":"","meta":[],"product_brand":[],"product_cat":[201],"product_tag":[],"class_list":{"0":"post-21949","1":"product","2":"type-product","3":"status-publish","4":"has-post-thumbnail","6":"product_cat-bez-kategorii","8":"first","9":"onbackorder","10":"shipping-taxable","11":"product-type-simple"},"yoast_head":"<!-- This site is optimized with the Yoast SEO plugin v27.3 - https:\/\/yoast.com\/product\/yoast-seo-wordpress\/ -->\n<title>Brick &quot;Old Wall&quot; - Dekoracyjna Ceg\u0142a<\/title>\n<meta name=\"robots\" content=\"index, follow, max-snippet:-1, max-image-preview:large, max-video-preview:-1\" \/>\n<link rel=\"canonical\" href=\"https:\/\/dekoracyjnacegla.pl\/en\/produkt\/brick-old-wall\/\" \/>\n<meta property=\"og:locale\" content=\"en_US\" \/>\n<meta property=\"og:type\" content=\"article\" \/>\n<meta property=\"og:title\" content=\"Brick &quot;Old Wall&quot; - Dekoracyjna Ceg\u0142a\" \/>\n<meta property=\"og:description\" content=\"The &quot;Old Wall&quot; brick is a brick created specifically for loft type projects and others where the appearance of old brick is important. A special method of aging bricks during forming gives the brick a unique flair of the old brick without losing its naturalness. Mixed colors of bricks in appropriate proportions allow to reproduce the appearance of an old brick wall.  &nbsp; Dimensions of ceramic brick &quot;Old Wall&quot;: 250\/120\/65 mm Compressive strength class: 10 N\/mm2 Frost resistance: Full Quantity per 1m2: 52 pcs Quantity per pallet: 350 pcs\" \/>\n<meta property=\"og:url\" content=\"https:\/\/dekoracyjnacegla.pl\/en\/produkt\/brick-old-wall\/\" \/>\n<meta property=\"og:site_name\" content=\"Dekoracyjna Ceg\u0142a\" \/>\n<meta property=\"og:image\" content=\"https:\/\/dekoracyjnacegla.pl\/wp-content\/uploads\/2024\/01\/cegla-stary-mur.png\" \/>\n\t<meta property=\"og:image:width\" content=\"800\" \/>\n\t<meta property=\"og:image:height\" content=\"600\" \/>\n\t<meta property=\"og:image:type\" content=\"image\/png\" \/>\n<meta name=\"twitter:card\" content=\"summary_large_image\" \/>\n<meta name=\"twitter:label1\" content=\"Est. reading time\" \/>\n\t<meta name=\"twitter:data1\" content=\"1 minute\" \/>\n<script type=\"application\/ld+json\" class=\"yoast-schema-graph\">{\"@context\":\"https:\\\/\\\/schema.org\",\"@graph\":[{\"@type\":\"WebPage\",\"@id\":\"https:\\\/\\\/dekoracyjnacegla.pl\\\/en\\\/produkt\\\/brick-old-wall\\\/\",\"url\":\"https:\\\/\\\/dekoracyjnacegla.pl\\\/en\\\/produkt\\\/brick-old-wall\\\/\",\"name\":\"Brick \\\"Old Wall\\\" - Dekoracyjna Ceg\u0142a\",\"isPartOf\":{\"@id\":\"https:\\\/\\\/dekoracyjnacegla.pl\\\/en\\\/#website\"},\"primaryImageOfPage\":{\"@id\":\"https:\\\/\\\/dekoracyjnacegla.pl\\\/en\\\/produkt\\\/brick-old-wall\\\/#primaryimage\"},\"image\":{\"@id\":\"https:\\\/\\\/dekoracyjnacegla.pl\\\/en\\\/produkt\\\/brick-old-wall\\\/#primaryimage\"},\"thumbnailUrl\":\"https:\\\/\\\/dekoracyjnacegla.pl\\\/wp-content\\\/uploads\\\/2024\\\/01\\\/cegla-stary-mur.png\",\"datePublished\":\"2024-01-15T10:14:01+00:00\",\"breadcrumb\":{\"@id\":\"https:\\\/\\\/dekoracyjnacegla.pl\\\/en\\\/produkt\\\/brick-old-wall\\\/#breadcrumb\"},\"inLanguage\":\"en-US\",\"potentialAction\":[{\"@type\":\"ReadAction\",\"target\":[\"https:\\\/\\\/dekoracyjnacegla.pl\\\/en\\\/produkt\\\/brick-old-wall\\\/\"]}]},{\"@type\":\"ImageObject\",\"inLanguage\":\"en-US\",\"@id\":\"https:\\\/\\\/dekoracyjnacegla.pl\\\/en\\\/produkt\\\/brick-old-wall\\\/#primaryimage\",\"url\":\"https:\\\/\\\/dekoracyjnacegla.pl\\\/wp-content\\\/uploads\\\/2024\\\/01\\\/cegla-stary-mur.png\",\"contentUrl\":\"https:\\\/\\\/dekoracyjnacegla.pl\\\/wp-content\\\/uploads\\\/2024\\\/01\\\/cegla-stary-mur.png\",\"width\":800,\"height\":600},{\"@type\":\"BreadcrumbList\",\"@id\":\"https:\\\/\\\/dekoracyjnacegla.pl\\\/en\\\/produkt\\\/brick-old-wall\\\/#breadcrumb\",\"itemListElement\":[{\"@type\":\"ListItem\",\"position\":1,\"name\":\"Strona g\u0142\u00f3wna\",\"item\":\"https:\\\/\\\/dekoracyjnacegla.pl\\\/en\\\/startup\\\/\"},{\"@type\":\"ListItem\",\"position\":2,\"name\":\"Sklep\",\"item\":\"https:\\\/\\\/dekoracyjnacegla.pl\\\/sklep\\\/\"},{\"@type\":\"ListItem\",\"position\":3,\"name\":\"Brick &#8222;Old Wall&#8221;\"}]},{\"@type\":\"WebSite\",\"@id\":\"https:\\\/\\\/dekoracyjnacegla.pl\\\/en\\\/#website\",\"url\":\"https:\\\/\\\/dekoracyjnacegla.pl\\\/en\\\/\",\"name\":\"Dekoracyjna Ceg\u0142a\",\"description\":\"P\u0142ytki z ceg\u0142y | Retro Ceg\u0142a\",\"publisher\":{\"@id\":\"https:\\\/\\\/dekoracyjnacegla.pl\\\/en\\\/#organization\"},\"potentialAction\":[{\"@type\":\"SearchAction\",\"target\":{\"@type\":\"EntryPoint\",\"urlTemplate\":\"https:\\\/\\\/dekoracyjnacegla.pl\\\/en\\\/?s={search_term_string}\"},\"query-input\":{\"@type\":\"PropertyValueSpecification\",\"valueRequired\":true,\"valueName\":\"search_term_string\"}}],\"inLanguage\":\"en-US\"},{\"@type\":\"Organization\",\"@id\":\"https:\\\/\\\/dekoracyjnacegla.pl\\\/en\\\/#organization\",\"name\":\"Dekoracyjna Ceg\u0142a\",\"url\":\"https:\\\/\\\/dekoracyjnacegla.pl\\\/en\\\/\",\"logo\":{\"@type\":\"ImageObject\",\"inLanguage\":\"en-US\",\"@id\":\"https:\\\/\\\/dekoracyjnacegla.pl\\\/en\\\/#\\\/schema\\\/logo\\\/image\\\/\",\"url\":\"https:\\\/\\\/dekoracyjnacegla.pl\\\/wp-content\\\/uploads\\\/2023\\\/10\\\/logo.png\",\"contentUrl\":\"https:\\\/\\\/dekoracyjnacegla.pl\\\/wp-content\\\/uploads\\\/2023\\\/10\\\/logo.png\",\"width\":1199,\"height\":193,\"caption\":\"Dekoracyjna Ceg\u0142a\"},\"image\":{\"@id\":\"https:\\\/\\\/dekoracyjnacegla.pl\\\/en\\\/#\\\/schema\\\/logo\\\/image\\\/\"}}]}<\/script>\n<!-- \/ Yoast SEO plugin. -->","yoast_head_json":{"title":"Brick \"Old Wall\" - Dekoracyjna Ceg\u0142a","robots":{"index":"index","follow":"follow","max-snippet":"max-snippet:-1","max-image-preview":"max-image-preview:large","max-video-preview":"max-video-preview:-1"},"canonical":"https:\/\/dekoracyjnacegla.pl\/en\/produkt\/brick-old-wall\/","og_locale":"en_US","og_type":"article","og_title":"Brick \"Old Wall\" - Dekoracyjna Ceg\u0142a","og_description":"The \"Old Wall\" brick is a brick created specifically for loft type projects and others where the appearance of old brick is important. A special method of aging bricks during forming gives the brick a unique flair of the old brick without losing its naturalness. Mixed colors of bricks in appropriate proportions allow to reproduce the appearance of an old brick wall.  &nbsp; Dimensions of ceramic brick \"Old Wall\": 250\/120\/65 mm Compressive strength class: 10 N\/mm2 Frost resistance: Full Quantity per 1m2: 52 pcs Quantity per pallet: 350 pcs","og_url":"https:\/\/dekoracyjnacegla.pl\/en\/produkt\/brick-old-wall\/","og_site_name":"Dekoracyjna Ceg\u0142a","og_image":[{"width":800,"height":600,"url":"https:\/\/dekoracyjnacegla.pl\/wp-content\/uploads\/2024\/01\/cegla-stary-mur.png","type":"image\/png"}],"twitter_card":"summary_large_image","twitter_misc":{"Est. reading time":"1 minute"},"schema":{"@context":"https:\/\/schema.org","@graph":[{"@type":"WebPage","@id":"https:\/\/dekoracyjnacegla.pl\/en\/produkt\/brick-old-wall\/","url":"https:\/\/dekoracyjnacegla.pl\/en\/produkt\/brick-old-wall\/","name":"Brick \"Old Wall\" - Dekoracyjna Ceg\u0142a","isPartOf":{"@id":"https:\/\/dekoracyjnacegla.pl\/en\/#website"},"primaryImageOfPage":{"@id":"https:\/\/dekoracyjnacegla.pl\/en\/produkt\/brick-old-wall\/#primaryimage"},"image":{"@id":"https:\/\/dekoracyjnacegla.pl\/en\/produkt\/brick-old-wall\/#primaryimage"},"thumbnailUrl":"https:\/\/dekoracyjnacegla.pl\/wp-content\/uploads\/2024\/01\/cegla-stary-mur.png","datePublished":"2024-01-15T10:14:01+00:00","breadcrumb":{"@id":"https:\/\/dekoracyjnacegla.pl\/en\/produkt\/brick-old-wall\/#breadcrumb"},"inLanguage":"en-US","potentialAction":[{"@type":"ReadAction","target":["https:\/\/dekoracyjnacegla.pl\/en\/produkt\/brick-old-wall\/"]}]},{"@type":"ImageObject","inLanguage":"en-US","@id":"https:\/\/dekoracyjnacegla.pl\/en\/produkt\/brick-old-wall\/#primaryimage","url":"https:\/\/dekoracyjnacegla.pl\/wp-content\/uploads\/2024\/01\/cegla-stary-mur.png","contentUrl":"https:\/\/dekoracyjnacegla.pl\/wp-content\/uploads\/2024\/01\/cegla-stary-mur.png","width":800,"height":600},{"@type":"BreadcrumbList","@id":"https:\/\/dekoracyjnacegla.pl\/en\/produkt\/brick-old-wall\/#breadcrumb","itemListElement":[{"@type":"ListItem","position":1,"name":"Strona g\u0142\u00f3wna","item":"https:\/\/dekoracyjnacegla.pl\/en\/startup\/"},{"@type":"ListItem","position":2,"name":"Sklep","item":"https:\/\/dekoracyjnacegla.pl\/sklep\/"},{"@type":"ListItem","position":3,"name":"Brick &#8222;Old Wall&#8221;"}]},{"@type":"WebSite","@id":"https:\/\/dekoracyjnacegla.pl\/en\/#website","url":"https:\/\/dekoracyjnacegla.pl\/en\/","name":"Dekoracyjna Ceg\u0142a","description":"P\u0142ytki z ceg\u0142y | Retro Ceg\u0142a","publisher":{"@id":"https:\/\/dekoracyjnacegla.pl\/en\/#organization"},"potentialAction":[{"@type":"SearchAction","target":{"@type":"EntryPoint","urlTemplate":"https:\/\/dekoracyjnacegla.pl\/en\/?s={search_term_string}"},"query-input":{"@type":"PropertyValueSpecification","valueRequired":true,"valueName":"search_term_string"}}],"inLanguage":"en-US"},{"@type":"Organization","@id":"https:\/\/dekoracyjnacegla.pl\/en\/#organization","name":"Dekoracyjna Ceg\u0142a","url":"https:\/\/dekoracyjnacegla.pl\/en\/","logo":{"@type":"ImageObject","inLanguage":"en-US","@id":"https:\/\/dekoracyjnacegla.pl\/en\/#\/schema\/logo\/image\/","url":"https:\/\/dekoracyjnacegla.pl\/wp-content\/uploads\/2023\/10\/logo.png","contentUrl":"https:\/\/dekoracyjnacegla.pl\/wp-content\/uploads\/2023\/10\/logo.png","width":1199,"height":193,"caption":"Dekoracyjna Ceg\u0142a"},"image":{"@id":"https:\/\/dekoracyjnacegla.pl\/en\/#\/schema\/logo\/image\/"}}]}},"_links":{"self":[{"href":"https:\/\/dekoracyjnacegla.pl\/en\/wp-json\/wp\/v2\/product\/21949","targetHints":{"allow":["GET"]}}],"collection":[{"href":"https:\/\/dekoracyjnacegla.pl\/en\/wp-json\/wp\/v2\/product"}],"about":[{"href":"https:\/\/dekoracyjnacegla.pl\/en\/wp-json\/wp\/v2\/types\/product"}],"wp:featuredmedia":[{"embeddable":true,"href":"https:\/\/dekoracyjnacegla.pl\/en\/wp-json\/wp\/v2\/media\/21950"}],"wp:attachment":[{"href":"https:\/\/dekoracyjnacegla.pl\/en\/wp-json\/wp\/v2\/media?parent=21949"}],"wp:term":[{"taxonomy":"product_brand","embeddable":true,"href":"https:\/\/dekoracyjnacegla.pl\/en\/wp-json\/wp\/v2\/product_brand?post=21949"},{"taxonomy":"product_cat","embeddable":true,"href":"https:\/\/dekoracyjnacegla.pl\/en\/wp-json\/wp\/v2\/product_cat?post=21949"},{"taxonomy":"product_tag","embeddable":true,"href":"https:\/\/dekoracyjnacegla.pl\/en\/wp-json\/wp\/v2\/product_tag?post=21949"}],"curies":[{"name":"wp","href":"https:\/\/api.w.org\/{rel}","templated":true}]}}