{"id":22017,"date":"2024-01-15T10:00:37","date_gmt":"2024-01-15T10:00:37","guid":{"rendered":"https:\/\/dekoracyjnacegla.pl\/produkt\/brick-melange\/"},"modified":"2026-03-26T12:24:28","modified_gmt":"2026-03-26T12:24:28","slug":"brick-melange","status":"publish","type":"product","link":"https:\/\/dekoracyjnacegla.pl\/en\/produkt\/brick-melange\/","title":{"rendered":"Brick Melange"},"content":{"rendered":"<p><strong>Application:<\/strong> Building facades,<br \/>\nfences, contruction walls, partition walls,<br \/>\npillars, garden architecture,floors,<br \/>\ninterior design elements.<\/p>\n<p>&nbsp;<\/p>\n<p>We present to you a sensational brick Melange. The model in our offer is maintained in the color scheme of dark, deep red with a beautiful shade mixed with light elements. The selected faces are distinguished by natural burns of intriguing form, providing a classic and original look of the material. The high quality of the bricks is certainly due to the hand-forming that ensures the best level of adaptation for use in construction. Equally important is the high firing temperature that translates into great hardness of the brick and guarantees its wide use. Thanks to the handmade, each element is different and gives the whole an interesting character and unique atmosphere.     <\/p>\n<h2>Where to apply the Melange brick?<\/h2>\n<p>Due to its unique properties, in particular its high level of hardness, Melange brick can be used in the construction of a wide variety of elements. It is used to create building facades, fences, pillars, floors and structural and partition walls. With equal effectiveness, its properties are used to create unique elements of interior design and garden architecture. The quality of Melange hand-formed brick also consists of its unique property of frost resistance and high compressive strength class. The safe use of the material consists of meeting all the necessary standards and guidelines that prove the highest quality of the product. Strength, durability and resistance are definite advantages of the presented mate     <\/p>\n","protected":false},"excerpt":{"rendered":"<p>Melange brick is kept in the color scheme of dark red, often with lighter shadows. Some faces have interesting natural burns that give the species the unique character of real brick. Thanks to the high firing temperature, Melange brick is a species with high hardness, which allows unlimited possibilities of its use.  <\/p>\n<p>Dimensions: <strong>250\/120\/65 mm<\/strong><br \/>\nCompressive strength class: <strong>20 N\/mm2<\/strong><br \/>\nFrost resistance: <strong>Full-<\/strong><strong> 100 cycles<\/strong><br \/>\nQuantity per 1m2: <strong>52 pcs<\/strong>.<br \/>\nQuantity per pallet: <strong>324 pcs<\/strong><br \/>\nAvailable as fa\u00e7ade tile: <strong>YES<\/strong><\/p>\n","protected":false},"featured_media":22021,"template":"","meta":[],"product_brand":[],"product_cat":[201,315,313,312,314],"product_tag":[321,362,343,363,364],"class_list":{"0":"post-22017","1":"product","2":"type-product","3":"status-publish","4":"has-post-thumbnail","6":"product_cat-bez-kategorii","7":"product_cat-new-brick","8":"product_cat-new-clay-brick","9":"product_cat-new-clinker-brick","10":"product_cat-red-brick","11":"product_tag-brick","12":"product_tag-classic","13":"product_tag-hand-brick","14":"product_tag-hand-formed","15":"product_tag-standard","17":"first","18":"onbackorder","19":"shipping-taxable","20":"product-type-simple"},"yoast_head":"<!-- This site is optimized with the Yoast SEO plugin v27.3 - https:\/\/yoast.com\/product\/yoast-seo-wordpress\/ -->\n<title>Brick Melange - Dekoracyjna Ceg\u0142a<\/title>\n<meta name=\"robots\" content=\"index, follow, max-snippet:-1, max-image-preview:large, max-video-preview:-1\" \/>\n<link rel=\"canonical\" href=\"https:\/\/dekoracyjnacegla.pl\/en\/produkt\/brick-melange\/\" \/>\n<meta property=\"og:locale\" content=\"en_US\" \/>\n<meta property=\"og:type\" content=\"article\" \/>\n<meta property=\"og:title\" content=\"Brick Melange - Dekoracyjna Ceg\u0142a\" \/>\n<meta property=\"og:description\" content=\"Melange brick is kept in the color scheme of dark red, often with lighter shadows. Some faces have interesting natural burns that give the species the unique character of real brick. Thanks to the high firing temperature, Melange brick is a species with high hardness, which allows unlimited possibilities of its use.  Dimensions: 250\/120\/65 mm Compressive strength class: 20 N\/mm2 Frost resistance: Full- 100 cycles Quantity per 1m2: 52 pcs. Quantity per pallet: 324 pcs Available as fa\u00e7ade tile: YES\" \/>\n<meta property=\"og:url\" content=\"https:\/\/dekoracyjnacegla.pl\/en\/produkt\/brick-melange\/\" \/>\n<meta property=\"og:site_name\" content=\"Dekoracyjna Ceg\u0142a\" \/>\n<meta property=\"article:modified_time\" content=\"2026-03-26T12:24:28+00:00\" \/>\n<meta property=\"og:image\" content=\"https:\/\/dekoracyjnacegla.pl\/wp-content\/uploads\/2024\/01\/cegla-melanz.png\" \/>\n\t<meta property=\"og:image:width\" content=\"800\" \/>\n\t<meta property=\"og:image:height\" content=\"600\" \/>\n\t<meta property=\"og:image:type\" content=\"image\/png\" \/>\n<meta name=\"twitter:card\" content=\"summary_large_image\" \/>\n<meta name=\"twitter:label1\" content=\"Est. reading time\" \/>\n\t<meta name=\"twitter:data1\" content=\"1 minute\" \/>\n<script type=\"application\/ld+json\" class=\"yoast-schema-graph\">{\"@context\":\"https:\\\/\\\/schema.org\",\"@graph\":[{\"@type\":\"WebPage\",\"@id\":\"https:\\\/\\\/dekoracyjnacegla.pl\\\/en\\\/produkt\\\/brick-melange\\\/\",\"url\":\"https:\\\/\\\/dekoracyjnacegla.pl\\\/en\\\/produkt\\\/brick-melange\\\/\",\"name\":\"Brick Melange - Dekoracyjna Ceg\u0142a\",\"isPartOf\":{\"@id\":\"https:\\\/\\\/dekoracyjnacegla.pl\\\/en\\\/#website\"},\"primaryImageOfPage\":{\"@id\":\"https:\\\/\\\/dekoracyjnacegla.pl\\\/en\\\/produkt\\\/brick-melange\\\/#primaryimage\"},\"image\":{\"@id\":\"https:\\\/\\\/dekoracyjnacegla.pl\\\/en\\\/produkt\\\/brick-melange\\\/#primaryimage\"},\"thumbnailUrl\":\"https:\\\/\\\/dekoracyjnacegla.pl\\\/wp-content\\\/uploads\\\/2024\\\/01\\\/cegla-melanz.png\",\"datePublished\":\"2024-01-15T10:00:37+00:00\",\"dateModified\":\"2026-03-26T12:24:28+00:00\",\"breadcrumb\":{\"@id\":\"https:\\\/\\\/dekoracyjnacegla.pl\\\/en\\\/produkt\\\/brick-melange\\\/#breadcrumb\"},\"inLanguage\":\"en-US\",\"potentialAction\":[{\"@type\":\"ReadAction\",\"target\":[\"https:\\\/\\\/dekoracyjnacegla.pl\\\/en\\\/produkt\\\/brick-melange\\\/\"]}]},{\"@type\":\"ImageObject\",\"inLanguage\":\"en-US\",\"@id\":\"https:\\\/\\\/dekoracyjnacegla.pl\\\/en\\\/produkt\\\/brick-melange\\\/#primaryimage\",\"url\":\"https:\\\/\\\/dekoracyjnacegla.pl\\\/wp-content\\\/uploads\\\/2024\\\/01\\\/cegla-melanz.png\",\"contentUrl\":\"https:\\\/\\\/dekoracyjnacegla.pl\\\/wp-content\\\/uploads\\\/2024\\\/01\\\/cegla-melanz.png\",\"width\":800,\"height\":600},{\"@type\":\"BreadcrumbList\",\"@id\":\"https:\\\/\\\/dekoracyjnacegla.pl\\\/en\\\/produkt\\\/brick-melange\\\/#breadcrumb\",\"itemListElement\":[{\"@type\":\"ListItem\",\"position\":1,\"name\":\"Strona g\u0142\u00f3wna\",\"item\":\"https:\\\/\\\/dekoracyjnacegla.pl\\\/en\\\/startup\\\/\"},{\"@type\":\"ListItem\",\"position\":2,\"name\":\"Sklep\",\"item\":\"https:\\\/\\\/dekoracyjnacegla.pl\\\/sklep\\\/\"},{\"@type\":\"ListItem\",\"position\":3,\"name\":\"Brick Melange\"}]},{\"@type\":\"WebSite\",\"@id\":\"https:\\\/\\\/dekoracyjnacegla.pl\\\/en\\\/#website\",\"url\":\"https:\\\/\\\/dekoracyjnacegla.pl\\\/en\\\/\",\"name\":\"Dekoracyjna Ceg\u0142a\",\"description\":\"P\u0142ytki z ceg\u0142y | Retro Ceg\u0142a\",\"publisher\":{\"@id\":\"https:\\\/\\\/dekoracyjnacegla.pl\\\/en\\\/#organization\"},\"potentialAction\":[{\"@type\":\"SearchAction\",\"target\":{\"@type\":\"EntryPoint\",\"urlTemplate\":\"https:\\\/\\\/dekoracyjnacegla.pl\\\/en\\\/?s={search_term_string}\"},\"query-input\":{\"@type\":\"PropertyValueSpecification\",\"valueRequired\":true,\"valueName\":\"search_term_string\"}}],\"inLanguage\":\"en-US\"},{\"@type\":\"Organization\",\"@id\":\"https:\\\/\\\/dekoracyjnacegla.pl\\\/en\\\/#organization\",\"name\":\"Dekoracyjna Ceg\u0142a\",\"url\":\"https:\\\/\\\/dekoracyjnacegla.pl\\\/en\\\/\",\"logo\":{\"@type\":\"ImageObject\",\"inLanguage\":\"en-US\",\"@id\":\"https:\\\/\\\/dekoracyjnacegla.pl\\\/en\\\/#\\\/schema\\\/logo\\\/image\\\/\",\"url\":\"https:\\\/\\\/dekoracyjnacegla.pl\\\/wp-content\\\/uploads\\\/2023\\\/10\\\/logo.png\",\"contentUrl\":\"https:\\\/\\\/dekoracyjnacegla.pl\\\/wp-content\\\/uploads\\\/2023\\\/10\\\/logo.png\",\"width\":1199,\"height\":193,\"caption\":\"Dekoracyjna Ceg\u0142a\"},\"image\":{\"@id\":\"https:\\\/\\\/dekoracyjnacegla.pl\\\/en\\\/#\\\/schema\\\/logo\\\/image\\\/\"}}]}<\/script>\n<!-- \/ Yoast SEO plugin. -->","yoast_head_json":{"title":"Brick Melange - Dekoracyjna Ceg\u0142a","robots":{"index":"index","follow":"follow","max-snippet":"max-snippet:-1","max-image-preview":"max-image-preview:large","max-video-preview":"max-video-preview:-1"},"canonical":"https:\/\/dekoracyjnacegla.pl\/en\/produkt\/brick-melange\/","og_locale":"en_US","og_type":"article","og_title":"Brick Melange - Dekoracyjna Ceg\u0142a","og_description":"Melange brick is kept in the color scheme of dark red, often with lighter shadows. Some faces have interesting natural burns that give the species the unique character of real brick. Thanks to the high firing temperature, Melange brick is a species with high hardness, which allows unlimited possibilities of its use.  Dimensions: 250\/120\/65 mm Compressive strength class: 20 N\/mm2 Frost resistance: Full- 100 cycles Quantity per 1m2: 52 pcs. Quantity per pallet: 324 pcs Available as fa\u00e7ade tile: YES","og_url":"https:\/\/dekoracyjnacegla.pl\/en\/produkt\/brick-melange\/","og_site_name":"Dekoracyjna Ceg\u0142a","article_modified_time":"2026-03-26T12:24:28+00:00","og_image":[{"width":800,"height":600,"url":"https:\/\/dekoracyjnacegla.pl\/wp-content\/uploads\/2024\/01\/cegla-melanz.png","type":"image\/png"}],"twitter_card":"summary_large_image","twitter_misc":{"Est. reading time":"1 minute"},"schema":{"@context":"https:\/\/schema.org","@graph":[{"@type":"WebPage","@id":"https:\/\/dekoracyjnacegla.pl\/en\/produkt\/brick-melange\/","url":"https:\/\/dekoracyjnacegla.pl\/en\/produkt\/brick-melange\/","name":"Brick Melange - Dekoracyjna Ceg\u0142a","isPartOf":{"@id":"https:\/\/dekoracyjnacegla.pl\/en\/#website"},"primaryImageOfPage":{"@id":"https:\/\/dekoracyjnacegla.pl\/en\/produkt\/brick-melange\/#primaryimage"},"image":{"@id":"https:\/\/dekoracyjnacegla.pl\/en\/produkt\/brick-melange\/#primaryimage"},"thumbnailUrl":"https:\/\/dekoracyjnacegla.pl\/wp-content\/uploads\/2024\/01\/cegla-melanz.png","datePublished":"2024-01-15T10:00:37+00:00","dateModified":"2026-03-26T12:24:28+00:00","breadcrumb":{"@id":"https:\/\/dekoracyjnacegla.pl\/en\/produkt\/brick-melange\/#breadcrumb"},"inLanguage":"en-US","potentialAction":[{"@type":"ReadAction","target":["https:\/\/dekoracyjnacegla.pl\/en\/produkt\/brick-melange\/"]}]},{"@type":"ImageObject","inLanguage":"en-US","@id":"https:\/\/dekoracyjnacegla.pl\/en\/produkt\/brick-melange\/#primaryimage","url":"https:\/\/dekoracyjnacegla.pl\/wp-content\/uploads\/2024\/01\/cegla-melanz.png","contentUrl":"https:\/\/dekoracyjnacegla.pl\/wp-content\/uploads\/2024\/01\/cegla-melanz.png","width":800,"height":600},{"@type":"BreadcrumbList","@id":"https:\/\/dekoracyjnacegla.pl\/en\/produkt\/brick-melange\/#breadcrumb","itemListElement":[{"@type":"ListItem","position":1,"name":"Strona g\u0142\u00f3wna","item":"https:\/\/dekoracyjnacegla.pl\/en\/startup\/"},{"@type":"ListItem","position":2,"name":"Sklep","item":"https:\/\/dekoracyjnacegla.pl\/sklep\/"},{"@type":"ListItem","position":3,"name":"Brick Melange"}]},{"@type":"WebSite","@id":"https:\/\/dekoracyjnacegla.pl\/en\/#website","url":"https:\/\/dekoracyjnacegla.pl\/en\/","name":"Dekoracyjna Ceg\u0142a","description":"P\u0142ytki z ceg\u0142y | Retro Ceg\u0142a","publisher":{"@id":"https:\/\/dekoracyjnacegla.pl\/en\/#organization"},"potentialAction":[{"@type":"SearchAction","target":{"@type":"EntryPoint","urlTemplate":"https:\/\/dekoracyjnacegla.pl\/en\/?s={search_term_string}"},"query-input":{"@type":"PropertyValueSpecification","valueRequired":true,"valueName":"search_term_string"}}],"inLanguage":"en-US"},{"@type":"Organization","@id":"https:\/\/dekoracyjnacegla.pl\/en\/#organization","name":"Dekoracyjna Ceg\u0142a","url":"https:\/\/dekoracyjnacegla.pl\/en\/","logo":{"@type":"ImageObject","inLanguage":"en-US","@id":"https:\/\/dekoracyjnacegla.pl\/en\/#\/schema\/logo\/image\/","url":"https:\/\/dekoracyjnacegla.pl\/wp-content\/uploads\/2023\/10\/logo.png","contentUrl":"https:\/\/dekoracyjnacegla.pl\/wp-content\/uploads\/2023\/10\/logo.png","width":1199,"height":193,"caption":"Dekoracyjna Ceg\u0142a"},"image":{"@id":"https:\/\/dekoracyjnacegla.pl\/en\/#\/schema\/logo\/image\/"}}]}},"_links":{"self":[{"href":"https:\/\/dekoracyjnacegla.pl\/en\/wp-json\/wp\/v2\/product\/22017","targetHints":{"allow":["GET"]}}],"collection":[{"href":"https:\/\/dekoracyjnacegla.pl\/en\/wp-json\/wp\/v2\/product"}],"about":[{"href":"https:\/\/dekoracyjnacegla.pl\/en\/wp-json\/wp\/v2\/types\/product"}],"wp:featuredmedia":[{"embeddable":true,"href":"https:\/\/dekoracyjnacegla.pl\/en\/wp-json\/wp\/v2\/media\/22021"}],"wp:attachment":[{"href":"https:\/\/dekoracyjnacegla.pl\/en\/wp-json\/wp\/v2\/media?parent=22017"}],"wp:term":[{"taxonomy":"product_brand","embeddable":true,"href":"https:\/\/dekoracyjnacegla.pl\/en\/wp-json\/wp\/v2\/product_brand?post=22017"},{"taxonomy":"product_cat","embeddable":true,"href":"https:\/\/dekoracyjnacegla.pl\/en\/wp-json\/wp\/v2\/product_cat?post=22017"},{"taxonomy":"product_tag","embeddable":true,"href":"https:\/\/dekoracyjnacegla.pl\/en\/wp-json\/wp\/v2\/product_tag?post=22017"}],"curies":[{"name":"wp","href":"https:\/\/api.w.org\/{rel}","templated":true}]}}