{"id":22099,"date":"2025-06-05T21:13:11","date_gmt":"2025-06-05T21:13:11","guid":{"rendered":"https:\/\/dekoracyjnacegla.pl\/produkt\/b-03-concrete-b-25\/"},"modified":"2025-06-05T21:13:11","modified_gmt":"2025-06-05T21:13:11","slug":"b-03-concrete-b-25","status":"publish","type":"product","link":"https:\/\/dekoracyjnacegla.pl\/en\/produkt\/b-03-concrete-b-25\/","title":{"rendered":"B 03 Concrete B 25"},"content":{"rendered":"<ul>\n<li>dry, ready-mixed concrete mortar<\/li>\n<li>high compressive strength<\/li>\n<li>perfectly matched aggregate<\/li>\n<li>consumption: about 2.0 kg\/dm3 of space to be filled <\/li>\n<li>Packaging in kg 25<\/li>\n<li>Quantity per pallet 48<\/li>\n<\/ul>\n","protected":false},"excerpt":{"rendered":"<p>B 03 Concrete B 25<\/p>\n","protected":false},"featured_media":22101,"template":"","meta":[],"product_brand":[],"product_cat":[68],"product_tag":[],"class_list":{"0":"post-22099","1":"product","2":"type-product","3":"status-publish","4":"has-post-thumbnail","6":"product_cat-cegla-recznie-formowana","8":"first","9":"onbackorder","10":"shipping-taxable","11":"purchasable","12":"product-type-simple"},"yoast_head":"<!-- This site is optimized with the Yoast SEO plugin v27.3 - https:\/\/yoast.com\/product\/yoast-seo-wordpress\/ -->\n<title>B 03 Concrete B 25 - Dekoracyjna Ceg\u0142a<\/title>\n<meta name=\"robots\" content=\"index, follow, max-snippet:-1, max-image-preview:large, max-video-preview:-1\" \/>\n<link rel=\"canonical\" href=\"https:\/\/dekoracyjnacegla.pl\/en\/produkt\/b-03-concrete-b-25\/\" \/>\n<meta property=\"og:locale\" content=\"en_US\" \/>\n<meta property=\"og:type\" content=\"article\" \/>\n<meta property=\"og:title\" content=\"B 03 Concrete B 25 - Dekoracyjna Ceg\u0142a\" \/>\n<meta property=\"og:description\" content=\"B 03 Concrete B 25\" \/>\n<meta property=\"og:url\" content=\"https:\/\/dekoracyjnacegla.pl\/en\/produkt\/b-03-concrete-b-25\/\" \/>\n<meta property=\"og:site_name\" content=\"Dekoracyjna Ceg\u0142a\" \/>\n<meta property=\"og:image\" content=\"https:\/\/dekoracyjnacegla.pl\/wp-content\/uploads\/2025\/06\/QUICK-MIX_B-03.webp\" \/>\n\t<meta property=\"og:image:width\" content=\"441\" \/>\n\t<meta property=\"og:image:height\" content=\"567\" \/>\n\t<meta property=\"og:image:type\" content=\"image\/webp\" \/>\n<meta name=\"twitter:card\" content=\"summary_large_image\" \/>\n<script type=\"application\/ld+json\" class=\"yoast-schema-graph\">{\"@context\":\"https:\\\/\\\/schema.org\",\"@graph\":[{\"@type\":\"WebPage\",\"@id\":\"https:\\\/\\\/dekoracyjnacegla.pl\\\/en\\\/produkt\\\/b-03-concrete-b-25\\\/\",\"url\":\"https:\\\/\\\/dekoracyjnacegla.pl\\\/en\\\/produkt\\\/b-03-concrete-b-25\\\/\",\"name\":\"B 03 Concrete B 25 - Dekoracyjna Ceg\u0142a\",\"isPartOf\":{\"@id\":\"https:\\\/\\\/dekoracyjnacegla.pl\\\/en\\\/#website\"},\"primaryImageOfPage\":{\"@id\":\"https:\\\/\\\/dekoracyjnacegla.pl\\\/en\\\/produkt\\\/b-03-concrete-b-25\\\/#primaryimage\"},\"image\":{\"@id\":\"https:\\\/\\\/dekoracyjnacegla.pl\\\/en\\\/produkt\\\/b-03-concrete-b-25\\\/#primaryimage\"},\"thumbnailUrl\":\"https:\\\/\\\/dekoracyjnacegla.pl\\\/wp-content\\\/uploads\\\/2025\\\/06\\\/QUICK-MIX_B-03.webp\",\"datePublished\":\"2025-06-05T21:13:11+00:00\",\"breadcrumb\":{\"@id\":\"https:\\\/\\\/dekoracyjnacegla.pl\\\/en\\\/produkt\\\/b-03-concrete-b-25\\\/#breadcrumb\"},\"inLanguage\":\"en-US\",\"potentialAction\":[{\"@type\":\"ReadAction\",\"target\":[\"https:\\\/\\\/dekoracyjnacegla.pl\\\/en\\\/produkt\\\/b-03-concrete-b-25\\\/\"]}]},{\"@type\":\"ImageObject\",\"inLanguage\":\"en-US\",\"@id\":\"https:\\\/\\\/dekoracyjnacegla.pl\\\/en\\\/produkt\\\/b-03-concrete-b-25\\\/#primaryimage\",\"url\":\"https:\\\/\\\/dekoracyjnacegla.pl\\\/wp-content\\\/uploads\\\/2025\\\/06\\\/QUICK-MIX_B-03.webp\",\"contentUrl\":\"https:\\\/\\\/dekoracyjnacegla.pl\\\/wp-content\\\/uploads\\\/2025\\\/06\\\/QUICK-MIX_B-03.webp\",\"width\":441,\"height\":567},{\"@type\":\"BreadcrumbList\",\"@id\":\"https:\\\/\\\/dekoracyjnacegla.pl\\\/en\\\/produkt\\\/b-03-concrete-b-25\\\/#breadcrumb\",\"itemListElement\":[{\"@type\":\"ListItem\",\"position\":1,\"name\":\"Strona g\u0142\u00f3wna\",\"item\":\"https:\\\/\\\/dekoracyjnacegla.pl\\\/en\\\/startup\\\/\"},{\"@type\":\"ListItem\",\"position\":2,\"name\":\"Sklep\",\"item\":\"https:\\\/\\\/dekoracyjnacegla.pl\\\/sklep\\\/\"},{\"@type\":\"ListItem\",\"position\":3,\"name\":\"B 03 Concrete B 25\"}]},{\"@type\":\"WebSite\",\"@id\":\"https:\\\/\\\/dekoracyjnacegla.pl\\\/en\\\/#website\",\"url\":\"https:\\\/\\\/dekoracyjnacegla.pl\\\/en\\\/\",\"name\":\"Dekoracyjna Ceg\u0142a\",\"description\":\"P\u0142ytki z ceg\u0142y | Retro Ceg\u0142a\",\"publisher\":{\"@id\":\"https:\\\/\\\/dekoracyjnacegla.pl\\\/en\\\/#organization\"},\"potentialAction\":[{\"@type\":\"SearchAction\",\"target\":{\"@type\":\"EntryPoint\",\"urlTemplate\":\"https:\\\/\\\/dekoracyjnacegla.pl\\\/en\\\/?s={search_term_string}\"},\"query-input\":{\"@type\":\"PropertyValueSpecification\",\"valueRequired\":true,\"valueName\":\"search_term_string\"}}],\"inLanguage\":\"en-US\"},{\"@type\":\"Organization\",\"@id\":\"https:\\\/\\\/dekoracyjnacegla.pl\\\/en\\\/#organization\",\"name\":\"Dekoracyjna Ceg\u0142a\",\"url\":\"https:\\\/\\\/dekoracyjnacegla.pl\\\/en\\\/\",\"logo\":{\"@type\":\"ImageObject\",\"inLanguage\":\"en-US\",\"@id\":\"https:\\\/\\\/dekoracyjnacegla.pl\\\/en\\\/#\\\/schema\\\/logo\\\/image\\\/\",\"url\":\"https:\\\/\\\/dekoracyjnacegla.pl\\\/wp-content\\\/uploads\\\/2023\\\/10\\\/logo.png\",\"contentUrl\":\"https:\\\/\\\/dekoracyjnacegla.pl\\\/wp-content\\\/uploads\\\/2023\\\/10\\\/logo.png\",\"width\":1199,\"height\":193,\"caption\":\"Dekoracyjna Ceg\u0142a\"},\"image\":{\"@id\":\"https:\\\/\\\/dekoracyjnacegla.pl\\\/en\\\/#\\\/schema\\\/logo\\\/image\\\/\"}}]}<\/script>\n<!-- \/ Yoast SEO plugin. -->","yoast_head_json":{"title":"B 03 Concrete B 25 - Dekoracyjna Ceg\u0142a","robots":{"index":"index","follow":"follow","max-snippet":"max-snippet:-1","max-image-preview":"max-image-preview:large","max-video-preview":"max-video-preview:-1"},"canonical":"https:\/\/dekoracyjnacegla.pl\/en\/produkt\/b-03-concrete-b-25\/","og_locale":"en_US","og_type":"article","og_title":"B 03 Concrete B 25 - Dekoracyjna Ceg\u0142a","og_description":"B 03 Concrete B 25","og_url":"https:\/\/dekoracyjnacegla.pl\/en\/produkt\/b-03-concrete-b-25\/","og_site_name":"Dekoracyjna Ceg\u0142a","og_image":[{"width":441,"height":567,"url":"https:\/\/dekoracyjnacegla.pl\/wp-content\/uploads\/2025\/06\/QUICK-MIX_B-03.webp","type":"image\/webp"}],"twitter_card":"summary_large_image","schema":{"@context":"https:\/\/schema.org","@graph":[{"@type":"WebPage","@id":"https:\/\/dekoracyjnacegla.pl\/en\/produkt\/b-03-concrete-b-25\/","url":"https:\/\/dekoracyjnacegla.pl\/en\/produkt\/b-03-concrete-b-25\/","name":"B 03 Concrete B 25 - Dekoracyjna Ceg\u0142a","isPartOf":{"@id":"https:\/\/dekoracyjnacegla.pl\/en\/#website"},"primaryImageOfPage":{"@id":"https:\/\/dekoracyjnacegla.pl\/en\/produkt\/b-03-concrete-b-25\/#primaryimage"},"image":{"@id":"https:\/\/dekoracyjnacegla.pl\/en\/produkt\/b-03-concrete-b-25\/#primaryimage"},"thumbnailUrl":"https:\/\/dekoracyjnacegla.pl\/wp-content\/uploads\/2025\/06\/QUICK-MIX_B-03.webp","datePublished":"2025-06-05T21:13:11+00:00","breadcrumb":{"@id":"https:\/\/dekoracyjnacegla.pl\/en\/produkt\/b-03-concrete-b-25\/#breadcrumb"},"inLanguage":"en-US","potentialAction":[{"@type":"ReadAction","target":["https:\/\/dekoracyjnacegla.pl\/en\/produkt\/b-03-concrete-b-25\/"]}]},{"@type":"ImageObject","inLanguage":"en-US","@id":"https:\/\/dekoracyjnacegla.pl\/en\/produkt\/b-03-concrete-b-25\/#primaryimage","url":"https:\/\/dekoracyjnacegla.pl\/wp-content\/uploads\/2025\/06\/QUICK-MIX_B-03.webp","contentUrl":"https:\/\/dekoracyjnacegla.pl\/wp-content\/uploads\/2025\/06\/QUICK-MIX_B-03.webp","width":441,"height":567},{"@type":"BreadcrumbList","@id":"https:\/\/dekoracyjnacegla.pl\/en\/produkt\/b-03-concrete-b-25\/#breadcrumb","itemListElement":[{"@type":"ListItem","position":1,"name":"Strona g\u0142\u00f3wna","item":"https:\/\/dekoracyjnacegla.pl\/en\/startup\/"},{"@type":"ListItem","position":2,"name":"Sklep","item":"https:\/\/dekoracyjnacegla.pl\/sklep\/"},{"@type":"ListItem","position":3,"name":"B 03 Concrete B 25"}]},{"@type":"WebSite","@id":"https:\/\/dekoracyjnacegla.pl\/en\/#website","url":"https:\/\/dekoracyjnacegla.pl\/en\/","name":"Dekoracyjna Ceg\u0142a","description":"P\u0142ytki z ceg\u0142y | Retro Ceg\u0142a","publisher":{"@id":"https:\/\/dekoracyjnacegla.pl\/en\/#organization"},"potentialAction":[{"@type":"SearchAction","target":{"@type":"EntryPoint","urlTemplate":"https:\/\/dekoracyjnacegla.pl\/en\/?s={search_term_string}"},"query-input":{"@type":"PropertyValueSpecification","valueRequired":true,"valueName":"search_term_string"}}],"inLanguage":"en-US"},{"@type":"Organization","@id":"https:\/\/dekoracyjnacegla.pl\/en\/#organization","name":"Dekoracyjna Ceg\u0142a","url":"https:\/\/dekoracyjnacegla.pl\/en\/","logo":{"@type":"ImageObject","inLanguage":"en-US","@id":"https:\/\/dekoracyjnacegla.pl\/en\/#\/schema\/logo\/image\/","url":"https:\/\/dekoracyjnacegla.pl\/wp-content\/uploads\/2023\/10\/logo.png","contentUrl":"https:\/\/dekoracyjnacegla.pl\/wp-content\/uploads\/2023\/10\/logo.png","width":1199,"height":193,"caption":"Dekoracyjna Ceg\u0142a"},"image":{"@id":"https:\/\/dekoracyjnacegla.pl\/en\/#\/schema\/logo\/image\/"}}]}},"_links":{"self":[{"href":"https:\/\/dekoracyjnacegla.pl\/en\/wp-json\/wp\/v2\/product\/22099","targetHints":{"allow":["GET"]}}],"collection":[{"href":"https:\/\/dekoracyjnacegla.pl\/en\/wp-json\/wp\/v2\/product"}],"about":[{"href":"https:\/\/dekoracyjnacegla.pl\/en\/wp-json\/wp\/v2\/types\/product"}],"wp:featuredmedia":[{"embeddable":true,"href":"https:\/\/dekoracyjnacegla.pl\/en\/wp-json\/wp\/v2\/media\/22101"}],"wp:attachment":[{"href":"https:\/\/dekoracyjnacegla.pl\/en\/wp-json\/wp\/v2\/media?parent=22099"}],"wp:term":[{"taxonomy":"product_brand","embeddable":true,"href":"https:\/\/dekoracyjnacegla.pl\/en\/wp-json\/wp\/v2\/product_brand?post=22099"},{"taxonomy":"product_cat","embeddable":true,"href":"https:\/\/dekoracyjnacegla.pl\/en\/wp-json\/wp\/v2\/product_cat?post=22099"},{"taxonomy":"product_tag","embeddable":true,"href":"https:\/\/dekoracyjnacegla.pl\/en\/wp-json\/wp\/v2\/product_tag?post=22099"}],"curies":[{"name":"wp","href":"https:\/\/api.w.org\/{rel}","templated":true}]}}