{"id":22129,"date":"2025-06-24T09:18:41","date_gmt":"2025-06-24T09:18:41","guid":{"rendered":"https:\/\/dekoracyjnacegla.pl\/produkt\/brick-canopy-for-wall-38-x-7-cm\/"},"modified":"2025-06-24T09:18:41","modified_gmt":"2025-06-24T09:18:41","slug":"brick-canopy-for-wall-38-x-7-cm","status":"publish","type":"product","link":"https:\/\/dekoracyjnacegla.pl\/en\/produkt\/brick-canopy-for-wall-38-x-7-cm\/","title":{"rendered":"Brick canopy for wall 38 x 7 cm"},"content":{"rendered":"<div class=\"uk-panel-box\">\n<div class=\"uk-grid\">\n<div class=\"uk-width-medium-1-3\">Availability:<\/div>\n<div class=\"uk-width-medium-2-3\"><span class=\"dos2\"><strong>On request<\/strong><\/span><\/div>\n<\/div>\n<\/div>\n<div class=\"uk-panel-box\">\n<div class=\"uk-grid \">\n<div><\/div>\n<\/div>\n<\/div>\n<div class=\"uk-panel-box\">\n<div class=\"uk-grid \">\n<div class=\"uk-width-medium-1-3\">Size:<\/div>\n<div class=\"uk-width-medium-2-3\">38 x 7 cm<\/div>\n<div><\/div>\n<\/div>\n<\/div>\n<div class=\"uk-panel-box\">\n<div class=\"uk-grid break-a\">\n<div class=\"uk-width-medium-1-3\">Lico:<\/div>\n<div class=\"uk-width-medium-2-3 link-fixer\">Traditional &#8211; even uniform face. In the batch possible small number of shapes with pitting, cracks and bruises. <\/div>\n<div><\/div>\n<\/div>\n<\/div>\n<div class=\"uk-panel-box\">\n<div class=\"uk-grid break-a\">\n<div class=\"uk-width-medium-1-3\">Color:<\/div>\n<div class=\"uk-width-medium-2-3 link-fixer\">Shades of red. Small amounts of orange and cherry shades possible in the batch. <\/div>\n<div><\/div>\n<\/div>\n<\/div>\n<div class=\"uk-panel-box\">\n<div class=\"uk-grid break-a\">\n<div class=\"uk-width-medium-1-3\">Soakability:<\/div>\n<div class=\"uk-width-medium-2-3 link-fixer\">16-18%<\/div>\n<div><\/div>\n<\/div>\n<\/div>\n<div class=\"uk-panel-box\">\n<div class=\"uk-grid break-a\">\n<div class=\"uk-width-medium-1-3\">Compressive strength:<\/div>\n<div class=\"uk-width-medium-2-3 link-fixer\">Class &#8220;10&#8221;-&#8220;15&#8221;<\/div>\n<div><\/div>\n<\/div>\n<\/div>\n<div class=\"uk-panel-box\">\n<div class=\"uk-grid break-a\">\n<div class=\"uk-width-medium-1-3\">Number of pieces per pallet:<\/div>\n<div class=\"uk-width-medium-2-3 link-fixer\">Determined individually<\/div>\n<div><\/div>\n<\/div>\n<\/div>\n<div class=\"uk-panel-box\">\n<div class=\"uk-grid break-a\">\n<div class=\"uk-width-medium-1-3\">Pallet weight:<\/div>\n<div class=\"uk-width-medium-2-3 link-fixer\">Up to 1200kg<\/div>\n<\/div>\n<\/div>\n<div class=\"uk-panel-box\">\n<div class=\"uk-grid break-a\">\n<div class=\"uk-width-medium-2-3 link-fixer\"><\/div>\n<\/div>\n<\/div>\n<div class=\"uk-panel-box\">\n<div class=\"uk-grid break-a\">\n<div class=\"uk-width-medium-1-3\">Additional information:<\/div>\n<div class=\"uk-width-medium-2-3 link-fixer\">Fence shape, brick, ceramic.<\/div>\n<\/div>\n<div><\/div>\n<\/div>\n<div>For each type of bricks offered, we provide appropriate mounting consoles, tailored to the individual needs of the investment. In addition, all year round, we make shapes from demolition bricks, guaranteeing a short lead time &#8211; normally within 2-3 weeks. <\/div>\n","protected":false},"excerpt":{"rendered":"<div class=\"uk-width-medium-1-3\">Availability:<\/div>\n<div class=\"uk-width-medium-2-3\"><span class=\"dos2\"><strong>On request<\/strong><\/span><\/div>\n<div><\/div>\n<div>\n<div class=\"uk-width-medium-1-3\">Purpose:<\/div>\n<div class=\"uk-width-medium-2-3 link-fixer\">Brick fence finishes. Cap for brick fence walls.<br \/>\nNot sure if this product is right for you? Contact us and our salesmen will help you choose  <\/div>\n<\/div>\n","protected":false},"featured_media":22132,"template":"","meta":[],"product_brand":[],"product_cat":[68],"product_tag":[],"class_list":{"0":"post-22129","1":"product","2":"type-product","3":"status-publish","4":"has-post-thumbnail","6":"product_cat-cegla-recznie-formowana","8":"first","9":"onbackorder","10":"shipping-taxable","11":"purchasable","12":"product-type-simple"},"yoast_head":"<!-- This site is optimized with the Yoast SEO plugin v27.4 - https:\/\/yoast.com\/product\/yoast-seo-wordpress\/ -->\n<title>Brick canopy for wall 38 x 7 cm - Dekoracyjna Ceg\u0142a<\/title>\n<meta name=\"robots\" content=\"index, follow, max-snippet:-1, max-image-preview:large, max-video-preview:-1\" \/>\n<link rel=\"canonical\" href=\"https:\/\/dekoracyjnacegla.pl\/en\/produkt\/brick-canopy-for-wall-38-x-7-cm\/\" \/>\n<meta property=\"og:locale\" content=\"en_US\" \/>\n<meta property=\"og:type\" content=\"article\" \/>\n<meta property=\"og:title\" content=\"Brick canopy for wall 38 x 7 cm - Dekoracyjna Ceg\u0142a\" \/>\n<meta property=\"og:description\" content=\"Availability: On request  Purpose: Brick fence finishes. Cap for brick fence walls. Not sure if this product is right for you? Contact us and our salesmen will help you choose\" \/>\n<meta property=\"og:url\" content=\"https:\/\/dekoracyjnacegla.pl\/en\/produkt\/brick-canopy-for-wall-38-x-7-cm\/\" \/>\n<meta property=\"og:site_name\" content=\"Dekoracyjna Ceg\u0142a\" \/>\n<meta property=\"og:image\" content=\"https:\/\/dekoracyjnacegla.pl\/wp-content\/uploads\/2025\/06\/Daszek-ceglany-na-murek-maly-rozmiar-38x7-cm-zamowienie.jpg\" \/>\n\t<meta property=\"og:image:width\" content=\"1920\" \/>\n\t<meta property=\"og:image:height\" content=\"1280\" \/>\n\t<meta property=\"og:image:type\" content=\"image\/jpeg\" \/>\n<meta name=\"twitter:card\" content=\"summary_large_image\" \/>\n<meta name=\"twitter:label1\" content=\"Est. reading time\" \/>\n\t<meta name=\"twitter:data1\" content=\"1 minute\" \/>\n<script type=\"application\/ld+json\" class=\"yoast-schema-graph\">{\"@context\":\"https:\\\/\\\/schema.org\",\"@graph\":[{\"@type\":\"WebPage\",\"@id\":\"https:\\\/\\\/dekoracyjnacegla.pl\\\/en\\\/produkt\\\/brick-canopy-for-wall-38-x-7-cm\\\/\",\"url\":\"https:\\\/\\\/dekoracyjnacegla.pl\\\/en\\\/produkt\\\/brick-canopy-for-wall-38-x-7-cm\\\/\",\"name\":\"Brick canopy for wall 38 x 7 cm - Dekoracyjna Ceg\u0142a\",\"isPartOf\":{\"@id\":\"https:\\\/\\\/dekoracyjnacegla.pl\\\/en\\\/#website\"},\"primaryImageOfPage\":{\"@id\":\"https:\\\/\\\/dekoracyjnacegla.pl\\\/en\\\/produkt\\\/brick-canopy-for-wall-38-x-7-cm\\\/#primaryimage\"},\"image\":{\"@id\":\"https:\\\/\\\/dekoracyjnacegla.pl\\\/en\\\/produkt\\\/brick-canopy-for-wall-38-x-7-cm\\\/#primaryimage\"},\"thumbnailUrl\":\"https:\\\/\\\/dekoracyjnacegla.pl\\\/wp-content\\\/uploads\\\/2025\\\/06\\\/Daszek-ceglany-na-murek-maly-rozmiar-38x7-cm-zamowienie.jpg\",\"datePublished\":\"2025-06-24T09:18:41+00:00\",\"breadcrumb\":{\"@id\":\"https:\\\/\\\/dekoracyjnacegla.pl\\\/en\\\/produkt\\\/brick-canopy-for-wall-38-x-7-cm\\\/#breadcrumb\"},\"inLanguage\":\"en-US\",\"potentialAction\":[{\"@type\":\"ReadAction\",\"target\":[\"https:\\\/\\\/dekoracyjnacegla.pl\\\/en\\\/produkt\\\/brick-canopy-for-wall-38-x-7-cm\\\/\"]}]},{\"@type\":\"ImageObject\",\"inLanguage\":\"en-US\",\"@id\":\"https:\\\/\\\/dekoracyjnacegla.pl\\\/en\\\/produkt\\\/brick-canopy-for-wall-38-x-7-cm\\\/#primaryimage\",\"url\":\"https:\\\/\\\/dekoracyjnacegla.pl\\\/wp-content\\\/uploads\\\/2025\\\/06\\\/Daszek-ceglany-na-murek-maly-rozmiar-38x7-cm-zamowienie.jpg\",\"contentUrl\":\"https:\\\/\\\/dekoracyjnacegla.pl\\\/wp-content\\\/uploads\\\/2025\\\/06\\\/Daszek-ceglany-na-murek-maly-rozmiar-38x7-cm-zamowienie.jpg\",\"width\":1920,\"height\":1280},{\"@type\":\"BreadcrumbList\",\"@id\":\"https:\\\/\\\/dekoracyjnacegla.pl\\\/en\\\/produkt\\\/brick-canopy-for-wall-38-x-7-cm\\\/#breadcrumb\",\"itemListElement\":[{\"@type\":\"ListItem\",\"position\":1,\"name\":\"Strona g\u0142\u00f3wna\",\"item\":\"https:\\\/\\\/dekoracyjnacegla.pl\\\/en\\\/startup\\\/\"},{\"@type\":\"ListItem\",\"position\":2,\"name\":\"Sklep\",\"item\":\"https:\\\/\\\/dekoracyjnacegla.pl\\\/sklep\\\/\"},{\"@type\":\"ListItem\",\"position\":3,\"name\":\"Brick canopy for wall 38 x 7 cm\"}]},{\"@type\":\"WebSite\",\"@id\":\"https:\\\/\\\/dekoracyjnacegla.pl\\\/en\\\/#website\",\"url\":\"https:\\\/\\\/dekoracyjnacegla.pl\\\/en\\\/\",\"name\":\"Dekoracyjna Ceg\u0142a\",\"description\":\"P\u0142ytki z ceg\u0142y | Retro Ceg\u0142a\",\"publisher\":{\"@id\":\"https:\\\/\\\/dekoracyjnacegla.pl\\\/en\\\/#organization\"},\"potentialAction\":[{\"@type\":\"SearchAction\",\"target\":{\"@type\":\"EntryPoint\",\"urlTemplate\":\"https:\\\/\\\/dekoracyjnacegla.pl\\\/en\\\/?s={search_term_string}\"},\"query-input\":{\"@type\":\"PropertyValueSpecification\",\"valueRequired\":true,\"valueName\":\"search_term_string\"}}],\"inLanguage\":\"en-US\"},{\"@type\":\"Organization\",\"@id\":\"https:\\\/\\\/dekoracyjnacegla.pl\\\/en\\\/#organization\",\"name\":\"Dekoracyjna Ceg\u0142a\",\"url\":\"https:\\\/\\\/dekoracyjnacegla.pl\\\/en\\\/\",\"logo\":{\"@type\":\"ImageObject\",\"inLanguage\":\"en-US\",\"@id\":\"https:\\\/\\\/dekoracyjnacegla.pl\\\/en\\\/#\\\/schema\\\/logo\\\/image\\\/\",\"url\":\"https:\\\/\\\/dekoracyjnacegla.pl\\\/wp-content\\\/uploads\\\/2023\\\/10\\\/logo.png\",\"contentUrl\":\"https:\\\/\\\/dekoracyjnacegla.pl\\\/wp-content\\\/uploads\\\/2023\\\/10\\\/logo.png\",\"width\":1199,\"height\":193,\"caption\":\"Dekoracyjna Ceg\u0142a\"},\"image\":{\"@id\":\"https:\\\/\\\/dekoracyjnacegla.pl\\\/en\\\/#\\\/schema\\\/logo\\\/image\\\/\"}}]}<\/script>\n<!-- \/ Yoast SEO plugin. -->","yoast_head_json":{"title":"Brick canopy for wall 38 x 7 cm - Dekoracyjna Ceg\u0142a","robots":{"index":"index","follow":"follow","max-snippet":"max-snippet:-1","max-image-preview":"max-image-preview:large","max-video-preview":"max-video-preview:-1"},"canonical":"https:\/\/dekoracyjnacegla.pl\/en\/produkt\/brick-canopy-for-wall-38-x-7-cm\/","og_locale":"en_US","og_type":"article","og_title":"Brick canopy for wall 38 x 7 cm - Dekoracyjna Ceg\u0142a","og_description":"Availability: On request  Purpose: Brick fence finishes. Cap for brick fence walls. Not sure if this product is right for you? Contact us and our salesmen will help you choose","og_url":"https:\/\/dekoracyjnacegla.pl\/en\/produkt\/brick-canopy-for-wall-38-x-7-cm\/","og_site_name":"Dekoracyjna Ceg\u0142a","og_image":[{"width":1920,"height":1280,"url":"https:\/\/dekoracyjnacegla.pl\/wp-content\/uploads\/2025\/06\/Daszek-ceglany-na-murek-maly-rozmiar-38x7-cm-zamowienie.jpg","type":"image\/jpeg"}],"twitter_card":"summary_large_image","twitter_misc":{"Est. reading time":"1 minute"},"schema":{"@context":"https:\/\/schema.org","@graph":[{"@type":"WebPage","@id":"https:\/\/dekoracyjnacegla.pl\/en\/produkt\/brick-canopy-for-wall-38-x-7-cm\/","url":"https:\/\/dekoracyjnacegla.pl\/en\/produkt\/brick-canopy-for-wall-38-x-7-cm\/","name":"Brick canopy for wall 38 x 7 cm - Dekoracyjna Ceg\u0142a","isPartOf":{"@id":"https:\/\/dekoracyjnacegla.pl\/en\/#website"},"primaryImageOfPage":{"@id":"https:\/\/dekoracyjnacegla.pl\/en\/produkt\/brick-canopy-for-wall-38-x-7-cm\/#primaryimage"},"image":{"@id":"https:\/\/dekoracyjnacegla.pl\/en\/produkt\/brick-canopy-for-wall-38-x-7-cm\/#primaryimage"},"thumbnailUrl":"https:\/\/dekoracyjnacegla.pl\/wp-content\/uploads\/2025\/06\/Daszek-ceglany-na-murek-maly-rozmiar-38x7-cm-zamowienie.jpg","datePublished":"2025-06-24T09:18:41+00:00","breadcrumb":{"@id":"https:\/\/dekoracyjnacegla.pl\/en\/produkt\/brick-canopy-for-wall-38-x-7-cm\/#breadcrumb"},"inLanguage":"en-US","potentialAction":[{"@type":"ReadAction","target":["https:\/\/dekoracyjnacegla.pl\/en\/produkt\/brick-canopy-for-wall-38-x-7-cm\/"]}]},{"@type":"ImageObject","inLanguage":"en-US","@id":"https:\/\/dekoracyjnacegla.pl\/en\/produkt\/brick-canopy-for-wall-38-x-7-cm\/#primaryimage","url":"https:\/\/dekoracyjnacegla.pl\/wp-content\/uploads\/2025\/06\/Daszek-ceglany-na-murek-maly-rozmiar-38x7-cm-zamowienie.jpg","contentUrl":"https:\/\/dekoracyjnacegla.pl\/wp-content\/uploads\/2025\/06\/Daszek-ceglany-na-murek-maly-rozmiar-38x7-cm-zamowienie.jpg","width":1920,"height":1280},{"@type":"BreadcrumbList","@id":"https:\/\/dekoracyjnacegla.pl\/en\/produkt\/brick-canopy-for-wall-38-x-7-cm\/#breadcrumb","itemListElement":[{"@type":"ListItem","position":1,"name":"Strona g\u0142\u00f3wna","item":"https:\/\/dekoracyjnacegla.pl\/en\/startup\/"},{"@type":"ListItem","position":2,"name":"Sklep","item":"https:\/\/dekoracyjnacegla.pl\/sklep\/"},{"@type":"ListItem","position":3,"name":"Brick canopy for wall 38 x 7 cm"}]},{"@type":"WebSite","@id":"https:\/\/dekoracyjnacegla.pl\/en\/#website","url":"https:\/\/dekoracyjnacegla.pl\/en\/","name":"Dekoracyjna Ceg\u0142a","description":"P\u0142ytki z ceg\u0142y | Retro Ceg\u0142a","publisher":{"@id":"https:\/\/dekoracyjnacegla.pl\/en\/#organization"},"potentialAction":[{"@type":"SearchAction","target":{"@type":"EntryPoint","urlTemplate":"https:\/\/dekoracyjnacegla.pl\/en\/?s={search_term_string}"},"query-input":{"@type":"PropertyValueSpecification","valueRequired":true,"valueName":"search_term_string"}}],"inLanguage":"en-US"},{"@type":"Organization","@id":"https:\/\/dekoracyjnacegla.pl\/en\/#organization","name":"Dekoracyjna Ceg\u0142a","url":"https:\/\/dekoracyjnacegla.pl\/en\/","logo":{"@type":"ImageObject","inLanguage":"en-US","@id":"https:\/\/dekoracyjnacegla.pl\/en\/#\/schema\/logo\/image\/","url":"https:\/\/dekoracyjnacegla.pl\/wp-content\/uploads\/2023\/10\/logo.png","contentUrl":"https:\/\/dekoracyjnacegla.pl\/wp-content\/uploads\/2023\/10\/logo.png","width":1199,"height":193,"caption":"Dekoracyjna Ceg\u0142a"},"image":{"@id":"https:\/\/dekoracyjnacegla.pl\/en\/#\/schema\/logo\/image\/"}}]}},"_links":{"self":[{"href":"https:\/\/dekoracyjnacegla.pl\/en\/wp-json\/wp\/v2\/product\/22129","targetHints":{"allow":["GET"]}}],"collection":[{"href":"https:\/\/dekoracyjnacegla.pl\/en\/wp-json\/wp\/v2\/product"}],"about":[{"href":"https:\/\/dekoracyjnacegla.pl\/en\/wp-json\/wp\/v2\/types\/product"}],"wp:featuredmedia":[{"embeddable":true,"href":"https:\/\/dekoracyjnacegla.pl\/en\/wp-json\/wp\/v2\/media\/22132"}],"wp:attachment":[{"href":"https:\/\/dekoracyjnacegla.pl\/en\/wp-json\/wp\/v2\/media?parent=22129"}],"wp:term":[{"taxonomy":"product_brand","embeddable":true,"href":"https:\/\/dekoracyjnacegla.pl\/en\/wp-json\/wp\/v2\/product_brand?post=22129"},{"taxonomy":"product_cat","embeddable":true,"href":"https:\/\/dekoracyjnacegla.pl\/en\/wp-json\/wp\/v2\/product_cat?post=22129"},{"taxonomy":"product_tag","embeddable":true,"href":"https:\/\/dekoracyjnacegla.pl\/en\/wp-json\/wp\/v2\/product_tag?post=22129"}],"curies":[{"name":"wp","href":"https:\/\/api.w.org\/{rel}","templated":true}]}}