{"id":22265,"date":"2025-06-08T21:18:12","date_gmt":"2025-06-08T21:18:12","guid":{"rendered":"https:\/\/dekoracyjnacegla.pl\/produkt\/historic-brick-27-cm-red\/"},"modified":"2025-06-08T21:18:12","modified_gmt":"2025-06-08T21:18:12","slug":"historic-brick-27-cm-red","status":"publish","type":"product","link":"https:\/\/dekoracyjnacegla.pl\/en\/produkt\/historic-brick-27-cm-red\/","title":{"rendered":"Historic brick 27 cm red"},"content":{"rendered":"<div class=\"elementor-element elementor-element-4acc7916 elementor-widget elementor-widget-text-editor\" data-id=\"4acc7916\" data-element_type=\"widget\" data-widget_type=\"text-editor.default\">\n<div class=\"elementor-widget-container\">\n<div class=\"elementor-text-editor elementor-clearfix\">\n<p>Demolition brick in a unique size &#8211; perfect for use in interior decoration or as part of an exterior facade. The brick has a dimension of 27 cm. A house lined with such material guarantees an excellent end result.  <\/p>\n<p>Our brick has already won several awards at various events. Authenticity and uniqueness of bricks is a certainty for classy interiors, interiors whose task is to stand out. The originality of historic burnt brick affects the final appearance of the entire house or the specific interior in which we use it.  <\/p>\n<\/div>\n<\/div>\n<\/div>\n<div class=\"elementor-element elementor-element-301123a elementor-widget elementor-widget-divider\" data-id=\"301123a\" data-element_type=\"widget\" data-widget_type=\"divider.default\">\n<div class=\"elementor-widget-container\">\n<div class=\"elementor-divider\"><\/div>\n<\/div>\n<\/div>\n<div class=\"elementor-element elementor-element-256448af elementor-widget elementor-widget-heading\" data-id=\"256448af\" data-element_type=\"widget\" data-widget_type=\"heading.default\">\n<div class=\"elementor-widget-container\">\n<h2 class=\"elementor-heading-title elementor-size-default\">Retro bricks<\/h2>\n<\/div>\n<\/div>\n<div class=\"elementor-element elementor-element-0184ba8 elementor-widget elementor-widget-text-editor\" data-id=\"0184ba8\" data-element_type=\"widget\" data-widget_type=\"text-editor.default\">\n<div class=\"elementor-widget-container\">\n<div class=\"elementor-text-editor elementor-clearfix\">\n<p>Retro bricks owe their natural appearance to the hand stripping and processing process, which allows it to retain natural discolorations and mortar residues.<\/p>\n<\/div>\n<\/div>\n<\/div>\n<div class=\"elementor-element elementor-element-7896b92 elementor-widget elementor-widget-divider\" data-id=\"7896b92\" data-element_type=\"widget\" data-widget_type=\"divider.default\">\n<div class=\"elementor-widget-container\">\n<div class=\"elementor-divider\"><\/div>\n<\/div>\n<\/div>\n<div class=\"elementor-element elementor-element-1b9fdb1 elementor-widget elementor-widget-heading\" data-id=\"1b9fdb1\" data-element_type=\"widget\" data-widget_type=\"heading.default\">\n<div class=\"elementor-widget-container\">\n<h2 class=\"elementor-heading-title elementor-size-default\">Technical parameters of the 27 cm brick<\/h2>\n<\/div>\n<\/div>\n<div class=\"elementor-element elementor-element-2ff5355 elementor-widget elementor-widget-divider\" data-id=\"2ff5355\" data-element_type=\"widget\" data-widget_type=\"divider.default\">\n<div class=\"elementor-widget-container\">\n<div class=\"elementor-divider\"><\/div>\n<\/div>\n<\/div>\n<div class=\"elementor-element elementor-element-68f3e39 elementor-icon-list--layout-traditional elementor-widget elementor-widget-icon-list\" data-id=\"68f3e39\" data-element_type=\"widget\" data-widget_type=\"icon-list.default\">\n<div class=\"elementor-widget-container\">\n<ul class=\"elementor-icon-list-items\">\n<li class=\"elementor-icon-list-item\"><i class=\"fas fa-record-vinyl\" aria-hidden=\"true\"><\/i><span class=\"elementor-icon-list-text\">Dimensions: <span class=\"OYPEnA text-decoration-none text-strikethrough-none\">270 mm x 130 mm x 60 mm (+-5mm)<\/span><\/span><\/li>\n<li class=\"elementor-icon-list-item\"><i class=\"fas fa-record-vinyl\" aria-hidden=\"true\"><\/i><span class=\"elementor-icon-list-text\">Bricks are perfect for kitchens, bathrooms, bars, restaurants, living and dining rooms, RTV wall finishes, for covering the facade of virtually any building, as an artistic accent for buildings promoting culture, business or public buildings.<\/span><\/li>\n<li class=\"elementor-icon-list-item\"><i class=\"fas fa-record-vinyl\" aria-hidden=\"true\"><\/i><span class=\"elementor-icon-list-text\">The price is for 1pc, for 1 m2 there are 48 bricks taking into account 1 cm of grout.<\/span><\/li>\n<\/ul>\n<\/div>\n<\/div>\n","protected":false},"excerpt":{"rendered":"<p>Old bricks\/demolition bricks will give a unique atmosphere to your interiors.<\/p>\n<p><strong>Price is for 1pcs.<\/strong><\/p>\n<p>The pallet holds 270pcs of bricks.<\/p>\n","protected":false},"featured_media":22266,"template":"","meta":[],"product_brand":[],"product_cat":[68],"product_tag":[],"class_list":{"0":"post-22265","1":"product","2":"type-product","3":"status-publish","4":"has-post-thumbnail","6":"product_cat-cegla-recznie-formowana","8":"first","9":"instock","10":"shipping-taxable","11":"purchasable","12":"product-type-simple"},"yoast_head":"<!-- This site is optimized with the Yoast SEO plugin v27.4 - https:\/\/yoast.com\/product\/yoast-seo-wordpress\/ -->\n<title>Historic brick 27 cm red - Dekoracyjna Ceg\u0142a<\/title>\n<meta name=\"robots\" content=\"index, follow, max-snippet:-1, max-image-preview:large, max-video-preview:-1\" \/>\n<link rel=\"canonical\" href=\"https:\/\/dekoracyjnacegla.pl\/en\/produkt\/historic-brick-27-cm-red\/\" \/>\n<meta property=\"og:locale\" content=\"en_US\" \/>\n<meta property=\"og:type\" content=\"article\" \/>\n<meta property=\"og:title\" content=\"Historic brick 27 cm red - Dekoracyjna Ceg\u0142a\" \/>\n<meta property=\"og:description\" content=\"Old bricks\/demolition bricks will give a unique atmosphere to your interiors. Price is for 1pcs. The pallet holds 270pcs of bricks.\" \/>\n<meta property=\"og:url\" content=\"https:\/\/dekoracyjnacegla.pl\/en\/produkt\/historic-brick-27-cm-red\/\" \/>\n<meta property=\"og:site_name\" content=\"Dekoracyjna Ceg\u0142a\" \/>\n<meta property=\"og:image\" content=\"https:\/\/dekoracyjnacegla.pl\/wp-content\/uploads\/2025\/06\/image.webp\" \/>\n\t<meta property=\"og:image:width\" content=\"933\" \/>\n\t<meta property=\"og:image:height\" content=\"700\" \/>\n\t<meta property=\"og:image:type\" content=\"image\/webp\" \/>\n<meta name=\"twitter:card\" content=\"summary_large_image\" \/>\n<meta name=\"twitter:label1\" content=\"Est. reading time\" \/>\n\t<meta name=\"twitter:data1\" content=\"1 minute\" \/>\n<script type=\"application\/ld+json\" class=\"yoast-schema-graph\">{\"@context\":\"https:\\\/\\\/schema.org\",\"@graph\":[{\"@type\":\"WebPage\",\"@id\":\"https:\\\/\\\/dekoracyjnacegla.pl\\\/en\\\/produkt\\\/historic-brick-27-cm-red\\\/\",\"url\":\"https:\\\/\\\/dekoracyjnacegla.pl\\\/en\\\/produkt\\\/historic-brick-27-cm-red\\\/\",\"name\":\"Historic brick 27 cm red - Dekoracyjna Ceg\u0142a\",\"isPartOf\":{\"@id\":\"https:\\\/\\\/dekoracyjnacegla.pl\\\/en\\\/#website\"},\"primaryImageOfPage\":{\"@id\":\"https:\\\/\\\/dekoracyjnacegla.pl\\\/en\\\/produkt\\\/historic-brick-27-cm-red\\\/#primaryimage\"},\"image\":{\"@id\":\"https:\\\/\\\/dekoracyjnacegla.pl\\\/en\\\/produkt\\\/historic-brick-27-cm-red\\\/#primaryimage\"},\"thumbnailUrl\":\"https:\\\/\\\/dekoracyjnacegla.pl\\\/wp-content\\\/uploads\\\/2025\\\/06\\\/image.webp\",\"datePublished\":\"2025-06-08T21:18:12+00:00\",\"breadcrumb\":{\"@id\":\"https:\\\/\\\/dekoracyjnacegla.pl\\\/en\\\/produkt\\\/historic-brick-27-cm-red\\\/#breadcrumb\"},\"inLanguage\":\"en-US\",\"potentialAction\":[{\"@type\":\"ReadAction\",\"target\":[\"https:\\\/\\\/dekoracyjnacegla.pl\\\/en\\\/produkt\\\/historic-brick-27-cm-red\\\/\"]}]},{\"@type\":\"ImageObject\",\"inLanguage\":\"en-US\",\"@id\":\"https:\\\/\\\/dekoracyjnacegla.pl\\\/en\\\/produkt\\\/historic-brick-27-cm-red\\\/#primaryimage\",\"url\":\"https:\\\/\\\/dekoracyjnacegla.pl\\\/wp-content\\\/uploads\\\/2025\\\/06\\\/image.webp\",\"contentUrl\":\"https:\\\/\\\/dekoracyjnacegla.pl\\\/wp-content\\\/uploads\\\/2025\\\/06\\\/image.webp\",\"width\":933,\"height\":700},{\"@type\":\"BreadcrumbList\",\"@id\":\"https:\\\/\\\/dekoracyjnacegla.pl\\\/en\\\/produkt\\\/historic-brick-27-cm-red\\\/#breadcrumb\",\"itemListElement\":[{\"@type\":\"ListItem\",\"position\":1,\"name\":\"Strona g\u0142\u00f3wna\",\"item\":\"https:\\\/\\\/dekoracyjnacegla.pl\\\/en\\\/startup\\\/\"},{\"@type\":\"ListItem\",\"position\":2,\"name\":\"Sklep\",\"item\":\"https:\\\/\\\/dekoracyjnacegla.pl\\\/sklep\\\/\"},{\"@type\":\"ListItem\",\"position\":3,\"name\":\"Historic brick 27 cm red\"}]},{\"@type\":\"WebSite\",\"@id\":\"https:\\\/\\\/dekoracyjnacegla.pl\\\/en\\\/#website\",\"url\":\"https:\\\/\\\/dekoracyjnacegla.pl\\\/en\\\/\",\"name\":\"Dekoracyjna Ceg\u0142a\",\"description\":\"P\u0142ytki z ceg\u0142y | Retro Ceg\u0142a\",\"publisher\":{\"@id\":\"https:\\\/\\\/dekoracyjnacegla.pl\\\/en\\\/#organization\"},\"potentialAction\":[{\"@type\":\"SearchAction\",\"target\":{\"@type\":\"EntryPoint\",\"urlTemplate\":\"https:\\\/\\\/dekoracyjnacegla.pl\\\/en\\\/?s={search_term_string}\"},\"query-input\":{\"@type\":\"PropertyValueSpecification\",\"valueRequired\":true,\"valueName\":\"search_term_string\"}}],\"inLanguage\":\"en-US\"},{\"@type\":\"Organization\",\"@id\":\"https:\\\/\\\/dekoracyjnacegla.pl\\\/en\\\/#organization\",\"name\":\"Dekoracyjna Ceg\u0142a\",\"url\":\"https:\\\/\\\/dekoracyjnacegla.pl\\\/en\\\/\",\"logo\":{\"@type\":\"ImageObject\",\"inLanguage\":\"en-US\",\"@id\":\"https:\\\/\\\/dekoracyjnacegla.pl\\\/en\\\/#\\\/schema\\\/logo\\\/image\\\/\",\"url\":\"https:\\\/\\\/dekoracyjnacegla.pl\\\/wp-content\\\/uploads\\\/2023\\\/10\\\/logo.png\",\"contentUrl\":\"https:\\\/\\\/dekoracyjnacegla.pl\\\/wp-content\\\/uploads\\\/2023\\\/10\\\/logo.png\",\"width\":1199,\"height\":193,\"caption\":\"Dekoracyjna Ceg\u0142a\"},\"image\":{\"@id\":\"https:\\\/\\\/dekoracyjnacegla.pl\\\/en\\\/#\\\/schema\\\/logo\\\/image\\\/\"}}]}<\/script>\n<!-- \/ Yoast SEO plugin. -->","yoast_head_json":{"title":"Historic brick 27 cm red - Dekoracyjna Ceg\u0142a","robots":{"index":"index","follow":"follow","max-snippet":"max-snippet:-1","max-image-preview":"max-image-preview:large","max-video-preview":"max-video-preview:-1"},"canonical":"https:\/\/dekoracyjnacegla.pl\/en\/produkt\/historic-brick-27-cm-red\/","og_locale":"en_US","og_type":"article","og_title":"Historic brick 27 cm red - Dekoracyjna Ceg\u0142a","og_description":"Old bricks\/demolition bricks will give a unique atmosphere to your interiors. Price is for 1pcs. The pallet holds 270pcs of bricks.","og_url":"https:\/\/dekoracyjnacegla.pl\/en\/produkt\/historic-brick-27-cm-red\/","og_site_name":"Dekoracyjna Ceg\u0142a","og_image":[{"width":933,"height":700,"url":"https:\/\/dekoracyjnacegla.pl\/wp-content\/uploads\/2025\/06\/image.webp","type":"image\/webp"}],"twitter_card":"summary_large_image","twitter_misc":{"Est. reading time":"1 minute"},"schema":{"@context":"https:\/\/schema.org","@graph":[{"@type":"WebPage","@id":"https:\/\/dekoracyjnacegla.pl\/en\/produkt\/historic-brick-27-cm-red\/","url":"https:\/\/dekoracyjnacegla.pl\/en\/produkt\/historic-brick-27-cm-red\/","name":"Historic brick 27 cm red - Dekoracyjna Ceg\u0142a","isPartOf":{"@id":"https:\/\/dekoracyjnacegla.pl\/en\/#website"},"primaryImageOfPage":{"@id":"https:\/\/dekoracyjnacegla.pl\/en\/produkt\/historic-brick-27-cm-red\/#primaryimage"},"image":{"@id":"https:\/\/dekoracyjnacegla.pl\/en\/produkt\/historic-brick-27-cm-red\/#primaryimage"},"thumbnailUrl":"https:\/\/dekoracyjnacegla.pl\/wp-content\/uploads\/2025\/06\/image.webp","datePublished":"2025-06-08T21:18:12+00:00","breadcrumb":{"@id":"https:\/\/dekoracyjnacegla.pl\/en\/produkt\/historic-brick-27-cm-red\/#breadcrumb"},"inLanguage":"en-US","potentialAction":[{"@type":"ReadAction","target":["https:\/\/dekoracyjnacegla.pl\/en\/produkt\/historic-brick-27-cm-red\/"]}]},{"@type":"ImageObject","inLanguage":"en-US","@id":"https:\/\/dekoracyjnacegla.pl\/en\/produkt\/historic-brick-27-cm-red\/#primaryimage","url":"https:\/\/dekoracyjnacegla.pl\/wp-content\/uploads\/2025\/06\/image.webp","contentUrl":"https:\/\/dekoracyjnacegla.pl\/wp-content\/uploads\/2025\/06\/image.webp","width":933,"height":700},{"@type":"BreadcrumbList","@id":"https:\/\/dekoracyjnacegla.pl\/en\/produkt\/historic-brick-27-cm-red\/#breadcrumb","itemListElement":[{"@type":"ListItem","position":1,"name":"Strona g\u0142\u00f3wna","item":"https:\/\/dekoracyjnacegla.pl\/en\/startup\/"},{"@type":"ListItem","position":2,"name":"Sklep","item":"https:\/\/dekoracyjnacegla.pl\/sklep\/"},{"@type":"ListItem","position":3,"name":"Historic brick 27 cm red"}]},{"@type":"WebSite","@id":"https:\/\/dekoracyjnacegla.pl\/en\/#website","url":"https:\/\/dekoracyjnacegla.pl\/en\/","name":"Dekoracyjna Ceg\u0142a","description":"P\u0142ytki z ceg\u0142y | Retro Ceg\u0142a","publisher":{"@id":"https:\/\/dekoracyjnacegla.pl\/en\/#organization"},"potentialAction":[{"@type":"SearchAction","target":{"@type":"EntryPoint","urlTemplate":"https:\/\/dekoracyjnacegla.pl\/en\/?s={search_term_string}"},"query-input":{"@type":"PropertyValueSpecification","valueRequired":true,"valueName":"search_term_string"}}],"inLanguage":"en-US"},{"@type":"Organization","@id":"https:\/\/dekoracyjnacegla.pl\/en\/#organization","name":"Dekoracyjna Ceg\u0142a","url":"https:\/\/dekoracyjnacegla.pl\/en\/","logo":{"@type":"ImageObject","inLanguage":"en-US","@id":"https:\/\/dekoracyjnacegla.pl\/en\/#\/schema\/logo\/image\/","url":"https:\/\/dekoracyjnacegla.pl\/wp-content\/uploads\/2023\/10\/logo.png","contentUrl":"https:\/\/dekoracyjnacegla.pl\/wp-content\/uploads\/2023\/10\/logo.png","width":1199,"height":193,"caption":"Dekoracyjna Ceg\u0142a"},"image":{"@id":"https:\/\/dekoracyjnacegla.pl\/en\/#\/schema\/logo\/image\/"}}]}},"_links":{"self":[{"href":"https:\/\/dekoracyjnacegla.pl\/en\/wp-json\/wp\/v2\/product\/22265","targetHints":{"allow":["GET"]}}],"collection":[{"href":"https:\/\/dekoracyjnacegla.pl\/en\/wp-json\/wp\/v2\/product"}],"about":[{"href":"https:\/\/dekoracyjnacegla.pl\/en\/wp-json\/wp\/v2\/types\/product"}],"wp:featuredmedia":[{"embeddable":true,"href":"https:\/\/dekoracyjnacegla.pl\/en\/wp-json\/wp\/v2\/media\/22266"}],"wp:attachment":[{"href":"https:\/\/dekoracyjnacegla.pl\/en\/wp-json\/wp\/v2\/media?parent=22265"}],"wp:term":[{"taxonomy":"product_brand","embeddable":true,"href":"https:\/\/dekoracyjnacegla.pl\/en\/wp-json\/wp\/v2\/product_brand?post=22265"},{"taxonomy":"product_cat","embeddable":true,"href":"https:\/\/dekoracyjnacegla.pl\/en\/wp-json\/wp\/v2\/product_cat?post=22265"},{"taxonomy":"product_tag","embeddable":true,"href":"https:\/\/dekoracyjnacegla.pl\/en\/wp-json\/wp\/v2\/product_tag?post=22265"}],"curies":[{"name":"wp","href":"https:\/\/api.w.org\/{rel}","templated":true}]}}