{"id":22680,"date":"2025-06-29T22:26:46","date_gmt":"2025-06-29T22:26:46","guid":{"rendered":"https:\/\/dekoracyjnacegla.pl\/produkt\/loft-ii-opening-glass-door\/"},"modified":"2025-06-29T22:26:46","modified_gmt":"2025-06-29T22:26:46","slug":"loft-ii-opening-glass-door","status":"publish","type":"product","link":"https:\/\/dekoracyjnacegla.pl\/en\/produkt\/loft-ii-opening-glass-door\/","title":{"rendered":"LOFT II opening glass door"},"content":{"rendered":"<h1 class=\"h1\">LOFT II opening glass door<\/h1>\n<p>&nbsp;<\/p>\n<h3 data-start=\"205\" data-end=\"274\"><strong data-start=\"209\" data-end=\"274\">LOFT opening glass door &#8211; with seal, installation in door frame<\/strong><\/h3>\n<p data-start=\"276\" data-end=\"597\"><strong data-start=\"276\" data-end=\"333\">Stylish, modern and functional LOFT glass door<\/strong> is an ideal solution for industrial, minimalist and modern interiors. Model opened in the traditional version (one-way), fixed in the door frame with a gasket around the perimeter &#8211; provides a high level of tightness and acoustic insulation. <\/p>\n<h4 data-start=\"599\" data-end=\"633\"><strong data-start=\"604\" data-end=\"633\">Product characteristics:<\/strong><\/h4>\n<ul data-start=\"635\" data-end=\"1185\">\n<li data-start=\"635\" data-end=\"682\">\n<p data-start=\"637\" data-end=\"682\"><strong data-start=\"637\" data-end=\"651\">Door type:<\/strong> glass opening <strong data-start=\"637\" data-end=\"651\">door<\/strong> (LOFT)<\/p>\n<\/li>\n<li data-start=\"683\" data-end=\"755\">\n<p data-start=\"685\" data-end=\"755\"><strong data-start=\"685\" data-end=\"704\">Mounting type:<\/strong> to the door frame, with perimeter seal (sealed version)<\/p>\n<\/li>\n<li data-start=\"756\" data-end=\"837\">\n<p data-start=\"758\" data-end=\"837\"><strong data-start=\"758\" data-end=\"769\">Design:<\/strong> sash with decorative muntins &#8211; various arrangements and quantities available<\/p>\n<\/li>\n<li data-start=\"838\" data-end=\"907\">\n<p data-start=\"840\" data-end=\"907\"><strong data-start=\"840\" data-end=\"857\">Type of glass:<\/strong> tempered &#8211; choose from a wide list of variants<\/p>\n<\/li>\n<li data-start=\"908\" data-end=\"1046\">\n<p data-start=\"910\" data-end=\"1046\"><strong data-start=\"910\" data-end=\"925\">Fittings color:<\/strong> aluminum \/ stainless steel (INOX) \/ LOFT matte black \/ optionally any color from the RAL palette (such as white, gray, graphite)<\/p>\n<\/li>\n<li data-start=\"1047\" data-end=\"1103\">\n<p data-start=\"1049\" data-end=\"1103\"><strong data-start=\"1049\" data-end=\"1082\">Standard dimensions available:<\/strong> 60 \/ 70 \/ 80 \/ 90 cm<\/p>\n<\/li>\n<li data-start=\"1104\" data-end=\"1185\">\n<p data-start=\"1106\" data-end=\"1185\"><strong data-start=\"1106\" data-end=\"1130\">Individual size:<\/strong> possible to be made to order &#8211; individual pricing<\/p>\n<\/li>\n<\/ul>\n<hr data-start=\"1187\" data-end=\"1190\">\n<h4 data-start=\"1192\" data-end=\"1225\"><strong data-start=\"1197\" data-end=\"1225\">In the set you receive:<\/strong><\/h4>\n<ul data-start=\"1227\" data-end=\"1467\">\n<li data-start=\"1227\" data-end=\"1259\">\n<p data-start=\"1229\" data-end=\"1259\">1x sheet of <strong data-start=\"1244\" data-end=\"1259\">tempered<\/strong> glass<\/p>\n<\/li>\n<li data-start=\"1260\" data-end=\"1299\">\n<p data-start=\"1262\" data-end=\"1299\">2x frame-mounted <strong data-start=\"1265\" data-end=\"1276\">hinges<\/strong> <\/p>\n<\/li>\n<li data-start=\"1300\" data-end=\"1323\">\n<p data-start=\"1302\" data-end=\"1323\">1x <strong data-start=\"1305\" data-end=\"1323\">lock with handle<\/strong><\/p>\n<\/li>\n<li data-start=\"1324\" data-end=\"1349\">\n<p data-start=\"1326\" data-end=\"1349\">1x <strong data-start=\"1329\" data-end=\"1349\">striker plate<\/strong><\/p>\n<\/li>\n<li data-start=\"1350\" data-end=\"1371\">\n<p data-start=\"1352\" data-end=\"1371\"><strong data-start=\"1360\" data-end=\"1371\">Frame<\/strong> set<\/p>\n<\/li>\n<li data-start=\"1372\" data-end=\"1404\">\n<p data-start=\"1374\" data-end=\"1404\">Set of <strong data-start=\"1382\" data-end=\"1404\">mounting strips<\/strong><\/p>\n<\/li>\n<li data-start=\"1405\" data-end=\"1429\">\n<p data-start=\"1407\" data-end=\"1429\"><strong data-start=\"1407\" data-end=\"1429\">Installation instructions<\/strong><\/p>\n<\/li>\n<li data-start=\"1430\" data-end=\"1467\">\n<p data-start=\"1432\" data-end=\"1467\"><strong data-start=\"1432\" data-end=\"1457\">24 month<\/strong> hardware <strong data-start=\"1432\" data-end=\"1457\">warranty<\/strong> <\/p>\n<\/li>\n<\/ul>\n<hr data-start=\"1469\" data-end=\"1472\">\n<h4 data-start=\"1474\" data-end=\"1530\"><strong data-start=\"1479\" data-end=\"1530\">Why choose our LOFT glass doors?<\/strong><\/h4>\n<p data-start=\"1532\" data-end=\"1754\">\u2705 Modern industrial design<br data-start=\"1565\" data-end=\"1568\">\u2705 High quality tempered glass<br data-start=\"1601\" data-end=\"1604\">\u2705 Customizable (glass, colors, size)<br data-start=\"1655\" data-end=\"1658\">\u2705 Sealed version &#8211; better sound and thermal insulation<br data-start=\"1715\" data-end=\"1718\">\u2705 Complete set ready for installation<\/p>\n<hr data-start=\"1756\" data-end=\"1759\">\n<p data-start=\"1761\" data-end=\"1983\">\n","protected":false},"excerpt":{"rendered":"<p data-start=\"616\" data-end=\"635\">Order <strong data-start=\"1767\" data-end=\"1809\">LOFT glass door opening with frame<\/strong> today and give your interior a unique character! Can be made in any RAL color and to size &#8211; contact us for an individual quote. <\/p>\n<p>EXPECTED DELIVERY TIME:<\/p>\n<p><strong>approximately 14 working days &#8211; set without aluminum frame<br \/>\n<\/strong><\/p>\n<p><strong>28-35 days<\/strong><strong> &#8211; set with metal frame<\/strong><\/p>\n","protected":false},"featured_media":22682,"template":"","meta":[],"product_brand":[],"product_cat":[279],"product_tag":[],"class_list":{"0":"post-22680","1":"product","2":"type-product","3":"status-publish","4":"has-post-thumbnail","6":"product_cat-loft-doors","8":"first","9":"onbackorder","10":"shipping-taxable","11":"product-type-simple"},"yoast_head":"<!-- This site is optimized with the Yoast SEO plugin v27.4 - https:\/\/yoast.com\/product\/yoast-seo-wordpress\/ -->\n<title>LOFT II opening glass door - Dekoracyjna Ceg\u0142a<\/title>\n<meta name=\"robots\" content=\"index, follow, max-snippet:-1, max-image-preview:large, max-video-preview:-1\" \/>\n<link rel=\"canonical\" href=\"https:\/\/dekoracyjnacegla.pl\/en\/produkt\/loft-ii-opening-glass-door\/\" \/>\n<meta property=\"og:locale\" content=\"en_US\" \/>\n<meta property=\"og:type\" content=\"article\" \/>\n<meta property=\"og:title\" content=\"LOFT II opening glass door - Dekoracyjna Ceg\u0142a\" \/>\n<meta property=\"og:description\" content=\"Order LOFT glass door opening with frame today and give your interior a unique character! Can be made in any RAL color and to size - contact us for an individual quote. EXPECTED DELIVERY TIME: approximately 14 working days - set without aluminum frame  28-35 days - set with metal frame\" \/>\n<meta property=\"og:url\" content=\"https:\/\/dekoracyjnacegla.pl\/en\/produkt\/loft-ii-opening-glass-door\/\" \/>\n<meta property=\"og:site_name\" content=\"Dekoracyjna Ceg\u0142a\" \/>\n<meta property=\"og:image\" content=\"https:\/\/dekoracyjnacegla.pl\/wp-content\/uploads\/2025\/06\/drzwi-szklane-otwierane-loft-szprosy-czarna-futryna-na-wymiar.jpg\" \/>\n\t<meta property=\"og:image:width\" content=\"800\" \/>\n\t<meta property=\"og:image:height\" content=\"800\" \/>\n\t<meta property=\"og:image:type\" content=\"image\/jpeg\" \/>\n<meta name=\"twitter:card\" content=\"summary_large_image\" \/>\n<meta name=\"twitter:label1\" content=\"Est. reading time\" \/>\n\t<meta name=\"twitter:data1\" content=\"1 minute\" \/>\n<script type=\"application\/ld+json\" class=\"yoast-schema-graph\">{\"@context\":\"https:\\\/\\\/schema.org\",\"@graph\":[{\"@type\":\"WebPage\",\"@id\":\"https:\\\/\\\/dekoracyjnacegla.pl\\\/en\\\/produkt\\\/loft-ii-opening-glass-door\\\/\",\"url\":\"https:\\\/\\\/dekoracyjnacegla.pl\\\/en\\\/produkt\\\/loft-ii-opening-glass-door\\\/\",\"name\":\"LOFT II opening glass door - Dekoracyjna Ceg\u0142a\",\"isPartOf\":{\"@id\":\"https:\\\/\\\/dekoracyjnacegla.pl\\\/en\\\/#website\"},\"primaryImageOfPage\":{\"@id\":\"https:\\\/\\\/dekoracyjnacegla.pl\\\/en\\\/produkt\\\/loft-ii-opening-glass-door\\\/#primaryimage\"},\"image\":{\"@id\":\"https:\\\/\\\/dekoracyjnacegla.pl\\\/en\\\/produkt\\\/loft-ii-opening-glass-door\\\/#primaryimage\"},\"thumbnailUrl\":\"https:\\\/\\\/dekoracyjnacegla.pl\\\/wp-content\\\/uploads\\\/2025\\\/06\\\/drzwi-szklane-otwierane-loft-szprosy-czarna-futryna-na-wymiar.jpg\",\"datePublished\":\"2025-06-29T22:26:46+00:00\",\"breadcrumb\":{\"@id\":\"https:\\\/\\\/dekoracyjnacegla.pl\\\/en\\\/produkt\\\/loft-ii-opening-glass-door\\\/#breadcrumb\"},\"inLanguage\":\"en-US\",\"potentialAction\":[{\"@type\":\"ReadAction\",\"target\":[\"https:\\\/\\\/dekoracyjnacegla.pl\\\/en\\\/produkt\\\/loft-ii-opening-glass-door\\\/\"]}]},{\"@type\":\"ImageObject\",\"inLanguage\":\"en-US\",\"@id\":\"https:\\\/\\\/dekoracyjnacegla.pl\\\/en\\\/produkt\\\/loft-ii-opening-glass-door\\\/#primaryimage\",\"url\":\"https:\\\/\\\/dekoracyjnacegla.pl\\\/wp-content\\\/uploads\\\/2025\\\/06\\\/drzwi-szklane-otwierane-loft-szprosy-czarna-futryna-na-wymiar.jpg\",\"contentUrl\":\"https:\\\/\\\/dekoracyjnacegla.pl\\\/wp-content\\\/uploads\\\/2025\\\/06\\\/drzwi-szklane-otwierane-loft-szprosy-czarna-futryna-na-wymiar.jpg\",\"width\":800,\"height\":800},{\"@type\":\"BreadcrumbList\",\"@id\":\"https:\\\/\\\/dekoracyjnacegla.pl\\\/en\\\/produkt\\\/loft-ii-opening-glass-door\\\/#breadcrumb\",\"itemListElement\":[{\"@type\":\"ListItem\",\"position\":1,\"name\":\"Strona g\u0142\u00f3wna\",\"item\":\"https:\\\/\\\/dekoracyjnacegla.pl\\\/en\\\/startup\\\/\"},{\"@type\":\"ListItem\",\"position\":2,\"name\":\"Sklep\",\"item\":\"https:\\\/\\\/dekoracyjnacegla.pl\\\/sklep\\\/\"},{\"@type\":\"ListItem\",\"position\":3,\"name\":\"LOFT II opening glass door\"}]},{\"@type\":\"WebSite\",\"@id\":\"https:\\\/\\\/dekoracyjnacegla.pl\\\/en\\\/#website\",\"url\":\"https:\\\/\\\/dekoracyjnacegla.pl\\\/en\\\/\",\"name\":\"Dekoracyjna Ceg\u0142a\",\"description\":\"P\u0142ytki z ceg\u0142y | Retro Ceg\u0142a\",\"publisher\":{\"@id\":\"https:\\\/\\\/dekoracyjnacegla.pl\\\/en\\\/#organization\"},\"potentialAction\":[{\"@type\":\"SearchAction\",\"target\":{\"@type\":\"EntryPoint\",\"urlTemplate\":\"https:\\\/\\\/dekoracyjnacegla.pl\\\/en\\\/?s={search_term_string}\"},\"query-input\":{\"@type\":\"PropertyValueSpecification\",\"valueRequired\":true,\"valueName\":\"search_term_string\"}}],\"inLanguage\":\"en-US\"},{\"@type\":\"Organization\",\"@id\":\"https:\\\/\\\/dekoracyjnacegla.pl\\\/en\\\/#organization\",\"name\":\"Dekoracyjna Ceg\u0142a\",\"url\":\"https:\\\/\\\/dekoracyjnacegla.pl\\\/en\\\/\",\"logo\":{\"@type\":\"ImageObject\",\"inLanguage\":\"en-US\",\"@id\":\"https:\\\/\\\/dekoracyjnacegla.pl\\\/en\\\/#\\\/schema\\\/logo\\\/image\\\/\",\"url\":\"https:\\\/\\\/dekoracyjnacegla.pl\\\/wp-content\\\/uploads\\\/2023\\\/10\\\/logo.png\",\"contentUrl\":\"https:\\\/\\\/dekoracyjnacegla.pl\\\/wp-content\\\/uploads\\\/2023\\\/10\\\/logo.png\",\"width\":1199,\"height\":193,\"caption\":\"Dekoracyjna Ceg\u0142a\"},\"image\":{\"@id\":\"https:\\\/\\\/dekoracyjnacegla.pl\\\/en\\\/#\\\/schema\\\/logo\\\/image\\\/\"}}]}<\/script>\n<!-- \/ Yoast SEO plugin. -->","yoast_head_json":{"title":"LOFT II opening glass door - Dekoracyjna Ceg\u0142a","robots":{"index":"index","follow":"follow","max-snippet":"max-snippet:-1","max-image-preview":"max-image-preview:large","max-video-preview":"max-video-preview:-1"},"canonical":"https:\/\/dekoracyjnacegla.pl\/en\/produkt\/loft-ii-opening-glass-door\/","og_locale":"en_US","og_type":"article","og_title":"LOFT II opening glass door - Dekoracyjna Ceg\u0142a","og_description":"Order LOFT glass door opening with frame today and give your interior a unique character! Can be made in any RAL color and to size - contact us for an individual quote. EXPECTED DELIVERY TIME: approximately 14 working days - set without aluminum frame  28-35 days - set with metal frame","og_url":"https:\/\/dekoracyjnacegla.pl\/en\/produkt\/loft-ii-opening-glass-door\/","og_site_name":"Dekoracyjna Ceg\u0142a","og_image":[{"width":800,"height":800,"url":"https:\/\/dekoracyjnacegla.pl\/wp-content\/uploads\/2025\/06\/drzwi-szklane-otwierane-loft-szprosy-czarna-futryna-na-wymiar.jpg","type":"image\/jpeg"}],"twitter_card":"summary_large_image","twitter_misc":{"Est. reading time":"1 minute"},"schema":{"@context":"https:\/\/schema.org","@graph":[{"@type":"WebPage","@id":"https:\/\/dekoracyjnacegla.pl\/en\/produkt\/loft-ii-opening-glass-door\/","url":"https:\/\/dekoracyjnacegla.pl\/en\/produkt\/loft-ii-opening-glass-door\/","name":"LOFT II opening glass door - Dekoracyjna Ceg\u0142a","isPartOf":{"@id":"https:\/\/dekoracyjnacegla.pl\/en\/#website"},"primaryImageOfPage":{"@id":"https:\/\/dekoracyjnacegla.pl\/en\/produkt\/loft-ii-opening-glass-door\/#primaryimage"},"image":{"@id":"https:\/\/dekoracyjnacegla.pl\/en\/produkt\/loft-ii-opening-glass-door\/#primaryimage"},"thumbnailUrl":"https:\/\/dekoracyjnacegla.pl\/wp-content\/uploads\/2025\/06\/drzwi-szklane-otwierane-loft-szprosy-czarna-futryna-na-wymiar.jpg","datePublished":"2025-06-29T22:26:46+00:00","breadcrumb":{"@id":"https:\/\/dekoracyjnacegla.pl\/en\/produkt\/loft-ii-opening-glass-door\/#breadcrumb"},"inLanguage":"en-US","potentialAction":[{"@type":"ReadAction","target":["https:\/\/dekoracyjnacegla.pl\/en\/produkt\/loft-ii-opening-glass-door\/"]}]},{"@type":"ImageObject","inLanguage":"en-US","@id":"https:\/\/dekoracyjnacegla.pl\/en\/produkt\/loft-ii-opening-glass-door\/#primaryimage","url":"https:\/\/dekoracyjnacegla.pl\/wp-content\/uploads\/2025\/06\/drzwi-szklane-otwierane-loft-szprosy-czarna-futryna-na-wymiar.jpg","contentUrl":"https:\/\/dekoracyjnacegla.pl\/wp-content\/uploads\/2025\/06\/drzwi-szklane-otwierane-loft-szprosy-czarna-futryna-na-wymiar.jpg","width":800,"height":800},{"@type":"BreadcrumbList","@id":"https:\/\/dekoracyjnacegla.pl\/en\/produkt\/loft-ii-opening-glass-door\/#breadcrumb","itemListElement":[{"@type":"ListItem","position":1,"name":"Strona g\u0142\u00f3wna","item":"https:\/\/dekoracyjnacegla.pl\/en\/startup\/"},{"@type":"ListItem","position":2,"name":"Sklep","item":"https:\/\/dekoracyjnacegla.pl\/sklep\/"},{"@type":"ListItem","position":3,"name":"LOFT II opening glass door"}]},{"@type":"WebSite","@id":"https:\/\/dekoracyjnacegla.pl\/en\/#website","url":"https:\/\/dekoracyjnacegla.pl\/en\/","name":"Dekoracyjna Ceg\u0142a","description":"P\u0142ytki z ceg\u0142y | Retro Ceg\u0142a","publisher":{"@id":"https:\/\/dekoracyjnacegla.pl\/en\/#organization"},"potentialAction":[{"@type":"SearchAction","target":{"@type":"EntryPoint","urlTemplate":"https:\/\/dekoracyjnacegla.pl\/en\/?s={search_term_string}"},"query-input":{"@type":"PropertyValueSpecification","valueRequired":true,"valueName":"search_term_string"}}],"inLanguage":"en-US"},{"@type":"Organization","@id":"https:\/\/dekoracyjnacegla.pl\/en\/#organization","name":"Dekoracyjna Ceg\u0142a","url":"https:\/\/dekoracyjnacegla.pl\/en\/","logo":{"@type":"ImageObject","inLanguage":"en-US","@id":"https:\/\/dekoracyjnacegla.pl\/en\/#\/schema\/logo\/image\/","url":"https:\/\/dekoracyjnacegla.pl\/wp-content\/uploads\/2023\/10\/logo.png","contentUrl":"https:\/\/dekoracyjnacegla.pl\/wp-content\/uploads\/2023\/10\/logo.png","width":1199,"height":193,"caption":"Dekoracyjna Ceg\u0142a"},"image":{"@id":"https:\/\/dekoracyjnacegla.pl\/en\/#\/schema\/logo\/image\/"}}]}},"_links":{"self":[{"href":"https:\/\/dekoracyjnacegla.pl\/en\/wp-json\/wp\/v2\/product\/22680","targetHints":{"allow":["GET"]}}],"collection":[{"href":"https:\/\/dekoracyjnacegla.pl\/en\/wp-json\/wp\/v2\/product"}],"about":[{"href":"https:\/\/dekoracyjnacegla.pl\/en\/wp-json\/wp\/v2\/types\/product"}],"wp:featuredmedia":[{"embeddable":true,"href":"https:\/\/dekoracyjnacegla.pl\/en\/wp-json\/wp\/v2\/media\/22682"}],"wp:attachment":[{"href":"https:\/\/dekoracyjnacegla.pl\/en\/wp-json\/wp\/v2\/media?parent=22680"}],"wp:term":[{"taxonomy":"product_brand","embeddable":true,"href":"https:\/\/dekoracyjnacegla.pl\/en\/wp-json\/wp\/v2\/product_brand?post=22680"},{"taxonomy":"product_cat","embeddable":true,"href":"https:\/\/dekoracyjnacegla.pl\/en\/wp-json\/wp\/v2\/product_cat?post=22680"},{"taxonomy":"product_tag","embeddable":true,"href":"https:\/\/dekoracyjnacegla.pl\/en\/wp-json\/wp\/v2\/product_tag?post=22680"}],"curies":[{"name":"wp","href":"https:\/\/api.w.org\/{rel}","templated":true}]}}