{"id":23269,"date":"2024-01-17T14:51:39","date_gmt":"2024-01-17T14:51:39","guid":{"rendered":"https:\/\/dekoracyjnacegla.pl\/produkt\/brick-shape-ii\/"},"modified":"2024-01-17T14:51:39","modified_gmt":"2024-01-17T14:51:39","slug":"brick-shape-ii","status":"publish","type":"product","link":"https:\/\/dekoracyjnacegla.pl\/en\/produkt\/brick-shape-ii\/","title":{"rendered":"Brick Shape II"},"content":{"rendered":"<div class=\"uk-panel-box\">\n<div class=\"uk-grid break-a\">\n<div class=\"uk-width-medium-1-3\">Absorbability: 16-18%<\/div>\n<\/div>\n<\/div>\n<div class=\"uk-panel-box\">\n<div class=\"uk-grid break-a\">\n<div class=\"uk-width-medium-1-3\">Compressive strength: Class &#8220;10&#8221;-&#8220;15&#8221;<\/div>\n<\/div>\n<\/div>\n<div class=\"uk-panel-box\">\n<div class=\"uk-grid break-a\">\n<div class=\"uk-width-medium-1-3\">Number of pieces per pallet: To be determined<\/div>\n<\/div>\n<\/div>\n<div class=\"uk-panel-box\">\n<div class=\"uk-grid break-a\">\n<div class=\"uk-width-medium-1-3\">Pallet weight: up to 1200kg<\/div>\n<\/div>\n<\/div>\n<div class=\"uk-panel-box\">\n<div class=\"uk-grid break-a\">\n<div class=\"uk-width-medium-1-3\">Purpose: A keystone, key &#8211; top wedge of an arch or certain types of vault.<br \/>\nNot sure if this product is right for you? Ask us! <\/div>\n<\/div>\n<\/div>\n<div class=\"uk-panel-box\">\n<div class=\"uk-grid break-a\">\n<div class=\"uk-width-medium-1-3\">Additional information: Ceramic, brick, keystone, key, vault wedge, decorative, ornamental, hand-molded. Grade I. <\/div>\n<\/div>\n<\/div>\n","protected":false},"excerpt":{"rendered":"<div class=\"uk-panel-box\">\n<div class=\"uk-grid\">\n<div class=\"uk-width-medium-1-3\">Availability: <span class=\"dos2\"><strong>On order<\/strong><\/span><\/div>\n<\/div>\n<\/div>\n<div class=\"uk-panel-box\">\n<div class=\"uk-grid \">\n<div class=\"uk-width-medium-1-3\">Price: <b>From 12 PLN\/piece gross<\/b><\/div>\n<\/div>\n<\/div>\n<div class=\"uk-panel-box\">\n<div class=\"uk-grid \">\n<div class=\"uk-width-medium-1-3\">Size: To be determined<\/div>\n<\/div>\n<\/div>\n<div class=\"uk-panel-box\">\n<div class=\"uk-grid break-a\">\n<div class=\"uk-width-medium-1-3\">Face: Traditional &#8211; even uniform face. In the batch possible small number of shapes with pits, cracks and bruises.<br \/>\nPossibility to order a different face. <\/div>\n<\/div>\n<\/div>\n<div class=\"uk-panel-box\">\n<div class=\"uk-grid break-a\">\n<div class=\"uk-width-medium-1-3\">Color: Shades of red. In the batch possible small quantities of orange and cherry shades.<br \/>\nPossibility to order another color. <\/div>\n<\/div>\n<\/div>\n","protected":false},"featured_media":23271,"template":"","meta":[],"product_brand":[],"product_cat":[320,236],"product_tag":[321,322,323,325],"class_list":{"0":"post-23269","1":"product","2":"type-product","3":"status-publish","4":"has-post-thumbnail","6":"product_cat-brick-fittings","7":"product_cat-decorative-brick","8":"product_tag-brick","9":"product_tag-fittings","10":"product_tag-glaze","11":"product_tag-glazed","13":"first","14":"instock","15":"shipping-taxable","16":"purchasable","17":"product-type-simple"},"yoast_head":"<!-- This site is optimized with the Yoast SEO plugin v27.3 - https:\/\/yoast.com\/product\/yoast-seo-wordpress\/ -->\n<title>Brick Shape II - Dekoracyjna Ceg\u0142a<\/title>\n<meta name=\"robots\" content=\"index, follow, max-snippet:-1, max-image-preview:large, max-video-preview:-1\" \/>\n<link rel=\"canonical\" href=\"https:\/\/dekoracyjnacegla.pl\/en\/produkt\/brick-shape-ii\/\" \/>\n<meta property=\"og:locale\" content=\"en_US\" \/>\n<meta property=\"og:type\" content=\"article\" \/>\n<meta property=\"og:title\" content=\"Brick Shape II - Dekoracyjna Ceg\u0142a\" \/>\n<meta property=\"og:description\" content=\"Availability: On order   Price: From 12 PLN\/piece gross   Size: To be determined   Face: Traditional - even uniform face. In the batch possible small number of shapes with pits, cracks and bruises. Possibility to order a different face.   Color: Shades of red. In the batch possible small quantities of orange and cherry shades. Possibility to order another color.\" \/>\n<meta property=\"og:url\" content=\"https:\/\/dekoracyjnacegla.pl\/en\/produkt\/brick-shape-ii\/\" \/>\n<meta property=\"og:site_name\" content=\"Dekoracyjna Ceg\u0142a\" \/>\n<meta property=\"og:image\" content=\"https:\/\/dekoracyjnacegla.pl\/wp-content\/uploads\/2024\/01\/Ksztaltki-stare-ceglane-retro-glazurowane-1920x1280-1.jpg\" \/>\n\t<meta property=\"og:image:width\" content=\"1920\" \/>\n\t<meta property=\"og:image:height\" content=\"1280\" \/>\n\t<meta property=\"og:image:type\" content=\"image\/jpeg\" \/>\n<meta name=\"twitter:card\" content=\"summary_large_image\" \/>\n<script type=\"application\/ld+json\" class=\"yoast-schema-graph\">{\"@context\":\"https:\\\/\\\/schema.org\",\"@graph\":[{\"@type\":\"WebPage\",\"@id\":\"https:\\\/\\\/dekoracyjnacegla.pl\\\/en\\\/produkt\\\/brick-shape-ii\\\/\",\"url\":\"https:\\\/\\\/dekoracyjnacegla.pl\\\/en\\\/produkt\\\/brick-shape-ii\\\/\",\"name\":\"Brick Shape II - Dekoracyjna Ceg\u0142a\",\"isPartOf\":{\"@id\":\"https:\\\/\\\/dekoracyjnacegla.pl\\\/en\\\/#website\"},\"primaryImageOfPage\":{\"@id\":\"https:\\\/\\\/dekoracyjnacegla.pl\\\/en\\\/produkt\\\/brick-shape-ii\\\/#primaryimage\"},\"image\":{\"@id\":\"https:\\\/\\\/dekoracyjnacegla.pl\\\/en\\\/produkt\\\/brick-shape-ii\\\/#primaryimage\"},\"thumbnailUrl\":\"https:\\\/\\\/dekoracyjnacegla.pl\\\/wp-content\\\/uploads\\\/2024\\\/01\\\/Ksztaltki-stare-ceglane-retro-glazurowane-1920x1280-1.jpg\",\"datePublished\":\"2024-01-17T14:51:39+00:00\",\"breadcrumb\":{\"@id\":\"https:\\\/\\\/dekoracyjnacegla.pl\\\/en\\\/produkt\\\/brick-shape-ii\\\/#breadcrumb\"},\"inLanguage\":\"en-US\",\"potentialAction\":[{\"@type\":\"ReadAction\",\"target\":[\"https:\\\/\\\/dekoracyjnacegla.pl\\\/en\\\/produkt\\\/brick-shape-ii\\\/\"]}]},{\"@type\":\"ImageObject\",\"inLanguage\":\"en-US\",\"@id\":\"https:\\\/\\\/dekoracyjnacegla.pl\\\/en\\\/produkt\\\/brick-shape-ii\\\/#primaryimage\",\"url\":\"https:\\\/\\\/dekoracyjnacegla.pl\\\/wp-content\\\/uploads\\\/2024\\\/01\\\/Ksztaltki-stare-ceglane-retro-glazurowane-1920x1280-1.jpg\",\"contentUrl\":\"https:\\\/\\\/dekoracyjnacegla.pl\\\/wp-content\\\/uploads\\\/2024\\\/01\\\/Ksztaltki-stare-ceglane-retro-glazurowane-1920x1280-1.jpg\",\"width\":1920,\"height\":1280},{\"@type\":\"BreadcrumbList\",\"@id\":\"https:\\\/\\\/dekoracyjnacegla.pl\\\/en\\\/produkt\\\/brick-shape-ii\\\/#breadcrumb\",\"itemListElement\":[{\"@type\":\"ListItem\",\"position\":1,\"name\":\"Strona g\u0142\u00f3wna\",\"item\":\"https:\\\/\\\/dekoracyjnacegla.pl\\\/en\\\/startup\\\/\"},{\"@type\":\"ListItem\",\"position\":2,\"name\":\"Sklep\",\"item\":\"https:\\\/\\\/dekoracyjnacegla.pl\\\/sklep\\\/\"},{\"@type\":\"ListItem\",\"position\":3,\"name\":\"Brick Shape II\"}]},{\"@type\":\"WebSite\",\"@id\":\"https:\\\/\\\/dekoracyjnacegla.pl\\\/en\\\/#website\",\"url\":\"https:\\\/\\\/dekoracyjnacegla.pl\\\/en\\\/\",\"name\":\"Dekoracyjna Ceg\u0142a\",\"description\":\"P\u0142ytki z ceg\u0142y | Retro Ceg\u0142a\",\"publisher\":{\"@id\":\"https:\\\/\\\/dekoracyjnacegla.pl\\\/en\\\/#organization\"},\"potentialAction\":[{\"@type\":\"SearchAction\",\"target\":{\"@type\":\"EntryPoint\",\"urlTemplate\":\"https:\\\/\\\/dekoracyjnacegla.pl\\\/en\\\/?s={search_term_string}\"},\"query-input\":{\"@type\":\"PropertyValueSpecification\",\"valueRequired\":true,\"valueName\":\"search_term_string\"}}],\"inLanguage\":\"en-US\"},{\"@type\":\"Organization\",\"@id\":\"https:\\\/\\\/dekoracyjnacegla.pl\\\/en\\\/#organization\",\"name\":\"Dekoracyjna Ceg\u0142a\",\"url\":\"https:\\\/\\\/dekoracyjnacegla.pl\\\/en\\\/\",\"logo\":{\"@type\":\"ImageObject\",\"inLanguage\":\"en-US\",\"@id\":\"https:\\\/\\\/dekoracyjnacegla.pl\\\/en\\\/#\\\/schema\\\/logo\\\/image\\\/\",\"url\":\"https:\\\/\\\/dekoracyjnacegla.pl\\\/wp-content\\\/uploads\\\/2023\\\/10\\\/logo.png\",\"contentUrl\":\"https:\\\/\\\/dekoracyjnacegla.pl\\\/wp-content\\\/uploads\\\/2023\\\/10\\\/logo.png\",\"width\":1199,\"height\":193,\"caption\":\"Dekoracyjna Ceg\u0142a\"},\"image\":{\"@id\":\"https:\\\/\\\/dekoracyjnacegla.pl\\\/en\\\/#\\\/schema\\\/logo\\\/image\\\/\"}}]}<\/script>\n<!-- \/ Yoast SEO plugin. -->","yoast_head_json":{"title":"Brick Shape II - Dekoracyjna Ceg\u0142a","robots":{"index":"index","follow":"follow","max-snippet":"max-snippet:-1","max-image-preview":"max-image-preview:large","max-video-preview":"max-video-preview:-1"},"canonical":"https:\/\/dekoracyjnacegla.pl\/en\/produkt\/brick-shape-ii\/","og_locale":"en_US","og_type":"article","og_title":"Brick Shape II - Dekoracyjna Ceg\u0142a","og_description":"Availability: On order   Price: From 12 PLN\/piece gross   Size: To be determined   Face: Traditional - even uniform face. In the batch possible small number of shapes with pits, cracks and bruises. Possibility to order a different face.   Color: Shades of red. In the batch possible small quantities of orange and cherry shades. Possibility to order another color.","og_url":"https:\/\/dekoracyjnacegla.pl\/en\/produkt\/brick-shape-ii\/","og_site_name":"Dekoracyjna Ceg\u0142a","og_image":[{"width":1920,"height":1280,"url":"https:\/\/dekoracyjnacegla.pl\/wp-content\/uploads\/2024\/01\/Ksztaltki-stare-ceglane-retro-glazurowane-1920x1280-1.jpg","type":"image\/jpeg"}],"twitter_card":"summary_large_image","schema":{"@context":"https:\/\/schema.org","@graph":[{"@type":"WebPage","@id":"https:\/\/dekoracyjnacegla.pl\/en\/produkt\/brick-shape-ii\/","url":"https:\/\/dekoracyjnacegla.pl\/en\/produkt\/brick-shape-ii\/","name":"Brick Shape II - Dekoracyjna Ceg\u0142a","isPartOf":{"@id":"https:\/\/dekoracyjnacegla.pl\/en\/#website"},"primaryImageOfPage":{"@id":"https:\/\/dekoracyjnacegla.pl\/en\/produkt\/brick-shape-ii\/#primaryimage"},"image":{"@id":"https:\/\/dekoracyjnacegla.pl\/en\/produkt\/brick-shape-ii\/#primaryimage"},"thumbnailUrl":"https:\/\/dekoracyjnacegla.pl\/wp-content\/uploads\/2024\/01\/Ksztaltki-stare-ceglane-retro-glazurowane-1920x1280-1.jpg","datePublished":"2024-01-17T14:51:39+00:00","breadcrumb":{"@id":"https:\/\/dekoracyjnacegla.pl\/en\/produkt\/brick-shape-ii\/#breadcrumb"},"inLanguage":"en-US","potentialAction":[{"@type":"ReadAction","target":["https:\/\/dekoracyjnacegla.pl\/en\/produkt\/brick-shape-ii\/"]}]},{"@type":"ImageObject","inLanguage":"en-US","@id":"https:\/\/dekoracyjnacegla.pl\/en\/produkt\/brick-shape-ii\/#primaryimage","url":"https:\/\/dekoracyjnacegla.pl\/wp-content\/uploads\/2024\/01\/Ksztaltki-stare-ceglane-retro-glazurowane-1920x1280-1.jpg","contentUrl":"https:\/\/dekoracyjnacegla.pl\/wp-content\/uploads\/2024\/01\/Ksztaltki-stare-ceglane-retro-glazurowane-1920x1280-1.jpg","width":1920,"height":1280},{"@type":"BreadcrumbList","@id":"https:\/\/dekoracyjnacegla.pl\/en\/produkt\/brick-shape-ii\/#breadcrumb","itemListElement":[{"@type":"ListItem","position":1,"name":"Strona g\u0142\u00f3wna","item":"https:\/\/dekoracyjnacegla.pl\/en\/startup\/"},{"@type":"ListItem","position":2,"name":"Sklep","item":"https:\/\/dekoracyjnacegla.pl\/sklep\/"},{"@type":"ListItem","position":3,"name":"Brick Shape II"}]},{"@type":"WebSite","@id":"https:\/\/dekoracyjnacegla.pl\/en\/#website","url":"https:\/\/dekoracyjnacegla.pl\/en\/","name":"Dekoracyjna Ceg\u0142a","description":"P\u0142ytki z ceg\u0142y | Retro Ceg\u0142a","publisher":{"@id":"https:\/\/dekoracyjnacegla.pl\/en\/#organization"},"potentialAction":[{"@type":"SearchAction","target":{"@type":"EntryPoint","urlTemplate":"https:\/\/dekoracyjnacegla.pl\/en\/?s={search_term_string}"},"query-input":{"@type":"PropertyValueSpecification","valueRequired":true,"valueName":"search_term_string"}}],"inLanguage":"en-US"},{"@type":"Organization","@id":"https:\/\/dekoracyjnacegla.pl\/en\/#organization","name":"Dekoracyjna Ceg\u0142a","url":"https:\/\/dekoracyjnacegla.pl\/en\/","logo":{"@type":"ImageObject","inLanguage":"en-US","@id":"https:\/\/dekoracyjnacegla.pl\/en\/#\/schema\/logo\/image\/","url":"https:\/\/dekoracyjnacegla.pl\/wp-content\/uploads\/2023\/10\/logo.png","contentUrl":"https:\/\/dekoracyjnacegla.pl\/wp-content\/uploads\/2023\/10\/logo.png","width":1199,"height":193,"caption":"Dekoracyjna Ceg\u0142a"},"image":{"@id":"https:\/\/dekoracyjnacegla.pl\/en\/#\/schema\/logo\/image\/"}}]}},"_links":{"self":[{"href":"https:\/\/dekoracyjnacegla.pl\/en\/wp-json\/wp\/v2\/product\/23269","targetHints":{"allow":["GET"]}}],"collection":[{"href":"https:\/\/dekoracyjnacegla.pl\/en\/wp-json\/wp\/v2\/product"}],"about":[{"href":"https:\/\/dekoracyjnacegla.pl\/en\/wp-json\/wp\/v2\/types\/product"}],"wp:featuredmedia":[{"embeddable":true,"href":"https:\/\/dekoracyjnacegla.pl\/en\/wp-json\/wp\/v2\/media\/23271"}],"wp:attachment":[{"href":"https:\/\/dekoracyjnacegla.pl\/en\/wp-json\/wp\/v2\/media?parent=23269"}],"wp:term":[{"taxonomy":"product_brand","embeddable":true,"href":"https:\/\/dekoracyjnacegla.pl\/en\/wp-json\/wp\/v2\/product_brand?post=23269"},{"taxonomy":"product_cat","embeddable":true,"href":"https:\/\/dekoracyjnacegla.pl\/en\/wp-json\/wp\/v2\/product_cat?post=23269"},{"taxonomy":"product_tag","embeddable":true,"href":"https:\/\/dekoracyjnacegla.pl\/en\/wp-json\/wp\/v2\/product_tag?post=23269"}],"curies":[{"name":"wp","href":"https:\/\/api.w.org\/{rel}","templated":true}]}}