{"id":23442,"date":"2025-06-29T22:40:30","date_gmt":"2025-06-29T22:40:30","guid":{"rendered":"https:\/\/dekoracyjnacegla.pl\/produkt\/loft-opening-glass-door-fixed-fanlight-horizontal-and-vertical-muntins-made-to-measure\/"},"modified":"2025-06-29T22:40:30","modified_gmt":"2025-06-29T22:40:30","slug":"loft-opening-glass-door-fixed-fanlight-horizontal-and-vertical-muntins-made-to-measure","status":"publish","type":"product","link":"https:\/\/dekoracyjnacegla.pl\/en\/produkt\/loft-opening-glass-door-fixed-fanlight-horizontal-and-vertical-muntins-made-to-measure\/","title":{"rendered":"LOFT opening glass door + fixed fanlight + horizontal and vertical muntins (made to measure)"},"content":{"rendered":"<h3 data-start=\"253\" data-end=\"363\"><strong data-start=\"257\" data-end=\"363\">LOFT glass door opening in built-in with side and top fanlight &#8211; installation in door frame with seal<\/strong><\/h3>\n<p data-start=\"365\" data-end=\"715\"><strong data-start=\"365\" data-end=\"410\">Modern LOFT recessed glass doors<\/strong> are the ideal solution for spaces that require aesthetic and functional separation of rooms. This door model works like a traditional leaf that opens in one direction, and thanks to gaskets around the perimeter of the door frame and in the fanlight frame, it provides high tightness and comfort. <\/p>\n<h4 data-start=\"717\" data-end=\"741\"><strong data-start=\"722\" data-end=\"741\">Product Features:<\/strong><\/h4>\n<ul data-start=\"743\" data-end=\"1337\">\n<li data-start=\"743\" data-end=\"795\">\n<p data-start=\"745\" data-end=\"795\"><strong data-start=\"745\" data-end=\"759\">Door type:<\/strong> glass opening (one-way)<\/p>\n<\/li>\n<li data-start=\"796\" data-end=\"875\">\n<p data-start=\"798\" data-end=\"875\"><strong data-start=\"798\" data-end=\"809\">Installation:<\/strong> in the door frame with a seal, in a built-in with a side and top fanlight<\/p>\n<\/li>\n<li data-start=\"876\" data-end=\"966\">\n<p data-start=\"878\" data-end=\"966\"><strong data-start=\"878\" data-end=\"895\">Application:<\/strong> to separate two rooms (e.g. living room-cabinet, kitchen-dining room).<\/p>\n<\/li>\n<li data-start=\"967\" data-end=\"1053\">\n<p data-start=\"969\" data-end=\"1053\"><strong data-start=\"969\" data-end=\"979\">Glass:<\/strong> tempered &#8211; choose from a wide list (transparent, matte, with pattern)<\/p>\n<\/li>\n<li data-start=\"1054\" data-end=\"1122\">\n<p data-start=\"1056\" data-end=\"1122\"><strong data-start=\"1056\" data-end=\"1070\">Fanlights:<\/strong> side and top &#8211; mounted on frames with gaskets<\/p>\n<\/li>\n<li data-start=\"1123\" data-end=\"1192\">\n<p data-start=\"1125\" data-end=\"1192\"><strong data-start=\"1125\" data-end=\"1143\">Sealing:<\/strong> around the perimeter of the door frame and in the fanlight frame<\/p>\n<\/li>\n<li data-start=\"1193\" data-end=\"1337\">\n<p data-start=\"1195\" data-end=\"1337\"><strong data-start=\"1195\" data-end=\"1226\">Color of hardware and doorframe:<\/strong> aluminum \/ stainless steel \/ LOFT matte black or any RAL color (such as white, gray, graphite &#8211; on request).<\/p>\n<\/li>\n<\/ul>\n<hr data-start=\"1339\" data-end=\"1342\">\n<h4 data-start=\"1344\" data-end=\"1368\"><strong data-start=\"1349\" data-end=\"1368\">The set includes:<\/strong><\/h4>\n<ul data-start=\"1370\" data-end=\"1636\">\n<li data-start=\"1370\" data-end=\"1402\">\n<p data-start=\"1372\" data-end=\"1402\">1x sheet of <strong data-start=\"1387\" data-end=\"1402\">tempered<\/strong> glass<\/p>\n<\/li>\n<li data-start=\"1403\" data-end=\"1441\">\n<p data-start=\"1405\" data-end=\"1441\">2x frame-mounted <strong data-start=\"1408\" data-end=\"1418\">hinge<\/strong> <\/p>\n<\/li>\n<li data-start=\"1442\" data-end=\"1465\">\n<p data-start=\"1444\" data-end=\"1465\">1x <strong data-start=\"1447\" data-end=\"1465\">lock with handle<\/strong><\/p>\n<\/li>\n<li data-start=\"1466\" data-end=\"1491\">\n<p data-start=\"1468\" data-end=\"1491\">1x <strong data-start=\"1471\" data-end=\"1491\">striker plate<\/strong><\/p>\n<\/li>\n<li data-start=\"1492\" data-end=\"1527\">\n<p data-start=\"1494\" data-end=\"1527\"><strong data-start=\"1502\" data-end=\"1527\">Door frame<\/strong> set <strong data-start=\"1502\" data-end=\"1527\">with gaskets<\/strong><\/p>\n<\/li>\n<li data-start=\"1528\" data-end=\"1573\">\n<p data-start=\"1530\" data-end=\"1573\">Set of <strong data-start=\"1538\" data-end=\"1560\">mounting strips<\/strong> for fanlight<\/p>\n<\/li>\n<li data-start=\"1574\" data-end=\"1611\">\n<p data-start=\"1576\" data-end=\"1611\"><strong data-start=\"1576\" data-end=\"1601\">24 month<\/strong> hardware <strong data-start=\"1576\" data-end=\"1601\">warranty<\/strong> <\/p>\n<\/li>\n<li data-start=\"1612\" data-end=\"1636\">\n<p data-start=\"1614\" data-end=\"1636\"><strong data-start=\"1614\" data-end=\"1636\">Installation instructions<\/strong><\/p>\n<\/li>\n<\/ul>\n<hr data-start=\"1638\" data-end=\"1641\">\n<h4 data-start=\"1643\" data-end=\"1705\"><strong data-start=\"1648\" data-end=\"1705\">Why should you choose a LOFT glass door?<\/strong><\/h4>\n<p data-start=\"1707\" data-end=\"1980\">\u2705 Modern and elegant design<br data-start=\"1738\" data-end=\"1741\">\u2705 Functionality &#8211; airtight partition between rooms<br data-start=\"1801\" data-end=\"1804\">\u2705 Wide selection of glass and color personalization<br data-start=\"1856\" data-end=\"1859\">\u2705 Complete assembly kit &#8211; ready to install<br data-start=\"1910\" data-end=\"1913\">\u2705 Can be made to size and in custom configurations<\/p>\n<hr data-start=\"1982\" data-end=\"1985\">\n<p data-start=\"1987\" data-end=\"2130\">\ud83d\udce9 Didn <strong data-start=\"1990\" data-end=\"2030\">&#8216;t find the right size?<\/strong> Contact us by email &#8211; we make <strong data-start=\"2099\" data-end=\"2129\">customized<\/strong> doors and glass buildings.<\/p>\n<hr data-start=\"2132\" data-end=\"2135\">\n<p data-start=\"2137\" data-end=\"2280\">Order <strong data-start=\"2143\" data-end=\"2205\">LOFT opening glass doors with side and top fanlights<\/strong> and create a space full of light, aesthetics and modern functionality.<\/p>\n","protected":false},"excerpt":{"rendered":"<h3 data-start=\"240\" data-end=\"294\"><strong data-start=\"244\" data-end=\"294\">Possibility to order customized glass doors<\/strong><\/h3>\n<p data-start=\"296\" data-end=\"524\">We offer to make glass doors <strong data-start=\"332\" data-end=\"358\">to individual size<\/strong>, tailored to the specific project and installation conditions. If you need a door of unusual size &#8211; contact us to prepare a quote. <\/p>\n<p data-start=\"526\" data-end=\"720\">\u2705 Bespoke <strong data-start=\"528\" data-end=\"547\">doors<\/strong> &#8211; ideal for non-standard door openings<br data-start=\"608\" data-end=\"611\">\u2705 Choice of glass: clear, frosted, ornamental, with graphics<br data-start=\"682\" data-end=\"685\">\u2705 Choice of hardware and RAL colors<\/p>\n<hr data-start=\"722\" data-end=\"725\">\n<h3 data-start=\"727\" data-end=\"768\"><strong data-start=\"731\" data-end=\"768\">Safety and workmanship<\/strong><\/h3>\n<p data-start=\"770\" data-end=\"1027\">To ensure the highest safety standards, all door leaves are made of <strong data-start=\"865\" data-end=\"902\">tempered glass with a thickness of 8 mm<\/strong>. Tempered glass is impact resistant and safe in case of breakage &#8211; it shatters into small, indistinct fragments. <\/p>\n<hr data-start=\"1029\" data-end=\"1032\">\n<h3 data-start=\"1034\" data-end=\"1084\"><strong data-start=\"1038\" data-end=\"1084\">Technical information: installation gap<\/strong><\/h3>\n<p data-start=\"1086\" data-end=\"1320\">Due to the technical characteristics and method of installation, the door will have <strong data-start=\"1162\" data-end=\"1216\">a technological gap of about 6-7 mm<\/strong>, which is standard in this type of construction and does not affect the aesthetics and functionality of use.<\/p>\n","protected":false},"featured_media":23443,"template":"","meta":[],"product_brand":[],"product_cat":[279],"product_tag":[],"class_list":{"0":"post-23442","1":"product","2":"type-product","3":"status-publish","4":"has-post-thumbnail","6":"product_cat-loft-doors","8":"first","9":"onbackorder","10":"shipping-taxable","11":"product-type-simple"},"yoast_head":"<!-- This site is optimized with the Yoast SEO plugin v27.4 - https:\/\/yoast.com\/product\/yoast-seo-wordpress\/ -->\n<title>LOFT opening glass door + fixed fanlight + horizontal and vertical muntins (made to measure) - Dekoracyjna Ceg\u0142a<\/title>\n<meta name=\"robots\" content=\"index, follow, max-snippet:-1, max-image-preview:large, max-video-preview:-1\" \/>\n<link rel=\"canonical\" href=\"https:\/\/dekoracyjnacegla.pl\/en\/produkt\/loft-opening-glass-door-fixed-fanlight-horizontal-and-vertical-muntins-made-to-measure\/\" \/>\n<meta property=\"og:locale\" content=\"en_US\" \/>\n<meta property=\"og:type\" content=\"article\" \/>\n<meta property=\"og:title\" content=\"LOFT opening glass door + fixed fanlight + horizontal and vertical muntins (made to measure) - Dekoracyjna Ceg\u0142a\" \/>\n<meta property=\"og:description\" content=\"Possibility to order customized glass doors We offer to make glass doors to individual size, tailored to the specific project and installation conditions. If you need a door of unusual size - contact us to prepare a quote. \u2705 Bespoke doors - ideal for non-standard door openings\u2705 Choice of glass: clear, frosted, ornamental, with graphics\u2705 Choice of hardware and RAL colors   Safety and workmanship To ensure the highest safety standards, all door leaves are made of tempered glass with a thickness of 8 mm. Tempered glass is impact resistant and safe in case of breakage - it shatters into small, indistinct fragments.   Technical information: installation gap Due to the technical characteristics and method of installation, the door will have a technological gap of about 6-7 mm, which is standard in this type of construction and does not affect the aesthetics and functionality of use.\" \/>\n<meta property=\"og:url\" content=\"https:\/\/dekoracyjnacegla.pl\/en\/produkt\/loft-opening-glass-door-fixed-fanlight-horizontal-and-vertical-muntins-made-to-measure\/\" \/>\n<meta property=\"og:site_name\" content=\"Dekoracyjna Ceg\u0142a\" \/>\n<meta property=\"og:image\" content=\"https:\/\/dekoracyjnacegla.pl\/wp-content\/uploads\/2025\/06\/nnwymi.jpg\" \/>\n\t<meta property=\"og:image:width\" content=\"800\" \/>\n\t<meta property=\"og:image:height\" content=\"800\" \/>\n\t<meta property=\"og:image:type\" content=\"image\/jpeg\" \/>\n<meta name=\"twitter:card\" content=\"summary_large_image\" \/>\n<meta name=\"twitter:label1\" content=\"Est. reading time\" \/>\n\t<meta name=\"twitter:data1\" content=\"1 minute\" \/>\n<script type=\"application\/ld+json\" class=\"yoast-schema-graph\">{\"@context\":\"https:\\\/\\\/schema.org\",\"@graph\":[{\"@type\":\"WebPage\",\"@id\":\"https:\\\/\\\/dekoracyjnacegla.pl\\\/en\\\/produkt\\\/loft-opening-glass-door-fixed-fanlight-horizontal-and-vertical-muntins-made-to-measure\\\/\",\"url\":\"https:\\\/\\\/dekoracyjnacegla.pl\\\/en\\\/produkt\\\/loft-opening-glass-door-fixed-fanlight-horizontal-and-vertical-muntins-made-to-measure\\\/\",\"name\":\"LOFT opening glass door + fixed fanlight + horizontal and vertical muntins (made to measure) - Dekoracyjna Ceg\u0142a\",\"isPartOf\":{\"@id\":\"https:\\\/\\\/dekoracyjnacegla.pl\\\/en\\\/#website\"},\"primaryImageOfPage\":{\"@id\":\"https:\\\/\\\/dekoracyjnacegla.pl\\\/en\\\/produkt\\\/loft-opening-glass-door-fixed-fanlight-horizontal-and-vertical-muntins-made-to-measure\\\/#primaryimage\"},\"image\":{\"@id\":\"https:\\\/\\\/dekoracyjnacegla.pl\\\/en\\\/produkt\\\/loft-opening-glass-door-fixed-fanlight-horizontal-and-vertical-muntins-made-to-measure\\\/#primaryimage\"},\"thumbnailUrl\":\"https:\\\/\\\/dekoracyjnacegla.pl\\\/wp-content\\\/uploads\\\/2025\\\/06\\\/nnwymi.jpg\",\"datePublished\":\"2025-06-29T22:40:30+00:00\",\"breadcrumb\":{\"@id\":\"https:\\\/\\\/dekoracyjnacegla.pl\\\/en\\\/produkt\\\/loft-opening-glass-door-fixed-fanlight-horizontal-and-vertical-muntins-made-to-measure\\\/#breadcrumb\"},\"inLanguage\":\"en-US\",\"potentialAction\":[{\"@type\":\"ReadAction\",\"target\":[\"https:\\\/\\\/dekoracyjnacegla.pl\\\/en\\\/produkt\\\/loft-opening-glass-door-fixed-fanlight-horizontal-and-vertical-muntins-made-to-measure\\\/\"]}]},{\"@type\":\"ImageObject\",\"inLanguage\":\"en-US\",\"@id\":\"https:\\\/\\\/dekoracyjnacegla.pl\\\/en\\\/produkt\\\/loft-opening-glass-door-fixed-fanlight-horizontal-and-vertical-muntins-made-to-measure\\\/#primaryimage\",\"url\":\"https:\\\/\\\/dekoracyjnacegla.pl\\\/wp-content\\\/uploads\\\/2025\\\/06\\\/nnwymi.jpg\",\"contentUrl\":\"https:\\\/\\\/dekoracyjnacegla.pl\\\/wp-content\\\/uploads\\\/2025\\\/06\\\/nnwymi.jpg\",\"width\":800,\"height\":800},{\"@type\":\"BreadcrumbList\",\"@id\":\"https:\\\/\\\/dekoracyjnacegla.pl\\\/en\\\/produkt\\\/loft-opening-glass-door-fixed-fanlight-horizontal-and-vertical-muntins-made-to-measure\\\/#breadcrumb\",\"itemListElement\":[{\"@type\":\"ListItem\",\"position\":1,\"name\":\"Strona g\u0142\u00f3wna\",\"item\":\"https:\\\/\\\/dekoracyjnacegla.pl\\\/en\\\/startup\\\/\"},{\"@type\":\"ListItem\",\"position\":2,\"name\":\"Sklep\",\"item\":\"https:\\\/\\\/dekoracyjnacegla.pl\\\/sklep\\\/\"},{\"@type\":\"ListItem\",\"position\":3,\"name\":\"LOFT opening glass door + fixed fanlight + horizontal and vertical muntins (made to measure)\"}]},{\"@type\":\"WebSite\",\"@id\":\"https:\\\/\\\/dekoracyjnacegla.pl\\\/en\\\/#website\",\"url\":\"https:\\\/\\\/dekoracyjnacegla.pl\\\/en\\\/\",\"name\":\"Dekoracyjna Ceg\u0142a\",\"description\":\"P\u0142ytki z ceg\u0142y | Retro Ceg\u0142a\",\"publisher\":{\"@id\":\"https:\\\/\\\/dekoracyjnacegla.pl\\\/en\\\/#organization\"},\"potentialAction\":[{\"@type\":\"SearchAction\",\"target\":{\"@type\":\"EntryPoint\",\"urlTemplate\":\"https:\\\/\\\/dekoracyjnacegla.pl\\\/en\\\/?s={search_term_string}\"},\"query-input\":{\"@type\":\"PropertyValueSpecification\",\"valueRequired\":true,\"valueName\":\"search_term_string\"}}],\"inLanguage\":\"en-US\"},{\"@type\":\"Organization\",\"@id\":\"https:\\\/\\\/dekoracyjnacegla.pl\\\/en\\\/#organization\",\"name\":\"Dekoracyjna Ceg\u0142a\",\"url\":\"https:\\\/\\\/dekoracyjnacegla.pl\\\/en\\\/\",\"logo\":{\"@type\":\"ImageObject\",\"inLanguage\":\"en-US\",\"@id\":\"https:\\\/\\\/dekoracyjnacegla.pl\\\/en\\\/#\\\/schema\\\/logo\\\/image\\\/\",\"url\":\"https:\\\/\\\/dekoracyjnacegla.pl\\\/wp-content\\\/uploads\\\/2023\\\/10\\\/logo.png\",\"contentUrl\":\"https:\\\/\\\/dekoracyjnacegla.pl\\\/wp-content\\\/uploads\\\/2023\\\/10\\\/logo.png\",\"width\":1199,\"height\":193,\"caption\":\"Dekoracyjna Ceg\u0142a\"},\"image\":{\"@id\":\"https:\\\/\\\/dekoracyjnacegla.pl\\\/en\\\/#\\\/schema\\\/logo\\\/image\\\/\"}}]}<\/script>\n<!-- \/ Yoast SEO plugin. -->","yoast_head_json":{"title":"LOFT opening glass door + fixed fanlight + horizontal and vertical muntins (made to measure) - Dekoracyjna Ceg\u0142a","robots":{"index":"index","follow":"follow","max-snippet":"max-snippet:-1","max-image-preview":"max-image-preview:large","max-video-preview":"max-video-preview:-1"},"canonical":"https:\/\/dekoracyjnacegla.pl\/en\/produkt\/loft-opening-glass-door-fixed-fanlight-horizontal-and-vertical-muntins-made-to-measure\/","og_locale":"en_US","og_type":"article","og_title":"LOFT opening glass door + fixed fanlight + horizontal and vertical muntins (made to measure) - Dekoracyjna Ceg\u0142a","og_description":"Possibility to order customized glass doors We offer to make glass doors to individual size, tailored to the specific project and installation conditions. If you need a door of unusual size - contact us to prepare a quote. \u2705 Bespoke doors - ideal for non-standard door openings\u2705 Choice of glass: clear, frosted, ornamental, with graphics\u2705 Choice of hardware and RAL colors   Safety and workmanship To ensure the highest safety standards, all door leaves are made of tempered glass with a thickness of 8 mm. Tempered glass is impact resistant and safe in case of breakage - it shatters into small, indistinct fragments.   Technical information: installation gap Due to the technical characteristics and method of installation, the door will have a technological gap of about 6-7 mm, which is standard in this type of construction and does not affect the aesthetics and functionality of use.","og_url":"https:\/\/dekoracyjnacegla.pl\/en\/produkt\/loft-opening-glass-door-fixed-fanlight-horizontal-and-vertical-muntins-made-to-measure\/","og_site_name":"Dekoracyjna Ceg\u0142a","og_image":[{"width":800,"height":800,"url":"https:\/\/dekoracyjnacegla.pl\/wp-content\/uploads\/2025\/06\/nnwymi.jpg","type":"image\/jpeg"}],"twitter_card":"summary_large_image","twitter_misc":{"Est. reading time":"1 minute"},"schema":{"@context":"https:\/\/schema.org","@graph":[{"@type":"WebPage","@id":"https:\/\/dekoracyjnacegla.pl\/en\/produkt\/loft-opening-glass-door-fixed-fanlight-horizontal-and-vertical-muntins-made-to-measure\/","url":"https:\/\/dekoracyjnacegla.pl\/en\/produkt\/loft-opening-glass-door-fixed-fanlight-horizontal-and-vertical-muntins-made-to-measure\/","name":"LOFT opening glass door + fixed fanlight + horizontal and vertical muntins (made to measure) - Dekoracyjna Ceg\u0142a","isPartOf":{"@id":"https:\/\/dekoracyjnacegla.pl\/en\/#website"},"primaryImageOfPage":{"@id":"https:\/\/dekoracyjnacegla.pl\/en\/produkt\/loft-opening-glass-door-fixed-fanlight-horizontal-and-vertical-muntins-made-to-measure\/#primaryimage"},"image":{"@id":"https:\/\/dekoracyjnacegla.pl\/en\/produkt\/loft-opening-glass-door-fixed-fanlight-horizontal-and-vertical-muntins-made-to-measure\/#primaryimage"},"thumbnailUrl":"https:\/\/dekoracyjnacegla.pl\/wp-content\/uploads\/2025\/06\/nnwymi.jpg","datePublished":"2025-06-29T22:40:30+00:00","breadcrumb":{"@id":"https:\/\/dekoracyjnacegla.pl\/en\/produkt\/loft-opening-glass-door-fixed-fanlight-horizontal-and-vertical-muntins-made-to-measure\/#breadcrumb"},"inLanguage":"en-US","potentialAction":[{"@type":"ReadAction","target":["https:\/\/dekoracyjnacegla.pl\/en\/produkt\/loft-opening-glass-door-fixed-fanlight-horizontal-and-vertical-muntins-made-to-measure\/"]}]},{"@type":"ImageObject","inLanguage":"en-US","@id":"https:\/\/dekoracyjnacegla.pl\/en\/produkt\/loft-opening-glass-door-fixed-fanlight-horizontal-and-vertical-muntins-made-to-measure\/#primaryimage","url":"https:\/\/dekoracyjnacegla.pl\/wp-content\/uploads\/2025\/06\/nnwymi.jpg","contentUrl":"https:\/\/dekoracyjnacegla.pl\/wp-content\/uploads\/2025\/06\/nnwymi.jpg","width":800,"height":800},{"@type":"BreadcrumbList","@id":"https:\/\/dekoracyjnacegla.pl\/en\/produkt\/loft-opening-glass-door-fixed-fanlight-horizontal-and-vertical-muntins-made-to-measure\/#breadcrumb","itemListElement":[{"@type":"ListItem","position":1,"name":"Strona g\u0142\u00f3wna","item":"https:\/\/dekoracyjnacegla.pl\/en\/startup\/"},{"@type":"ListItem","position":2,"name":"Sklep","item":"https:\/\/dekoracyjnacegla.pl\/sklep\/"},{"@type":"ListItem","position":3,"name":"LOFT opening glass door + fixed fanlight + horizontal and vertical muntins (made to measure)"}]},{"@type":"WebSite","@id":"https:\/\/dekoracyjnacegla.pl\/en\/#website","url":"https:\/\/dekoracyjnacegla.pl\/en\/","name":"Dekoracyjna Ceg\u0142a","description":"P\u0142ytki z ceg\u0142y | Retro Ceg\u0142a","publisher":{"@id":"https:\/\/dekoracyjnacegla.pl\/en\/#organization"},"potentialAction":[{"@type":"SearchAction","target":{"@type":"EntryPoint","urlTemplate":"https:\/\/dekoracyjnacegla.pl\/en\/?s={search_term_string}"},"query-input":{"@type":"PropertyValueSpecification","valueRequired":true,"valueName":"search_term_string"}}],"inLanguage":"en-US"},{"@type":"Organization","@id":"https:\/\/dekoracyjnacegla.pl\/en\/#organization","name":"Dekoracyjna Ceg\u0142a","url":"https:\/\/dekoracyjnacegla.pl\/en\/","logo":{"@type":"ImageObject","inLanguage":"en-US","@id":"https:\/\/dekoracyjnacegla.pl\/en\/#\/schema\/logo\/image\/","url":"https:\/\/dekoracyjnacegla.pl\/wp-content\/uploads\/2023\/10\/logo.png","contentUrl":"https:\/\/dekoracyjnacegla.pl\/wp-content\/uploads\/2023\/10\/logo.png","width":1199,"height":193,"caption":"Dekoracyjna Ceg\u0142a"},"image":{"@id":"https:\/\/dekoracyjnacegla.pl\/en\/#\/schema\/logo\/image\/"}}]}},"_links":{"self":[{"href":"https:\/\/dekoracyjnacegla.pl\/en\/wp-json\/wp\/v2\/product\/23442","targetHints":{"allow":["GET"]}}],"collection":[{"href":"https:\/\/dekoracyjnacegla.pl\/en\/wp-json\/wp\/v2\/product"}],"about":[{"href":"https:\/\/dekoracyjnacegla.pl\/en\/wp-json\/wp\/v2\/types\/product"}],"wp:featuredmedia":[{"embeddable":true,"href":"https:\/\/dekoracyjnacegla.pl\/en\/wp-json\/wp\/v2\/media\/23443"}],"wp:attachment":[{"href":"https:\/\/dekoracyjnacegla.pl\/en\/wp-json\/wp\/v2\/media?parent=23442"}],"wp:term":[{"taxonomy":"product_brand","embeddable":true,"href":"https:\/\/dekoracyjnacegla.pl\/en\/wp-json\/wp\/v2\/product_brand?post=23442"},{"taxonomy":"product_cat","embeddable":true,"href":"https:\/\/dekoracyjnacegla.pl\/en\/wp-json\/wp\/v2\/product_cat?post=23442"},{"taxonomy":"product_tag","embeddable":true,"href":"https:\/\/dekoracyjnacegla.pl\/en\/wp-json\/wp\/v2\/product_tag?post=23442"}],"curies":[{"name":"wp","href":"https:\/\/api.w.org\/{rel}","templated":true}]}}